{"id":178,"date":"2015-05-10T18:28:21","date_gmt":"2015-05-10T17:28:21","guid":{"rendered":"http:\/\/agora.xtec.cat\/col-pompeufabrasalt\/?page_id=178"},"modified":"2015-07-18T07:50:51","modified_gmt":"2015-07-18T06:50:51","slug":"avis-legal","status":"publish","type":"page","link":"https:\/\/agora.xtec.cat\/col-pompeufabrasalt\/lescola\/avis-legal\/","title":{"rendered":"Av\u00eds legal"},"content":{"rendered":"<p><span style=\"font-family: verdana, arial, helvetica, sans-serif; font-size: small;\">L&#8217;article 10.1 de la Llei 34\/2002 de Serveis de la Societat de la Informaci\u00f3 i del Comer\u00e7 Electr\u00f2nic estableix l&#8217;obligaci\u00f3 que les empreses amb dominis d&#8217;internet especifiquin el gestor d&#8217;aquests en aquestes p\u00e0gines. \u00c9s per aix\u00f2 que a continuaci\u00f3 mostrem les nostres dades legals.<\/span><\/p>\n<blockquote><p><strong><span style=\"font-family: verdana, arial, helvetica, sans-serif; font-size: small;\">COL\u00b7LEGI POMPEU FABRA SL<\/span><br \/>\n<span style=\"font-family: verdana, arial, helvetica, sans-serif; font-size: small;\">CR SANT DIONIS S\/N<\/span><br \/>\n<span style=\"font-family: verdana, arial, helvetica, sans-serif; font-size: small;\">17190 SALT<\/span><br \/>\n<span style=\"font-family: verdana, arial, helvetica, sans-serif; font-size: small;\">CIF: B17070210<\/span><\/strong><br \/>\n<span style=\"font-family: verdana, arial, helvetica, sans-serif; font-size: small;\">Inscrita en el Registre Mercantil de Girona.<\/span><br \/>\n<span style=\"font-family: verdana, arial, helvetica, sans-serif; font-size: small;\">Tom 1119, Foli 58, Fulla n\u00ba Gi-8318<\/span><br \/>\n<span style=\"font-family: verdana, arial, helvetica, sans-serif; font-size: small;\">E-mail de contacte: b7003161@xtec.cat<\/span><br \/>\n<strong><span style=\"font-family: verdana, arial, helvetica, sans-serif; font-size: small;\">Tel\u00e8fon: 972405702<\/span><\/strong><\/p><\/blockquote>\n<p><strong><span style=\"font-family: verdana, arial, helvetica, sans-serif; font-size: medium;\">Pol\u00edtica de Protecci\u00f3 de Dades<\/span><\/strong><\/p>\n<p><span style=\"font-family: verdana, arial, helvetica, sans-serif; font-size: small;\">Les dades personals recaptades a trav\u00e9s de la web <a href=\"http:\/\/www.pompeufabrasalt.cat\/\">www.pompeufabrasalt.cat<\/a>\u00a0 o del nostre correu electr\u00f2nic <a href=\"mailto:b7003161@xtec.cat\">b7003161@xtec.cat<\/a>\u00a0 s\u00f3n objecte de tractament automatitzat i s&#8217;incorporen als nostres fitxers titularitat de COL\u00b7LEGI POMPEU FABRA SL., que \u00e9s aix\u00ed mateix responsable d&#8217;aquestes fitxers. Pel que l&#8217;enviament de correus electr\u00f2nics o altres comunicacions a COL\u00b7LEGI POMPEU FABRA SL. implica el consentiment expr<span style=\"font-size: small;\">\u00e9<\/span>s del Client a la inclusi\u00f3 de les seves dades de car\u00e0cter personal en els nostres fitxers automatitzats.<\/span><\/p>\n<p><span style=\"font-family: verdana, arial, helvetica, sans-serif; font-size: small;\">El Client pot exercir els seus drets d&#8217;acc\u00e9s, rectificaci\u00f3, cancel\u00b7laci\u00f3 i oposici\u00f3, d&#8217;acord amb el previst en la Llei Org\u00e0nica 15\/1999, de 13 de desembre, de Protecci\u00f3 de Dades de Car\u00e0cter Personal i dem\u00e9s normativa aplicable a l&#8217;efecte, mitjan\u00e7ant l&#8217;enviament de correu ordinari d&#8217;una sol\u00b7licitud per escrita\u00a0 la seg\u00fcent adre\u00e7a:<\/span><\/p>\n<blockquote><p><strong><span style=\"font-family: verdana, arial, helvetica, sans-serif; font-size: small;\">COL\u00b7LEGI POMPEU FABRA SL <\/span><br \/>\n<span style=\"font-family: verdana, arial, helvetica, sans-serif; font-size: small;\">CR SANT DIONIS, S\/N<\/span><br \/>\n<span style=\"font-family: verdana, arial, helvetica, sans-serif; font-size: small;\">17190 SALT<\/span><\/strong><\/p><\/blockquote>\n<p><span style=\"font-family: verdana, arial, helvetica, sans-serif; font-size: small;\">A la sol\u00b7licitud s&#8217;haur\u00e0 d&#8217;acompanyar el nom i cognoms de la persona i la fotoc\u00f2pia del DNI.<\/span><\/p>\n<p><span style=\"font-family: verdana, arial, helvetica, sans-serif; font-size: small;\">Els nostres fitxers es troben inscrits en el &#8220;Registro General de la Agencia Espa\u00f1ola de Protecci\u00f3n de Datos <a href=\"http:\/\/www.agpd.es\/\">(www.agpd.es)&#8221;,<\/a>\u00a0 al que pot accedir el client per a comprovar la situaci\u00f3 dels mateixos.<\/span><\/p>\n","protected":false},"excerpt":{"rendered":"<p>L&#8217;article 10.1 de la Llei 34\/2002 de Serveis de la Societat de la Informaci\u00f3 i del Comer\u00e7 Electr\u00f2nic estableix l&#8217;obligaci\u00f3 que les empreses amb dominis d&#8217;internet especifiquin el gestor d&#8217;aquests en aquestes p\u00e0gines. \u00c9s per aix\u00f2 que a continuaci\u00f3 mostrem les nostres dades legals.<br \/>\nCOL\u00b7LEGI POMPEU&hellip;  <a href=\"https:\/\/agora.xtec.cat\/col-pompeufabrasalt\/lescola\/avis-legal\/\" title=\"Read Av\u00eds legal\">Llegeix m\u00e9s\u00bb<\/a><\/p>\n","protected":false},"author":1,"featured_media":0,"parent":22,"menu_order":10,"comment_status":"closed","ping_status":"closed","template":"page-templates\/side-menu.php","meta":{"_bbp_topic_count":0,"_bbp_reply_count":0,"_bbp_total_topic_count":0,"_bbp_total_reply_count":0,"_bbp_voice_count":0,"_bbp_anonymous_reply_count":0,"_bbp_topic_count_hidden":0,"_bbp_reply_count_hidden":0,"_bbp_forum_subforum_count":0,"footnotes":""},"class_list":["post-178","page","type-page","status-publish","hentry"],"post_mailing_queue_ids":[],"_links":{"self":[{"href":"https:\/\/agora.xtec.cat\/col-pompeufabrasalt\/wp-json\/wp\/v2\/pages\/178","targetHints":{"allow":["GET"]}}],"collection":[{"href":"https:\/\/agora.xtec.cat\/col-pompeufabrasalt\/wp-json\/wp\/v2\/pages"}],"about":[{"href":"https:\/\/agora.xtec.cat\/col-pompeufabrasalt\/wp-json\/wp\/v2\/types\/page"}],"author":[{"embeddable":true,"href":"https:\/\/agora.xtec.cat\/col-pompeufabrasalt\/wp-json\/wp\/v2\/users\/1"}],"replies":[{"embeddable":true,"href":"https:\/\/agora.xtec.cat\/col-pompeufabrasalt\/wp-json\/wp\/v2\/comments?post=178"}],"version-history":[{"count":2,"href":"https:\/\/agora.xtec.cat\/col-pompeufabrasalt\/wp-json\/wp\/v2\/pages\/178\/revisions"}],"predecessor-version":[{"id":197,"href":"https:\/\/agora.xtec.cat\/col-pompeufabrasalt\/wp-json\/wp\/v2\/pages\/178\/revisions\/197"}],"up":[{"embeddable":true,"href":"https:\/\/agora.xtec.cat\/col-pompeufabrasalt\/wp-json\/wp\/v2\/pages\/22"}],"wp:attachment":[{"href":"https:\/\/agora.xtec.cat\/col-pompeufabrasalt\/wp-json\/wp\/v2\/media?parent=178"}],"curies":[{"name":"wp","href":"https:\/\/api.w.org\/{rel}","templated":true}]}}