{"id":32,"date":"2014-09-18T12:31:33","date_gmt":"2014-09-18T11:31:33","guid":{"rendered":"http:\/\/agora.xtec.cat\/col-lestonnac-mollet\/?page_id=32"},"modified":"2015-10-27T10:04:53","modified_gmt":"2015-10-27T09:04:53","slug":"calendari-del-curs","status":"publish","type":"page","link":"https:\/\/agora.xtec.cat\/col-lestonnac-mollet\/lescola\/calendari-del-curs\/","title":{"rendered":"Calendari del curs"},"content":{"rendered":"<h4><strong>Inici de curs:<\/strong><\/h4>\n<p>15 de setembre de 2014<\/p>\n<h4><strong>Vacances:<\/strong><\/h4>\n<p>Del 24 de desembre de 2014 al 7 de gener de 2015\u00a0 (ambd\u00f3s inclosos)<\/p>\n<p>Del 28 de mar\u00e7 al 6 d\u2019abril de 2015 (ambd\u00f3s inclosos)<\/p>\n<p>A partir del 20 de juny de 2015<\/p>\n<h4><strong>Dies festius de lliure disposici\u00f3:<\/strong><\/h4>\n<p>3 de novembre de 2014<\/p>\n<p>16 de febrer de 2015<\/p>\n<p>22 de maig de 2015<\/p>\n<h4><strong>Jornada compactada:<\/strong><\/h4>\n<p>23 de desembre de 2014 i del 8 al 19 de juny de \u00a0\u00a02015 (ambd\u00f3s inclosos)<\/p>\n<p>L\u2019<b>horari lectiu<\/b>\u00a0del centre \u00e9s de 9 a 12,30 h i de 15,00 a 16,30 h per a tots els alumnes del centre. El dia 20 de desembre de 2013 i a partir del 9 de juny de 2014 es realitza horari compactat de 9 a 13h. (Els alumnes que utilitzen el servei de menjador surten a les 15:00h.)<\/p>\n<p>Per als alumnes que inicien l\u2019escolaritzaci\u00f3 a P3 s\u2019organitza un breu per\u00edode d\u2019adaptaci\u00f3 que suposa una certa modificaci\u00f3 dels horaris dels dos primers dies de classe, i que es fa saber a les fam\u00edlies en les reunions pr\u00e8vies corresponents.<\/p>\n","protected":false},"excerpt":{"rendered":"<p>Inici de curs:<br \/>\n15 de setembre de 2014<br \/>\nVacances:<br \/>\nDel 24 de desembre de 2014 al 7 de gener de 2015\u00a0 (ambd\u00f3s inclosos)<br \/>\nDel 28 de mar\u00e7 al 6 d\u2019abril de 2015 (ambd\u00f3s inclosos)<br \/>\nA partir del 20 de juny de 2015<br \/>\nDies festius de lliure disposici\u00f3:<br \/>\n3 de novembre de 2014<br \/>\n16&hellip;  <a href=\"https:\/\/agora.xtec.cat\/col-lestonnac-mollet\/lescola\/calendari-del-curs\/\" title=\"Read Calendari del curs\">Llegeix m\u00e9s\u00bb<\/a><\/p>\n","protected":false},"author":1,"featured_media":0,"parent":22,"menu_order":50,"comment_status":"closed","ping_status":"closed","template":"page-templates\/side-menu.php","meta":{"_bbp_topic_count":0,"_bbp_reply_count":0,"_bbp_total_topic_count":0,"_bbp_total_reply_count":0,"_bbp_voice_count":0,"_bbp_anonymous_reply_count":0,"_bbp_topic_count_hidden":0,"_bbp_reply_count_hidden":0,"_bbp_forum_subforum_count":0,"footnotes":""},"class_list":["post-32","page","type-page","status-publish","hentry"],"post_mailing_queue_ids":[],"_links":{"self":[{"href":"https:\/\/agora.xtec.cat\/col-lestonnac-mollet\/wp-json\/wp\/v2\/pages\/32","targetHints":{"allow":["GET"]}}],"collection":[{"href":"https:\/\/agora.xtec.cat\/col-lestonnac-mollet\/wp-json\/wp\/v2\/pages"}],"about":[{"href":"https:\/\/agora.xtec.cat\/col-lestonnac-mollet\/wp-json\/wp\/v2\/types\/page"}],"author":[{"embeddable":true,"href":"https:\/\/agora.xtec.cat\/col-lestonnac-mollet\/wp-json\/wp\/v2\/users\/1"}],"replies":[{"embeddable":true,"href":"https:\/\/agora.xtec.cat\/col-lestonnac-mollet\/wp-json\/wp\/v2\/comments?post=32"}],"version-history":[{"count":0,"href":"https:\/\/agora.xtec.cat\/col-lestonnac-mollet\/wp-json\/wp\/v2\/pages\/32\/revisions"}],"up":[{"embeddable":true,"href":"https:\/\/agora.xtec.cat\/col-lestonnac-mollet\/wp-json\/wp\/v2\/pages\/22"}],"wp:attachment":[{"href":"https:\/\/agora.xtec.cat\/col-lestonnac-mollet\/wp-json\/wp\/v2\/media?parent=32"}],"curies":[{"name":"wp","href":"https:\/\/api.w.org\/{rel}","templated":true}]}}