{"id":39,"date":"2014-09-17T16:36:44","date_gmt":"2014-09-17T16:36:44","guid":{"rendered":"http:\/\/agora.xtec.cat\/col-lesneus\/?page_id=39"},"modified":"2019-01-14T18:26:54","modified_gmt":"2019-01-14T17:26:54","slug":"instal%c2%b7lacions","status":"publish","type":"page","link":"https:\/\/agora.xtec.cat\/col-lesneus\/linstitut\/instal%c2%b7lacions\/","title":{"rendered":"Instal\u00b7lacions"},"content":{"rendered":"<p><strong><span class=\"portada_titol\">Aules<\/span><\/strong><\/p>\n<p>Espais de conviv\u00e8ncia i d\u2019aprenentatge adaptats a cada nivell educatiu.<\/p>\n<p>Totes les aules i espais del centre disposen de connexi\u00f3 a la xarxa d\u2019ordinadors i a internet (ADSL)<br \/>\n<strong><span class=\"portada_titol\">Laboratori<\/span><\/strong><\/p>\n<p>Lloc on fer les pr\u00e0ctiques de les \u00e0rees cient\u00edfiques.<\/p>\n<p><strong><span class=\"portada_titol\">Inform\u00e0tica<\/span><\/strong><\/p>\n<div class=\"portada_txt\">Aula per potenciar els aprenentatges.<\/div>\n<div class=\"portada_txt\"><\/div>\n<p><strong><span class=\"portada_titol\">Biblioteca<\/span><\/strong><\/p>\n<div class=\"portada_txt\">Espai de treball, estudi i consulta.<\/div>\n<div class=\"portada_txt\"><\/div>\n<p><strong><span class=\"portada_titol\">Menjador<\/span><\/strong><\/p>\n<div class=\"portada_txt\">El lloc on aquells que han de romandre al centre el migdia poden alimentar-se i assolir bons h\u00e0bits alimentaris.<br \/>\n<span class=\"enlaces_ext\"><br \/>\n<\/span><\/div>\n<p><strong><span class=\"portada_titol\">Tecnologia<\/span><\/strong><\/p>\n<div class=\"portada_txt\">El taller on es desenvolupen les activitats m\u00e9s manuals.<\/div>\n<div class=\"portada_txt\"><\/div>\n<p><strong><span class=\"portada_titol\">M\u00fasica<\/span><\/strong><\/p>\n<div class=\"portada_txt\">L\u2019aula on gaudir i aprendre amb els compositors.<\/div>\n<div class=\"portada_txt\"><\/div>\n<p><strong><span class=\"portada_titol\">Patis<\/span><\/strong><\/p>\n<div class=\"portada_txt\">Espais de lleure i conviv\u00e8ncia.<\/div>\n<div class=\"portada_txt\"><\/div>\n<p><strong><span class=\"portada_titol\">Instal\u00b7lacions esportives<\/span><\/strong><\/p>\n<div class=\"portada_txt\">\n<p>L\u2019escola fa servir diferents espais per realitzar l\u2019activitat esportiva, uns s\u00f3n dintre del recinte escolar i altres s\u00f3n infraestructures externes de propietat p\u00fablica.<\/p>\n<p>Gimn\u00e0s<br \/>\nPatis<br \/>\nPiscina externa municipal<br \/>\nPavell\u00f3 esportiu municipal<br \/>\nPistes d\u2019atletisme de Santa Coloma de Gramenet<\/p>\n<\/div>\n","protected":false},"excerpt":{"rendered":"<p>Aules<br \/>\nEspais de conviv\u00e8ncia i d\u2019aprenentatge adaptats a cada nivell educatiu.<br \/>\nTotes les aules i espais del centre disposen de connexi\u00f3 a la xarxa d\u2019ordinadors i a internet (ADSL)<br \/>\nLaboratori<br \/>\nLloc on fer les pr\u00e0ctiques de les \u00e0rees cient\u00edfiques.<br \/>\nInform\u00e0tica<br \/>\nAula per potenciar els aprenentatges.<\/p>\n<p>Biblioteca<br \/>\nEspai de treball, estudi i consulta.<\/p>\n<p>Menjador<br \/>\nEl lloc&hellip;  <a href=\"https:\/\/agora.xtec.cat\/col-lesneus\/linstitut\/instal%c2%b7lacions\/\" title=\"Read Instal\u00b7lacions\">Llegeix m\u00e9s\u00bb<\/a><\/p>\n","protected":false},"author":1,"featured_media":0,"parent":19,"menu_order":30,"comment_status":"closed","ping_status":"closed","template":"page-templates\/side-menu.php","meta":{"_bbp_topic_count":0,"_bbp_reply_count":0,"_bbp_total_topic_count":0,"_bbp_total_reply_count":0,"_bbp_voice_count":0,"_bbp_anonymous_reply_count":0,"_bbp_topic_count_hidden":0,"_bbp_reply_count_hidden":0,"_bbp_forum_subforum_count":0,"footnotes":""},"class_list":["post-39","page","type-page","status-publish","hentry"],"post_mailing_queue_ids":[],"_links":{"self":[{"href":"https:\/\/agora.xtec.cat\/col-lesneus\/wp-json\/wp\/v2\/pages\/39","targetHints":{"allow":["GET"]}}],"collection":[{"href":"https:\/\/agora.xtec.cat\/col-lesneus\/wp-json\/wp\/v2\/pages"}],"about":[{"href":"https:\/\/agora.xtec.cat\/col-lesneus\/wp-json\/wp\/v2\/types\/page"}],"author":[{"embeddable":true,"href":"https:\/\/agora.xtec.cat\/col-lesneus\/wp-json\/wp\/v2\/users\/1"}],"replies":[{"embeddable":true,"href":"https:\/\/agora.xtec.cat\/col-lesneus\/wp-json\/wp\/v2\/comments?post=39"}],"version-history":[{"count":4,"href":"https:\/\/agora.xtec.cat\/col-lesneus\/wp-json\/wp\/v2\/pages\/39\/revisions"}],"predecessor-version":[{"id":827,"href":"https:\/\/agora.xtec.cat\/col-lesneus\/wp-json\/wp\/v2\/pages\/39\/revisions\/827"}],"up":[{"embeddable":true,"href":"https:\/\/agora.xtec.cat\/col-lesneus\/wp-json\/wp\/v2\/pages\/19"}],"wp:attachment":[{"href":"https:\/\/agora.xtec.cat\/col-lesneus\/wp-json\/wp\/v2\/media?parent=39"}],"curies":[{"name":"wp","href":"https:\/\/api.w.org\/{rel}","templated":true}]}}