{"id":27,"date":"2014-09-17T16:24:03","date_gmt":"2014-09-17T16:24:03","guid":{"rendered":"http:\/\/agora.xtec.cat\/col-lesneus\/?page_id=27"},"modified":"2020-03-17T19:34:20","modified_gmt":"2020-03-17T18:34:20","slug":"historia","status":"publish","type":"page","link":"https:\/\/agora.xtec.cat\/col-lesneus\/linstitut\/historia\/","title":{"rendered":"Hist\u00f2ria"},"content":{"rendered":"<div id=\"uno\">\n<div class=\"portada_txt\">\n<p>El nostre centre va comen\u00e7ar a funcionar com a escola privada l\u2019any 1968. El seu fundador va ser el Sr. Manuel Castell\u00f3n Raya.<\/p>\n<p>Als seus inicis, i sota la direcci\u00f3 del Sr. Vicente Gimeno era una escola d\u2019una sola l\u00ednia que nom\u00e9s arribava fins a 4t d\u2019Educaci\u00f3 General B\u00e0sica. Tres anys m\u00e9s tard el centre es va ampliar fins a 8\u00e8 d\u2019EGB. El creixement va anar lligat a les necessitats i demandes escolars del nostre municipi fins a arribar a tenir dues l\u00ednies a tot l\u2019ensenyament obligatori.<\/p>\n<p>L\u2019any 1977 varem passar d\u2019escola privada a escola subvencionada. Uns anys m\u00e9s tard, el 1986, es va formar la cooperativa de mestres que assum\u00ed la gesti\u00f3 del centre fins el dia d\u2019avui. Amb la implantaci\u00f3 de l\u2019Educaci\u00f3 Secund\u00e0ria Obligat\u00f2ria, l\u2019any 1996, el nostre col\u2022legi va fer la darrera remodelaci\u00f3 i ampliaci\u00f3 de les seves instal\u2022lacions. Actualment el col\u00b7legi Les Neus \u00e9s un centre amb m\u00e9s de 700 alumnes des de P-3 fins a 4t d\u2019ESO, amb un claustre de 45 docents, sota la direcci\u00f3 , des del 2019, de M\u00aa Jes\u00fas D\u00edaz Bastida.<\/p>\n<p>El nostre <strong>Projecte Educatiu<\/strong> es fonamenta en uns valors. S\u00f3n les raons \u00faltimes, anteriors a l&#8217;acci\u00f3 educativa que l&#8217;Escola es planteja. Al Centre existeix una orientaci\u00f3 comuna en la transmissi\u00f3 de valors, explicitada tant a nivell te\u00f2ric com a la pr\u00e0ctica . Es pret\u00e9n afavorir les capacitats de l&#8217;alumnat per valorar adequadament la realitat i ser capa\u00e7 de treballar i col\u2022laborar en un context d&#8217;opcions diverses.<\/p>\n<p>Els objectius que expressen els nostres signes d&#8217;identitat s\u00f3n els seg\u00fcents:<\/p>\n<p>a) Fomentar l&#8217;educaci\u00f3 de l&#8217;alumnat en la llibertat i la solidaritat, la conviv\u00e8ncia democr\u00e0tica i el respecte als drets humans fonamentals per a aconseguir formar ciutadans responsables.<\/p>\n<p>b) Respectar el pluralisme ideol\u00f2gic i la diversitat.<\/p>\n<p>c) Potenciar un r\u00e8gim de coeducaci\u00f3 on no existeixi discriminaci\u00f3 per raons de sexe.<\/p>\n<p>d) Treballar en un ambient on prevalgui el clima d&#8217;amistat i cooperaci\u00f3 enfront de la competitivitat.<\/p>\n<p>e) Afavorir les relacions entre el Centre i el seu entorn socio-cultural.<\/p>\n<p>f) Formar per a la pau i el respecte a cultures diferents.<\/p>\n<p>g) Potenciar un ensenyament i aprenentatge actius que desenvolupin la iniciativa, la creativitat i el pensament divergent.<\/p>\n<p>h) Desenvolupar l&#8217;esperit cr\u00edtic que permeti l&#8217;alumnat analitzar la realitat, rebutjar aquells aspectes no desitjables i moure&#8217;l a participar en la seva transformaci\u00f3.<\/p>\n<p>i) Fomentar la capacitat d&#8217;observaci\u00f3, d&#8217;an\u00e0lisi i d&#8217;investigaci\u00f3.<\/p>\n<p>j) Aconseguir la integraci\u00f3 de les persones en el seu entorn immediat a trav\u00e9s del coneixement del medi f\u00edsic, context hist\u00f2ric, cultural i ling\u00fc\u00edstic, tot potenciant la comprensi\u00f3 de les altres realitats m\u00e9s \u00e0mplies.<\/p>\n<p>k) Orientar per afavorir les opcions personals.<\/p>\n<p>l) Vetllar per la salut f\u00edsica i ps\u00edquica de l&#8217;alumne tenint en compte el seu equilibri emocional i el coneixement i valoraci\u00f3 de s\u00ed mateix.<\/p>\n<p>m) Educar en el respecte i defensa del medi ambient.<\/p>\n<\/div>\n<\/div>\n<div id=\"dos\"><\/div>\n","protected":false},"excerpt":{"rendered":"<p>El nostre centre va comen\u00e7ar a funcionar com a escola privada l\u2019any 1968. El seu fundador va ser el Sr. Manuel Castell\u00f3n Raya.<br \/>\nAls seus inicis, i sota la direcci\u00f3 del Sr. Vicente Gimeno era una escola d\u2019una sola l\u00ednia que nom\u00e9s arribava fins a 4t&hellip;  <a href=\"https:\/\/agora.xtec.cat\/col-lesneus\/linstitut\/historia\/\" title=\"Read Hist\u00f2ria\">Llegeix m\u00e9s\u00bb<\/a><\/p>\n","protected":false},"author":1,"featured_media":0,"parent":19,"menu_order":20,"comment_status":"closed","ping_status":"closed","template":"page-templates\/side-menu.php","meta":{"_bbp_topic_count":0,"_bbp_reply_count":0,"_bbp_total_topic_count":0,"_bbp_total_reply_count":0,"_bbp_voice_count":0,"_bbp_anonymous_reply_count":0,"_bbp_topic_count_hidden":0,"_bbp_reply_count_hidden":0,"_bbp_forum_subforum_count":0,"footnotes":""},"class_list":["post-27","page","type-page","status-publish","hentry"],"post_mailing_queue_ids":[],"_links":{"self":[{"href":"https:\/\/agora.xtec.cat\/col-lesneus\/wp-json\/wp\/v2\/pages\/27","targetHints":{"allow":["GET"]}}],"collection":[{"href":"https:\/\/agora.xtec.cat\/col-lesneus\/wp-json\/wp\/v2\/pages"}],"about":[{"href":"https:\/\/agora.xtec.cat\/col-lesneus\/wp-json\/wp\/v2\/types\/page"}],"author":[{"embeddable":true,"href":"https:\/\/agora.xtec.cat\/col-lesneus\/wp-json\/wp\/v2\/users\/1"}],"replies":[{"embeddable":true,"href":"https:\/\/agora.xtec.cat\/col-lesneus\/wp-json\/wp\/v2\/comments?post=27"}],"version-history":[{"count":2,"href":"https:\/\/agora.xtec.cat\/col-lesneus\/wp-json\/wp\/v2\/pages\/27\/revisions"}],"predecessor-version":[{"id":1622,"href":"https:\/\/agora.xtec.cat\/col-lesneus\/wp-json\/wp\/v2\/pages\/27\/revisions\/1622"}],"up":[{"embeddable":true,"href":"https:\/\/agora.xtec.cat\/col-lesneus\/wp-json\/wp\/v2\/pages\/19"}],"wp:attachment":[{"href":"https:\/\/agora.xtec.cat\/col-lesneus\/wp-json\/wp\/v2\/media?parent=27"}],"curies":[{"name":"wp","href":"https:\/\/api.w.org\/{rel}","templated":true}]}}