{"id":2693,"date":"2025-01-17T11:37:04","date_gmt":"2025-01-17T10:37:04","guid":{"rendered":"https:\/\/agora.xtec.cat\/col-lesneus\/?page_id=2693"},"modified":"2025-01-17T12:11:28","modified_gmt":"2025-01-17T11:11:28","slug":"canal-de-denuncies","status":"publish","type":"page","link":"https:\/\/agora.xtec.cat\/col-lesneus\/canal-de-denuncies\/","title":{"rendered":"Canal de den\u00fancies"},"content":{"rendered":"<p>El Col\u00b7legi Les Neus, comprom\u00e8s amb la transpar\u00e8ncia i el respecte als valors \u00e8tics, posa a disposici\u00f3 de tota la comunitat educativa un canal de den\u00fancies per garantir un espai segur i respectu\u00f3s per a tothom.<\/p>\n<p>Aquest canal est\u00e0 destinat a rebre comunicacions confidencials sobre possibles conductes irregulars, actes contraris a la normativa o situacions que vulnerin els drets dels membres de la comunitat educativa.<\/p>\n<p><strong>Objectius del canal de den\u00fancies:<\/strong><\/p>\n<ol>\n<li>Fomentar un entorn educatiu segur, inclusiu i respectu\u00f3s.<\/li>\n<li>Garantir la confidencialitat i l&#8217;anonimat dels denunciants.<\/li>\n<li>Oferir una via clara i accessible per informar sobre qualsevol problema.<\/li>\n<li>Actuar amb celeritat i responsabilitat per investigar i resoldre les den\u00fancies.<\/li>\n<\/ol>\n<p>Aquest canal \u00e9s un instrument essencial per promoure una conviv\u00e8ncia basada en els valors de la confian\u00e7a i la col\u00b7laboraci\u00f3. Totes les comunicacions seran gestionades amb total discreci\u00f3 i seguint els protocols establerts per garantir una resposta justa i imparcial.<\/p>\n<p>T&#8217;animem a utilitzar-lo sempre que detectis una situaci\u00f3 que requereixi atenci\u00f3 i intervenci\u00f3. La teva veu \u00e9s important per construir un col\u00b7legi millor per a tothom.<\/p>\n<p><strong>\u00a0Per accedir al formulari cliqueu <a href=\"https:\/\/docs.google.com\/forms\/d\/1kFPbE4eWAqlkctGKVIGpOiydWoIG8mYEU-frJ9RXtZY\/viewform?edit_requested=true\">aqu\u00ed<\/a><\/strong><\/p>\n","protected":false},"excerpt":{"rendered":"<p>El Col\u00b7legi Les Neus, comprom\u00e8s amb la transpar\u00e8ncia i el respecte als valors \u00e8tics, posa a disposici\u00f3 de tota la comunitat educativa un canal de den\u00fancies per garantir un espai segur i respectu\u00f3s per a tothom.<br \/>\nAquest canal est\u00e0 destinat a rebre comunicacions confidencials sobre possibles&hellip;  <a href=\"https:\/\/agora.xtec.cat\/col-lesneus\/canal-de-denuncies\/\" title=\"Read Canal de den\u00fancies\">Llegeix m\u00e9s\u00bb<\/a><\/p>\n","protected":false},"author":1,"featured_media":0,"parent":0,"menu_order":0,"comment_status":"closed","ping_status":"closed","template":"","meta":{"_bbp_topic_count":0,"_bbp_reply_count":0,"_bbp_total_topic_count":0,"_bbp_total_reply_count":0,"_bbp_voice_count":0,"_bbp_anonymous_reply_count":0,"_bbp_topic_count_hidden":0,"_bbp_reply_count_hidden":0,"_bbp_forum_subforum_count":0,"footnotes":""},"class_list":["post-2693","page","type-page","status-publish","hentry"],"post_mailing_queue_ids":[],"_links":{"self":[{"href":"https:\/\/agora.xtec.cat\/col-lesneus\/wp-json\/wp\/v2\/pages\/2693","targetHints":{"allow":["GET"]}}],"collection":[{"href":"https:\/\/agora.xtec.cat\/col-lesneus\/wp-json\/wp\/v2\/pages"}],"about":[{"href":"https:\/\/agora.xtec.cat\/col-lesneus\/wp-json\/wp\/v2\/types\/page"}],"author":[{"embeddable":true,"href":"https:\/\/agora.xtec.cat\/col-lesneus\/wp-json\/wp\/v2\/users\/1"}],"replies":[{"embeddable":true,"href":"https:\/\/agora.xtec.cat\/col-lesneus\/wp-json\/wp\/v2\/comments?post=2693"}],"version-history":[{"count":3,"href":"https:\/\/agora.xtec.cat\/col-lesneus\/wp-json\/wp\/v2\/pages\/2693\/revisions"}],"predecessor-version":[{"id":2699,"href":"https:\/\/agora.xtec.cat\/col-lesneus\/wp-json\/wp\/v2\/pages\/2693\/revisions\/2699"}],"wp:attachment":[{"href":"https:\/\/agora.xtec.cat\/col-lesneus\/wp-json\/wp\/v2\/media?parent=2693"}],"curies":[{"name":"wp","href":"https:\/\/api.w.org\/{rel}","templated":true}]}}