{"id":17496,"date":"2019-02-08T13:22:12","date_gmt":"2019-02-08T12:22:12","guid":{"rendered":"http:\/\/projectes.xtec.cat\/programacioirobotica\/?page_id=17496"},"modified":"2020-04-20T15:24:18","modified_gmt":"2020-04-20T13:24:18","slug":"sessio-1-comencem-el-projecte","status":"publish","type":"page","link":"https:\/\/agora.xtec.cat\/col-imma-lloret\/modul-1-comenca-lscratch-aventura-scratch-3\/sessio-1-comencem-el-projecte\/","title":{"rendered":"Sessi\u00f3 1. Comencem el projecte"},"content":{"rendered":"<h2>Pla de treball<\/h2>\n<div style=\"padding-left: 50px;\">\n<ul>\n<li>Qu\u00e8 \u00e9s l&#8217;Scratch?<\/li>\n<li>Descobrim el <a href=\"https:\/\/scratch.mit.edu\/\" target=\"_blank\" rel=\"noopener noreferrer\">web de l&#8217;Scratch<\/a><\/li>\n<li>Presentem el projecte<\/li>\n<\/ul>\n<\/div>\n<hr \/>\n<h2>Qu\u00e8 \u00e9s l&#8217;Scratch?<\/h2>\n<p style=\"text-align: justify;\">L&#8217;Scratch \u00e9s un entorn de programaci\u00f3 que ens permet crear m\u00faltiples activitats diferents, com jocs, hist\u00f2ries interactives&#8230;<\/p>\n<p style=\"text-align: justify;\">Quan anem al <a href=\"https:\/\/scratch.mit.edu\/\" target=\"_blank\" rel=\"noopener noreferrer\">web de l&#8217;Scratch<\/a> ens trobem amb una pantalla on iniciar la sessi\u00f3. Hem d&#8217;introduir l&#8217;usuari i la contrasenya.<\/p>\n<p><strong>Fem-ho pas a pas<\/strong><\/p>\n<div style=\"padding-left: 50px;\">\n<ul>\n<li style=\"text-align: justify;\">Si ens cal, anem al final de la p\u00e0gina i triem l&#8217;idioma perqu\u00e8 sigui el catal\u00e0<\/li>\n<li>Explorem totes les opcions del men\u00fa blau superior. Per a qu\u00e8 serveixen?\n<ul>\n<li style=\"text-align: justify;\"><strong>Scratch<\/strong>, ens torna a la p\u00e0gina inicial<\/li>\n<li style=\"text-align: justify;\"><strong>Crea<\/strong>, obre l&#8217;editor per crear els nostres projectes<\/li>\n<li style=\"text-align: justify;\"><strong>Idees, <\/strong>ens proporciona informaci\u00f3 i ajut per realitzar els nostres projectes. Hi trobarem tutorials, targetes de programaci\u00f3 que resumeixen els passos necessaris per fer accions concretes,\u00a0projectes desenvolupats per reinventar-los i fer les vostres creacions, descarregar l&#8217;Scratch al vostre ordinador per no treballar connectats a Internet i un recull de preguntes freq\u00fcents que us poden solucionar uns quants dubtes.<\/li>\n<li style=\"text-align: justify;\"><strong>A prop\u00f2sit de<\/strong>, en dona informacions globals de Scratch<\/li>\n<\/ul>\n<\/li>\n<\/ul>\n<\/div>\n<p>&nbsp;<\/p>\n<h2><\/h2>\n<h2>Quin \u00e9s el nostre projecte amb l&#8217;Scratch?<\/h2>\n<p style=\"text-align: justify;\">La primera proposta de projecte per fer amb l&#8217;Scratch \u00e9s una postal interactiva. Per comen\u00e7ar a preparar el nostre projecte veurem qu\u00e8 \u00e9s una <strong>postal interactiva<\/strong>, quins elements hi poden haver i treballarem la resta del m\u00f2dul per crear-ne una amb els diferents elements que anem veient.<\/p>\n<p><strong>Fem-ho pas a pas<\/strong><\/p>\n<div style=\"padding-left: 50px;\">\n<ul>\n<li>Mirem la quantitat de diferents postals interactives que hi ha fetes amb l&#8217;Scratch: <a href=\"https:\/\/scratch.mit.edu\/search\/projects?q=postal\" target=\"_blank\" rel=\"noopener noreferrer\">https:\/\/scratch.mit.edu\/search\/projects?q=postal<\/a><\/li>\n<li>Entrem en algunes d&#8217;elles i mirem quines coses passen:\n<ul>\n<li>Els personatges es mouen<\/li>\n<li>Els personatges parlen<\/li>\n<li>Els personatges canvien de color, de mida&#8230;<\/li>\n<li>Els fons de pantalla canvien<\/li>\n<li>I moltes altres coses<\/li>\n<\/ul>\n<\/li>\n<\/ul>\n<\/div>\n<p>Aqu\u00ed podem veure una postal interactiva feta especialment per a aquesta sessi\u00f3:<\/p>\n<p><iframe loading=\"lazy\" src=\"\/\/scratch.mit.edu\/projects\/embed\/178823247\/?autostart=false\" width=\"485\" height=\"402\" frameborder=\"0\"><\/iframe><\/p>\n<hr \/>\n<p style=\"text-align: justify;\"><strong>Com que som programadors i programadores parlem de&#8230;<\/strong><\/p>\n<div style=\"padding-left: 50px;\">\n<ul>\n<li style=\"text-align: justify;\"><strong>Entorn de programaci\u00f3:<\/strong> espai que permet la realitzaci\u00f3 de programes fent servir unes eines espec\u00edfiques.<\/li>\n<li style=\"text-align: justify;\"><strong>Nom d&#8217;usuari:<\/strong> nom assignat a una persona que li permet accedir a un entorn, aplicaci\u00f3 o espai i que serveix per identificar-la.<\/li>\n<li style=\"text-align: justify;\"><strong>Contrasenya:<\/strong> codi format per una barreja de n\u00fameros, lletres i d&#8217;altres car\u00e0cters, relacionat amb un usuari concret, que li permet accedir a un entorn, aplicaci\u00f3 o espai de forma segura.<\/li>\n<\/ul>\n<\/div>\n","protected":false},"excerpt":{"rendered":"<p>Pla de treball<\/p>\n<ul>\n<li>Qu\u00e8 \u00e9s l&#8217;Scratch?<\/li>\n<li>Descobrim el <a href=\"https:\/\/scratch.mit.edu\/\" target=\"_blank\" rel=\"noopener noreferrer\">web de l&#8217;Scratch<\/a><\/li>\n<li>Presentem el projecte<\/li>\n<\/ul>\n<p>Qu\u00e8 \u00e9s l&#8217;Scratch?<br \/>\nL&#8217;Scratch \u00e9s un entorn de programaci\u00f3 que ens permet crear m\u00faltiples activitats diferents, com jocs, hist\u00f2ries interactives&#8230;<br \/>\nQuan anem al <a href=\"https:\/\/scratch.mit.edu\/\" target=\"_blank\" rel=\"noopener noreferrer\">web de l&#8217;Scratch<\/a> ens trobem amb&hellip;  <a href=\"https:\/\/agora.xtec.cat\/col-imma-lloret\/modul-1-comenca-lscratch-aventura-scratch-3\/sessio-1-comencem-el-projecte\/\" title=\"Read Sessi\u00f3 1. Comencem el projecte\">Llegeix m\u00e9s\u00bb<\/a><\/p>\n","protected":false},"author":1,"featured_media":0,"parent":17494,"menu_order":0,"comment_status":"closed","ping_status":"closed","template":"page-templates\/side-menu.php","meta":{"_bbp_topic_count":0,"_bbp_reply_count":0,"_bbp_total_topic_count":0,"_bbp_total_reply_count":0,"_bbp_voice_count":0,"_bbp_anonymous_reply_count":0,"_bbp_topic_count_hidden":0,"_bbp_reply_count_hidden":0,"_bbp_forum_subforum_count":0,"footnotes":""},"class_list":["post-17496","page","type-page","status-publish","hentry"],"post_mailing_queue_ids":[],"_links":{"self":[{"href":"https:\/\/agora.xtec.cat\/col-imma-lloret\/wp-json\/wp\/v2\/pages\/17496","targetHints":{"allow":["GET"]}}],"collection":[{"href":"https:\/\/agora.xtec.cat\/col-imma-lloret\/wp-json\/wp\/v2\/pages"}],"about":[{"href":"https:\/\/agora.xtec.cat\/col-imma-lloret\/wp-json\/wp\/v2\/types\/page"}],"author":[{"embeddable":true,"href":"https:\/\/agora.xtec.cat\/col-imma-lloret\/wp-json\/wp\/v2\/users\/1"}],"replies":[{"embeddable":true,"href":"https:\/\/agora.xtec.cat\/col-imma-lloret\/wp-json\/wp\/v2\/comments?post=17496"}],"version-history":[{"count":3,"href":"https:\/\/agora.xtec.cat\/col-imma-lloret\/wp-json\/wp\/v2\/pages\/17496\/revisions"}],"predecessor-version":[{"id":19652,"href":"https:\/\/agora.xtec.cat\/col-imma-lloret\/wp-json\/wp\/v2\/pages\/17496\/revisions\/19652"}],"up":[{"embeddable":true,"href":"https:\/\/agora.xtec.cat\/col-imma-lloret\/wp-json\/wp\/v2\/pages\/17494"}],"wp:attachment":[{"href":"https:\/\/agora.xtec.cat\/col-imma-lloret\/wp-json\/wp\/v2\/media?parent=17496"}],"curies":[{"name":"wp","href":"https:\/\/api.w.org\/{rel}","templated":true}]}}