{"id":75,"date":"2014-09-18T10:21:02","date_gmt":"2014-09-18T10:21:02","guid":{"rendered":"http:\/\/agora.xtec.cat\/col-ginestamontcada\/?page_id=75"},"modified":"2016-07-14T12:06:18","modified_gmt":"2016-07-14T11:06:18","slug":"activitats-extraescolars","status":"publish","type":"page","link":"https:\/\/agora.xtec.cat\/col-ginestamontcada\/serveis\/activitats-extraescolars\/","title":{"rendered":"Psicoat"},"content":{"rendered":"<div class=\"entry-content\">\n<p>Des de fa uns anys, l\u2019escola ofereix el servei d\u2019atenci\u00f3 psicologica a trav\u00e9s d\u2019un especialista que ve un dia a la setmana del <strong>PSICOAT,<\/strong><b> CENTRE D\u2019ATENCI\u00d3 PSICOL\u00d2GICA.\u00a0 <\/b><a href=\"http:\/\/www.psicoat.es\" target=\"_blank\">www.piscoat.es<\/a><\/p>\n<p>PSICOAT \u00e9s una EXTENSI\u00d3 de l\u2019escola, permetent oferir al professorat, pares i alumnes, serveis de qualitat, adaptats a la realitat i necessitats espec\u00edfiques del centre i amb una coordinaci\u00f3 efica\u00e7, que eviten el despla\u00e7ament de les fam\u00edlies i milloren el funcionament escolar.<\/p>\n<\/div>\n","protected":false},"excerpt":{"rendered":"<p>Des de fa uns anys, l\u2019escola ofereix el servei d\u2019atenci\u00f3 psicologica a trav\u00e9s d\u2019un especialista que ve un dia a la setmana del PSICOAT, CENTRE D\u2019ATENCI\u00d3 PSICOL\u00d2GICA.\u00a0 <a href=\"http:\/\/www.psicoat.es\" target=\"_blank\">www.piscoat.es<\/a><br \/>\nPSICOAT \u00e9s una EXTENSI\u00d3 de l\u2019escola, permetent oferir al professorat, pares i alumnes, serveis de qualitat,&hellip;  <a href=\"https:\/\/agora.xtec.cat\/col-ginestamontcada\/serveis\/activitats-extraescolars\/\" title=\"Read Psicoat\">Llegeix m\u00e9s\u00bb<\/a><\/p>\n","protected":false},"author":2,"featured_media":0,"parent":63,"menu_order":20,"comment_status":"closed","ping_status":"closed","template":"page-templates\/side-menu.php","meta":{"_bbp_topic_count":0,"_bbp_reply_count":0,"_bbp_total_topic_count":0,"_bbp_total_reply_count":0,"_bbp_voice_count":0,"_bbp_anonymous_reply_count":0,"_bbp_topic_count_hidden":0,"_bbp_reply_count_hidden":0,"_bbp_forum_subforum_count":0,"footnotes":""},"class_list":["post-75","page","type-page","status-publish","hentry"],"post_mailing_queue_ids":[],"_links":{"self":[{"href":"https:\/\/agora.xtec.cat\/col-ginestamontcada\/wp-json\/wp\/v2\/pages\/75","targetHints":{"allow":["GET"]}}],"collection":[{"href":"https:\/\/agora.xtec.cat\/col-ginestamontcada\/wp-json\/wp\/v2\/pages"}],"about":[{"href":"https:\/\/agora.xtec.cat\/col-ginestamontcada\/wp-json\/wp\/v2\/types\/page"}],"author":[{"embeddable":true,"href":"https:\/\/agora.xtec.cat\/col-ginestamontcada\/wp-json\/wp\/v2\/users\/2"}],"replies":[{"embeddable":true,"href":"https:\/\/agora.xtec.cat\/col-ginestamontcada\/wp-json\/wp\/v2\/comments?post=75"}],"version-history":[{"count":2,"href":"https:\/\/agora.xtec.cat\/col-ginestamontcada\/wp-json\/wp\/v2\/pages\/75\/revisions"}],"predecessor-version":[{"id":515,"href":"https:\/\/agora.xtec.cat\/col-ginestamontcada\/wp-json\/wp\/v2\/pages\/75\/revisions\/515"}],"up":[{"embeddable":true,"href":"https:\/\/agora.xtec.cat\/col-ginestamontcada\/wp-json\/wp\/v2\/pages\/63"}],"wp:attachment":[{"href":"https:\/\/agora.xtec.cat\/col-ginestamontcada\/wp-json\/wp\/v2\/media?parent=75"}],"curies":[{"name":"wp","href":"https:\/\/api.w.org\/{rel}","templated":true}]}}