{"id":69,"date":"2014-09-18T10:15:07","date_gmt":"2014-09-18T10:15:07","guid":{"rendered":"http:\/\/agora.xtec.cat\/col-ginestamontcada\/?page_id=69"},"modified":"2017-11-09T23:52:47","modified_gmt":"2017-11-09T22:52:47","slug":"menjador-escolar","status":"publish","type":"page","link":"https:\/\/agora.xtec.cat\/col-ginestamontcada\/serveis\/menjador-escolar\/","title":{"rendered":"Menjador escolar"},"content":{"rendered":"<p>El servei de menjador de l\u2019Escola funciona amb servei de catering sota la vigil\u00e0ncia i supervisi\u00f3 del menjador per professors de l\u2019Escola i personal d\u2019una empresa especialitzada.<\/p>\n<p>Les quotes mensuals es passaran per domiciliaci\u00f3 banc\u00e0ria a principi de cada mes.<\/p>\n<p>La no assist\u00e8ncia al servei de menjador no eximeix del pagament.<\/p>\n<p>Aquells alumnes que per motius de salut hagin de fer r\u00e8gim al llarg de tot el curs, o de forma temporal, hauran de presentar als seus tutors una justificaci\u00f3 escrita signada pels pares en la qual es faci constar la durada, motiu i tipus de dieta a seguir. Ser\u00e0 igual per aquells alumnes que presentin algun tipus d\u2019intoler\u00e0ncia aliment\u00e0ria.<\/p>\n<p>\u00c9s important garantir una dieta equilibrada, uns h\u00e0bits alimenticis correctes i unes actituds regides per la cortesia i el bon gust. \u00c9s per aix\u00f2 que l\u2019Escola recomana la utilitzaci\u00f3 del servei de menjador per part d\u2019aquells alumnes que per diversos motius no poden dinar a casa i desaprova que alguns alumnes dinin a bars o mengin entrepans de forma regular.<\/p>\n<p>Cada mes es publicaran els men\u00fas del menjador perqu\u00e8 els pogueu\u00a0 consultar i descarregar.<\/p>\n<p><a href=\"http:\/\/agora.xtec.cat\/col-ginestamontcada\/categoria\/menjador\/\" target=\"_blank\" rel=\"noopener noreferrer\"><span style=\"color: #3366ff;\"><strong>VISITA EL NOSTRE BLOG DEL MENJADOR<\/strong><\/span><\/a><\/p>\n","protected":false},"excerpt":{"rendered":"<p>El servei de menjador de l\u2019Escola funciona amb servei de catering sota la vigil\u00e0ncia i supervisi\u00f3 del menjador per professors de l\u2019Escola i personal d\u2019una empresa especialitzada.<br \/>\nLes quotes mensuals es passaran per domiciliaci\u00f3 banc\u00e0ria a principi de cada mes.<br \/>\nLa no assist\u00e8ncia al servei de menjador&hellip;  <a href=\"https:\/\/agora.xtec.cat\/col-ginestamontcada\/serveis\/menjador-escolar\/\" title=\"Read Menjador escolar\">Llegeix m\u00e9s\u00bb<\/a><\/p>\n","protected":false},"author":2,"featured_media":0,"parent":63,"menu_order":30,"comment_status":"closed","ping_status":"closed","template":"page-templates\/side-menu.php","meta":{"_bbp_topic_count":0,"_bbp_reply_count":0,"_bbp_total_topic_count":0,"_bbp_total_reply_count":0,"_bbp_voice_count":0,"_bbp_anonymous_reply_count":0,"_bbp_topic_count_hidden":0,"_bbp_reply_count_hidden":0,"_bbp_forum_subforum_count":0,"footnotes":""},"class_list":["post-69","page","type-page","status-publish","hentry"],"post_mailing_queue_ids":[],"_links":{"self":[{"href":"https:\/\/agora.xtec.cat\/col-ginestamontcada\/wp-json\/wp\/v2\/pages\/69","targetHints":{"allow":["GET"]}}],"collection":[{"href":"https:\/\/agora.xtec.cat\/col-ginestamontcada\/wp-json\/wp\/v2\/pages"}],"about":[{"href":"https:\/\/agora.xtec.cat\/col-ginestamontcada\/wp-json\/wp\/v2\/types\/page"}],"author":[{"embeddable":true,"href":"https:\/\/agora.xtec.cat\/col-ginestamontcada\/wp-json\/wp\/v2\/users\/2"}],"replies":[{"embeddable":true,"href":"https:\/\/agora.xtec.cat\/col-ginestamontcada\/wp-json\/wp\/v2\/comments?post=69"}],"version-history":[{"count":3,"href":"https:\/\/agora.xtec.cat\/col-ginestamontcada\/wp-json\/wp\/v2\/pages\/69\/revisions"}],"predecessor-version":[{"id":9357,"href":"https:\/\/agora.xtec.cat\/col-ginestamontcada\/wp-json\/wp\/v2\/pages\/69\/revisions\/9357"}],"up":[{"embeddable":true,"href":"https:\/\/agora.xtec.cat\/col-ginestamontcada\/wp-json\/wp\/v2\/pages\/63"}],"wp:attachment":[{"href":"https:\/\/agora.xtec.cat\/col-ginestamontcada\/wp-json\/wp\/v2\/media?parent=69"}],"curies":[{"name":"wp","href":"https:\/\/api.w.org\/{rel}","templated":true}]}}