{"id":563,"date":"2016-07-11T11:03:43","date_gmt":"2016-07-11T10:03:43","guid":{"rendered":"http:\/\/agora.xtec.cat\/col-ginestamontcada\/?page_id=563"},"modified":"2016-09-08T22:02:25","modified_gmt":"2016-09-08T21:02:25","slug":"apadrinament-lector","status":"publish","type":"page","link":"https:\/\/agora.xtec.cat\/col-ginestamontcada\/apadrinament-lector\/","title":{"rendered":"Apadrinament Lector"},"content":{"rendered":"<p style=\"text-align: left;\"><a href=\"http:\/\/agora.xtec.cat\/col-ginestamontcada\/wp-content\/uploads\/usu215\/2016\/07\/img-20160518-wa0003.jpg\"><img loading=\"lazy\" decoding=\"async\" class=\"wp-image-566 alignright\" src=\"http:\/\/agora.xtec.cat\/col-ginestamontcada\/wp-content\/uploads\/usu215\/2016\/07\/img-20160518-wa0003-1024x576.jpg\" alt=\"img-20160518-wa0003\" width=\"427\" height=\"240\" srcset=\"https:\/\/agora.xtec.cat\/col-ginestamontcada\/wp-content\/uploads\/usu215\/2016\/07\/img-20160518-wa0003-1024x576.jpg 1024w, https:\/\/agora.xtec.cat\/col-ginestamontcada\/wp-content\/uploads\/usu215\/2016\/07\/img-20160518-wa0003-300x169.jpg 300w, https:\/\/agora.xtec.cat\/col-ginestamontcada\/wp-content\/uploads\/usu215\/2016\/07\/img-20160518-wa0003-768x432.jpg 768w, https:\/\/agora.xtec.cat\/col-ginestamontcada\/wp-content\/uploads\/usu215\/2016\/07\/img-20160518-wa0003.jpg 1600w\" sizes=\"auto, (max-width: 427px) 100vw, 427px\" \/><\/a>Des del curs 2012-2013 la comissi\u00f3 del Pla Lector de la nostra escola promou l&#8217;apadrinament lector entre els alumnes de 1r i 6\u00e8 de Prim\u00e0ria.<\/p>\n<p style=\"text-align: left;\">\u00c9s una experi\u00e8ncia molt enriquidora, tant per grans com per a petits; acompanyar als nens\/es de 1r durant el proc\u00e9s d&#8217;afian\u00e7ament de la lectura, i veure els canvis que van fent, aix\u00ed com l&#8217;evoluci\u00f3 durant tot el proc\u00e9s, motiva als alumnes de Cile Superior.<\/p>\n<p style=\"text-align: left;\">Les lectures es porten a terme un cop a la setmana; els alumnes de 6\u00e8 baixen a la classe de 1r i realitzen l&#8217;activitat proposada per la mestra, tot i que ells poden aportar idees per fer amb els seus fillols \/ es.<\/p>\n<p style=\"text-align: left;\">La finalitat d&#8217;aquest apadrinament lector \u00e9s fomentar el gust per la lectura, motivant tant a petits i a grans a gaudir del proc\u00e9s d&#8217;aprenentatge de la lecto-escriptura mitjan\u00e7ant l&#8217;ajuda i cooperaci\u00f3 entre tots, realitzant activitats diverses.<\/p>\n<p>&nbsp;<\/p>\n<p>&nbsp;<\/p>\n","protected":false},"excerpt":{"rendered":"<p><a href=\"http:\/\/agora.xtec.cat\/col-ginestamontcada\/wp-content\/uploads\/usu215\/2016\/07\/img-20160518-wa0003.jpg\"><\/a>Des del curs 2012-2013 la comissi\u00f3 del Pla Lector de la nostra escola promou l&#8217;apadrinament lector entre els alumnes de 1r i 6\u00e8 de Prim\u00e0ria.<br \/>\n\u00c9s una experi\u00e8ncia molt enriquidora, tant per grans com per a petits; acompanyar als nens\/es de 1r durant el proc\u00e9s&hellip;  <a href=\"https:\/\/agora.xtec.cat\/col-ginestamontcada\/apadrinament-lector\/\" title=\"Read Apadrinament Lector\">Llegeix m\u00e9s\u00bb<\/a><\/p>\n","protected":false},"author":4,"featured_media":0,"parent":0,"menu_order":0,"comment_status":"closed","ping_status":"closed","template":"","meta":{"_bbp_topic_count":0,"_bbp_reply_count":0,"_bbp_total_topic_count":0,"_bbp_total_reply_count":0,"_bbp_voice_count":0,"_bbp_anonymous_reply_count":0,"_bbp_topic_count_hidden":0,"_bbp_reply_count_hidden":0,"_bbp_forum_subforum_count":0,"footnotes":""},"class_list":["post-563","page","type-page","status-publish","hentry"],"post_mailing_queue_ids":[],"_links":{"self":[{"href":"https:\/\/agora.xtec.cat\/col-ginestamontcada\/wp-json\/wp\/v2\/pages\/563","targetHints":{"allow":["GET"]}}],"collection":[{"href":"https:\/\/agora.xtec.cat\/col-ginestamontcada\/wp-json\/wp\/v2\/pages"}],"about":[{"href":"https:\/\/agora.xtec.cat\/col-ginestamontcada\/wp-json\/wp\/v2\/types\/page"}],"author":[{"embeddable":true,"href":"https:\/\/agora.xtec.cat\/col-ginestamontcada\/wp-json\/wp\/v2\/users\/4"}],"replies":[{"embeddable":true,"href":"https:\/\/agora.xtec.cat\/col-ginestamontcada\/wp-json\/wp\/v2\/comments?post=563"}],"version-history":[{"count":2,"href":"https:\/\/agora.xtec.cat\/col-ginestamontcada\/wp-json\/wp\/v2\/pages\/563\/revisions"}],"predecessor-version":[{"id":612,"href":"https:\/\/agora.xtec.cat\/col-ginestamontcada\/wp-json\/wp\/v2\/pages\/563\/revisions\/612"}],"wp:attachment":[{"href":"https:\/\/agora.xtec.cat\/col-ginestamontcada\/wp-json\/wp\/v2\/media?parent=563"}],"curies":[{"name":"wp","href":"https:\/\/api.w.org\/{rel}","templated":true}]}}