{"id":561,"date":"2016-09-06T22:25:53","date_gmt":"2016-09-06T21:25:53","guid":{"rendered":"http:\/\/agora.xtec.cat\/col-ginestamontcada\/?page_id=561"},"modified":"2016-09-09T11:32:07","modified_gmt":"2016-09-09T10:32:07","slug":"science","status":"publish","type":"page","link":"https:\/\/agora.xtec.cat\/col-ginestamontcada\/science\/","title":{"rendered":"Science"},"content":{"rendered":"<p>&#8220;Science&#8221;, \u00e9s una assignatura que s\u2019imparteix en angl\u00e8s des de primer de prim\u00e0ria fins a sis\u00e8.<\/p>\n<p>Cada curs fa una hora setmanal i es valora l&#8217;actitud, el treball realitzat, la participaci\u00f3 i l&#8217;atenci\u00f3 a l\u2019aula. Durant el curs es treballen set temes i en cadascun caldr\u00e0 elaborar un projecte o experiment, d\u2019acord amb els continguts que s\u2019estan estudiant.<br \/>\nA l\u2019hora d\u2019impartir la lli\u00e7\u00f3 s\u2019utilitzen diversos materials com p\u00f2sters, CD\u2019s, videos, fitxes i el llibre escolar.<\/p>\n","protected":false},"excerpt":{"rendered":"<p>&#8220;Science&#8221;, \u00e9s una assignatura que s\u2019imparteix en angl\u00e8s des de primer de prim\u00e0ria fins a sis\u00e8.<br \/>\nCada curs fa una hora setmanal i es valora l&#8217;actitud, el treball realitzat, la participaci\u00f3 i l&#8217;atenci\u00f3 a l\u2019aula. Durant el curs es treballen set temes i en cadascun caldr\u00e0&hellip;  <a href=\"https:\/\/agora.xtec.cat\/col-ginestamontcada\/science\/\" title=\"Read Science\">Llegeix m\u00e9s\u00bb<\/a><\/p>\n","protected":false},"author":4,"featured_media":0,"parent":0,"menu_order":0,"comment_status":"closed","ping_status":"closed","template":"","meta":{"_bbp_topic_count":0,"_bbp_reply_count":0,"_bbp_total_topic_count":0,"_bbp_total_reply_count":0,"_bbp_voice_count":0,"_bbp_anonymous_reply_count":0,"_bbp_topic_count_hidden":0,"_bbp_reply_count_hidden":0,"_bbp_forum_subforum_count":0,"footnotes":""},"class_list":["post-561","page","type-page","status-publish","hentry"],"post_mailing_queue_ids":[],"_links":{"self":[{"href":"https:\/\/agora.xtec.cat\/col-ginestamontcada\/wp-json\/wp\/v2\/pages\/561","targetHints":{"allow":["GET"]}}],"collection":[{"href":"https:\/\/agora.xtec.cat\/col-ginestamontcada\/wp-json\/wp\/v2\/pages"}],"about":[{"href":"https:\/\/agora.xtec.cat\/col-ginestamontcada\/wp-json\/wp\/v2\/types\/page"}],"author":[{"embeddable":true,"href":"https:\/\/agora.xtec.cat\/col-ginestamontcada\/wp-json\/wp\/v2\/users\/4"}],"replies":[{"embeddable":true,"href":"https:\/\/agora.xtec.cat\/col-ginestamontcada\/wp-json\/wp\/v2\/comments?post=561"}],"version-history":[{"count":3,"href":"https:\/\/agora.xtec.cat\/col-ginestamontcada\/wp-json\/wp\/v2\/pages\/561\/revisions"}],"predecessor-version":[{"id":604,"href":"https:\/\/agora.xtec.cat\/col-ginestamontcada\/wp-json\/wp\/v2\/pages\/561\/revisions\/604"}],"wp:attachment":[{"href":"https:\/\/agora.xtec.cat\/col-ginestamontcada\/wp-json\/wp\/v2\/media?parent=561"}],"curies":[{"name":"wp","href":"https:\/\/api.w.org\/{rel}","templated":true}]}}