{"id":46,"date":"2014-09-17T16:53:45","date_gmt":"2014-09-17T16:53:45","guid":{"rendered":"http:\/\/agora.xtec.cat\/col-ginestamontcada\/?page_id=46"},"modified":"2026-04-15T09:52:46","modified_gmt":"2026-04-15T07:52:46","slug":"organigrama","status":"publish","type":"page","link":"https:\/\/agora.xtec.cat\/col-ginestamontcada\/linstitut\/organigrama\/","title":{"rendered":"Organigrama"},"content":{"rendered":"<div class=\"entry-content\">\n<p><strong><span style=\"color: #ff6600;\">DIRECCI\u00d3<\/span><\/strong><\/p>\n<p>\u2022 DIRECTORA: Helena Cabello<br \/>\n\u2022 SOTSDIRECTORA. Marta Gim\u00e9nez<br \/>\n\u2022 CAP D&#8217;ESTUDIS D&#8217;INFANTIL I PRIM\u00c0RIA. Daniel Magari\u00f1o<br \/>\n\u2022 CAP D&#8217;ESTUDIS ESO. Laura Castell\u00e0<\/p>\n<p><strong><span style=\"color: #ff6600;\">COORDINADORS<\/span><\/strong><\/p>\n<p>\u2022 COORDINADORA INFANTIL. Dolors Montesinos<br \/>\n\u2022 COORDINADORA C.INICIAL DE PRIM\u00c0RIA. Silvia S\u00e1nchez<br \/>\n\u2022 COORDINADORA C.MITJ\u00c0 DE PRIM\u00c0RIA. Elisabet S\u00e1nchez<br \/>\n\u2022 COORDINADOR C.SUPERIOR DE PRIM\u00c0RIA. Xavier Caselles<br \/>\n\u2022 COORDINADORA DE 1R CICLE D&#8217;ESO. M\u00aaJes\u00fas Fern\u00e1ndez<br \/>\n\u2022 COORDINADOR DE 2N CICLE D&#8217;ESO. Aitor Gonz\u00e1lez<br \/>\n\u2022 COORDINADOR INFORM\u00c0TIC. Jes\u00fas Morales<br \/>\n\u2022 COORDINADOR LING\u00dc\u00cdSTIC. Jose Carlos Mallor<\/p>\n<p><strong><span style=\"color: #ff6600;\">EDUCACI\u00d3 INFANTIL<\/span><\/strong><\/p>\n<p>TUTORS:<br \/>\n\u2022 I3. Patricia Gil<br \/>\n\u2022 I4. Tatiana Menal<br \/>\n\u2022 I5. Marta Gim\u00e9nez<\/p>\n<p>ESPECIALISTES:<br \/>\n\u2022 LLENGUA ANGLESA: Laura Mart\u00edn<br \/>\n\u2022 ED. MUSICAL I PSICOMOTRICITAT. Marta Gim\u00e9nez<\/p>\n<p><strong><span style=\"color: #ff6600;\">\u00a0EDUCACI\u00d3 PRIM\u00c0RIA<\/span><\/strong><\/p>\n<p>TUTORS:<br \/>\n\u2022 1r. S\u00edlvia S\u00e1nchez<br \/>\n\u2022 2n. M\u00f2nica P\u00e9rez<br \/>\n\u2022 3r. Eva Vi\u00f1as<br \/>\n\u2022 4t. Elisabet S\u00e1nchez<br \/>\n\u2022 5\u00e8. Xavier Caselles<br \/>\n\u2022 6\u00e8. Jos\u00e9 Carlos Mallor.<\/p>\n<p>ESPECIALISTES:<br \/>\n\u2022 LLENGUA ANGLESA: Daniel Magari\u00f1o i Jos\u00e9 Carlos Mallor<br \/>\n\u2022 ED. ESPECIAL: Daniel Magari\u00f1o<br \/>\n\u2022 ED. F\u00cdSICA: Xavier Caselles<br \/>\n\u2022 ED. MUSICAL. Eva Vi\u00f1as<\/p>\n<p><strong><span style=\"color: #ff6600;\">EDUCACI\u00d3 SECUND\u00c0RIA<\/span><\/strong><\/p>\n<p>TUTORS:<br \/>\n\u2022 1r. ESO.\u00a0 M\u00aaJes\u00fas Fern\u00e1ndez<br \/>\n\u2022 2n. ESO. Carme Sol\u00e9<br \/>\n\u2022 3r. ESO.\u00a0 Jes\u00fas Morales<br \/>\n\u2022 4t. ESO.\u00a0 Aitor Gonz\u00e1lez<\/p>\n<p>ESPECIALISTES:<\/p>\n<ul>\n<li>CI\u00c8NCIES I TECNOLOGIA: Paco G\u00f3mez, Jes\u00fas Morales, Miquel Segarra<\/li>\n<li>CI\u00c8NCIES SOCIALS: Laura Castell\u00e0,\u00a0 M\u00aaJes\u00fas Fern\u00e1ndez<\/li>\n<li>LLENGUA CATALANA: Laura Castell\u00e0, Carme Sol\u00e9<\/li>\n<li>LLENGUA CASTELLANA: Aitor Gonz\u00e1lez i M\u00aaJes\u00fas Fern\u00e1ndez<\/li>\n<li>LLENGUA ANGLESA: Lucia Tevar i Aitor Gonz\u00e1lez.<\/li>\n<li>LLENGUA FRANCESA: M\u00aaJes\u00fas Fern\u00e1ndez<\/li>\n<li>VISUAL I PL\u00c0STICA: M\u00aaJes\u00fas Fern\u00e1ndez<\/li>\n<li>M\u00daSICA: Carme Sol\u00e9<\/li>\n<li>LLAT\u00cd I CULTURA CL\u00c0SSICA: Aitor Gonz\u00e1lez i M\u00aaJes\u00fas Fern\u00e1ndez.<\/li>\n<li>EDUCACI\u00d3 F\u00cdSICA: Joan Escofet<\/li>\n<\/ul>\n<p><strong><span style=\"color: #ff6600;\">PSICOAT (ATENCI\u00d3 I ORIENTACI\u00d3 PSICOL\u00d2GICA)<\/span><\/strong><br \/>\n\u2022 MIREIA P\u00c9REZ<\/p>\n<p><strong><span style=\"color: #ff6600;\">ADMINISTRACI\u00d3 I SECRETARIA<\/span><\/strong><br \/>\n\u2022 Ferran Lasheras<\/p>\n<p>&nbsp;<\/p>\n<p>&nbsp;<\/p>\n<\/div>\n<div id=\"gtx-trans\" style=\"position: absolute; left: -7px; top: 1875.59px;\">\n<div class=\"gtx-trans-icon\"><\/div>\n<\/div>\n","protected":false},"excerpt":{"rendered":"<p>DIRECCI\u00d3<br \/>\n\u2022 DIRECTORA: Helena Cabello<br \/>\n\u2022 SOTSDIRECTORA. Marta Gim\u00e9nez<br \/>\n\u2022 CAP D&#8217;ESTUDIS D&#8217;INFANTIL I PRIM\u00c0RIA. Daniel Magari\u00f1o<br \/>\n\u2022 CAP D&#8217;ESTUDIS ESO. Laura Castell\u00e0<br \/>\nCOORDINADORS<br \/>\n\u2022 COORDINADORA INFANTIL. Dolors Montesinos<br \/>\n\u2022 COORDINADORA C.INICIAL DE PRIM\u00c0RIA. Silvia S\u00e1nchez<br \/>\n\u2022 COORDINADORA C.MITJ\u00c0 DE PRIM\u00c0RIA. Elisabet S\u00e1nchez<br \/>\n\u2022 COORDINADOR C.SUPERIOR DE PRIM\u00c0RIA. Xavier Caselles<br \/>\n\u2022 COORDINADORA DE 1R CICLE&hellip;  <a href=\"https:\/\/agora.xtec.cat\/col-ginestamontcada\/linstitut\/organigrama\/\" title=\"Read Organigrama\">Llegeix m\u00e9s\u00bb<\/a><\/p>\n","protected":false},"author":1,"featured_media":0,"parent":19,"menu_order":50,"comment_status":"closed","ping_status":"closed","template":"page-templates\/side-menu.php","meta":{"_bbp_topic_count":0,"_bbp_reply_count":0,"_bbp_total_topic_count":0,"_bbp_total_reply_count":0,"_bbp_voice_count":0,"_bbp_anonymous_reply_count":0,"_bbp_topic_count_hidden":0,"_bbp_reply_count_hidden":0,"_bbp_forum_subforum_count":0,"footnotes":""},"class_list":["post-46","page","type-page","status-publish","hentry"],"post_mailing_queue_ids":[],"_links":{"self":[{"href":"https:\/\/agora.xtec.cat\/col-ginestamontcada\/wp-json\/wp\/v2\/pages\/46","targetHints":{"allow":["GET"]}}],"collection":[{"href":"https:\/\/agora.xtec.cat\/col-ginestamontcada\/wp-json\/wp\/v2\/pages"}],"about":[{"href":"https:\/\/agora.xtec.cat\/col-ginestamontcada\/wp-json\/wp\/v2\/types\/page"}],"author":[{"embeddable":true,"href":"https:\/\/agora.xtec.cat\/col-ginestamontcada\/wp-json\/wp\/v2\/users\/1"}],"replies":[{"embeddable":true,"href":"https:\/\/agora.xtec.cat\/col-ginestamontcada\/wp-json\/wp\/v2\/comments?post=46"}],"version-history":[{"count":8,"href":"https:\/\/agora.xtec.cat\/col-ginestamontcada\/wp-json\/wp\/v2\/pages\/46\/revisions"}],"predecessor-version":[{"id":14429,"href":"https:\/\/agora.xtec.cat\/col-ginestamontcada\/wp-json\/wp\/v2\/pages\/46\/revisions\/14429"}],"up":[{"embeddable":true,"href":"https:\/\/agora.xtec.cat\/col-ginestamontcada\/wp-json\/wp\/v2\/pages\/19"}],"wp:attachment":[{"href":"https:\/\/agora.xtec.cat\/col-ginestamontcada\/wp-json\/wp\/v2\/media?parent=46"}],"curies":[{"name":"wp","href":"https:\/\/api.w.org\/{rel}","templated":true}]}}