{"id":19,"date":"2014-09-17T14:56:56","date_gmt":"2014-09-17T14:56:56","guid":{"rendered":"http:\/\/agora.xtec.cat\/col-ginestamontcada\/?page_id=19"},"modified":"2016-07-11T11:37:37","modified_gmt":"2016-07-11T10:37:37","slug":"linstitut","status":"publish","type":"page","link":"https:\/\/agora.xtec.cat\/col-ginestamontcada\/linstitut\/","title":{"rendered":"Escola"},"content":{"rendered":"<p>Som una escola concertada d\u2019Educaci\u00f3 Infantil, Prim\u00e0ria i Secund\u00e0ria. Va ser fundada a l\u2019any 1986 per una cooperativa de mestres amb nom de Ciutat Meridiana. Degut a l\u2019urbanitzaci\u00f3 de la nostra zona, l\u2019escola va passar a pert\u00e0nyer del municipi de Barcelona al de Montcada i Reixac. Aquest fet va propiciar el canvi de nom, actualment Col\u2022legi Ginesta.<\/p>\n<p><a href=\"http:\/\/agora.xtec.cat\/col-ginestamontcada\/wp-content\/uploads\/usu215\/2014\/09\/escolagin.jpg\" rel=\"attachment wp-att-467\"><img loading=\"lazy\" decoding=\"async\" class=\" wp-image-467 aligncenter\" src=\"http:\/\/agora.xtec.cat\/col-ginestamontcada\/wp-content\/uploads\/usu215\/2014\/09\/escolagin.jpg\" alt=\"escolagin\" width=\"507\" height=\"380\" srcset=\"https:\/\/agora.xtec.cat\/col-ginestamontcada\/wp-content\/uploads\/usu215\/2014\/09\/escolagin.jpg 700w, https:\/\/agora.xtec.cat\/col-ginestamontcada\/wp-content\/uploads\/usu215\/2014\/09\/escolagin-300x225.jpg 300w, https:\/\/agora.xtec.cat\/col-ginestamontcada\/wp-content\/uploads\/usu215\/2014\/09\/escolagin-200x150.jpg 200w\" sizes=\"auto, (max-width: 507px) 100vw, 507px\" \/><\/a><\/p>\n","protected":false},"excerpt":{"rendered":"<p>Som una escola concertada d\u2019Educaci\u00f3 Infantil, Prim\u00e0ria i Secund\u00e0ria. Va ser fundada a l\u2019any 1986 per una cooperativa de mestres amb nom de Ciutat Meridiana. Degut a l\u2019urbanitzaci\u00f3 de la nostra zona, l\u2019escola va passar a pert\u00e0nyer del municipi de Barcelona al de Montcada i&hellip;  <a href=\"https:\/\/agora.xtec.cat\/col-ginestamontcada\/linstitut\/\" title=\"Read Escola\">Llegeix m\u00e9s\u00bb<\/a><\/p>\n","protected":false},"author":1,"featured_media":0,"parent":0,"menu_order":0,"comment_status":"closed","ping_status":"closed","template":"page-templates\/side-menu.php","meta":{"_bbp_topic_count":0,"_bbp_reply_count":0,"_bbp_total_topic_count":0,"_bbp_total_reply_count":0,"_bbp_voice_count":0,"_bbp_anonymous_reply_count":0,"_bbp_topic_count_hidden":0,"_bbp_reply_count_hidden":0,"_bbp_forum_subforum_count":0,"footnotes":""},"class_list":["post-19","page","type-page","status-publish","hentry"],"post_mailing_queue_ids":[],"_links":{"self":[{"href":"https:\/\/agora.xtec.cat\/col-ginestamontcada\/wp-json\/wp\/v2\/pages\/19","targetHints":{"allow":["GET"]}}],"collection":[{"href":"https:\/\/agora.xtec.cat\/col-ginestamontcada\/wp-json\/wp\/v2\/pages"}],"about":[{"href":"https:\/\/agora.xtec.cat\/col-ginestamontcada\/wp-json\/wp\/v2\/types\/page"}],"author":[{"embeddable":true,"href":"https:\/\/agora.xtec.cat\/col-ginestamontcada\/wp-json\/wp\/v2\/users\/1"}],"replies":[{"embeddable":true,"href":"https:\/\/agora.xtec.cat\/col-ginestamontcada\/wp-json\/wp\/v2\/comments?post=19"}],"version-history":[{"count":3,"href":"https:\/\/agora.xtec.cat\/col-ginestamontcada\/wp-json\/wp\/v2\/pages\/19\/revisions"}],"predecessor-version":[{"id":469,"href":"https:\/\/agora.xtec.cat\/col-ginestamontcada\/wp-json\/wp\/v2\/pages\/19\/revisions\/469"}],"wp:attachment":[{"href":"https:\/\/agora.xtec.cat\/col-ginestamontcada\/wp-json\/wp\/v2\/media?parent=19"}],"curies":[{"name":"wp","href":"https:\/\/api.w.org\/{rel}","templated":true}]}}