{"id":1306,"date":"2016-10-26T23:22:37","date_gmt":"2016-10-26T21:22:37","guid":{"rendered":"http:\/\/agora.xtec.cat\/col-ginestamontcada\/?page_id=1306"},"modified":"2016-10-26T23:28:13","modified_gmt":"2016-10-26T21:28:13","slug":"que-es-lampa","status":"publish","type":"page","link":"https:\/\/agora.xtec.cat\/col-ginestamontcada\/que-es-lampa\/","title":{"rendered":"Qu\u00e8 \u00e9s l&#8217;AMPA?"},"content":{"rendered":"<p>L\u2019AMPA \u00e9s una associaci\u00f3 sense \u00e0nim de lucre. El nostre objectiu fonamental \u00e9s la representaci\u00f3 dels interessos dels pares, mares o tutors legals dels alumnes del centre educatiu.<\/p>\n<p>Totes les mares que formem part de la Junta Directiva, aix\u00ed com la resta de col\u00b7laboradores, ho fem de forma volunt\u00e0ria i totalment desinteressada, no obtenim cap tipus de remuneraci\u00f3 per la nostra gesti\u00f3.<\/p>\n<p>La Junta Directiva de l\u2019Ampa del Col\u00b7legi Ginesta est\u00e0 formada per:<\/p>\n<p>\u2022 Presidenta: Montserrat Luque Mart\u00ednez<br \/>\n\u2022 Videpresidenta: Yolanda Herrera Maldonado<br \/>\n\u2022 Secret\u00e0ria:<br \/>\n\u2022 Tresorera: Alfonsi Garc\u00eda Est\u00e9vez<br \/>\n\u2022 Vocals: Sandra Herrera Maldonado<br \/>\nRaquel Rodr\u00edguez Pedrosa<br \/>\nOlga Andreu \u00c1lvarez<br \/>\nMar Sa\u00e9z Cuesta<\/p>\n<p>&nbsp;<\/p>\n","protected":false},"excerpt":{"rendered":"<p>L\u2019AMPA \u00e9s una associaci\u00f3 sense \u00e0nim de lucre. El nostre objectiu fonamental \u00e9s la representaci\u00f3 dels interessos dels pares, mares o tutors legals dels alumnes del centre educatiu.<br \/>\nTotes les mares que formem part de la Junta Directiva, aix\u00ed com la resta de col\u00b7laboradores, ho fem&hellip;  <a href=\"https:\/\/agora.xtec.cat\/col-ginestamontcada\/que-es-lampa\/\" title=\"Read Qu\u00e8 \u00e9s l&#8217;AMPA?\">Llegeix m\u00e9s\u00bb<\/a><\/p>\n","protected":false},"author":3,"featured_media":0,"parent":0,"menu_order":10,"comment_status":"closed","ping_status":"closed","template":"","meta":{"_bbp_topic_count":0,"_bbp_reply_count":0,"_bbp_total_topic_count":0,"_bbp_total_reply_count":0,"_bbp_voice_count":0,"_bbp_anonymous_reply_count":0,"_bbp_topic_count_hidden":0,"_bbp_reply_count_hidden":0,"_bbp_forum_subforum_count":0,"footnotes":""},"class_list":["post-1306","page","type-page","status-publish","hentry"],"post_mailing_queue_ids":[],"_links":{"self":[{"href":"https:\/\/agora.xtec.cat\/col-ginestamontcada\/wp-json\/wp\/v2\/pages\/1306","targetHints":{"allow":["GET"]}}],"collection":[{"href":"https:\/\/agora.xtec.cat\/col-ginestamontcada\/wp-json\/wp\/v2\/pages"}],"about":[{"href":"https:\/\/agora.xtec.cat\/col-ginestamontcada\/wp-json\/wp\/v2\/types\/page"}],"author":[{"embeddable":true,"href":"https:\/\/agora.xtec.cat\/col-ginestamontcada\/wp-json\/wp\/v2\/users\/3"}],"replies":[{"embeddable":true,"href":"https:\/\/agora.xtec.cat\/col-ginestamontcada\/wp-json\/wp\/v2\/comments?post=1306"}],"version-history":[{"count":2,"href":"https:\/\/agora.xtec.cat\/col-ginestamontcada\/wp-json\/wp\/v2\/pages\/1306\/revisions"}],"predecessor-version":[{"id":1315,"href":"https:\/\/agora.xtec.cat\/col-ginestamontcada\/wp-json\/wp\/v2\/pages\/1306\/revisions\/1315"}],"wp:attachment":[{"href":"https:\/\/agora.xtec.cat\/col-ginestamontcada\/wp-json\/wp\/v2\/media?parent=1306"}],"curies":[{"name":"wp","href":"https:\/\/api.w.org\/{rel}","templated":true}]}}