{"id":8534,"date":"2025-05-12T12:17:38","date_gmt":"2025-05-12T10:17:38","guid":{"rendered":"https:\/\/agora.xtec.cat\/col-elpilar\/?page_id=8534"},"modified":"2025-05-12T16:53:12","modified_gmt":"2025-05-12T14:53:12","slug":"activitats-erasmus-24-25-visita-a-linstitut-galileo-galilei-a-belluno","status":"publish","type":"page","link":"https:\/\/agora.xtec.cat\/col-elpilar\/projecte-educatiu\/projectes\/activitats-erasmus-24-25-visita-a-linstitut-galileo-galilei-a-belluno\/","title":{"rendered":"Visitem Belluno"},"content":{"rendered":"<p><span style=\"font-weight: 400;\"><img loading=\"lazy\" decoding=\"async\" class=\"size-full wp-image-8525 aligncenter\" src=\"https:\/\/agora.xtec.cat\/col-elpilar\/wp-content\/uploads\/usu291\/2025\/05\/8CF333BE-1116-4260-AEDC-08DCA42E00A3.jpg\" alt=\"\" width=\"626\" height=\"473\" srcset=\"https:\/\/agora.xtec.cat\/col-elpilar\/wp-content\/uploads\/usu291\/2025\/05\/8CF333BE-1116-4260-AEDC-08DCA42E00A3.jpg 626w, https:\/\/agora.xtec.cat\/col-elpilar\/wp-content\/uploads\/usu291\/2025\/05\/8CF333BE-1116-4260-AEDC-08DCA42E00A3-300x227.jpg 300w, https:\/\/agora.xtec.cat\/col-elpilar\/wp-content\/uploads\/usu291\/2025\/05\/8CF333BE-1116-4260-AEDC-08DCA42E00A3-200x150.jpg 200w\" sizes=\"auto, (max-width: 626px) 100vw, 626px\" \/><\/span><\/p>\n<p><span style=\"font-weight: 400;\">Aquest abril,\u00a0 una selecci\u00f3 d&#8217;alumnes de 3r de la ESO ha participat en una mobilitat Erasmus com a part del projecte becat . Hem anat a It\u00e0lia, on hem treballat en angl\u00e8s aprenent sobre sostenibilitat i reciclatge.\u00a0<\/span><\/p>\n<p>Vam anar a <span style=\"font-weight: 400;\">Ponte nelle Alpi i Belluno que s\u00f3n dos municipis ve\u00efns italians de la prov\u00edncia de Belluno, a la regi\u00f3 del V\u00e8neto, al nord d\u2019It\u00e0lia amb un total de 8521 habitants. Es troba en una zona muntanyosa, a prop de les Dolomitas, amb un paisatge impressionant.<\/span><\/p>\n<p><span style=\"font-weight: 400;\">A l&#8217;arribar a It\u00e0lia ens van acollir\u00a0 \u00a0fam\u00edlies durant una setmana, despr\u00e9s seran els seus fills i filles els que acollirem nosaltres quan vinguin el proper setembre.\u00a0<\/span><\/p>\n<p><span style=\"font-weight: 400;\">Un cop all\u00e0\u00a0 vam fer moltes activitats, entre elles, vam anar a parlar amb el regidor de la prov\u00edncia de Belluno i altres autoritats del municipi i altres pobles.\u00a0 All\u00e0 ens van explicar\u00a0 \u00a0com reciclen en els seus municipis de Ponte nelle Alpi (que t\u00e9 un premi pel reciclatge) i Belluno.<\/span><\/p>\n<p><span style=\"font-weight: 400;\">Tamb\u00e9 vam anar a Ven\u00e8cia i vam visitar la seva universitat.\u00a0 Tamb\u00e9 all\u00e0 ens van parlar sobre la sostenibilitat i, finalment vam visitar entorns naturals i museus.<\/span><\/p>\n<p><span style=\"font-weight: 400;\">Podem observar que la manera de reciclatge a Belluno \u00e9s molt m\u00e9s efica\u00e7 que la que tenim aqu\u00ed al nostre poble. Es pot veure que no hi ha contenidors i que el m\u00e8tode de recollida de la brossa \u00e9s de porta a porta. \u00c9s a dir, en comptes de llen\u00e7ar les deixalles a un contenidor, el cami\u00f3 passa per totes les cases a recollir la teva brossa. Hi ha diferents tipus de recollida depenent del dia. Cada dia passa el cami\u00f3 i recull les deixalles que toquen aquell dia.\u00a0 D\u2019aquesta manera s\u2019asseguren que hi ha reciclatge perqu\u00e8 cada dia passen a recollir nom\u00e9s pl\u00e0stic, un altre paper, \u2026\u00a0<\/span><\/p>\n<p><span style=\"font-weight: 400;\">Tamb\u00e9 hem observat que a Belluno els colors dels contenidors son diferents que a casa nostra, per exemple el blau \u00e9s pel pl\u00e0stic, o el groc pel cartr\u00f3.<\/span><\/p>\n<p><span style=\"font-weight: 400;\">Hem apr\u00e8s com gestionen les deixalles, que recullen, qu\u00e8 fan amb el que recullen : el paper i el cartr\u00f3 s&#8217;envien a f\u00e0briques de paper, el pl\u00e0stic es classifica i es reutilitza per fabricar nous productes, el vidre es fon i es reutilitza, i el metall tamb\u00e9 es recupera. A zones on no \u00e9s possible reciclar o compostar tots els residus, es recorre a plantes d&#8217;incineraci\u00f3, que cremen els residus no reciclables per generar energia el\u00e8ctrica i t\u00e8rmica.<\/span><\/p>\n<p><span style=\"font-weight: 400;\">A l\u2019ajuntament ens van parlar de l\u2019econom\u00eda circular. \u00c9s una sistema econ\u00f2mic que allarga la vida \u00fatil dels productes fent que els residus finals es tornin al principi de la cadena d\u2019\u00fas com a materials reciclats.<\/span><\/p>\n<p><span style=\"font-weight: 400;\">El sistema de gesti\u00f3 de residus a Ponte nelle Alpi destaca per la seva efici\u00e8ncia i comprom\u00eds amb la sostenibilitat ambiental. La gesti\u00f3 est\u00e0 a c\u00e0rrec de l&#8217;empresa p\u00fablica Bellunum, que ha implementat diverses mesures per optimitzar la recollida selectiva i fomentar la participaci\u00f3 ciutadana.\u200b Les <\/span><span style=\"font-weight: 400;\">caracter\u00edstiques principals son: <\/span><span style=\"font-weight: 400;\">recollida selectiva porta a porta, identificaci\u00f3 dels usuaris amb xips o codis, sistema de tarifa per generaci\u00f3 (la taxa de residus es calcula en funci\u00f3 de la quantitat de residus generats, incentivant la reducci\u00f3 i una millor separaci\u00f3 dels mateixos) i distribuci\u00f3 de materials (l\u2019ajuntament proporciona bosses espec\u00edfiques per a la fracci\u00f3 org\u00e0nica i la resta). <\/span><\/p>\n<p><span style=\"font-weight: 400;\">Gr\u00e0cies a aquestes iniciatives, Belluno ha aconseguit alts nivells de reciclatge i una notable reducci\u00f3 de residus destinats a abocadors o incineradores. El percentatge de reciclatge al poble va pujar des d\u2019un 29,3% fins a un 89% en nom\u00e9s en 2 anys. A m\u00e9s, la ciutat ha estat reconeguda per la seva sostenibilitat ambiental, obtenint la certificaci\u00f3 EMAS i situant-se en els primers llocs dels r\u00e0nquings de sostenibilitat urbana a It\u00e0lia. Han guanyat 6 premis per la millor recollida diferenciada de residus porta a porta entre 2009 i 2014.<\/span><\/p>\n<p><span style=\"font-weight: 400;\">Tamb\u00e9 vam passar una jornada a <\/span><span style=\"font-weight: 400;\">les Dolomites,\u00a0 una secci\u00f3 dels Alps que es caracteritza per la seva composici\u00f3 casi total de dolomia, una roca principalment formada pel mineral dolomita.\u00a0<\/span><\/p>\n<p><span style=\"font-weight: 400;\">El guia forestal ens va explicar que l&#8217;escalfament global tenia conseq\u00fc\u00e8ncies notables a les Dolomites que es poden veure f\u00e0cilment. Les Dolomites han patit diversos danys naturals greus en els \u00faltims anys. S\u2019han produ\u00eft allaus m\u00e9s freq\u00fcents i intensos, caigudes massives d\u2019arbres per vents forts i inestabilitat del s\u00f2l, i molts arbres han quedat afectats per plagues. A m\u00e9s, el desgel accelerat de les glaceres ha alterat l\u2019equilibri dels ecosistemes i ha afectat els h\u00e0bitats naturals.<\/span><\/p>\n<p><span style=\"font-weight: 400;\">Ara, un cop hem tornat, hem parlat i hem assimilat tot el que hem apr\u00e8s, passarem una\u00a0 setmana explicant a les aules de prim\u00e0ria i secund\u00e0ria el que hem apr\u00e8s.\u00a0 Compartir\u00a0 els aprenentatges \u00e9s la millor manera de fer taca d&#8217;oli i poder millorar entre tots el nostre entorn de manera sostenible.<\/span><\/p>\n\n\t\t<style type=\"text\/css\">\n\t\t\t#gallery-1 {\n\t\t\t\tmargin: auto;\n\t\t\t}\n\t\t\t#gallery-1 .gallery-item {\n\t\t\t\tfloat: left;\n\t\t\t\tmargin-top: 10px;\n\t\t\t\ttext-align: center;\n\t\t\t\twidth: 50%;\n\t\t\t}\n\t\t\t#gallery-1 img {\n\t\t\t\tborder: 2px solid #cfcfcf;\n\t\t\t}\n\t\t\t#gallery-1 .gallery-caption {\n\t\t\t\tmargin-left: 0;\n\t\t\t}\n\t\t\t\/* see gallery_shortcode() in wp-includes\/media.php *\/\n\t\t<\/style>\n\t\t<div id='gallery-1' class='gallery galleryid-8534 gallery-columns-2 gallery-size-medium'><dl class='gallery-item'>\n\t\t\t<dt class='gallery-icon landscape'>\n\t\t\t\t<a href='https:\/\/agora.xtec.cat\/col-elpilar\/8cf333be-1116-4260-aedc-08dca42e00a3\/'><img loading=\"lazy\" decoding=\"async\" width=\"300\" height=\"227\" src=\"https:\/\/agora.xtec.cat\/col-elpilar\/wp-content\/uploads\/usu291\/2025\/05\/8CF333BE-1116-4260-AEDC-08DCA42E00A3-300x227.jpg\" class=\"attachment-medium size-medium\" alt=\"\" srcset=\"https:\/\/agora.xtec.cat\/col-elpilar\/wp-content\/uploads\/usu291\/2025\/05\/8CF333BE-1116-4260-AEDC-08DCA42E00A3-300x227.jpg 300w, https:\/\/agora.xtec.cat\/col-elpilar\/wp-content\/uploads\/usu291\/2025\/05\/8CF333BE-1116-4260-AEDC-08DCA42E00A3-200x150.jpg 200w, https:\/\/agora.xtec.cat\/col-elpilar\/wp-content\/uploads\/usu291\/2025\/05\/8CF333BE-1116-4260-AEDC-08DCA42E00A3.jpg 626w\" sizes=\"auto, (max-width: 300px) 100vw, 300px\" \/><\/a>\n\t\t\t<\/dt><\/dl><dl class='gallery-item'>\n\t\t\t<dt class='gallery-icon landscape'>\n\t\t\t\t<a href='https:\/\/agora.xtec.cat\/col-elpilar\/6bba215c-83bc-4490-a361-719059879f17\/'><img loading=\"lazy\" decoding=\"async\" width=\"300\" height=\"225\" src=\"https:\/\/agora.xtec.cat\/col-elpilar\/wp-content\/uploads\/usu291\/2025\/05\/6BBA215C-83BC-4490-A361-719059879F17-300x225.jpg\" class=\"attachment-medium size-medium\" alt=\"\" srcset=\"https:\/\/agora.xtec.cat\/col-elpilar\/wp-content\/uploads\/usu291\/2025\/05\/6BBA215C-83BC-4490-A361-719059879F17-300x225.jpg 300w, https:\/\/agora.xtec.cat\/col-elpilar\/wp-content\/uploads\/usu291\/2025\/05\/6BBA215C-83BC-4490-A361-719059879F17-1024x768.jpg 1024w, https:\/\/agora.xtec.cat\/col-elpilar\/wp-content\/uploads\/usu291\/2025\/05\/6BBA215C-83BC-4490-A361-719059879F17-768x576.jpg 768w, https:\/\/agora.xtec.cat\/col-elpilar\/wp-content\/uploads\/usu291\/2025\/05\/6BBA215C-83BC-4490-A361-719059879F17-1536x1152.jpg 1536w, https:\/\/agora.xtec.cat\/col-elpilar\/wp-content\/uploads\/usu291\/2025\/05\/6BBA215C-83BC-4490-A361-719059879F17-2048x1536.jpg 2048w, https:\/\/agora.xtec.cat\/col-elpilar\/wp-content\/uploads\/usu291\/2025\/05\/6BBA215C-83BC-4490-A361-719059879F17-200x150.jpg 200w\" sizes=\"auto, (max-width: 300px) 100vw, 300px\" \/><\/a>\n\t\t\t<\/dt><\/dl><br style=\"clear: both\" \/><dl class='gallery-item'>\n\t\t\t<dt class='gallery-icon portrait'>\n\t\t\t\t<a href='https:\/\/agora.xtec.cat\/col-elpilar\/d18d560c-b90b-4ad5-9a7a-31a7e9fc4f4c\/'><img loading=\"lazy\" decoding=\"async\" width=\"225\" height=\"300\" src=\"https:\/\/agora.xtec.cat\/col-elpilar\/wp-content\/uploads\/usu291\/2025\/05\/D18D560C-B90B-4AD5-9A7A-31A7E9FC4F4C-225x300.jpg\" class=\"attachment-medium size-medium\" alt=\"\" srcset=\"https:\/\/agora.xtec.cat\/col-elpilar\/wp-content\/uploads\/usu291\/2025\/05\/D18D560C-B90B-4AD5-9A7A-31A7E9FC4F4C-225x300.jpg 225w, https:\/\/agora.xtec.cat\/col-elpilar\/wp-content\/uploads\/usu291\/2025\/05\/D18D560C-B90B-4AD5-9A7A-31A7E9FC4F4C-768x1024.jpg 768w, https:\/\/agora.xtec.cat\/col-elpilar\/wp-content\/uploads\/usu291\/2025\/05\/D18D560C-B90B-4AD5-9A7A-31A7E9FC4F4C-1152x1536.jpg 1152w, https:\/\/agora.xtec.cat\/col-elpilar\/wp-content\/uploads\/usu291\/2025\/05\/D18D560C-B90B-4AD5-9A7A-31A7E9FC4F4C.jpg 1500w\" sizes=\"auto, (max-width: 225px) 100vw, 225px\" \/><\/a>\n\t\t\t<\/dt><\/dl><dl class='gallery-item'>\n\t\t\t<dt class='gallery-icon landscape'>\n\t\t\t\t<a href='https:\/\/agora.xtec.cat\/col-elpilar\/8f3a4145-398c-498b-91c6-9f70d96f8581\/'><img loading=\"lazy\" decoding=\"async\" width=\"300\" height=\"225\" src=\"https:\/\/agora.xtec.cat\/col-elpilar\/wp-content\/uploads\/usu291\/2025\/05\/8F3A4145-398C-498B-91C6-9F70D96F8581-300x225.jpg\" class=\"attachment-medium size-medium\" alt=\"\" srcset=\"https:\/\/agora.xtec.cat\/col-elpilar\/wp-content\/uploads\/usu291\/2025\/05\/8F3A4145-398C-498B-91C6-9F70D96F8581-300x225.jpg 300w, https:\/\/agora.xtec.cat\/col-elpilar\/wp-content\/uploads\/usu291\/2025\/05\/8F3A4145-398C-498B-91C6-9F70D96F8581-1024x768.jpg 1024w, https:\/\/agora.xtec.cat\/col-elpilar\/wp-content\/uploads\/usu291\/2025\/05\/8F3A4145-398C-498B-91C6-9F70D96F8581-768x576.jpg 768w, https:\/\/agora.xtec.cat\/col-elpilar\/wp-content\/uploads\/usu291\/2025\/05\/8F3A4145-398C-498B-91C6-9F70D96F8581-1536x1152.jpg 1536w, https:\/\/agora.xtec.cat\/col-elpilar\/wp-content\/uploads\/usu291\/2025\/05\/8F3A4145-398C-498B-91C6-9F70D96F8581-200x150.jpg 200w, https:\/\/agora.xtec.cat\/col-elpilar\/wp-content\/uploads\/usu291\/2025\/05\/8F3A4145-398C-498B-91C6-9F70D96F8581.jpg 2048w\" sizes=\"auto, (max-width: 300px) 100vw, 300px\" \/><\/a>\n\t\t\t<\/dt><\/dl><br style=\"clear: both\" \/><dl class='gallery-item'>\n\t\t\t<dt class='gallery-icon landscape'>\n\t\t\t\t<a href='https:\/\/agora.xtec.cat\/col-elpilar\/f3ed1d47-7fb8-4f2b-bd5c-ff11a6176a96\/'><img loading=\"lazy\" decoding=\"async\" width=\"300\" height=\"225\" src=\"https:\/\/agora.xtec.cat\/col-elpilar\/wp-content\/uploads\/usu291\/2025\/05\/F3ED1D47-7FB8-4F2B-BD5C-FF11A6176A96-300x225.jpg\" class=\"attachment-medium size-medium\" alt=\"\" srcset=\"https:\/\/agora.xtec.cat\/col-elpilar\/wp-content\/uploads\/usu291\/2025\/05\/F3ED1D47-7FB8-4F2B-BD5C-FF11A6176A96-300x225.jpg 300w, https:\/\/agora.xtec.cat\/col-elpilar\/wp-content\/uploads\/usu291\/2025\/05\/F3ED1D47-7FB8-4F2B-BD5C-FF11A6176A96-1024x768.jpg 1024w, https:\/\/agora.xtec.cat\/col-elpilar\/wp-content\/uploads\/usu291\/2025\/05\/F3ED1D47-7FB8-4F2B-BD5C-FF11A6176A96-768x576.jpg 768w, https:\/\/agora.xtec.cat\/col-elpilar\/wp-content\/uploads\/usu291\/2025\/05\/F3ED1D47-7FB8-4F2B-BD5C-FF11A6176A96-1536x1152.jpg 1536w, https:\/\/agora.xtec.cat\/col-elpilar\/wp-content\/uploads\/usu291\/2025\/05\/F3ED1D47-7FB8-4F2B-BD5C-FF11A6176A96-2048x1536.jpg 2048w, https:\/\/agora.xtec.cat\/col-elpilar\/wp-content\/uploads\/usu291\/2025\/05\/F3ED1D47-7FB8-4F2B-BD5C-FF11A6176A96-200x150.jpg 200w\" sizes=\"auto, (max-width: 300px) 100vw, 300px\" \/><\/a>\n\t\t\t<\/dt><\/dl><dl class='gallery-item'>\n\t\t\t<dt class='gallery-icon portrait'>\n\t\t\t\t<a href='https:\/\/agora.xtec.cat\/col-elpilar\/a8a2c1f4-4e82-4f6f-a33a-f126a65e53ef\/'><img loading=\"lazy\" decoding=\"async\" width=\"225\" height=\"300\" src=\"https:\/\/agora.xtec.cat\/col-elpilar\/wp-content\/uploads\/usu291\/2025\/05\/A8A2C1F4-4E82-4F6F-A33A-F126A65E53EF-225x300.jpg\" class=\"attachment-medium size-medium\" alt=\"\" srcset=\"https:\/\/agora.xtec.cat\/col-elpilar\/wp-content\/uploads\/usu291\/2025\/05\/A8A2C1F4-4E82-4F6F-A33A-F126A65E53EF-225x300.jpg 225w, https:\/\/agora.xtec.cat\/col-elpilar\/wp-content\/uploads\/usu291\/2025\/05\/A8A2C1F4-4E82-4F6F-A33A-F126A65E53EF-768x1024.jpg 768w, https:\/\/agora.xtec.cat\/col-elpilar\/wp-content\/uploads\/usu291\/2025\/05\/A8A2C1F4-4E82-4F6F-A33A-F126A65E53EF-1152x1536.jpg 1152w, https:\/\/agora.xtec.cat\/col-elpilar\/wp-content\/uploads\/usu291\/2025\/05\/A8A2C1F4-4E82-4F6F-A33A-F126A65E53EF-1536x2048.jpg 1536w, https:\/\/agora.xtec.cat\/col-elpilar\/wp-content\/uploads\/usu291\/2025\/05\/A8A2C1F4-4E82-4F6F-A33A-F126A65E53EF-scaled.jpg 1920w\" sizes=\"auto, (max-width: 225px) 100vw, 225px\" \/><\/a>\n\t\t\t<\/dt><\/dl><br style=\"clear: both\" \/><dl class='gallery-item'>\n\t\t\t<dt class='gallery-icon landscape'>\n\t\t\t\t<a href='https:\/\/agora.xtec.cat\/col-elpilar\/ea92b69a-9fea-47d2-93f3-9c34070fc9fa\/'><img loading=\"lazy\" decoding=\"async\" width=\"300\" height=\"225\" src=\"https:\/\/agora.xtec.cat\/col-elpilar\/wp-content\/uploads\/usu291\/2025\/05\/EA92B69A-9FEA-47D2-93F3-9C34070FC9FA-300x225.jpg\" class=\"attachment-medium size-medium\" alt=\"\" srcset=\"https:\/\/agora.xtec.cat\/col-elpilar\/wp-content\/uploads\/usu291\/2025\/05\/EA92B69A-9FEA-47D2-93F3-9C34070FC9FA-300x225.jpg 300w, https:\/\/agora.xtec.cat\/col-elpilar\/wp-content\/uploads\/usu291\/2025\/05\/EA92B69A-9FEA-47D2-93F3-9C34070FC9FA-1024x768.jpg 1024w, https:\/\/agora.xtec.cat\/col-elpilar\/wp-content\/uploads\/usu291\/2025\/05\/EA92B69A-9FEA-47D2-93F3-9C34070FC9FA-768x576.jpg 768w, https:\/\/agora.xtec.cat\/col-elpilar\/wp-content\/uploads\/usu291\/2025\/05\/EA92B69A-9FEA-47D2-93F3-9C34070FC9FA-1536x1152.jpg 1536w, https:\/\/agora.xtec.cat\/col-elpilar\/wp-content\/uploads\/usu291\/2025\/05\/EA92B69A-9FEA-47D2-93F3-9C34070FC9FA-2048x1536.jpg 2048w, https:\/\/agora.xtec.cat\/col-elpilar\/wp-content\/uploads\/usu291\/2025\/05\/EA92B69A-9FEA-47D2-93F3-9C34070FC9FA-200x150.jpg 200w\" sizes=\"auto, (max-width: 300px) 100vw, 300px\" \/><\/a>\n\t\t\t<\/dt><\/dl><dl class='gallery-item'>\n\t\t\t<dt class='gallery-icon portrait'>\n\t\t\t\t<a href='https:\/\/agora.xtec.cat\/col-elpilar\/5dfa564b-9625-4024-84d5-be1d3ec73c87\/'><img loading=\"lazy\" decoding=\"async\" width=\"225\" height=\"300\" src=\"https:\/\/agora.xtec.cat\/col-elpilar\/wp-content\/uploads\/usu291\/2025\/05\/5DFA564B-9625-4024-84D5-BE1D3EC73C87-225x300.jpg\" class=\"attachment-medium size-medium\" alt=\"\" srcset=\"https:\/\/agora.xtec.cat\/col-elpilar\/wp-content\/uploads\/usu291\/2025\/05\/5DFA564B-9625-4024-84D5-BE1D3EC73C87-225x300.jpg 225w, https:\/\/agora.xtec.cat\/col-elpilar\/wp-content\/uploads\/usu291\/2025\/05\/5DFA564B-9625-4024-84D5-BE1D3EC73C87-768x1024.jpg 768w, https:\/\/agora.xtec.cat\/col-elpilar\/wp-content\/uploads\/usu291\/2025\/05\/5DFA564B-9625-4024-84D5-BE1D3EC73C87-1152x1536.jpg 1152w, https:\/\/agora.xtec.cat\/col-elpilar\/wp-content\/uploads\/usu291\/2025\/05\/5DFA564B-9625-4024-84D5-BE1D3EC73C87-1536x2048.jpg 1536w, https:\/\/agora.xtec.cat\/col-elpilar\/wp-content\/uploads\/usu291\/2025\/05\/5DFA564B-9625-4024-84D5-BE1D3EC73C87-scaled.jpg 1920w\" sizes=\"auto, (max-width: 225px) 100vw, 225px\" \/><\/a>\n\t\t\t<\/dt><\/dl><br style=\"clear: both\" \/><dl class='gallery-item'>\n\t\t\t<dt class='gallery-icon landscape'>\n\t\t\t\t<a href='https:\/\/agora.xtec.cat\/col-elpilar\/img_8714-1\/'><img loading=\"lazy\" decoding=\"async\" width=\"300\" height=\"225\" src=\"https:\/\/agora.xtec.cat\/col-elpilar\/wp-content\/uploads\/usu291\/2025\/05\/IMG_8714-1-300x225.jpg\" class=\"attachment-medium size-medium\" alt=\"\" srcset=\"https:\/\/agora.xtec.cat\/col-elpilar\/wp-content\/uploads\/usu291\/2025\/05\/IMG_8714-1-300x225.jpg 300w, https:\/\/agora.xtec.cat\/col-elpilar\/wp-content\/uploads\/usu291\/2025\/05\/IMG_8714-1-768x576.jpg 768w, https:\/\/agora.xtec.cat\/col-elpilar\/wp-content\/uploads\/usu291\/2025\/05\/IMG_8714-1-200x150.jpg 200w, https:\/\/agora.xtec.cat\/col-elpilar\/wp-content\/uploads\/usu291\/2025\/05\/IMG_8714-1.jpg 836w\" sizes=\"auto, (max-width: 300px) 100vw, 300px\" \/><\/a>\n\t\t\t<\/dt><\/dl><dl class='gallery-item'>\n\t\t\t<dt class='gallery-icon portrait'>\n\t\t\t\t<a href='https:\/\/agora.xtec.cat\/col-elpilar\/4ade084a-a386-4167-b57b-9b08b3e260d0\/'><img loading=\"lazy\" decoding=\"async\" width=\"251\" height=\"300\" src=\"https:\/\/agora.xtec.cat\/col-elpilar\/wp-content\/uploads\/usu291\/2025\/05\/4ADE084A-A386-4167-B57B-9B08B3E260D0-251x300.jpg\" class=\"attachment-medium size-medium\" alt=\"\" srcset=\"https:\/\/agora.xtec.cat\/col-elpilar\/wp-content\/uploads\/usu291\/2025\/05\/4ADE084A-A386-4167-B57B-9B08B3E260D0-251x300.jpg 251w, https:\/\/agora.xtec.cat\/col-elpilar\/wp-content\/uploads\/usu291\/2025\/05\/4ADE084A-A386-4167-B57B-9B08B3E260D0-857x1024.jpg 857w, https:\/\/agora.xtec.cat\/col-elpilar\/wp-content\/uploads\/usu291\/2025\/05\/4ADE084A-A386-4167-B57B-9B08B3E260D0-768x918.jpg 768w, https:\/\/agora.xtec.cat\/col-elpilar\/wp-content\/uploads\/usu291\/2025\/05\/4ADE084A-A386-4167-B57B-9B08B3E260D0-1285x1536.jpg 1285w, https:\/\/agora.xtec.cat\/col-elpilar\/wp-content\/uploads\/usu291\/2025\/05\/4ADE084A-A386-4167-B57B-9B08B3E260D0-1713x2048.jpg 1713w\" sizes=\"auto, (max-width: 251px) 100vw, 251px\" \/><\/a>\n\t\t\t<\/dt><\/dl><br style=\"clear: both\" \/>\n\t\t<\/div>\n\n<p>&nbsp;<\/p>\n<p>&nbsp;<\/p>\n","protected":false},"excerpt":{"rendered":"<p>Aquest abril,\u00a0 una selecci\u00f3 d&#8217;alumnes de 3r de la ESO ha participat en una mobilitat Erasmus com a part del projecte becat . Hem anat a It\u00e0lia, on hem treballat en angl\u00e8s aprenent sobre sostenibilitat i reciclatge.\u00a0<br \/>\nVam anar a Ponte nelle Alpi i Belluno que&hellip;  <a href=\"https:\/\/agora.xtec.cat\/col-elpilar\/projecte-educatiu\/projectes\/activitats-erasmus-24-25-visita-a-linstitut-galileo-galilei-a-belluno\/\" title=\"Read Visitem Belluno\">Llegeix m\u00e9s\u00bb<\/a><\/p>\n","protected":false},"author":1,"featured_media":0,"parent":271,"menu_order":2,"comment_status":"closed","ping_status":"closed","template":"page-templates\/side-menu.php","meta":{"_bbp_topic_count":0,"_bbp_reply_count":0,"_bbp_total_topic_count":0,"_bbp_total_reply_count":0,"_bbp_voice_count":0,"_bbp_anonymous_reply_count":0,"_bbp_topic_count_hidden":0,"_bbp_reply_count_hidden":0,"_bbp_forum_subforum_count":0,"footnotes":""},"class_list":["post-8534","page","type-page","status-publish","hentry"],"post_mailing_queue_ids":[],"_links":{"self":[{"href":"https:\/\/agora.xtec.cat\/col-elpilar\/wp-json\/wp\/v2\/pages\/8534","targetHints":{"allow":["GET"]}}],"collection":[{"href":"https:\/\/agora.xtec.cat\/col-elpilar\/wp-json\/wp\/v2\/pages"}],"about":[{"href":"https:\/\/agora.xtec.cat\/col-elpilar\/wp-json\/wp\/v2\/types\/page"}],"author":[{"embeddable":true,"href":"https:\/\/agora.xtec.cat\/col-elpilar\/wp-json\/wp\/v2\/users\/1"}],"replies":[{"embeddable":true,"href":"https:\/\/agora.xtec.cat\/col-elpilar\/wp-json\/wp\/v2\/comments?post=8534"}],"version-history":[{"count":6,"href":"https:\/\/agora.xtec.cat\/col-elpilar\/wp-json\/wp\/v2\/pages\/8534\/revisions"}],"predecessor-version":[{"id":8579,"href":"https:\/\/agora.xtec.cat\/col-elpilar\/wp-json\/wp\/v2\/pages\/8534\/revisions\/8579"}],"up":[{"embeddable":true,"href":"https:\/\/agora.xtec.cat\/col-elpilar\/wp-json\/wp\/v2\/pages\/271"}],"wp:attachment":[{"href":"https:\/\/agora.xtec.cat\/col-elpilar\/wp-json\/wp\/v2\/media?parent=8534"}],"curies":[{"name":"wp","href":"https:\/\/api.w.org\/{rel}","templated":true}]}}