{"id":84,"date":"2014-09-18T14:11:31","date_gmt":"2014-09-18T14:11:31","guid":{"rendered":"http:\/\/agora.xtec.cat\/col-elpilar\/\/?page_id=84"},"modified":"2024-01-21T13:47:40","modified_gmt":"2024-01-21T12:47:40","slug":"activitats-extraescolars","status":"publish","type":"page","link":"https:\/\/agora.xtec.cat\/col-elpilar\/serveis\/activitats-extraescolars\/","title":{"rendered":"Activitats extraescolars"},"content":{"rendered":"<p>Cada curs, un cop detectades les necessitats i les prefer\u00e8ncies de les fam\u00edlies, l&#8217;AFA s&#8217;encarrega de contactar amb diferents empreses, demanar pressupostos, valorar els m\u00e9s adients,&#8230; I amb aquesta informaci\u00f3 elabora el calendari d\u2019activitats.<\/p>\n<p>Es procura sempre que hi hagi una continu\u00eftat respecte el curs anterior.<\/p>\n<p><span style=\"font-family: inherit; font-size: 1em;\">Hi ha activitats que es realitzen al mateix centre i altres a espais externs.<\/span><\/p>\n<p>Les activitats queden distribu\u00efdes al llarg de la setmana.<\/p>\n<p>Vegeu calendari a l&#8217;apartat de l&#8217; AFA.<\/p>\n","protected":false},"excerpt":{"rendered":"<p>Cada curs, un cop detectades les necessitats i les prefer\u00e8ncies de les fam\u00edlies, l&#8217;AFA s&#8217;encarrega de contactar amb diferents empreses, demanar pressupostos, valorar els m\u00e9s adients,&#8230; I amb aquesta informaci\u00f3 elabora el calendari d\u2019activitats.<br \/>\nEs procura sempre que hi hagi una continu\u00eftat respecte el curs anterior.<br \/>\nHi&hellip;  <a href=\"https:\/\/agora.xtec.cat\/col-elpilar\/serveis\/activitats-extraescolars\/\" title=\"Read Activitats extraescolars\">Llegeix m\u00e9s\u00bb<\/a><\/p>\n","protected":false},"author":2,"featured_media":0,"parent":66,"menu_order":60,"comment_status":"closed","ping_status":"closed","template":"page-templates\/side-menu.php","meta":{"_bbp_topic_count":0,"_bbp_reply_count":0,"_bbp_total_topic_count":0,"_bbp_total_reply_count":0,"_bbp_voice_count":0,"_bbp_anonymous_reply_count":0,"_bbp_topic_count_hidden":0,"_bbp_reply_count_hidden":0,"_bbp_forum_subforum_count":0,"footnotes":""},"class_list":["post-84","page","type-page","status-publish","hentry"],"post_mailing_queue_ids":[],"_links":{"self":[{"href":"https:\/\/agora.xtec.cat\/col-elpilar\/wp-json\/wp\/v2\/pages\/84","targetHints":{"allow":["GET"]}}],"collection":[{"href":"https:\/\/agora.xtec.cat\/col-elpilar\/wp-json\/wp\/v2\/pages"}],"about":[{"href":"https:\/\/agora.xtec.cat\/col-elpilar\/wp-json\/wp\/v2\/types\/page"}],"author":[{"embeddable":true,"href":"https:\/\/agora.xtec.cat\/col-elpilar\/wp-json\/wp\/v2\/users\/2"}],"replies":[{"embeddable":true,"href":"https:\/\/agora.xtec.cat\/col-elpilar\/wp-json\/wp\/v2\/comments?post=84"}],"version-history":[{"count":5,"href":"https:\/\/agora.xtec.cat\/col-elpilar\/wp-json\/wp\/v2\/pages\/84\/revisions"}],"predecessor-version":[{"id":7402,"href":"https:\/\/agora.xtec.cat\/col-elpilar\/wp-json\/wp\/v2\/pages\/84\/revisions\/7402"}],"up":[{"embeddable":true,"href":"https:\/\/agora.xtec.cat\/col-elpilar\/wp-json\/wp\/v2\/pages\/66"}],"wp:attachment":[{"href":"https:\/\/agora.xtec.cat\/col-elpilar\/wp-json\/wp\/v2\/media?parent=84"}],"curies":[{"name":"wp","href":"https:\/\/api.w.org\/{rel}","templated":true}]}}