{"id":8048,"date":"2024-11-11T16:22:00","date_gmt":"2024-11-11T15:22:00","guid":{"rendered":"https:\/\/agora.xtec.cat\/col-elpilar\/?page_id=8048"},"modified":"2025-05-12T15:41:30","modified_gmt":"2025-05-12T13:41:30","slug":"erasmus-curs-24-25","status":"publish","type":"page","link":"https:\/\/agora.xtec.cat\/col-elpilar\/projecte-educatiu\/projectes\/erasmus-curs-24-25\/","title":{"rendered":"Erasmus curs 24-25"},"content":{"rendered":"\n\t\t<style type=\"text\/css\">\n\t\t\t#gallery-1 {\n\t\t\t\tmargin: auto;\n\t\t\t}\n\t\t\t#gallery-1 .gallery-item {\n\t\t\t\tfloat: left;\n\t\t\t\tmargin-top: 10px;\n\t\t\t\ttext-align: center;\n\t\t\t\twidth: 33%;\n\t\t\t}\n\t\t\t#gallery-1 img {\n\t\t\t\tborder: 2px solid #cfcfcf;\n\t\t\t}\n\t\t\t#gallery-1 .gallery-caption {\n\t\t\t\tmargin-left: 0;\n\t\t\t}\n\t\t\t\/* see gallery_shortcode() in wp-includes\/media.php *\/\n\t\t<\/style>\n\t\t<div id='gallery-1' class='gallery galleryid-8048 gallery-columns-3 gallery-size-medium'><dl class='gallery-item'>\n\t\t\t<dt class='gallery-icon landscape'>\n\t\t\t\t<a href='https:\/\/agora.xtec.cat\/col-elpilar\/projecte-educatiu\/projectes\/projecte-erasmus-projectes-etwinning\/attachment\/erasmus\/'><img loading=\"lazy\" decoding=\"async\" width=\"300\" height=\"86\" src=\"https:\/\/agora.xtec.cat\/col-elpilar\/wp-content\/uploads\/usu291\/2024\/11\/ERASMUS--300x86.jpg\" class=\"attachment-medium size-medium\" alt=\"\" srcset=\"https:\/\/agora.xtec.cat\/col-elpilar\/wp-content\/uploads\/usu291\/2024\/11\/ERASMUS--300x86.jpg 300w, https:\/\/agora.xtec.cat\/col-elpilar\/wp-content\/uploads\/usu291\/2024\/11\/ERASMUS--1024x292.jpg 1024w, https:\/\/agora.xtec.cat\/col-elpilar\/wp-content\/uploads\/usu291\/2024\/11\/ERASMUS--768x219.jpg 768w, https:\/\/agora.xtec.cat\/col-elpilar\/wp-content\/uploads\/usu291\/2024\/11\/ERASMUS--1536x439.jpg 1536w, https:\/\/agora.xtec.cat\/col-elpilar\/wp-content\/uploads\/usu291\/2024\/11\/ERASMUS-.jpg 1964w\" sizes=\"auto, (max-width: 300px) 100vw, 300px\" \/><\/a>\n\t\t\t<\/dt><\/dl><dl class='gallery-item'>\n\t\t\t<dt class='gallery-icon landscape'>\n\t\t\t\t<a href='https:\/\/agora.xtec.cat\/col-elpilar\/projecte-educatiu\/projectes\/projecte-erasmus-projectes-etwinning\/attachment\/print\/'><img loading=\"lazy\" decoding=\"async\" width=\"300\" height=\"86\" src=\"https:\/\/agora.xtec.cat\/col-elpilar\/wp-content\/uploads\/usu291\/2024\/11\/Erasmus-2--300x86.jpg\" class=\"attachment-medium size-medium\" alt=\"\" srcset=\"https:\/\/agora.xtec.cat\/col-elpilar\/wp-content\/uploads\/usu291\/2024\/11\/Erasmus-2--300x86.jpg 300w, https:\/\/agora.xtec.cat\/col-elpilar\/wp-content\/uploads\/usu291\/2024\/11\/Erasmus-2--1024x292.jpg 1024w, https:\/\/agora.xtec.cat\/col-elpilar\/wp-content\/uploads\/usu291\/2024\/11\/Erasmus-2--768x219.jpg 768w, https:\/\/agora.xtec.cat\/col-elpilar\/wp-content\/uploads\/usu291\/2024\/11\/Erasmus-2--1536x439.jpg 1536w, https:\/\/agora.xtec.cat\/col-elpilar\/wp-content\/uploads\/usu291\/2024\/11\/Erasmus-2-.jpg 1964w\" sizes=\"auto, (max-width: 300px) 100vw, 300px\" \/><\/a>\n\t\t\t<\/dt><\/dl><dl class='gallery-item'>\n\t\t\t<dt class='gallery-icon landscape'>\n\t\t\t\t<a href='https:\/\/agora.xtec.cat\/col-elpilar\/projecte-educatiu\/projectes\/projecte-erasmus-projectes-etwinning\/attachment\/logo_etwinning2019\/'><img loading=\"lazy\" decoding=\"async\" width=\"300\" height=\"205\" src=\"https:\/\/agora.xtec.cat\/col-elpilar\/wp-content\/uploads\/usu291\/2024\/11\/logo_etwinning2019-300x205.jpg\" class=\"attachment-medium size-medium\" alt=\"\" srcset=\"https:\/\/agora.xtec.cat\/col-elpilar\/wp-content\/uploads\/usu291\/2024\/11\/logo_etwinning2019-300x205.jpg 300w, https:\/\/agora.xtec.cat\/col-elpilar\/wp-content\/uploads\/usu291\/2024\/11\/logo_etwinning2019-768x524.jpg 768w, https:\/\/agora.xtec.cat\/col-elpilar\/wp-content\/uploads\/usu291\/2024\/11\/logo_etwinning2019.jpg 820w\" sizes=\"auto, (max-width: 300px) 100vw, 300px\" \/><\/a>\n\t\t\t<\/dt><\/dl><br style=\"clear: both\" \/>\n\t\t<\/div>\n\n<p>&nbsp;<\/p>\n<p><span style=\"font-weight: 400;\">Com ja vam explicar a les reunions de pares d\u2019inici de curs, aquest any ens han atorgat la beca Erasmus per aquest curs 2024-25 i part del seg\u00fcent. <strong>El projecte s\u2019inicia aquest trimestre i acaba al segon trimestre del curs acad\u00e8mic 2026<\/strong>.<\/span><\/p>\n<p><span style=\"font-weight: 400;\">Les <strong>escoles s\u00f2cies<\/strong> amb qui treballarem s\u00f3n:<\/span><\/p>\n<ul>\n<li><span style=\"font-weight: 400;\">Akademisches Gymnasium Salzburg: https:\/\/www.akadgym.salzburg.at\/<\/span><\/li>\n<li><span style=\"font-weight: 400;\">Istituto Istruzione Superiore Galilei Tiziano: https:\/\/liceibelluno.edu.it\/<\/span><\/li>\n<\/ul>\n<p><span style=\"font-weight: 400;\"><strong>El projecte Erasmus es diu Art Olympics.<\/strong> T\u00e9 dos eixos: un \u00e9s l\u2019art per tal de poder expressar les emocions i l\u2019altre la sostenibilitat. Es desenvolupa al llarg de tot l\u2019any amb activitats online mitjan\u00e7ant diferents plataformes digitals, principalment la plataforma eTwinning i promovent la relaci\u00f3 amb estudiants d\u2019altres pa\u00efsos aix\u00ed com el coneixement de la diversitat cultural.\u00a0<\/span><\/p>\n<p><span style=\"font-weight: 400;\">Aquest curs farem una <strong>mobilitat<\/strong> amb un grup d\u2019alumnes de secund\u00e0ria a It\u00e0lia, i el curs vinent\u00a0 viatjarem a\u00a0 \u00c0ustria. Tamb\u00e9 rebrem els alumnes italians el proper mes de setembre 2025 i als austr\u00edacs al mes d\u2019octubre del 2025.<\/span><\/p>\n<p><strong>Qu\u00e8 esperem aconseguir? <\/strong><span style=\"font-weight: 400;\">Compartir l&#8217;aprenentatge realitzat al llarg de les activitats del projecte Etwinning. Tamb\u00e9 recon\u00e8ixer i valorar els trets d&#8217;identitat de l&#8217;altre pa\u00eds, utilitzar l&#8217;angl\u00e8s i l&#8217;alemany com a vehicle comunicatiu amb els alumnes, professors i fam\u00edlies que ens acullen. Volem crear consci\u00e8ncia de la identitat europea, ampliar la perspectiva des de la toler\u00e0ncia a la diversitat.<\/span><\/p>\n<p><span style=\"font-weight: 400;\">Aix\u00ed voldr\u00edem reduir el percentatge d&#8217;incid\u00e8ncies entre els alumnes de batxillerat, millorar la seva estabilitat emocional amb noves t\u00e8cniques art\u00edstiques. Tamb\u00e9 distinguir-nos com una escola verda.<\/span><\/p>\n<p><span style=\"font-weight: 400;\">Podem portar deu alumnes a cada mobilitat. Tindrem per tant un <strong>proc\u00e9s de selecci\u00f3.<\/strong> <\/span><\/p>\n<ul>\n<li><span style=\"font-weight: 400;\">Aquest proc\u00e9s de selecci\u00f3 est\u00e0 basat en uns <strong>criteris<\/strong> que inclouen els seus interessos personals (aficions, interessos, activitats extraescolars), les seves motivacions ( motius pels quals es vol participar, alemany com a assignatura optativa), el nivell d&#8217;angl\u00e8s (capacitat suficient per poder comunicar-se amb els estudiants i fam\u00edlies estrangers, nivell d&#8217;angl\u00e8s suficient per mantenir una conversa), la creativitat (capacitat de suggerir i implicar-se en idees originals per participar en el projecte), la toler\u00e0ncia oberta cap a altres cultures. Aix\u00f2 significa tenir flexibilitat, toler\u00e0ncia, mentalitat oberta a altres cultures i a la diversitat. Tamb\u00e9 tindrem en compte el comprom\u00eds i participaci\u00f3 en la vida escolar, l&#8217;esperit personal col\u00b7laboratiu, i la solv\u00e8ncia acad\u00e8mica, \u00e9s a dir, la capacitat de posar-se al dia un cop tornats, i l\u2019abs\u00e8ncia d&#8217;incid\u00e8ncies escolars.<\/span><\/li>\n<li><span style=\"font-weight: 400;\">Igualment un criteri important \u00e9s la compet\u00e8ncia personal de maduresa: autoconfian\u00e7a, responsabilitat, respecte. Tamb\u00e9 s\u2019aval\u00faa l\u2019entorn familiar, \u00e9s a dir, la: situaci\u00f3 familiar, solv\u00e8ncia econ\u00f2mica, suport dels pares, disponibilitat per acollir un alumne a casa.<\/span><\/li>\n<\/ul>\n<p>&nbsp;<\/p>\n<ul>\n<li><span style=\"font-weight: 400;\">El proc\u00e9s s\u2019inicia amb una activitat de presentaci\u00f3 per a estudiants interessats, un v\u00eddeo de 3 minuts, que descriu els seus interessos i motivacions per a la mobilitat. En el v\u00eddeo s\u2019han de descriure, detallant el seu entorn familiar, interessos i activitats de lleure, la seva motivaci\u00f3, motius pels quals els agradaria unir-se al projecte i els\u00a0 aspectes que creuen que podeu aportar per enriquir el projecte. Per qu\u00e8 ell o ella?<\/span><\/li>\n<\/ul>\n<p><span style=\"font-weight: 400;\">Esperem que tots els alumnes que vulguin participar tinguin cabuda en el projecte, i formin part del projecte m\u00e9s enll\u00e0 de les mobilitats, sent agents actius durant totes les activitats pr\u00e8vies preparat\u00f2ries i posteriors avaluatives, aportant durant les setmanes de visites i enriquint-se de la experi\u00e8ncia.<\/span><\/p>\n<p>&nbsp;<\/p>\n<p><b>Disclaimer<\/b><\/p>\n<p><span style=\"font-weight: 400;\">\u00abCofinanciado por la Uni\u00f3n Europea. Las opiniones y puntos de vista expresados s\u00f3lo comprometen a su(s) autor(es) y no reflejan necesariamente los de la Uni\u00f3n Europea ni los del Servicio Espa\u00f1ol para la Internacionalizaci\u00f3n de la Educaci\u00f3n (SEPIE). Ni la Uni\u00f3n Europea ni la Agencia Nacional SEPIE pueden ser considerados responsables de ellos.\u00bb.<\/span><\/p>\n","protected":false},"excerpt":{"rendered":"<p>\t\t\t#gallery-2 {<br \/>\n\t\t\t\tmargin: auto;<br \/>\n\t\t\t}<br \/>\n\t\t\t#gallery-2 .gallery-item {<br \/>\n\t\t\t\tfloat: left;<br \/>\n\t\t\t\tmargin-top: 10px;<br \/>\n\t\t\t\ttext-align: center;<br \/>\n\t\t\t\twidth: 33%;<br \/>\n\t\t\t}<br \/>\n\t\t\t#gallery-2 img {<br \/>\n\t\t\t\tborder: 2px solid #cfcfcf;<br \/>\n\t\t\t}<br \/>\n\t\t\t#gallery-2 .gallery-caption {<br \/>\n\t\t\t\tmargin-left: 0;<br \/>\n\t\t\t}<br \/>\n\t\t\t\/* see gallery_shortcode() in wp-includes\/media.php *\/<\/p>\n<p>\t\t\t\t<a href='https:\/\/agora.xtec.cat\/col-elpilar\/projecte-educatiu\/projectes\/projecte-erasmus-projectes-etwinning\/attachment\/erasmus\/'><\/a><\/p>\n<p>\t\t\t\t<a href='https:\/\/agora.xtec.cat\/col-elpilar\/projecte-educatiu\/projectes\/projecte-erasmus-projectes-etwinning\/attachment\/print\/'><\/a><\/p>\n<p>\t\t\t\t<a href='https:\/\/agora.xtec.cat\/col-elpilar\/projecte-educatiu\/projectes\/projecte-erasmus-projectes-etwinning\/attachment\/logo_etwinning2019\/'><\/a><\/p>\n<p>&nbsp;<br \/>\nCom ja vam explicar a les reunions de pares d\u2019inici de curs, aquest any ens han atorgat la beca Erasmus per&hellip;  <a href=\"https:\/\/agora.xtec.cat\/col-elpilar\/projecte-educatiu\/projectes\/erasmus-curs-24-25\/\" title=\"Read Erasmus curs 24-25\">Llegeix m\u00e9s\u00bb<\/a><\/p>\n","protected":false},"author":1,"featured_media":0,"parent":271,"menu_order":2,"comment_status":"closed","ping_status":"closed","template":"page-templates\/side-menu.php","meta":{"_bbp_topic_count":0,"_bbp_reply_count":0,"_bbp_total_topic_count":0,"_bbp_total_reply_count":0,"_bbp_voice_count":0,"_bbp_anonymous_reply_count":0,"_bbp_topic_count_hidden":0,"_bbp_reply_count_hidden":0,"_bbp_forum_subforum_count":0,"footnotes":""},"class_list":["post-8048","page","type-page","status-publish","hentry"],"post_mailing_queue_ids":[],"_links":{"self":[{"href":"https:\/\/agora.xtec.cat\/col-elpilar\/wp-json\/wp\/v2\/pages\/8048","targetHints":{"allow":["GET"]}}],"collection":[{"href":"https:\/\/agora.xtec.cat\/col-elpilar\/wp-json\/wp\/v2\/pages"}],"about":[{"href":"https:\/\/agora.xtec.cat\/col-elpilar\/wp-json\/wp\/v2\/types\/page"}],"author":[{"embeddable":true,"href":"https:\/\/agora.xtec.cat\/col-elpilar\/wp-json\/wp\/v2\/users\/1"}],"replies":[{"embeddable":true,"href":"https:\/\/agora.xtec.cat\/col-elpilar\/wp-json\/wp\/v2\/comments?post=8048"}],"version-history":[{"count":4,"href":"https:\/\/agora.xtec.cat\/col-elpilar\/wp-json\/wp\/v2\/pages\/8048\/revisions"}],"predecessor-version":[{"id":8574,"href":"https:\/\/agora.xtec.cat\/col-elpilar\/wp-json\/wp\/v2\/pages\/8048\/revisions\/8574"}],"up":[{"embeddable":true,"href":"https:\/\/agora.xtec.cat\/col-elpilar\/wp-json\/wp\/v2\/pages\/271"}],"wp:attachment":[{"href":"https:\/\/agora.xtec.cat\/col-elpilar\/wp-json\/wp\/v2\/media?parent=8048"}],"curies":[{"name":"wp","href":"https:\/\/api.w.org\/{rel}","templated":true}]}}