{"id":735,"date":"2016-02-19T11:22:22","date_gmt":"2016-02-19T10:22:22","guid":{"rendered":"http:\/\/agora.xtec.cat\/col-elpilar\/?page_id=735"},"modified":"2016-02-19T12:54:13","modified_gmt":"2016-02-19T11:54:13","slug":"setmana-de-la-ciencia","status":"publish","type":"page","link":"https:\/\/agora.xtec.cat\/col-elpilar\/projecte-educatiu\/projectes\/setmana-de-la-ciencia\/","title":{"rendered":"Setmana de la Ci\u00e8ncia"},"content":{"rendered":"<p style=\"text-align: justify;\">Des de fa uns anys treballem dins el centre la Setmana de la Ci\u00e8ncia. Es treballa com un projecte transversal de centre. Cada un dels cursos, des de P3 fins a 4t d\u2019ESO, treballa un tema concret entorn el qual gira tot el treball que es realitza aquella setmana, aconseguint aix\u00ed una bona interdisciplinarietat.<\/p>\n<p style=\"text-align: justify;\">Malgrat que cada curs treballa un tema concret, hi ha una transversalitat del projecte al llarg de les diferents etapes.<\/p>\n<p style=\"text-align: justify;\">En general, la setmana de la ci\u00e8ncia es caracteritza perqu\u00e8 es respira ci\u00e8ncia a cada un dels espais del centre.<\/p>\n<p style=\"text-align: justify;\">Amb tot, s\u2019intenta treballar la setmana de la ci\u00e8ncia m\u00e9s enll\u00e0 del coneixement, i aprofundir en un \u00e0mbit que abasta tamb\u00e9 l\u2019\u00e8tica de la ci\u00e8ncia. Aix\u00f2 es treballa sobretot amb els alumnes de l\u2019ESO.<\/p>\n<p style=\"text-align: justify;\">En aquest sentit, parlar de Ci\u00e8ncia \u00e9s parlar de recerca de la veritat,\u00a0\u00e9s parlar de coneixement i de tot el proc\u00e9s necessari per a l\u2019obtenci\u00f3 d\u2019aquest coneixement: investigaci\u00f3, observaci\u00f3, experimentaci\u00f3 (empirisme), mesurament, an\u00e0lisi, reflexi\u00f3, raonament l\u00f2gic, descobriment de principis, lleis, relacions causa-efecte, f\u00f3rmules, teoremes, teories\u2026 Tot un coneixement comprovable i, en conseq\u00fc\u00e8ncia, molt humilment millorable o fins i tot revocable si algun fet o experiment es mostra com a contradicci\u00f3 del que fins aleshores es considerava veritat.<\/p>\n<p style=\"text-align: justify;\">El desenvolupament de la ci\u00e8ncia comporta el desenvolupament de la t\u00e8cnica i a l\u2019inrev\u00e9s. Sens dubte, el potent desenvolupament que actualment gaudim de la t\u00e8cnica (tecnologia) \u00e9s una de les m\u00e9s palpables manifestacions del gran poder que t\u00e9 la ci\u00e8ncia per a crear, innovar, transformar, revolucionar. Per\u00f2 tot aquest desenvolupament ha d\u2019anar destinat a millorar la Humanitat i el medi sens perjudici de res ni de ning\u00fa. I aix\u00ed ho fem veure als nostres adolescents. Es crea doncs, una setmana tamb\u00e9 de debats i discussions, de reflexions &#8230;<\/p>\n<p style=\"text-align: justify;\">I \u00e9s que, paradoxalment, la ci\u00e8ncia i la t\u00e8cnica poden salvar vides o poden destruir-les. La decisi\u00f3 \u00faltima no \u00e9s de la pr\u00f2pia ci\u00e8ncia -que simplement desvetlla el seu poder a ulls del cient\u00edfic-, sin\u00f3 que \u00e9s responsabilitat de qui la manipula, de qui hi t\u00e9 acc\u00e9s i poder de determinar a quina finalitat \u00faltima es destina. Per aix\u00f2 \u00e9s tan necessari i important un desenvolupament de la ci\u00e8ncia com de la consci\u00e8ncia, de la t\u00e8cnica com de l\u2019\u00e8tica. Per aix\u00f2 \u00e9s tan important que dediquem tamb\u00e9 espais de temps a parlar sobre aix\u00f2 amb els nostres alumnes.<\/p>\n<p style=\"text-align: justify;\">Una setmana diferent, una setmana d\u2019experi\u00e8ncies, una setmana de viv\u00e8ncies: la Setmana de la Ci\u00e8ncia.<\/p>\n","protected":false},"excerpt":{"rendered":"<p>Des de fa uns anys treballem dins el centre la Setmana de la Ci\u00e8ncia. Es treballa com un projecte transversal de centre. Cada un dels cursos, des de P3 fins a 4t d\u2019ESO, treballa un tema concret entorn el qual gira tot el treball que&hellip;  <a href=\"https:\/\/agora.xtec.cat\/col-elpilar\/projecte-educatiu\/projectes\/setmana-de-la-ciencia\/\" title=\"Read Setmana de la Ci\u00e8ncia\">Llegeix m\u00e9s\u00bb<\/a><\/p>\n","protected":false},"author":1,"featured_media":0,"parent":271,"menu_order":20,"comment_status":"closed","ping_status":"closed","template":"page-templates\/side-menu.php","meta":{"_bbp_topic_count":0,"_bbp_reply_count":0,"_bbp_total_topic_count":0,"_bbp_total_reply_count":0,"_bbp_voice_count":0,"_bbp_anonymous_reply_count":0,"_bbp_topic_count_hidden":0,"_bbp_reply_count_hidden":0,"_bbp_forum_subforum_count":0,"footnotes":""},"class_list":["post-735","page","type-page","status-publish","hentry"],"post_mailing_queue_ids":[],"_links":{"self":[{"href":"https:\/\/agora.xtec.cat\/col-elpilar\/wp-json\/wp\/v2\/pages\/735","targetHints":{"allow":["GET"]}}],"collection":[{"href":"https:\/\/agora.xtec.cat\/col-elpilar\/wp-json\/wp\/v2\/pages"}],"about":[{"href":"https:\/\/agora.xtec.cat\/col-elpilar\/wp-json\/wp\/v2\/types\/page"}],"author":[{"embeddable":true,"href":"https:\/\/agora.xtec.cat\/col-elpilar\/wp-json\/wp\/v2\/users\/1"}],"replies":[{"embeddable":true,"href":"https:\/\/agora.xtec.cat\/col-elpilar\/wp-json\/wp\/v2\/comments?post=735"}],"version-history":[{"count":2,"href":"https:\/\/agora.xtec.cat\/col-elpilar\/wp-json\/wp\/v2\/pages\/735\/revisions"}],"predecessor-version":[{"id":756,"href":"https:\/\/agora.xtec.cat\/col-elpilar\/wp-json\/wp\/v2\/pages\/735\/revisions\/756"}],"up":[{"embeddable":true,"href":"https:\/\/agora.xtec.cat\/col-elpilar\/wp-json\/wp\/v2\/pages\/271"}],"wp:attachment":[{"href":"https:\/\/agora.xtec.cat\/col-elpilar\/wp-json\/wp\/v2\/media?parent=735"}],"curies":[{"name":"wp","href":"https:\/\/api.w.org\/{rel}","templated":true}]}}