{"id":73,"date":"2014-09-18T14:01:51","date_gmt":"2014-09-18T14:01:51","guid":{"rendered":"http:\/\/agora.xtec.cat\/col-elpilar\/\/?page_id=73"},"modified":"2024-02-04T21:53:44","modified_gmt":"2024-02-04T20:53:44","slug":"menjador-escolar","status":"publish","type":"page","link":"https:\/\/agora.xtec.cat\/col-elpilar\/serveis\/menjador-escolar\/","title":{"rendered":"Cuina i menjador"},"content":{"rendered":"<p><img loading=\"lazy\" decoding=\"async\" class=\"alignright size-thumbnail wp-image-7543\" src=\"https:\/\/agora.xtec.cat\/col-elpilar\/wp-content\/uploads\/usu291\/2024\/02\/saned-150x150.jpg\" alt=\"\" width=\"150\" height=\"150\" \/>L\u2019 escola disposa d\u2019un servei de menjador amb cuina pr\u00f2pia gestionat per <strong>SANED<\/strong> una empresa externa.<\/p>\n<p>Saned \u00e9s una empresa especialitzada en nutrici\u00f3 i educaci\u00f3 per a centres escolars. El seu servei de cuina in situ, ofereix una <strong>alimentaci\u00f3 variada, equilibrada i sana<\/strong>, afavorint l\u2019adquisici\u00f3 de <strong>conductes aliment\u00e0ries adequades i h\u00e0bits saludables.<\/strong><\/p>\n<p>Saned parteix de tres ingredients b\u00e0sics:<br \/>\n\u2022 la qualitat i proced\u00e8ncia dels seus ingredients: carns fesques, peix de proximitat, olis de primera premsada.<br \/>\n\u2022 L\u2019originalitat i eleg\u00e0ncia dels seus plats<br \/>\n\u2022 I la implicaci\u00f3 del seu equip hum\u00e0.<\/p>\n<p>Una recepta que des de fa m\u00e9s de 20 any Saned aplica en el seu servei de restauraci\u00f3 als centres escolars.<\/p>\n<p>En aquest sentit, el menjador de la nostra escola ofereix un <strong>men\u00fa equilibrat amb productes de temporada i de proximitat, Km 0 i sostenibles<\/strong>. Seguint les directrius de l\u2019Ag\u00e8ncia de Salut P\u00fablica, es van introduint el consum de llegums, s\u2019eviten l\u2019exc\u00e9s de rebossats i pre-cuinats optant per la introducci\u00f3 de jornades amb dietes vegetarianes o tast de menjar procedents d\u2019altres cultures. S\u2019eviten fregits i es d\u00f3na prioritat a cuinar al forn, a la planxa, al vapor,&#8230;<\/p>\n<p>Saned elabora mensualment un men\u00fa basal i l\u2019adaptaci\u00f3 en funci\u00f3 de necessitats personals (cel.l\u00edacs, intoler\u00e0ncies: sense lactosa, sense ou, sense gl\u00faten, &#8230; ) o culturals (sense porc, sense carn,&#8230;)<\/p>\n<p>MEN\u00da MODEL:<br \/>\n<img loading=\"lazy\" decoding=\"async\" class=\"alignright size-large wp-image-7546\" src=\"https:\/\/agora.xtec.cat\/col-elpilar\/wp-content\/uploads\/usu291\/2024\/02\/MENU-1024x724.jpg\" alt=\"\" width=\"1024\" height=\"724\" srcset=\"https:\/\/agora.xtec.cat\/col-elpilar\/wp-content\/uploads\/usu291\/2024\/02\/MENU-1024x724.jpg 1024w, https:\/\/agora.xtec.cat\/col-elpilar\/wp-content\/uploads\/usu291\/2024\/02\/MENU-300x212.jpg 300w, https:\/\/agora.xtec.cat\/col-elpilar\/wp-content\/uploads\/usu291\/2024\/02\/MENU-768x543.jpg 768w, https:\/\/agora.xtec.cat\/col-elpilar\/wp-content\/uploads\/usu291\/2024\/02\/MENU.jpg 1344w\" sizes=\"auto, (max-width: 1024px) 100vw, 1024px\" \/><\/p>\n<p>Amb la programaci\u00f3 es fa arribar tamb\u00e9 un full amb diferents suggeriments i\/o informacions sobre dietes, aliments, h\u00e0bits,&#8230;<\/p>\n<p><img loading=\"lazy\" decoding=\"async\" class=\"alignright size-large wp-image-7548\" src=\"https:\/\/agora.xtec.cat\/col-elpilar\/wp-content\/uploads\/usu291\/2024\/02\/MENU-2ura-1024x724.jpg\" alt=\"\" width=\"1024\" height=\"724\" srcset=\"https:\/\/agora.xtec.cat\/col-elpilar\/wp-content\/uploads\/usu291\/2024\/02\/MENU-2ura-1024x724.jpg 1024w, https:\/\/agora.xtec.cat\/col-elpilar\/wp-content\/uploads\/usu291\/2024\/02\/MENU-2ura-300x212.jpg 300w, https:\/\/agora.xtec.cat\/col-elpilar\/wp-content\/uploads\/usu291\/2024\/02\/MENU-2ura-768x543.jpg 768w, https:\/\/agora.xtec.cat\/col-elpilar\/wp-content\/uploads\/usu291\/2024\/02\/MENU-2ura.jpg 1337w\" sizes=\"auto, (max-width: 1024px) 100vw, 1024px\" \/><\/p>\n<p>&nbsp;<\/p>\n<p>&nbsp;<\/p>\n<p>&nbsp;<\/p>\n<p>&nbsp;<\/p>\n<p>&nbsp;<\/p>\n<p>&nbsp;<\/p>\n<p>&nbsp;<\/p>\n<p>&nbsp;<\/p>\n<p>&nbsp;<\/p>\n<p>Mensualment es destina un dia a celebrar la <strong>Jornada gastron\u00f2mica<\/strong> que serveix per motivar a tastar igaudir del fet de menjar. Pot relacionar-se amb algun pa\u00eds o a partir de productes de temporada:<\/p>\n<p>&nbsp;<\/p>\n<p>Les jornades gastron\u00f2miques comporten tamb\u00e9 un treball per al temps d\u2019oci on es treballa la creativitat i el treball en equip per aconseguir una decoraci\u00f3 de l\u2019espai de menjador.<\/p>\n<p>&nbsp;<\/p>\n\n\t\t<style type=\"text\/css\">\n\t\t\t#gallery-1 {\n\t\t\t\tmargin: auto;\n\t\t\t}\n\t\t\t#gallery-1 .gallery-item {\n\t\t\t\tfloat: left;\n\t\t\t\tmargin-top: 10px;\n\t\t\t\ttext-align: center;\n\t\t\t\twidth: 50%;\n\t\t\t}\n\t\t\t#gallery-1 img {\n\t\t\t\tborder: 2px solid #cfcfcf;\n\t\t\t}\n\t\t\t#gallery-1 .gallery-caption {\n\t\t\t\tmargin-left: 0;\n\t\t\t}\n\t\t\t\/* see gallery_shortcode() in wp-includes\/media.php *\/\n\t\t<\/style>\n\t\t<div id='gallery-1' class='gallery galleryid-73 gallery-columns-2 gallery-size-medium'><dl class='gallery-item'>\n\t\t\t<dt class='gallery-icon portrait'>\n\t\t\t\t<a href='https:\/\/agora.xtec.cat\/col-elpilar\/serveis\/menjador-escolar\/attachment\/jornada-de-tardor\/'><img loading=\"lazy\" decoding=\"async\" width=\"212\" height=\"300\" src=\"https:\/\/agora.xtec.cat\/col-elpilar\/wp-content\/uploads\/usu291\/2024\/02\/jornada-de-tardor-212x300.jpg\" class=\"attachment-medium size-medium\" alt=\"\" srcset=\"https:\/\/agora.xtec.cat\/col-elpilar\/wp-content\/uploads\/usu291\/2024\/02\/jornada-de-tardor-212x300.jpg 212w, https:\/\/agora.xtec.cat\/col-elpilar\/wp-content\/uploads\/usu291\/2024\/02\/jornada-de-tardor.jpg 618w\" sizes=\"auto, (max-width: 212px) 100vw, 212px\" \/><\/a>\n\t\t\t<\/dt><\/dl><dl class='gallery-item'>\n\t\t\t<dt class='gallery-icon landscape'>\n\t\t\t\t<a href='https:\/\/agora.xtec.cat\/col-elpilar\/serveis\/menjador-escolar\/attachment\/manuals-i-menjar\/'><img loading=\"lazy\" decoding=\"async\" width=\"300\" height=\"300\" src=\"https:\/\/agora.xtec.cat\/col-elpilar\/wp-content\/uploads\/usu291\/2024\/02\/manuals-i-menjar-300x300.jpg\" class=\"attachment-medium size-medium\" alt=\"\" srcset=\"https:\/\/agora.xtec.cat\/col-elpilar\/wp-content\/uploads\/usu291\/2024\/02\/manuals-i-menjar-300x300.jpg 300w, https:\/\/agora.xtec.cat\/col-elpilar\/wp-content\/uploads\/usu291\/2024\/02\/manuals-i-menjar-1024x1024.jpg 1024w, https:\/\/agora.xtec.cat\/col-elpilar\/wp-content\/uploads\/usu291\/2024\/02\/manuals-i-menjar-150x150.jpg 150w, https:\/\/agora.xtec.cat\/col-elpilar\/wp-content\/uploads\/usu291\/2024\/02\/manuals-i-menjar-768x768.jpg 768w, https:\/\/agora.xtec.cat\/col-elpilar\/wp-content\/uploads\/usu291\/2024\/02\/manuals-i-menjar-1536x1536.jpg 1536w, https:\/\/agora.xtec.cat\/col-elpilar\/wp-content\/uploads\/usu291\/2024\/02\/manuals-i-menjar.jpg 2048w\" sizes=\"auto, (max-width: 300px) 100vw, 300px\" \/><\/a>\n\t\t\t<\/dt><\/dl><br style=\"clear: both\" \/>\n\t\t<\/div>\n\n<p>A m\u00e9s, <strong>Saned col.labora amb diferents causes socials<\/strong> com la Fundaci\u00f3 Vicente Ferrer o la Fundaci\u00f3 Jaume Casademont, aix\u00ed com ONG\u2019s locals <strong>que ajuden a minimitzar el malbaratament d\u2019aliments.<\/strong><\/p>\n\n\t\t<style type=\"text\/css\">\n\t\t\t#gallery-2 {\n\t\t\t\tmargin: auto;\n\t\t\t}\n\t\t\t#gallery-2 .gallery-item {\n\t\t\t\tfloat: left;\n\t\t\t\tmargin-top: 10px;\n\t\t\t\ttext-align: center;\n\t\t\t\twidth: 50%;\n\t\t\t}\n\t\t\t#gallery-2 img {\n\t\t\t\tborder: 2px solid #cfcfcf;\n\t\t\t}\n\t\t\t#gallery-2 .gallery-caption {\n\t\t\t\tmargin-left: 0;\n\t\t\t}\n\t\t\t\/* see gallery_shortcode() in wp-includes\/media.php *\/\n\t\t<\/style>\n\t\t<div id='gallery-2' class='gallery galleryid-73 gallery-columns-2 gallery-size-medium'><dl class='gallery-item'>\n\t\t\t<dt class='gallery-icon portrait'>\n\t\t\t\t<a href='https:\/\/agora.xtec.cat\/col-elpilar\/serveis\/menjador-escolar\/attachment\/accio-solidaria\/'><img loading=\"lazy\" decoding=\"async\" width=\"212\" height=\"300\" src=\"https:\/\/agora.xtec.cat\/col-elpilar\/wp-content\/uploads\/usu291\/2024\/02\/accio-solidaria-212x300.png\" class=\"attachment-medium size-medium\" alt=\"\" srcset=\"https:\/\/agora.xtec.cat\/col-elpilar\/wp-content\/uploads\/usu291\/2024\/02\/accio-solidaria-212x300.png 212w, https:\/\/agora.xtec.cat\/col-elpilar\/wp-content\/uploads\/usu291\/2024\/02\/accio-solidaria.png 594w\" sizes=\"auto, (max-width: 212px) 100vw, 212px\" \/><\/a>\n\t\t\t<\/dt><\/dl><dl class='gallery-item'>\n\t\t\t<dt class='gallery-icon landscape'>\n\t\t\t\t<a href='https:\/\/agora.xtec.cat\/col-elpilar\/serveis\/menjador-escolar\/attachment\/solidaritat-2\/'><img loading=\"lazy\" decoding=\"async\" width=\"300\" height=\"300\" src=\"https:\/\/agora.xtec.cat\/col-elpilar\/wp-content\/uploads\/usu291\/2024\/02\/solidaritat-300x300.jpg\" class=\"attachment-medium size-medium\" alt=\"\" srcset=\"https:\/\/agora.xtec.cat\/col-elpilar\/wp-content\/uploads\/usu291\/2024\/02\/solidaritat-300x300.jpg 300w, https:\/\/agora.xtec.cat\/col-elpilar\/wp-content\/uploads\/usu291\/2024\/02\/solidaritat-1024x1024.jpg 1024w, https:\/\/agora.xtec.cat\/col-elpilar\/wp-content\/uploads\/usu291\/2024\/02\/solidaritat-150x150.jpg 150w, https:\/\/agora.xtec.cat\/col-elpilar\/wp-content\/uploads\/usu291\/2024\/02\/solidaritat-768x768.jpg 768w, https:\/\/agora.xtec.cat\/col-elpilar\/wp-content\/uploads\/usu291\/2024\/02\/solidaritat.jpg 1149w\" sizes=\"auto, (max-width: 300px) 100vw, 300px\" \/><\/a>\n\t\t\t<\/dt><\/dl><br style=\"clear: both\" \/>\n\t\t<\/div>\n\n<p>I com no, Saned disposa tamb\u00e9 d\u2019una <strong>organitzaci\u00f3<\/strong> que vetlla per el bon funcionament de la cuina i compta amb un proc\u00e9s propi d\u2019an\u00e0lisis i punts de control cr\u00edtic (APPCC) que avalua i controla la tra\u00e7abilitat de tots els serveis. Di\u00e0riament es prenen les temperatures dels aliments abans de ser cuinats i en ser servits, es guarden mostres,&#8230; buscant sempre el m\u00e0xim control del que es serveix.<\/p>\n<p>Per\u00f2 en el temps de menjador hem de comptar tamb\u00e9 amb un <strong>espai de lleure<\/strong> on l\u2019equip de Saned, vetlla per fomentar valors com el respecte, la toler\u00e0ncia o l\u2019honestedat, ensenyant-los a cr\u00e9ixer, per al dia de dem\u00e0, sumant-se sempre a la l\u00ednia d\u2019escola.<\/p>\n<p>Saned posa a disposici\u00f3 del centre, monitors i educadors titulats que complementen el servei de menjador amb activitats relacionades amb h\u00e0bits alimentaris, higiene, socials i de comportament. L\u2019equip s\u2019organitza a partir d\u2019un\/a coordinador\/a i l\u2019equip de monitors.<\/p>\n<p><strong>ESPAI DE CUINA I MENJADOR<\/strong><\/p>\n<p>L&#8217;\u2019espai de cuina i menjador va ser reformat fa pocs anys convertint-se en us espai ben aprofitat, agradable i ben equipat.<\/p>\n<p>Tots els alumnes dinen al menjador, en espais i torns diferenciats:<\/p>\n<ul>\n<li>El primer a \u00be d\u20191 entren els alumnes d\u2019infantil<\/li>\n<li>A la 1 entra prim\u00e0ria fins a 5\u00e8 i 6\u00e8<\/li>\n<li>Secund\u00e0ria entra a \u00be de 2.<\/li>\n<\/ul>\n\n\t\t<style type=\"text\/css\">\n\t\t\t#gallery-3 {\n\t\t\t\tmargin: auto;\n\t\t\t}\n\t\t\t#gallery-3 .gallery-item {\n\t\t\t\tfloat: left;\n\t\t\t\tmargin-top: 10px;\n\t\t\t\ttext-align: center;\n\t\t\t\twidth: 33%;\n\t\t\t}\n\t\t\t#gallery-3 img {\n\t\t\t\tborder: 2px solid #cfcfcf;\n\t\t\t}\n\t\t\t#gallery-3 .gallery-caption {\n\t\t\t\tmargin-left: 0;\n\t\t\t}\n\t\t\t\/* see gallery_shortcode() in wp-includes\/media.php *\/\n\t\t<\/style>\n\t\t<div id='gallery-3' class='gallery galleryid-73 gallery-columns-3 gallery-size-medium'><dl class='gallery-item'>\n\t\t\t<dt class='gallery-icon landscape'>\n\t\t\t\t<a href='https:\/\/agora.xtec.cat\/col-elpilar\/menjador-petits\/'><img loading=\"lazy\" decoding=\"async\" width=\"300\" height=\"169\" src=\"https:\/\/agora.xtec.cat\/col-elpilar\/wp-content\/uploads\/usu291\/2019\/02\/menjador-petits-300x169.jpg\" class=\"attachment-medium size-medium\" alt=\"\" srcset=\"https:\/\/agora.xtec.cat\/col-elpilar\/wp-content\/uploads\/usu291\/2019\/02\/menjador-petits-300x169.jpg 300w, https:\/\/agora.xtec.cat\/col-elpilar\/wp-content\/uploads\/usu291\/2019\/02\/menjador-petits-768x432.jpg 768w, https:\/\/agora.xtec.cat\/col-elpilar\/wp-content\/uploads\/usu291\/2019\/02\/menjador-petits-1024x576.jpg 1024w\" sizes=\"auto, (max-width: 300px) 100vw, 300px\" \/><\/a>\n\t\t\t<\/dt><\/dl><dl class='gallery-item'>\n\t\t\t<dt class='gallery-icon landscape'>\n\t\t\t\t<a href='https:\/\/agora.xtec.cat\/col-elpilar\/menjador-primaria\/'><img loading=\"lazy\" decoding=\"async\" width=\"300\" height=\"169\" src=\"https:\/\/agora.xtec.cat\/col-elpilar\/wp-content\/uploads\/usu291\/2019\/02\/menjador-prim\u00e0ria-300x169.jpg\" class=\"attachment-medium size-medium\" alt=\"\" srcset=\"https:\/\/agora.xtec.cat\/col-elpilar\/wp-content\/uploads\/usu291\/2019\/02\/menjador-prim\u00e0ria-300x169.jpg 300w, https:\/\/agora.xtec.cat\/col-elpilar\/wp-content\/uploads\/usu291\/2019\/02\/menjador-prim\u00e0ria-768x432.jpg 768w, https:\/\/agora.xtec.cat\/col-elpilar\/wp-content\/uploads\/usu291\/2019\/02\/menjador-prim\u00e0ria-1024x576.jpg 1024w\" sizes=\"auto, (max-width: 300px) 100vw, 300px\" \/><\/a>\n\t\t\t<\/dt><\/dl><dl class='gallery-item'>\n\t\t\t<dt class='gallery-icon landscape'>\n\t\t\t\t<a href='https:\/\/agora.xtec.cat\/col-elpilar\/menjador-grans\/'><img loading=\"lazy\" decoding=\"async\" width=\"300\" height=\"169\" src=\"https:\/\/agora.xtec.cat\/col-elpilar\/wp-content\/uploads\/usu291\/2019\/02\/menjador-grans-300x169.jpg\" class=\"attachment-medium size-medium\" alt=\"\" srcset=\"https:\/\/agora.xtec.cat\/col-elpilar\/wp-content\/uploads\/usu291\/2019\/02\/menjador-grans-300x169.jpg 300w, https:\/\/agora.xtec.cat\/col-elpilar\/wp-content\/uploads\/usu291\/2019\/02\/menjador-grans-768x432.jpg 768w, https:\/\/agora.xtec.cat\/col-elpilar\/wp-content\/uploads\/usu291\/2019\/02\/menjador-grans-1024x576.jpg 1024w\" sizes=\"auto, (max-width: 300px) 100vw, 300px\" \/><\/a>\n\t\t\t<\/dt><\/dl><br style=\"clear: both\" \/>\n\t\t<\/div>\n\n\n\t\t<style type=\"text\/css\">\n\t\t\t#gallery-4 {\n\t\t\t\tmargin: auto;\n\t\t\t}\n\t\t\t#gallery-4 .gallery-item {\n\t\t\t\tfloat: left;\n\t\t\t\tmargin-top: 10px;\n\t\t\t\ttext-align: center;\n\t\t\t\twidth: 33%;\n\t\t\t}\n\t\t\t#gallery-4 img {\n\t\t\t\tborder: 2px solid #cfcfcf;\n\t\t\t}\n\t\t\t#gallery-4 .gallery-caption {\n\t\t\t\tmargin-left: 0;\n\t\t\t}\n\t\t\t\/* see gallery_shortcode() in wp-includes\/media.php *\/\n\t\t<\/style>\n\t\t<div id='gallery-4' class='gallery galleryid-73 gallery-columns-3 gallery-size-medium'><dl class='gallery-item'>\n\t\t\t<dt class='gallery-icon landscape'>\n\t\t\t\t<a href='https:\/\/agora.xtec.cat\/col-elpilar\/serveis\/menjador-escolar\/attachment\/menjador-1\/'><img loading=\"lazy\" decoding=\"async\" width=\"300\" height=\"169\" src=\"https:\/\/agora.xtec.cat\/col-elpilar\/wp-content\/uploads\/usu291\/2024\/02\/menjador-1-300x169.jpg\" class=\"attachment-medium size-medium\" alt=\"\" srcset=\"https:\/\/agora.xtec.cat\/col-elpilar\/wp-content\/uploads\/usu291\/2024\/02\/menjador-1-300x169.jpg 300w, https:\/\/agora.xtec.cat\/col-elpilar\/wp-content\/uploads\/usu291\/2024\/02\/menjador-1.jpg 528w\" sizes=\"auto, (max-width: 300px) 100vw, 300px\" \/><\/a>\n\t\t\t<\/dt><\/dl><dl class='gallery-item'>\n\t\t\t<dt class='gallery-icon landscape'>\n\t\t\t\t<a href='https:\/\/agora.xtec.cat\/col-elpilar\/serveis\/menjador-escolar\/attachment\/menjador-2\/'><img loading=\"lazy\" decoding=\"async\" width=\"300\" height=\"169\" src=\"https:\/\/agora.xtec.cat\/col-elpilar\/wp-content\/uploads\/usu291\/2024\/02\/menjador-2.jpg\" class=\"attachment-medium size-medium\" alt=\"\" \/><\/a>\n\t\t\t<\/dt><\/dl><dl class='gallery-item'>\n\t\t\t<dt class='gallery-icon landscape'>\n\t\t\t\t<a href='https:\/\/agora.xtec.cat\/col-elpilar\/serveis\/menjador-escolar\/attachment\/menjador-3\/'><img loading=\"lazy\" decoding=\"async\" width=\"300\" height=\"169\" src=\"https:\/\/agora.xtec.cat\/col-elpilar\/wp-content\/uploads\/usu291\/2024\/02\/menjador-3.jpg\" class=\"attachment-medium size-medium\" alt=\"\" \/><\/a>\n\t\t\t<\/dt><\/dl><br style=\"clear: both\" \/>\n\t\t<\/div>\n\n<p>&nbsp;<\/p>\n<p><strong>L&#8217;EQUIP DE MONITORS\/ES<\/strong><\/p>\n<p>En l\u2019actualitat l\u2019equip de monitors est\u00e0 format per:<\/p>\n<ul>\n<li><strong>Sandra Sorrando<\/strong>, la coordinadora de l\u2019equip i encarregada de coordinar cuina i menjador, coordinar amb l\u2019escola i vetllar per la implicaci\u00f3 i coordinaci\u00f3 del seu equip. La Sandra \u00e9s l\u2019encarregada de parlar amb les fam\u00edlies.<\/li>\n<\/ul>\n<p>A m\u00e9s, la Sandra t\u00e9 cura del grup de cicle inicial.<\/p>\n<ul>\n<li>La <strong>Maite Orero<\/strong>, monitora d\u2019infantil<\/li>\n<li>El <strong>Xavier Cruells<\/strong> responsable del grup de 3r, 4t i 5\u00e8.<\/li>\n<li>I el <strong>Jonathan Linares<\/strong>, acompanya a 6\u00e8 i secund\u00e0ria en aquest temps de menjador. El Jonathan s\u2019encarrega d\u2019anar a buscar i tornar l\u2019alumnat que es queda a dinar de secund\u00e0ria (edifici c\/ de la Merc\u00e8)<\/li>\n<\/ul>\n<p><img loading=\"lazy\" decoding=\"async\" class=\"aligncenter size-medium wp-image-7561\" src=\"https:\/\/agora.xtec.cat\/col-elpilar\/wp-content\/uploads\/usu291\/2024\/02\/8314_1_image0_1-225x300.jpeg\" alt=\"\" width=\"225\" height=\"300\" srcset=\"https:\/\/agora.xtec.cat\/col-elpilar\/wp-content\/uploads\/usu291\/2024\/02\/8314_1_image0_1-225x300.jpeg 225w, https:\/\/agora.xtec.cat\/col-elpilar\/wp-content\/uploads\/usu291\/2024\/02\/8314_1_image0_1-768x1024.jpeg 768w, https:\/\/agora.xtec.cat\/col-elpilar\/wp-content\/uploads\/usu291\/2024\/02\/8314_1_image0_1-1152x1536.jpeg 1152w, https:\/\/agora.xtec.cat\/col-elpilar\/wp-content\/uploads\/usu291\/2024\/02\/8314_1_image0_1-1536x2048.jpeg 1536w, https:\/\/agora.xtec.cat\/col-elpilar\/wp-content\/uploads\/usu291\/2024\/02\/8314_1_image0_1-scaled.jpeg 1920w\" sizes=\"auto, (max-width: 225px) 100vw, 225px\" \/><\/p>\n<p>&nbsp;<\/p>\n<p>El temps d\u2019oci s\u2019organitza buscant un equilibri entre el joc lliure i un temps de joc organitzat, adaptat sempre a l\u2019edat, als grups i als gustos o prefer\u00e8ncies de la canalla animant-los a participar i gaudir del joc, treballant el respecte, l\u2019empatia, la resoluci\u00f3 de problemes, la manifestaci\u00f3 d\u2019emocions, el control personal davant determinades situacions, el saber estar,&#8230;<\/p>\n<p>En aquest temps tamb\u00e9 es fan manualitats i activitats relacionades amb les jornades gastron\u00f2miques, les estacions o les festes.<\/p>\n<p>Infantil i prim\u00e0ria primer dinen i despr\u00e9s gaudeixen del temps lliure, 6\u00e8 i secund\u00e0ria primer t\u00e9 el temps d\u2019esbarjo i despr\u00e9s passa al menjador.<\/p>\n<p>Els espais tamb\u00e9 es reparteixen de manera que infantil i primer cicle de prim\u00e0ria fa \u00fas de la terrassa i 3r, 4t i 5\u00e8 disposa del pati de baix. Secund\u00e0ria igualment, abans de dinar, se situa al pati de baix. En cas d\u2019inclem\u00e8ncia meteorol\u00f2gica es fa servir alguna classe per fer una activitat m\u00e9s pausada.<\/p>\n\n\t\t<style type=\"text\/css\">\n\t\t\t#gallery-5 {\n\t\t\t\tmargin: auto;\n\t\t\t}\n\t\t\t#gallery-5 .gallery-item {\n\t\t\t\tfloat: left;\n\t\t\t\tmargin-top: 10px;\n\t\t\t\ttext-align: center;\n\t\t\t\twidth: 33%;\n\t\t\t}\n\t\t\t#gallery-5 img {\n\t\t\t\tborder: 2px solid #cfcfcf;\n\t\t\t}\n\t\t\t#gallery-5 .gallery-caption {\n\t\t\t\tmargin-left: 0;\n\t\t\t}\n\t\t\t\/* see gallery_shortcode() in wp-includes\/media.php *\/\n\t\t<\/style>\n\t\t<div id='gallery-5' class='gallery galleryid-73 gallery-columns-3 gallery-size-medium'><dl class='gallery-item'>\n\t\t\t<dt class='gallery-icon landscape'>\n\t\t\t\t<a href='https:\/\/agora.xtec.cat\/col-elpilar\/serveis\/menjador-escolar\/attachment\/esbarjo-0\/'><img loading=\"lazy\" decoding=\"async\" width=\"300\" height=\"265\" src=\"https:\/\/agora.xtec.cat\/col-elpilar\/wp-content\/uploads\/usu291\/2024\/02\/esbarjo-0-e1707079544694-300x265.jpg\" class=\"attachment-medium size-medium\" alt=\"\" srcset=\"https:\/\/agora.xtec.cat\/col-elpilar\/wp-content\/uploads\/usu291\/2024\/02\/esbarjo-0-e1707079544694-300x265.jpg 300w, https:\/\/agora.xtec.cat\/col-elpilar\/wp-content\/uploads\/usu291\/2024\/02\/esbarjo-0-e1707079544694-768x678.jpg 768w, https:\/\/agora.xtec.cat\/col-elpilar\/wp-content\/uploads\/usu291\/2024\/02\/esbarjo-0-e1707079544694.jpg 816w\" sizes=\"auto, (max-width: 300px) 100vw, 300px\" \/><\/a>\n\t\t\t<\/dt><\/dl><dl class='gallery-item'>\n\t\t\t<dt class='gallery-icon landscape'>\n\t\t\t\t<a href='https:\/\/agora.xtec.cat\/col-elpilar\/serveis\/menjador-escolar\/attachment\/esbarjo-1a\/'><img loading=\"lazy\" decoding=\"async\" width=\"300\" height=\"225\" src=\"https:\/\/agora.xtec.cat\/col-elpilar\/wp-content\/uploads\/usu291\/2024\/02\/esbarjo-1a-300x225.jpg\" class=\"attachment-medium size-medium\" alt=\"\" srcset=\"https:\/\/agora.xtec.cat\/col-elpilar\/wp-content\/uploads\/usu291\/2024\/02\/esbarjo-1a-300x225.jpg 300w, https:\/\/agora.xtec.cat\/col-elpilar\/wp-content\/uploads\/usu291\/2024\/02\/esbarjo-1a-1024x768.jpg 1024w, https:\/\/agora.xtec.cat\/col-elpilar\/wp-content\/uploads\/usu291\/2024\/02\/esbarjo-1a-768x576.jpg 768w, https:\/\/agora.xtec.cat\/col-elpilar\/wp-content\/uploads\/usu291\/2024\/02\/esbarjo-1a-200x150.jpg 200w, https:\/\/agora.xtec.cat\/col-elpilar\/wp-content\/uploads\/usu291\/2024\/02\/esbarjo-1a.jpg 1415w\" sizes=\"auto, (max-width: 300px) 100vw, 300px\" \/><\/a>\n\t\t\t<\/dt><\/dl><dl class='gallery-item'>\n\t\t\t<dt class='gallery-icon landscape'>\n\t\t\t\t<a href='https:\/\/agora.xtec.cat\/col-elpilar\/serveis\/menjador-escolar\/attachment\/esbarjo-2\/'><img loading=\"lazy\" decoding=\"async\" width=\"300\" height=\"254\" src=\"https:\/\/agora.xtec.cat\/col-elpilar\/wp-content\/uploads\/usu291\/2024\/02\/esbarjo-2-e1707079585515-300x254.jpg\" class=\"attachment-medium size-medium\" alt=\"\" srcset=\"https:\/\/agora.xtec.cat\/col-elpilar\/wp-content\/uploads\/usu291\/2024\/02\/esbarjo-2-e1707079585515-300x254.jpg 300w, https:\/\/agora.xtec.cat\/col-elpilar\/wp-content\/uploads\/usu291\/2024\/02\/esbarjo-2-e1707079585515-768x650.jpg 768w, https:\/\/agora.xtec.cat\/col-elpilar\/wp-content\/uploads\/usu291\/2024\/02\/esbarjo-2-e1707079585515.jpg 789w\" sizes=\"auto, (max-width: 300px) 100vw, 300px\" \/><\/a>\n\t\t\t<\/dt><\/dl><br style=\"clear: both\" \/>\n\t\t<\/div>\n\n<p>&nbsp;<\/p>\n<p><img loading=\"lazy\" decoding=\"async\" class=\"aligncenter size-large wp-image-7567\" src=\"https:\/\/agora.xtec.cat\/col-elpilar\/wp-content\/uploads\/usu291\/2024\/02\/esbarjo-1-1-819x1024.jpg\" alt=\"\" width=\"819\" height=\"1024\" srcset=\"https:\/\/agora.xtec.cat\/col-elpilar\/wp-content\/uploads\/usu291\/2024\/02\/esbarjo-1-1-819x1024.jpg 819w, https:\/\/agora.xtec.cat\/col-elpilar\/wp-content\/uploads\/usu291\/2024\/02\/esbarjo-1-1-240x300.jpg 240w, https:\/\/agora.xtec.cat\/col-elpilar\/wp-content\/uploads\/usu291\/2024\/02\/esbarjo-1-1-768x961.jpg 768w, https:\/\/agora.xtec.cat\/col-elpilar\/wp-content\/uploads\/usu291\/2024\/02\/esbarjo-1-1.jpg 1001w\" sizes=\"auto, (max-width: 819px) 100vw, 819px\" \/><\/p>\n<p>&nbsp;<\/p>\n<p><strong>\u00daS DEL SERVEI<\/strong><\/p>\n<p>El menjador es pot utilitzar de forma fixa o en dies concrets.\u00a0 Els alumnes que en fan \u00fas espor\u00e0dicament han d\u2019avisar abans de les 9\u201930h del mat\u00ed.<\/p>\n<p>En el cas dels alumnes fixes el cobrament es far\u00e0 pel banc igual que el rebut de l\u2019escola. Es carreguen els dies lectius que t\u00e9 el mes. Es descompten les sortides, excursions i col\u00f2nies. Les abs\u00e8ncies es retornen a partir del segon dia.<\/p>\n<p>En cas d\u2019utilitzar el servei de forma espor\u00e0dica cal comprar a Secretaria uns tiquets que s\u2019entregaran en arribar el dia que es vol utilitzar el servei de menjador.<\/p>\n<p><strong>MEN\u00da DE MENJADOR<\/strong><\/p>\n<p>Podeu descarregar el men\u00fa del menjador cada mes de l\u2019intranet de l\u2019escola.\u00a0 Tant el men\u00fa basal com els men\u00fas adaptats.<\/p>\n","protected":false},"excerpt":{"rendered":"<p>L\u2019 escola disposa d\u2019un servei de menjador amb cuina pr\u00f2pia gestionat per SANED una empresa externa.<br \/>\nSaned \u00e9s una empresa especialitzada en nutrici\u00f3 i educaci\u00f3 per a centres escolars. El seu servei de cuina in situ, ofereix una alimentaci\u00f3 variada, equilibrada i sana, afavorint l\u2019adquisici\u00f3 de&hellip;  <a href=\"https:\/\/agora.xtec.cat\/col-elpilar\/serveis\/menjador-escolar\/\" title=\"Read Cuina i menjador\">Llegeix m\u00e9s\u00bb<\/a><\/p>\n","protected":false},"author":2,"featured_media":0,"parent":66,"menu_order":30,"comment_status":"closed","ping_status":"closed","template":"page-templates\/side-menu.php","meta":{"_bbp_topic_count":0,"_bbp_reply_count":0,"_bbp_total_topic_count":0,"_bbp_total_reply_count":0,"_bbp_voice_count":0,"_bbp_anonymous_reply_count":0,"_bbp_topic_count_hidden":0,"_bbp_reply_count_hidden":0,"_bbp_forum_subforum_count":0,"footnotes":""},"class_list":["post-73","page","type-page","status-publish","hentry"],"post_mailing_queue_ids":[],"_links":{"self":[{"href":"https:\/\/agora.xtec.cat\/col-elpilar\/wp-json\/wp\/v2\/pages\/73","targetHints":{"allow":["GET"]}}],"collection":[{"href":"https:\/\/agora.xtec.cat\/col-elpilar\/wp-json\/wp\/v2\/pages"}],"about":[{"href":"https:\/\/agora.xtec.cat\/col-elpilar\/wp-json\/wp\/v2\/types\/page"}],"author":[{"embeddable":true,"href":"https:\/\/agora.xtec.cat\/col-elpilar\/wp-json\/wp\/v2\/users\/2"}],"replies":[{"embeddable":true,"href":"https:\/\/agora.xtec.cat\/col-elpilar\/wp-json\/wp\/v2\/comments?post=73"}],"version-history":[{"count":6,"href":"https:\/\/agora.xtec.cat\/col-elpilar\/wp-json\/wp\/v2\/pages\/73\/revisions"}],"predecessor-version":[{"id":7570,"href":"https:\/\/agora.xtec.cat\/col-elpilar\/wp-json\/wp\/v2\/pages\/73\/revisions\/7570"}],"up":[{"embeddable":true,"href":"https:\/\/agora.xtec.cat\/col-elpilar\/wp-json\/wp\/v2\/pages\/66"}],"wp:attachment":[{"href":"https:\/\/agora.xtec.cat\/col-elpilar\/wp-json\/wp\/v2\/media?parent=73"}],"curies":[{"name":"wp","href":"https:\/\/api.w.org\/{rel}","templated":true}]}}