{"id":729,"date":"2016-02-19T10:54:02","date_gmt":"2016-02-19T09:54:02","guid":{"rendered":"http:\/\/agora.xtec.cat\/col-elpilar\/?page_id=729"},"modified":"2026-02-06T19:34:56","modified_gmt":"2026-02-06T18:34:56","slug":"el-pilar","status":"publish","type":"page","link":"https:\/\/agora.xtec.cat\/col-elpilar\/lescola\/el-pilar\/","title":{"rendered":"El Pilar"},"content":{"rendered":"<p style=\"text-align: justify;\"><span lang=\"ES\">La nostra escola, EL PILAR, \u00e9s una escola que fa anys que camina amb un claustre format per docents amb una \u00e0mplia experi\u00e8ncia i capacitaci\u00f3 i nou professorat que ha anat incorporant-se amb un perfil innovador.\u00a0 \u00c9s en aquest sentit que parlem d&#8217;un centre que parteix d\u2019una gran experi\u00e8ncia per part del professorat que ha crescut i s\u2019ha format dins l\u2019escola per\u00f2, evidentment, tamb\u00e9 amb un nombre important de personal jove.<\/span><\/p>\n<p style=\"text-align: justify;\"><span lang=\"ES\">Tothom ha deixat la seva empremta. L\u2019escola \u00e9s tothom qui ha passat. Tots hem treballat i treballem per aconseguir la millor formaci\u00f3 acad\u00e8mica i personal dels nens\/es.<\/span><\/p>\n<p style=\"text-align: justify;\"><span lang=\"ES\">L\u2019escola per a nosaltres no s\u00f3n nom\u00e9s parets ni instal\u00b7lacions sin\u00f3 el personal hum\u00e0 que hi ha dins i del qual ens sentim molt orgullosos.<\/span><\/p>\n<p style=\"text-align: justify;\"><span lang=\"ES\">El Pilar som una escola petita i aix\u00f2 per a nosaltres \u00e9s important. El nen dins l\u2019escola t\u00e9 un nom propi. L\u2019escola \u00e9s com una petita fam\u00edlia on tothom es coneix i aix\u00f2 ens permet poder estar a l\u2019aguait i adonar-nos de qualsevol petit canvi en el tarann\u00e0 del nen.\u00a0<\/span><\/p>\n<p style=\"text-align: justify;\"><span lang=\"ES\">A l\u2019escola tenim Educaci\u00f3 Infantil, Prim\u00e0ria i Secund\u00e0ria (ESO). En aquest sentit, cobrim una etapa \u00e0mplia que va dels 3 anys als 16 anys.\u00a0<\/span><\/p>\n<p style=\"text-align: justify;\"><span lang=\"ES\">Com som una escola petita que ha anat creixent, estem distribu\u00efts en dos edificis. Al carrer Enric Granados 39 es troba l\u2019escola d\u2019Infantil i Prim\u00e0ria i al carrer Joan Prim 127 hi ha l\u2019edifici de Secund\u00e0ria.<\/span><\/p>\n<p style=\"text-align: justify;\"><span lang=\"ES\">El Pilar \u00e9s una escola amb 60\u00a0 anys d\u2019experi\u00e8ncia que evoluciona per garantir el repte d\u2019educar persones competents pel m\u00f3n del dem\u00e0.<\/span><\/p>\n<p style=\"text-align: justify;\"><span lang=\"ES\">Som conscients d\u2019aquells aspectes educatius essencials que cal mantenir i tamb\u00e9 de la necessitat d\u2019actualitzar-nos. Ens preocupa que els nens-nenes-nois-noies estiguin preparats per una societat del futur on m\u00e9s que els conceptes concrets, all\u00f2 important ser\u00e0 el saber prendre decisions, saber com actuar davant diferents circumst\u00e0ncies i, per tant, ser persones amb esperit cr\u00edtic i recursos.<\/span><\/p>\n<p><strong>El Pilar \u00e9s una escola compromesa amb la millora constant.<\/strong><\/p>\n","protected":false},"excerpt":{"rendered":"<p>La nostra escola, EL PILAR, \u00e9s una escola que fa anys que camina amb un claustre format per docents amb una \u00e0mplia experi\u00e8ncia i capacitaci\u00f3 i nou professorat que ha anat incorporant-se amb un perfil innovador.\u00a0 \u00c9s en aquest sentit que parlem d&#8217;un centre que&hellip;  <a href=\"https:\/\/agora.xtec.cat\/col-elpilar\/lescola\/el-pilar\/\" title=\"Read El Pilar\">Llegeix m\u00e9s\u00bb<\/a><\/p>\n","protected":false},"author":1,"featured_media":0,"parent":22,"menu_order":1,"comment_status":"closed","ping_status":"closed","template":"page-templates\/side-menu.php","meta":{"_bbp_topic_count":0,"_bbp_reply_count":0,"_bbp_total_topic_count":0,"_bbp_total_reply_count":0,"_bbp_voice_count":0,"_bbp_anonymous_reply_count":0,"_bbp_topic_count_hidden":0,"_bbp_reply_count_hidden":0,"_bbp_forum_subforum_count":0,"footnotes":""},"class_list":["post-729","page","type-page","status-publish","hentry"],"post_mailing_queue_ids":[],"_links":{"self":[{"href":"https:\/\/agora.xtec.cat\/col-elpilar\/wp-json\/wp\/v2\/pages\/729","targetHints":{"allow":["GET"]}}],"collection":[{"href":"https:\/\/agora.xtec.cat\/col-elpilar\/wp-json\/wp\/v2\/pages"}],"about":[{"href":"https:\/\/agora.xtec.cat\/col-elpilar\/wp-json\/wp\/v2\/types\/page"}],"author":[{"embeddable":true,"href":"https:\/\/agora.xtec.cat\/col-elpilar\/wp-json\/wp\/v2\/users\/1"}],"replies":[{"embeddable":true,"href":"https:\/\/agora.xtec.cat\/col-elpilar\/wp-json\/wp\/v2\/comments?post=729"}],"version-history":[{"count":5,"href":"https:\/\/agora.xtec.cat\/col-elpilar\/wp-json\/wp\/v2\/pages\/729\/revisions"}],"predecessor-version":[{"id":9151,"href":"https:\/\/agora.xtec.cat\/col-elpilar\/wp-json\/wp\/v2\/pages\/729\/revisions\/9151"}],"up":[{"embeddable":true,"href":"https:\/\/agora.xtec.cat\/col-elpilar\/wp-json\/wp\/v2\/pages\/22"}],"wp:attachment":[{"href":"https:\/\/agora.xtec.cat\/col-elpilar\/wp-json\/wp\/v2\/media?parent=729"}],"curies":[{"name":"wp","href":"https:\/\/api.w.org\/{rel}","templated":true}]}}