{"id":717,"date":"2016-02-19T09:34:37","date_gmt":"2016-02-19T08:34:37","guid":{"rendered":"http:\/\/agora.xtec.cat\/col-elpilar\/?page_id=717"},"modified":"2016-02-19T09:41:25","modified_gmt":"2016-02-19T08:41:25","slug":"breus-recomanacions","status":"publish","type":"page","link":"https:\/\/agora.xtec.cat\/col-elpilar\/com-decidir-escola\/breus-recomanacions\/","title":{"rendered":"Recomanacions"},"content":{"rendered":"<p style=\"text-align: justify;\">BREUS RECOMANACIONS<\/p>\n<p style=\"text-align: justify;\">Per a nosaltres, El Pilar, no existeix una escola bona o dolenta. El que s\u00ed hi ha \u00e9s l\u2019escola que m\u00e9s s\u2019ajusta a les idees i conviccions que cadasc\u00fa t\u00e9, l\u2019escola amb qui compartim m\u00e9s valors, en la que ens sentim m\u00e9s a gust, en la que confiem. Per aix\u00f2, partim de la necessitat que abans d\u2019escollir escola i comen\u00e7ar a visitar-les va b\u00e9 plantejar-se un seguit de preguntes:<\/p>\n<ul style=\"text-align: justify;\">\n<li>Quins valors s\u00f3n importants per a mi o nosaltres a nivell personal?<\/li>\n<li>Qu\u00e8 considero\/em prioritari en l\u2019educaci\u00f3 del nostre\/a fill\/a?<\/li>\n<li>Qu\u00e8 demano\/em a l\u2019escola del nostre\/a fill\/a?<\/li>\n<\/ul>\n<p style=\"text-align: justify;\">A partir d\u2019aquesta reflexi\u00f3 \u00e9s m\u00e9s f\u00e1cil poder identificar en cada una de les escoles que pugueu visitar amb quines coses esteu d\u2019acord i en quines no tant (el seu projecte educatiu, els objectius que pret\u00e9n, com treballa, a qu\u00e8 d\u00f3na m\u00e9s import\u00e0ncia, quins valors es treballen&#8230;).<\/p>\n<p style=\"text-align: justify;\">I de totes les escoles (amb les que compartireu m\u00e9s o menys idees) la millor escola pels vostres fills\/es ser\u00e0 aquella amb que us sentiu m\u00e9s propers, aquella amb que m\u00e9s coincidiu.<\/p>\n<p style=\"text-align: justify;\">A partir d\u2019aqu\u00ed, endavant, segur que no us equivoqueu. Estigueu tranquils.<\/p>\n","protected":false},"excerpt":{"rendered":"<p>BREUS RECOMANACIONS<br \/>\nPer a nosaltres, El Pilar, no existeix una escola bona o dolenta. El que s\u00ed hi ha \u00e9s l\u2019escola que m\u00e9s s\u2019ajusta a les idees i conviccions que cadasc\u00fa t\u00e9, l\u2019escola amb qui compartim m\u00e9s valors, en la que ens sentim m\u00e9s a gust,&hellip;  <a href=\"https:\/\/agora.xtec.cat\/col-elpilar\/com-decidir-escola\/breus-recomanacions\/\" title=\"Read Recomanacions\">Llegeix m\u00e9s\u00bb<\/a><\/p>\n","protected":false},"author":1,"featured_media":0,"parent":715,"menu_order":1,"comment_status":"closed","ping_status":"closed","template":"page-templates\/side-menu.php","meta":{"_bbp_topic_count":0,"_bbp_reply_count":0,"_bbp_total_topic_count":0,"_bbp_total_reply_count":0,"_bbp_voice_count":0,"_bbp_anonymous_reply_count":0,"_bbp_topic_count_hidden":0,"_bbp_reply_count_hidden":0,"_bbp_forum_subforum_count":0,"footnotes":""},"class_list":["post-717","page","type-page","status-publish","hentry"],"post_mailing_queue_ids":[],"_links":{"self":[{"href":"https:\/\/agora.xtec.cat\/col-elpilar\/wp-json\/wp\/v2\/pages\/717","targetHints":{"allow":["GET"]}}],"collection":[{"href":"https:\/\/agora.xtec.cat\/col-elpilar\/wp-json\/wp\/v2\/pages"}],"about":[{"href":"https:\/\/agora.xtec.cat\/col-elpilar\/wp-json\/wp\/v2\/types\/page"}],"author":[{"embeddable":true,"href":"https:\/\/agora.xtec.cat\/col-elpilar\/wp-json\/wp\/v2\/users\/1"}],"replies":[{"embeddable":true,"href":"https:\/\/agora.xtec.cat\/col-elpilar\/wp-json\/wp\/v2\/comments?post=717"}],"version-history":[{"count":2,"href":"https:\/\/agora.xtec.cat\/col-elpilar\/wp-json\/wp\/v2\/pages\/717\/revisions"}],"predecessor-version":[{"id":724,"href":"https:\/\/agora.xtec.cat\/col-elpilar\/wp-json\/wp\/v2\/pages\/717\/revisions\/724"}],"up":[{"embeddable":true,"href":"https:\/\/agora.xtec.cat\/col-elpilar\/wp-json\/wp\/v2\/pages\/715"}],"wp:attachment":[{"href":"https:\/\/agora.xtec.cat\/col-elpilar\/wp-json\/wp\/v2\/media?parent=717"}],"curies":[{"name":"wp","href":"https:\/\/api.w.org\/{rel}","templated":true}]}}