{"id":715,"date":"2016-02-19T09:33:18","date_gmt":"2016-02-19T08:33:18","guid":{"rendered":"http:\/\/agora.xtec.cat\/col-elpilar\/?page_id=715"},"modified":"2016-02-19T09:40:02","modified_gmt":"2016-02-19T08:40:02","slug":"com-decidir-escola","status":"publish","type":"page","link":"https:\/\/agora.xtec.cat\/col-elpilar\/com-decidir-escola\/","title":{"rendered":"Com decidir escola"},"content":{"rendered":"<p><strong>DECIDIR ESCOLA, UNA DIF\u00cdCIL TASCA<\/strong><\/p>\n<p style=\"text-align: justify;\">Decidir l\u2019escola dels vostres fills \u00e9s possiblement un dels aspectes m\u00e9s dif\u00edcils als que us heu hagut d\u2019afrontar. No \u00e9s una q\u00fcesti\u00f3 f\u00e0cil, perqu\u00e8 la decisi\u00f3 que es pren no \u00e9s passatgera o de poca durada. Es tracta d\u2019una decisi\u00f3 que cobreix una etapa for\u00e7a completa de la vostra vida i de la dels vostres fills-filles. A m\u00e9s, es tracta d\u2019un lloc on passaran moltes hores, fins i tot passaran all\u00e0 m\u00e9s temps del que estan amb vosaltres. Aix\u00f2 fa que sorgeixi la por d&#8217;equivocar-se. \u00c9s una d\u2019aquelles decisions boniques per\u00f2 dif\u00edcils perqu\u00e8 pensem que ens hi juguem molt. \u00c9s una important decisi\u00f3, \u00e9s una gran decisi\u00f3.<\/p>\n<p style=\"text-align: justify;\">Davant la por ens sorgeixen tot un seguit d\u2019interrogants: Ser\u00e0 l\u2019escola m\u00e9s adient? Em cobrir\u00e0 totes les espectatives? S\u2019adequar\u00e0 a la meva manera de pensar? Oferiran al meu fill all\u00f2 que jo busco? Ser\u00e0 la millor pel meu fill\/a? Ser\u00e0 una bona escola? Ensenyaran b\u00e9? Qu\u00e8 passar\u00e0 amb el meu fill si li costa? Qu\u00e8 passar\u00e0 amb el meu fill si t\u00e9 altes capacitats? Puc confiar en ella? Qu\u00e8 \u00e9s el que he de buscar en l\u2019escola? S\u00f3n molts interrogants i sovint estem fets un mar de dubtes.<\/p>\n<p style=\"text-align: justify;\">La nostra intenci\u00f3 amb aquestes l\u00ednies \u00e9s resoldre-us dubtes i donar-vos la informaci\u00f3 que nosaltres creiem necess\u00e0ria per ajudar-vos a prendre una decisi\u00f3 en la mida que ens sigui possible.<\/p>\n<p>&nbsp;<\/p>\n","protected":false},"excerpt":{"rendered":"<p>DECIDIR ESCOLA, UNA DIF\u00cdCIL TASCA<br \/>\nDecidir l\u2019escola dels vostres fills \u00e9s possiblement un dels aspectes m\u00e9s dif\u00edcils als que us heu hagut d\u2019afrontar. No \u00e9s una q\u00fcesti\u00f3 f\u00e0cil, perqu\u00e8 la decisi\u00f3 que es pren no \u00e9s passatgera o de poca durada. Es tracta d\u2019una decisi\u00f3 que&hellip;  <a href=\"https:\/\/agora.xtec.cat\/col-elpilar\/com-decidir-escola\/\" title=\"Read Com decidir escola\">Llegeix m\u00e9s\u00bb<\/a><\/p>\n","protected":false},"author":1,"featured_media":0,"parent":0,"menu_order":0,"comment_status":"closed","ping_status":"closed","template":"page-templates\/side-menu.php","meta":{"_bbp_topic_count":0,"_bbp_reply_count":0,"_bbp_total_topic_count":0,"_bbp_total_reply_count":0,"_bbp_voice_count":0,"_bbp_anonymous_reply_count":0,"_bbp_topic_count_hidden":0,"_bbp_reply_count_hidden":0,"_bbp_forum_subforum_count":0,"footnotes":""},"class_list":["post-715","page","type-page","status-publish","hentry"],"post_mailing_queue_ids":[],"_links":{"self":[{"href":"https:\/\/agora.xtec.cat\/col-elpilar\/wp-json\/wp\/v2\/pages\/715","targetHints":{"allow":["GET"]}}],"collection":[{"href":"https:\/\/agora.xtec.cat\/col-elpilar\/wp-json\/wp\/v2\/pages"}],"about":[{"href":"https:\/\/agora.xtec.cat\/col-elpilar\/wp-json\/wp\/v2\/types\/page"}],"author":[{"embeddable":true,"href":"https:\/\/agora.xtec.cat\/col-elpilar\/wp-json\/wp\/v2\/users\/1"}],"replies":[{"embeddable":true,"href":"https:\/\/agora.xtec.cat\/col-elpilar\/wp-json\/wp\/v2\/comments?post=715"}],"version-history":[{"count":1,"href":"https:\/\/agora.xtec.cat\/col-elpilar\/wp-json\/wp\/v2\/pages\/715\/revisions"}],"predecessor-version":[{"id":716,"href":"https:\/\/agora.xtec.cat\/col-elpilar\/wp-json\/wp\/v2\/pages\/715\/revisions\/716"}],"wp:attachment":[{"href":"https:\/\/agora.xtec.cat\/col-elpilar\/wp-json\/wp\/v2\/media?parent=715"}],"curies":[{"name":"wp","href":"https:\/\/api.w.org\/{rel}","templated":true}]}}