{"id":66,"date":"2014-09-18T12:40:47","date_gmt":"2014-09-18T12:40:47","guid":{"rendered":"http:\/\/agora.xtec.cat\/col-elpilar\/\/?page_id=66"},"modified":"2016-02-12T12:42:46","modified_gmt":"2016-02-12T11:42:46","slug":"serveis","status":"publish","type":"page","link":"https:\/\/agora.xtec.cat\/col-elpilar\/serveis\/","title":{"rendered":"Serveis"},"content":{"rendered":"<p>El centre disposa dels seg\u00fcents serveis:<\/p>\n<ul>\n<li>Servei de menjador escolar\u00a0amb cuina pr\u00f2pia<\/li>\n<li>Servei d&#8217;acollida matinal\u00a0de \u00be de 8 del mat\u00ed fins a l\u2019hora de comen\u00e7ar les classes<\/li>\n<li>Activitats extraescolars organitzades per l&#8217;AMPA<\/li>\n<li>Serveis digitals (Moodle, portal per a les fam\u00edlies, pissarres digitals a tots els grups, gesti\u00f3 acad\u00e8mica&#8230;)<\/li>\n<li>Casal d&#8217;estiu amb organitzaci\u00f3 externa<\/li>\n<\/ul>\n<p>Per con\u00e8ixer m\u00e9s sobre els diferents serveis que oferim podeu fer-ho a trav\u00e9s del men\u00fa lateral.<\/p>\n","protected":false},"excerpt":{"rendered":"<p>El centre disposa dels seg\u00fcents serveis:<\/p>\n<ul>\n<li>Servei de menjador escolar\u00a0amb cuina pr\u00f2pia<\/li>\n<li>Servei d&#8217;acollida matinal\u00a0de \u00be de 8 del mat\u00ed fins a l\u2019hora de comen\u00e7ar les classes<\/li>\n<li>Activitats extraescolars organitzades per l&#8217;AMPA<\/li>\n<li>Serveis digitals (Moodle, portal per a les fam\u00edlies, pissarres digitals a tots els grups, gesti\u00f3 acad\u00e8mica&#8230;)<\/li>\n<li>Casal d&#8217;estiu&hellip;  <a href=\"https:\/\/agora.xtec.cat\/col-elpilar\/serveis\/\" title=\"Read Serveis\">Llegeix m\u00e9s\u00bb<\/a><br \/>\n","protected":false},"author":2,"featured_media":0,"parent":0,"menu_order":0,"comment_status":"closed","ping_status":"closed","template":"page-templates\/side-menu.php","meta":{"_bbp_topic_count":0,"_bbp_reply_count":0,"_bbp_total_topic_count":0,"_bbp_total_reply_count":0,"_bbp_voice_count":0,"_bbp_anonymous_reply_count":0,"_bbp_topic_count_hidden":0,"_bbp_reply_count_hidden":0,"_bbp_forum_subforum_count":0,"footnotes":""},"class_list":["post-66","page","type-page","status-publish","hentry"],"post_mailing_queue_ids":[],"_links":{"self":[{"href":"https:\/\/agora.xtec.cat\/col-elpilar\/wp-json\/wp\/v2\/pages\/66","targetHints":{"allow":["GET"]}}],"collection":[{"href":"https:\/\/agora.xtec.cat\/col-elpilar\/wp-json\/wp\/v2\/pages"}],"about":[{"href":"https:\/\/agora.xtec.cat\/col-elpilar\/wp-json\/wp\/v2\/types\/page"}],"author":[{"embeddable":true,"href":"https:\/\/agora.xtec.cat\/col-elpilar\/wp-json\/wp\/v2\/users\/2"}],"replies":[{"embeddable":true,"href":"https:\/\/agora.xtec.cat\/col-elpilar\/wp-json\/wp\/v2\/comments?post=66"}],"version-history":[{"count":3,"href":"https:\/\/agora.xtec.cat\/col-elpilar\/wp-json\/wp\/v2\/pages\/66\/revisions"}],"predecessor-version":[{"id":249,"href":"https:\/\/agora.xtec.cat\/col-elpilar\/wp-json\/wp\/v2\/pages\/66\/revisions\/249"}],"wp:attachment":[{"href":"https:\/\/agora.xtec.cat\/col-elpilar\/wp-json\/wp\/v2\/media?parent=66"}],"curies":[{"name":"wp","href":"https:\/\/api.w.org\/{rel}","templated":true}]}}