{"id":6586,"date":"2023-02-21T20:43:49","date_gmt":"2023-02-21T19:43:49","guid":{"rendered":"https:\/\/agora.xtec.cat\/col-elpilar\/?page_id=6586"},"modified":"2024-04-25T17:19:38","modified_gmt":"2024-04-25T15:19:38","slug":"el-gust-per-la-lectura","status":"publish","type":"page","link":"https:\/\/agora.xtec.cat\/col-elpilar\/projecte-educatiu\/projectes\/el-gust-per-la-lectura\/","title":{"rendered":"El Gust per la Lectura"},"content":{"rendered":"<p><span dir=\"ltr\" role=\"presentation\">El programa <a href=\"https:\/\/xtec.gencat.cat\/ca\/projectes\/lectura\/gustperlalectura\" target=\"_blank\" rel=\"noopener\">El Gust per la Lectura<\/a> \u00e9s un <a href=\"https:\/\/xtec.gencat.cat\/ca\/centres\/premis-i-concursos\/\" target=\"_blank\" rel=\"noopener\">concurs<\/a> i una iniciativa pedag\u00f2gica amb el suport del <a href=\"https:\/\/educacio.gencat.cat\/ca\/inici\/index.html\" target=\"_blank\" rel=\"noopener\">Departament d&#8217;Ensenyament de la Generalitat de Catalunya<\/a> que t\u00e9 per objectiu la formaci\u00f3 de bons lectors i lectores. Es tracta que, al llarg de la seva formaci\u00f3 educativa, els nostres alumnes esdevinguin lectors competents, cr\u00edtics i capa\u00e7os de gaudir del plaer de la lectura.<\/span><\/p>\n<p><span dir=\"ltr\" role=\"presentation\">L&#8217;alumnat ha estat el <\/span><span dir=\"ltr\" role=\"presentation\">vertader protagonista de l\u2019acci\u00f3 educativa, ja que tot el treball ha estat realitzat i basat en els seus<\/span> <span dir=\"ltr\" role=\"presentation\">aprenentatges i en la seva imaginaci\u00f3.<\/span><\/p>\n<p><span dir=\"ltr\" role=\"presentation\">Es fan lectures model en veu alta, l<\/span><span dir=\"ltr\" role=\"presentation\">legint el t\u00edtol i fent hip\u00f2tesis sobre el que pot passar a la hist\u00f2ria.<\/span><\/p>\n<p><span dir=\"ltr\" role=\"presentation\"> \u00c9s molt important no fer <\/span><span dir=\"ltr\" role=\"presentation\">la lectura seguida, aturar-se de tant en tant per preguntar i fer participar els alumnes per assegurar la seva comprensi\u00f3 i escolta activa. <\/span><\/p>\n<p><span dir=\"ltr\" role=\"presentation\">Tots els<\/span> <span dir=\"ltr\" role=\"presentation\">cap\u00edtols van acompanyats d\u2019una reflexi\u00f3 final, donant l&#8217;oportunitat perqu\u00e8 els alumnes comentin i valorin el que s&#8217;ha llegit, donant valor a les diferents aportacions.<\/span><\/p>\n<table style=\"border-collapse: collapse; width: 64.8296%;\">\n<tbody>\n<tr>\n<td style=\"width: 30%; text-align: center; font-size: 24px;\"><img loading=\"lazy\" decoding=\"async\" class=\"wp-image-7746 aligncenter\" src=\"https:\/\/agora.xtec.cat\/col-elpilar\/wp-content\/uploads\/usu291\/2024\/04\/2024-LOGO_Petit-HI-PARTICIPEM-1-300x300.png\" alt=\"Logo dels projectes El Gust Per La Lectura, gestionat pel Departament d'Educaci\u00f3 de la Generalitat de Catalunya\" width=\"151\" height=\"151\" srcset=\"https:\/\/agora.xtec.cat\/col-elpilar\/wp-content\/uploads\/usu291\/2024\/04\/2024-LOGO_Petit-HI-PARTICIPEM-1-300x300.png 300w, https:\/\/agora.xtec.cat\/col-elpilar\/wp-content\/uploads\/usu291\/2024\/04\/2024-LOGO_Petit-HI-PARTICIPEM-1-1024x1024.png 1024w, https:\/\/agora.xtec.cat\/col-elpilar\/wp-content\/uploads\/usu291\/2024\/04\/2024-LOGO_Petit-HI-PARTICIPEM-1-150x150.png 150w, https:\/\/agora.xtec.cat\/col-elpilar\/wp-content\/uploads\/usu291\/2024\/04\/2024-LOGO_Petit-HI-PARTICIPEM-1-768x768.png 768w, https:\/\/agora.xtec.cat\/col-elpilar\/wp-content\/uploads\/usu291\/2024\/04\/2024-LOGO_Petit-HI-PARTICIPEM-1-1536x1536.png 1536w, https:\/\/agora.xtec.cat\/col-elpilar\/wp-content\/uploads\/usu291\/2024\/04\/2024-LOGO_Petit-HI-PARTICIPEM-1.png 1563w\" sizes=\"auto, (max-width: 151px) 100vw, 151px\" \/><\/td>\n<td style=\"width: 30%; text-align: center; font-size: 24px;\"><a href=\"https:\/\/agora.xtec.cat\/col-elpilar\/general\/el-gust-per-la-lectura-3pri\/\"><b>PROJECTE 3r PRIM\u00c0RIA<\/b><\/a><\/td>\n<td style=\"width: 30%; text-align: center; font-size: 24px;\"><a href=\"https:\/\/agora.xtec.cat\/col-elpilar\/portada\/5e-de-primaria-i-els-postits-del-senyor-nohisoc\/\"><b>PROJECTE 4t PRIM\u00c0RIA<\/b><\/a><\/td>\n<\/tr>\n<tr>\n<td style=\"width: 30%; text-align: center; font-size: 24px;\"><img loading=\"lazy\" decoding=\"async\" class=\"wp-image-6587 aligncenter\" src=\"https:\/\/agora.xtec.cat\/col-elpilar\/wp-content\/uploads\/usu291\/2023\/03\/2023_hi_participem_petit-noulogo.png\" alt=\"Logo concurs El Gust per la Lectura\" width=\"153\" height=\"153\" srcset=\"https:\/\/agora.xtec.cat\/col-elpilar\/wp-content\/uploads\/usu291\/2023\/03\/2023_hi_participem_petit-noulogo.png 375w, https:\/\/agora.xtec.cat\/col-elpilar\/wp-content\/uploads\/usu291\/2023\/03\/2023_hi_participem_petit-noulogo-300x300.png 300w, https:\/\/agora.xtec.cat\/col-elpilar\/wp-content\/uploads\/usu291\/2023\/03\/2023_hi_participem_petit-noulogo-150x150.png 150w\" sizes=\"auto, (max-width: 153px) 100vw, 153px\" \/><\/td>\n<td style=\"width: 30%; text-align: center; font-size: 24px;\"><a href=\"https:\/\/agora.xtec.cat\/col-elpilar\/general\/el-gust-per-la-lectura-2023-4t\/\"><b>PROJECTE 4t PRIM\u00c0RIA<\/b><\/a><\/td>\n<td style=\"width: 30%; text-align: center; font-size: 24px;\"><a href=\"https:\/\/agora.xtec.cat\/col-elpilar\/general\/el-gust-per-la-lectura-projecte-5e-primaria\/\"><b>PROJECTE 5\u00e8 PRIM\u00c0RIA<\/b><\/a><\/td>\n<\/tr>\n<tr>\n<td style=\"width: 30%; text-align: center; font-size: 24px;\"><img loading=\"lazy\" decoding=\"async\" class=\"wp-image-6587 aligncenter\" src=\"https:\/\/agora.xtec.cat\/col-elpilar\/wp-content\/uploads\/usu291\/2021\/05\/Gust-per-la-Lectura-2021-web.png\" alt=\"Logo concurs El Gust per la Lectura\" width=\"153\" height=\"153\" \/><\/td>\n<td style=\"width: 30%; text-align: center; font-size: 24px;\"><a href=\"https:\/\/agora.xtec.cat\/col-elpilar\/general\/el-gust-per-la-lectura-a-3r-de-primaria-el-bosc-que-volem\/\"><b>PROJECTE 3r PRIM\u00c0RIA<\/b><\/a><\/td>\n<td style=\"width: 30%; text-align: center; font-size: 24px;\"><a href=\"https:\/\/agora.xtec.cat\/col-elpilar\/general\/el-gust-per-la-lectura-a-4t-de-primaria\/\"><b>PROJECTE 4t PRIM\u00c0RIA<\/b><\/a><\/td>\n<\/tr>\n<tr>\n<td style=\"width: 30%; text-align: center; font-size: 24px;\"><\/td>\n<td style=\"width: 30%; text-align: center; font-size: 24px;\"><a href=\"https:\/\/agora.xtec.cat\/col-elpilar\/general\/el-gust-per-la-lectura-a-1r-de-primaria\/\"><b>PROJECTE 1r PRIM\u00c0RIA<\/b><\/a><\/td>\n<td style=\"width: 30%; text-align: center; font-size: 24px;\"><a href=\"https:\/\/agora.xtec.cat\/col-elpilar\/general\/el-gust-per-la-lectura-a-2n-de-primaria-cent-llavors-que-van-volar\/\"><b>PROJECTE 2n PRIM\u00c0RIA<\/b><\/a><\/td>\n<\/tr>\n<\/tbody>\n<\/table>\n","protected":false},"excerpt":{"rendered":"<p>El programa <a href=\"https:\/\/xtec.gencat.cat\/ca\/projectes\/lectura\/gustperlalectura\" target=\"_blank\" rel=\"noopener\">El Gust per la Lectura<\/a> \u00e9s un <a href=\"https:\/\/xtec.gencat.cat\/ca\/centres\/premis-i-concursos\/\" target=\"_blank\" rel=\"noopener\">concurs<\/a> i una iniciativa pedag\u00f2gica amb el suport del <a href=\"https:\/\/educacio.gencat.cat\/ca\/inici\/index.html\" target=\"_blank\" rel=\"noopener\">Departament d&#8217;Ensenyament de la Generalitat de Catalunya<\/a> que t\u00e9 per objectiu la formaci\u00f3 de bons lectors i lectores.&hellip;  <a href=\"https:\/\/agora.xtec.cat\/col-elpilar\/projecte-educatiu\/projectes\/el-gust-per-la-lectura\/\" title=\"Read El Gust per la Lectura\">Llegeix m\u00e9s\u00bb<\/a><\/p>\n","protected":false},"author":1,"featured_media":0,"parent":271,"menu_order":0,"comment_status":"closed","ping_status":"closed","template":"page-templates\/side-menu.php","meta":{"_bbp_topic_count":0,"_bbp_reply_count":0,"_bbp_total_topic_count":0,"_bbp_total_reply_count":0,"_bbp_voice_count":0,"_bbp_anonymous_reply_count":0,"_bbp_topic_count_hidden":0,"_bbp_reply_count_hidden":0,"_bbp_forum_subforum_count":0,"footnotes":""},"class_list":["post-6586","page","type-page","status-publish","hentry"],"post_mailing_queue_ids":[],"_links":{"self":[{"href":"https:\/\/agora.xtec.cat\/col-elpilar\/wp-json\/wp\/v2\/pages\/6586","targetHints":{"allow":["GET"]}}],"collection":[{"href":"https:\/\/agora.xtec.cat\/col-elpilar\/wp-json\/wp\/v2\/pages"}],"about":[{"href":"https:\/\/agora.xtec.cat\/col-elpilar\/wp-json\/wp\/v2\/types\/page"}],"author":[{"embeddable":true,"href":"https:\/\/agora.xtec.cat\/col-elpilar\/wp-json\/wp\/v2\/users\/1"}],"replies":[{"embeddable":true,"href":"https:\/\/agora.xtec.cat\/col-elpilar\/wp-json\/wp\/v2\/comments?post=6586"}],"version-history":[{"count":6,"href":"https:\/\/agora.xtec.cat\/col-elpilar\/wp-json\/wp\/v2\/pages\/6586\/revisions"}],"predecessor-version":[{"id":7762,"href":"https:\/\/agora.xtec.cat\/col-elpilar\/wp-json\/wp\/v2\/pages\/6586\/revisions\/7762"}],"up":[{"embeddable":true,"href":"https:\/\/agora.xtec.cat\/col-elpilar\/wp-json\/wp\/v2\/pages\/271"}],"wp:attachment":[{"href":"https:\/\/agora.xtec.cat\/col-elpilar\/wp-json\/wp\/v2\/media?parent=6586"}],"curies":[{"name":"wp","href":"https:\/\/api.w.org\/{rel}","templated":true}]}}