{"id":34,"date":"2014-09-18T12:32:18","date_gmt":"2014-09-18T12:32:18","guid":{"rendered":"http:\/\/agora.xtec.cat\/col-elpilar\/\/?page_id=34"},"modified":"2025-03-05T20:14:41","modified_gmt":"2025-03-05T19:14:41","slug":"oferta-educativa","status":"publish","type":"page","link":"https:\/\/agora.xtec.cat\/col-elpilar\/lescola\/oferta-educativa\/","title":{"rendered":"Oferta educativa"},"content":{"rendered":"<p style=\"color: #444444; text-align: justify;\">El Pilar \u00e9s un centre docent laic, privat concertat pel Departament d&#8217;Educaci\u00f3 de la Generalitat de Catalunya en totes les seves etapes educatives.<\/p>\n<p style=\"color: #444444; text-align: justify;\">La nostra escola ofereix una l\u00ednia des d&#8217; Educaci\u00f3 Infantil de 3 anys fins a 4t d&#8217;ESO en continu\u00eftat educativa entre les etapes diferenciades d&#8217;Infantil, Prim\u00e0ria i Secund\u00e0ria.<\/p>\n<ul style=\"list-style-type: circle;\">\n<li>Educaci\u00f3 Infantil (de 3 a 6 anys)<\/li>\n<li>Educaci\u00f3 Prim\u00e0ria (de 6 a 12 anys)<\/li>\n<li>Educaci\u00f3 Secund\u00e0ria (de 12 a 16 anys)<\/li>\n<\/ul>\n<p style=\"color: #444444; text-align: justify;\">La continu\u00eftat la garanteix un equip de professors cohesionat. \u00a0Molts d&#8217;ells treballen en m\u00e9s d&#8217;una etapa.<\/p>\n<p style=\"color: #444444; text-align: justify;\">Progressivament es va enriquint l&#8217;especialitzaci\u00f3 del professorat, mantenint alhora la import\u00e0ncia de la coordinaci\u00f3 al voltant del tutor de grup.<\/p>\n<p style=\"color: #444444;\">\n","protected":false},"excerpt":{"rendered":"<p>El Pilar \u00e9s un centre docent laic, privat concertat pel Departament d&#8217;Educaci\u00f3 de la Generalitat de Catalunya en totes les seves etapes educatives.<br \/>\nLa nostra escola ofereix una l\u00ednia des d&#8217; Educaci\u00f3 Infantil de 3 anys fins a 4t d&#8217;ESO en continu\u00eftat educativa entre les etapes&hellip;  <a href=\"https:\/\/agora.xtec.cat\/col-elpilar\/lescola\/oferta-educativa\/\" title=\"Read Oferta educativa\">Llegeix m\u00e9s\u00bb<\/a><\/p>\n","protected":false},"author":2,"featured_media":0,"parent":22,"menu_order":4,"comment_status":"closed","ping_status":"closed","template":"page-templates\/side-menu.php","meta":{"_bbp_topic_count":0,"_bbp_reply_count":0,"_bbp_total_topic_count":0,"_bbp_total_reply_count":0,"_bbp_voice_count":0,"_bbp_anonymous_reply_count":0,"_bbp_topic_count_hidden":0,"_bbp_reply_count_hidden":0,"_bbp_forum_subforum_count":0,"footnotes":""},"class_list":["post-34","page","type-page","status-publish","hentry"],"post_mailing_queue_ids":[],"_links":{"self":[{"href":"https:\/\/agora.xtec.cat\/col-elpilar\/wp-json\/wp\/v2\/pages\/34","targetHints":{"allow":["GET"]}}],"collection":[{"href":"https:\/\/agora.xtec.cat\/col-elpilar\/wp-json\/wp\/v2\/pages"}],"about":[{"href":"https:\/\/agora.xtec.cat\/col-elpilar\/wp-json\/wp\/v2\/types\/page"}],"author":[{"embeddable":true,"href":"https:\/\/agora.xtec.cat\/col-elpilar\/wp-json\/wp\/v2\/users\/2"}],"replies":[{"embeddable":true,"href":"https:\/\/agora.xtec.cat\/col-elpilar\/wp-json\/wp\/v2\/comments?post=34"}],"version-history":[{"count":5,"href":"https:\/\/agora.xtec.cat\/col-elpilar\/wp-json\/wp\/v2\/pages\/34\/revisions"}],"predecessor-version":[{"id":8392,"href":"https:\/\/agora.xtec.cat\/col-elpilar\/wp-json\/wp\/v2\/pages\/34\/revisions\/8392"}],"up":[{"embeddable":true,"href":"https:\/\/agora.xtec.cat\/col-elpilar\/wp-json\/wp\/v2\/pages\/22"}],"wp:attachment":[{"href":"https:\/\/agora.xtec.cat\/col-elpilar\/wp-json\/wp\/v2\/media?parent=34"}],"curies":[{"name":"wp","href":"https:\/\/api.w.org\/{rel}","templated":true}]}}