{"id":3230,"date":"2020-02-22T21:35:10","date_gmt":"2020-02-22T20:35:10","guid":{"rendered":"http:\/\/agora.xtec.cat\/col-elpilar\/?page_id=3230"},"modified":"2020-02-22T21:38:04","modified_gmt":"2020-02-22T20:38:04","slug":"english-day","status":"publish","type":"page","link":"https:\/\/agora.xtec.cat\/col-elpilar\/eduquem-en-lesforc-i-lautoexigencia\/english-day\/","title":{"rendered":"English Day"},"content":{"rendered":"<p style=\"text-align: justify;\">El curs 2018-19 vam crear una nova festa a l&#8217;escola, es tracta de\u00a0 l\u2019English day.<\/p>\n\n\t\t<style type=\"text\/css\">\n\t\t\t#gallery-1 {\n\t\t\t\tmargin: auto;\n\t\t\t}\n\t\t\t#gallery-1 .gallery-item {\n\t\t\t\tfloat: left;\n\t\t\t\tmargin-top: 10px;\n\t\t\t\ttext-align: center;\n\t\t\t\twidth: 50%;\n\t\t\t}\n\t\t\t#gallery-1 img {\n\t\t\t\tborder: 2px solid #cfcfcf;\n\t\t\t}\n\t\t\t#gallery-1 .gallery-caption {\n\t\t\t\tmargin-left: 0;\n\t\t\t}\n\t\t\t\/* see gallery_shortcode() in wp-includes\/media.php *\/\n\t\t<\/style>\n\t\t<div id='gallery-1' class='gallery galleryid-3230 gallery-columns-2 gallery-size-medium'><dl class='gallery-item'>\n\t\t\t<dt class='gallery-icon landscape'>\n\t\t\t\t<a href='https:\/\/agora.xtec.cat\/col-elpilar\/eduquem-en-lesforc-i-lautoexigencia\/english-day\/attachment\/img_20190523_113159\/'><img loading=\"lazy\" decoding=\"async\" width=\"300\" height=\"225\" src=\"https:\/\/agora.xtec.cat\/col-elpilar\/wp-content\/uploads\/usu291\/2020\/02\/IMG_20190523_113159-300x225.jpg\" class=\"attachment-medium size-medium\" alt=\"\" srcset=\"https:\/\/agora.xtec.cat\/col-elpilar\/wp-content\/uploads\/usu291\/2020\/02\/IMG_20190523_113159-300x225.jpg 300w, https:\/\/agora.xtec.cat\/col-elpilar\/wp-content\/uploads\/usu291\/2020\/02\/IMG_20190523_113159-768x576.jpg 768w, https:\/\/agora.xtec.cat\/col-elpilar\/wp-content\/uploads\/usu291\/2020\/02\/IMG_20190523_113159-200x150.jpg 200w, https:\/\/agora.xtec.cat\/col-elpilar\/wp-content\/uploads\/usu291\/2020\/02\/IMG_20190523_113159.jpg 782w\" sizes=\"auto, (max-width: 300px) 100vw, 300px\" \/><\/a>\n\t\t\t<\/dt><\/dl><dl class='gallery-item'>\n\t\t\t<dt class='gallery-icon landscape'>\n\t\t\t\t<a href='https:\/\/agora.xtec.cat\/col-elpilar\/eduquem-en-lesforc-i-lautoexigencia\/english-day\/attachment\/img_20190523_113207\/'><img loading=\"lazy\" decoding=\"async\" width=\"300\" height=\"225\" src=\"https:\/\/agora.xtec.cat\/col-elpilar\/wp-content\/uploads\/usu291\/2020\/02\/IMG_20190523_113207-300x225.jpg\" class=\"attachment-medium size-medium\" alt=\"\" srcset=\"https:\/\/agora.xtec.cat\/col-elpilar\/wp-content\/uploads\/usu291\/2020\/02\/IMG_20190523_113207-300x225.jpg 300w, https:\/\/agora.xtec.cat\/col-elpilar\/wp-content\/uploads\/usu291\/2020\/02\/IMG_20190523_113207-768x576.jpg 768w, https:\/\/agora.xtec.cat\/col-elpilar\/wp-content\/uploads\/usu291\/2020\/02\/IMG_20190523_113207-200x150.jpg 200w, https:\/\/agora.xtec.cat\/col-elpilar\/wp-content\/uploads\/usu291\/2020\/02\/IMG_20190523_113207.jpg 782w\" sizes=\"auto, (max-width: 300px) 100vw, 300px\" \/><\/a>\n\t\t\t<\/dt><\/dl><br style=\"clear: both\" \/>\n\t\t<\/div>\n\n<p style=\"text-align: justify;\">Aquesta festa est\u00e0 organitzada per tots els docents que imparteixen angl\u00e8s a cada una de les etapes (infantil-prim\u00e0ria i secund\u00e0ria).\u00a0 Es tracta d\u2019una jornada que t\u00e9 com a objectiu realitzar al llarg del dia un seguit d&#8217;activitats en que l&#8217;angl\u00e8s sigui la \u00fanica llengua de comunicaci\u00f3, des de l\u2019entrada al mat\u00ed\u00a0 fins a la sortida.<\/p>\n<p style=\"text-align: justify;\">Com totes les nostres festes \u00e9s treballa de manera transversal i incideix en tots\u00a0 els alumnes de l&#8217;escola siguin petits o grans.\u00a0 Aprofitem tamb\u00e9 aquest dia per treballar algunes activitats internivells aparellant cursos d&#8217;infantil, prim\u00e0ria i secund\u00e0ria.<\/p>\n<p style=\"text-align: justify;\">En aquesta primera edici\u00f3, al llarg de la jornada es van realitzar diferents tallers amb la col\u00b7laboraci\u00f3 i cooperaci\u00f3 de tots amb tots. Aix\u00ed, el dia s&#8217;organitza\u00a0 en diferents franges hor\u00e0ries i diferents activitats.<\/p>\n<p><a href=\"http:\/\/agora.xtec.cat\/col-elpilar\/english-day\/attachment\/english-day-2\/\" rel=\"attachment wp-att-3238\"><img loading=\"lazy\" decoding=\"async\" class=\"aligncenter wp-image-3238 size-full\" src=\"https:\/\/agora.xtec.cat\/col-elpilar\/wp-content\/uploads\/usu291\/2020\/02\/english-day.png\" alt=\"\" width=\"700\" height=\"1004\" srcset=\"https:\/\/agora.xtec.cat\/col-elpilar\/wp-content\/uploads\/usu291\/2020\/02\/english-day.png 700w, https:\/\/agora.xtec.cat\/col-elpilar\/wp-content\/uploads\/usu291\/2020\/02\/english-day-209x300.png 209w\" sizes=\"auto, (max-width: 700px) 100vw, 700px\" \/><\/a><\/p>\n<p>&nbsp;<\/p>\n<p>&nbsp;<\/p>\n<p><a href=\"http:\/\/agora.xtec.cat\/col-elpilar\/english-day\/attachment\/04english-day-1\/\" rel=\"attachment wp-att-3237\"><img loading=\"lazy\" decoding=\"async\" class=\"aligncenter size-medium wp-image-3237\" src=\"https:\/\/agora.xtec.cat\/col-elpilar\/wp-content\/uploads\/usu291\/2020\/02\/04English-Day-1-300x150.jpg\" alt=\"\" width=\"300\" height=\"150\" srcset=\"https:\/\/agora.xtec.cat\/col-elpilar\/wp-content\/uploads\/usu291\/2020\/02\/04English-Day-1-300x150.jpg 300w, https:\/\/agora.xtec.cat\/col-elpilar\/wp-content\/uploads\/usu291\/2020\/02\/04English-Day-1-768x384.jpg 768w, https:\/\/agora.xtec.cat\/col-elpilar\/wp-content\/uploads\/usu291\/2020\/02\/04English-Day-1-1024x512.jpg 1024w, https:\/\/agora.xtec.cat\/col-elpilar\/wp-content\/uploads\/usu291\/2020\/02\/04English-Day-1.jpg 1200w\" sizes=\"auto, (max-width: 300px) 100vw, 300px\" \/><\/a><\/p>\n<p>&nbsp;<\/p>\n","protected":false},"excerpt":{"rendered":"<p>El curs 2018-19 vam crear una nova festa a l&#8217;escola, es tracta de\u00a0 l\u2019English day.<\/p>\n<p>\t\t\t#gallery-2 {<br \/>\n\t\t\t\tmargin: auto;<br \/>\n\t\t\t}<br \/>\n\t\t\t#gallery-2 .gallery-item {<br \/>\n\t\t\t\tfloat: left;<br \/>\n\t\t\t\tmargin-top: 10px;<br \/>\n\t\t\t\ttext-align: center;<br \/>\n\t\t\t\twidth: 50%;<br \/>\n\t\t\t}<br \/>\n\t\t\t#gallery-2 img {<br \/>\n\t\t\t\tborder: 2px solid #cfcfcf;<br \/>\n\t\t\t}<br \/>\n\t\t\t#gallery-2 .gallery-caption {<br \/>\n\t\t\t\tmargin-left: 0;<br \/>\n\t\t\t}<br \/>\n\t\t\t\/* see gallery_shortcode() in wp-includes\/media.php *\/<\/p>\n<p>\t\t\t\t<a href='https:\/\/agora.xtec.cat\/col-elpilar\/eduquem-en-lesforc-i-lautoexigencia\/english-day\/attachment\/img_20190523_113159\/'><\/a><\/p>\n<p>\t\t\t\t<a href='https:\/\/agora.xtec.cat\/col-elpilar\/eduquem-en-lesforc-i-lautoexigencia\/english-day\/attachment\/img_20190523_113207\/'><\/a><\/p>\n<p>Aquesta festa est\u00e0 organitzada per tots els docents&hellip;  <a href=\"https:\/\/agora.xtec.cat\/col-elpilar\/eduquem-en-lesforc-i-lautoexigencia\/english-day\/\" title=\"Read English Day\">Llegeix m\u00e9s\u00bb<\/a><\/p>\n","protected":false},"author":1,"featured_media":0,"parent":212,"menu_order":7,"comment_status":"closed","ping_status":"closed","template":"","meta":{"_bbp_topic_count":0,"_bbp_reply_count":0,"_bbp_total_topic_count":0,"_bbp_total_reply_count":0,"_bbp_voice_count":0,"_bbp_anonymous_reply_count":0,"_bbp_topic_count_hidden":0,"_bbp_reply_count_hidden":0,"_bbp_forum_subforum_count":0,"footnotes":""},"class_list":["post-3230","page","type-page","status-publish","hentry"],"post_mailing_queue_ids":[],"_links":{"self":[{"href":"https:\/\/agora.xtec.cat\/col-elpilar\/wp-json\/wp\/v2\/pages\/3230","targetHints":{"allow":["GET"]}}],"collection":[{"href":"https:\/\/agora.xtec.cat\/col-elpilar\/wp-json\/wp\/v2\/pages"}],"about":[{"href":"https:\/\/agora.xtec.cat\/col-elpilar\/wp-json\/wp\/v2\/types\/page"}],"author":[{"embeddable":true,"href":"https:\/\/agora.xtec.cat\/col-elpilar\/wp-json\/wp\/v2\/users\/1"}],"replies":[{"embeddable":true,"href":"https:\/\/agora.xtec.cat\/col-elpilar\/wp-json\/wp\/v2\/comments?post=3230"}],"version-history":[{"count":3,"href":"https:\/\/agora.xtec.cat\/col-elpilar\/wp-json\/wp\/v2\/pages\/3230\/revisions"}],"predecessor-version":[{"id":3241,"href":"https:\/\/agora.xtec.cat\/col-elpilar\/wp-json\/wp\/v2\/pages\/3230\/revisions\/3241"}],"up":[{"embeddable":true,"href":"https:\/\/agora.xtec.cat\/col-elpilar\/wp-json\/wp\/v2\/pages\/212"}],"wp:attachment":[{"href":"https:\/\/agora.xtec.cat\/col-elpilar\/wp-json\/wp\/v2\/media?parent=3230"}],"curies":[{"name":"wp","href":"https:\/\/api.w.org\/{rel}","templated":true}]}}