{"id":305,"date":"2016-02-12T14:54:34","date_gmt":"2016-02-12T13:54:34","guid":{"rendered":"http:\/\/agora.xtec.cat\/col-elpilar\/?page_id=305"},"modified":"2026-02-06T19:30:23","modified_gmt":"2026-02-06T18:30:23","slug":"anem-a-lhort","status":"publish","type":"page","link":"https:\/\/agora.xtec.cat\/col-elpilar\/projecte-educatiu\/projectes\/anem-a-lhort\/","title":{"rendered":"L&#8217;HORT DE L&#8217;ESCOLA: APRENDRE TENINT CURA DE LA NATURA."},"content":{"rendered":"<p><img loading=\"lazy\" decoding=\"async\" class=\"alignleft wp-image-9147 size-medium\" src=\"https:\/\/agora.xtec.cat\/col-elpilar\/wp-content\/uploads\/usu291\/2026\/02\/IMG_20251107_162227-225x300.jpg\" alt=\"\" width=\"225\" height=\"300\" srcset=\"https:\/\/agora.xtec.cat\/col-elpilar\/wp-content\/uploads\/usu291\/2026\/02\/IMG_20251107_162227-225x300.jpg 225w, https:\/\/agora.xtec.cat\/col-elpilar\/wp-content\/uploads\/usu291\/2026\/02\/IMG_20251107_162227-769x1024.jpg 769w, https:\/\/agora.xtec.cat\/col-elpilar\/wp-content\/uploads\/usu291\/2026\/02\/IMG_20251107_162227-768x1023.jpg 768w, https:\/\/agora.xtec.cat\/col-elpilar\/wp-content\/uploads\/usu291\/2026\/02\/IMG_20251107_162227-1153x1536.jpg 1153w, https:\/\/agora.xtec.cat\/col-elpilar\/wp-content\/uploads\/usu291\/2026\/02\/IMG_20251107_162227-1538x2048.jpg 1538w, https:\/\/agora.xtec.cat\/col-elpilar\/wp-content\/uploads\/usu291\/2026\/02\/IMG_20251107_162227-scaled.jpg 1922w\" sizes=\"auto, (max-width: 225px) 100vw, 225px\" \/><\/p>\n<p>A\u00a0<strong>l\u2019Escola El Pilar<\/strong>, l\u2019hort no \u00e9s nom\u00e9s un espai verd, sin\u00f3\u00a0<strong>un projecte viu que acompanya els alumnes de 1r de prim\u00e0ria al llarg de tot el curs<\/strong>. Cada setmana, els nens i nenes pujen a l\u2019hort situat al costat de l\u2019edifici de secund\u00e0ria per treballar i cuidar les seves parcel\u00b7les.<\/p>\n<p>\u00c9s tracta d&#8217;un projecte que ens acompanya des de fa molts anys i que cada curs creix i evoluciona.<\/p>\n<p>&nbsp;<\/p>\n<p><img loading=\"lazy\" decoding=\"async\" class=\"wp-image-9146 size-medium alignright\" src=\"https:\/\/agora.xtec.cat\/col-elpilar\/wp-content\/uploads\/usu291\/2026\/02\/IMG_20251107_164239-1-225x300.jpg\" alt=\"\" width=\"225\" height=\"300\" srcset=\"https:\/\/agora.xtec.cat\/col-elpilar\/wp-content\/uploads\/usu291\/2026\/02\/IMG_20251107_164239-1-225x300.jpg 225w, https:\/\/agora.xtec.cat\/col-elpilar\/wp-content\/uploads\/usu291\/2026\/02\/IMG_20251107_164239-1-769x1024.jpg 769w, https:\/\/agora.xtec.cat\/col-elpilar\/wp-content\/uploads\/usu291\/2026\/02\/IMG_20251107_164239-1-768x1023.jpg 768w, https:\/\/agora.xtec.cat\/col-elpilar\/wp-content\/uploads\/usu291\/2026\/02\/IMG_20251107_164239-1-1153x1536.jpg 1153w, https:\/\/agora.xtec.cat\/col-elpilar\/wp-content\/uploads\/usu291\/2026\/02\/IMG_20251107_164239-1-1538x2048.jpg 1538w, https:\/\/agora.xtec.cat\/col-elpilar\/wp-content\/uploads\/usu291\/2026\/02\/IMG_20251107_164239-1-scaled.jpg 1922w\" sizes=\"auto, (max-width: 225px) 100vw, 225px\" \/><\/p>\n<p>A l\u2019hort, tot \u00e9s <strong>de veritat<\/strong>: cada grup disposa de la seva parcel\u00b7la on poden plantar, sembrar, regar, treure males herbes i buscar solucions davant la\u00a0<strong>pluja, el fred, el vent o la sequera<\/strong>. Aprenen quan plantar verdures i fruites, com cuidar-les i, sobretot, ho fan de manera\u00a0<strong>cooperativa<\/strong>, treballant junts per un\u00a0<strong>b\u00e9 com\u00fa<\/strong>.<\/p>\n<p>Quan arriba el moment de collir els fruits de la seva feina \u2014faves, p\u00e8sols, patates, tom\u00e0quets, pastanagues, maduixes\u2026\u2014 els alumnes descobreixen que\u00a0<strong>la terra ens ofereix aliments deliciosos, per\u00f2 nom\u00e9s si hem tingut\u00a0 cura i amb molt d&#8217;esfor\u00e7<\/strong>. I d&#8217;alguna manera aprenem tamb\u00e9 a treballar la paci\u00e8ncia i la perseveran\u00e7a.\u00a0 El treball de l&#8217;hort no dona fruits de manera immediata, i requereix d&#8217;un treball prec\u00eds i cur\u00f3s.\u00a0 No tot s&#8217;hi val.<\/p>\n<p><img loading=\"lazy\" decoding=\"async\" class=\"alignleft wp-image-9148 size-medium\" src=\"https:\/\/agora.xtec.cat\/col-elpilar\/wp-content\/uploads\/usu291\/2026\/02\/IMG_20251121_162927-300x225.jpg\" alt=\"\" width=\"300\" height=\"225\" srcset=\"https:\/\/agora.xtec.cat\/col-elpilar\/wp-content\/uploads\/usu291\/2026\/02\/IMG_20251121_162927-300x225.jpg 300w, https:\/\/agora.xtec.cat\/col-elpilar\/wp-content\/uploads\/usu291\/2026\/02\/IMG_20251121_162927-1024x769.jpg 1024w, https:\/\/agora.xtec.cat\/col-elpilar\/wp-content\/uploads\/usu291\/2026\/02\/IMG_20251121_162927-768x577.jpg 768w, https:\/\/agora.xtec.cat\/col-elpilar\/wp-content\/uploads\/usu291\/2026\/02\/IMG_20251121_162927-1536x1153.jpg 1536w, https:\/\/agora.xtec.cat\/col-elpilar\/wp-content\/uploads\/usu291\/2026\/02\/IMG_20251121_162927-2048x1538.jpg 2048w, https:\/\/agora.xtec.cat\/col-elpilar\/wp-content\/uploads\/usu291\/2026\/02\/IMG_20251121_162927-200x150.jpg 200w\" sizes=\"auto, (max-width: 300px) 100vw, 300px\" \/>A m\u00e9s, per a ells i elles cada fruit \u00e9s especial perqu\u00e8 <strong>s\u00f3n elles i ells mateixos qui els han cuidat des del principi<\/strong>, regant-los, cavant al seu voltant i esperant pacientment que madurin. I descobreixen que cada fruit que cullen t\u00e9 un sabor molt diferent al d&#8217;altres productes que compren.<\/p>\n<p>&nbsp;<\/p>\n<p>&nbsp;<\/p>\n<p>&nbsp;<\/p>\n<p>Per altra banda, l&#8217;hort no \u00e9s nom\u00e9s un\u00a0 projecte <strong>educatiu.\u00a0 L&#8217;hort <\/strong>\u00a0\u00e9s un espai de\u00a0<strong>llibertat i experimentaci\u00f3<\/strong>. Els alumnes es mouen per l\u2019hort segons el que creuen que cal fer en cada moment, aprenent a treballar en equip i a prendre decisions. Tamb\u00e9 \u00e9s una manera de practicar\u00a0<strong>activitat f\u00edsica real<\/strong>, cavant, movent terra i embrutant-se les mans, amb tots els sentits implicats en l\u2019aprenentatge.<\/p>\n<p>Amb aquest projecte, els infants\u00a0<strong>posen en pr\u00e0ctica tot el que van aprendre a Infantil 5 anys sobre les plantes<\/strong>, per\u00f2 de manera molt m\u00e9s\u00a0<strong>vivencial i significativa<\/strong>. Veure com creix una planta que han cuidat ells mateixos \u00e9s una experi\u00e8ncia que\u00a0<strong>cap llibre pot transmetre<\/strong>.<\/p>\n<p><img loading=\"lazy\" decoding=\"async\" class=\"aligncenter size-full wp-image-9149\" src=\"https:\/\/agora.xtec.cat\/col-elpilar\/wp-content\/uploads\/usu291\/2026\/02\/IMG_20251010_155012-1-scaled.jpg\" alt=\"\" width=\"1922\" height=\"2560\" srcset=\"https:\/\/agora.xtec.cat\/col-elpilar\/wp-content\/uploads\/usu291\/2026\/02\/IMG_20251010_155012-1-scaled.jpg 1922w, https:\/\/agora.xtec.cat\/col-elpilar\/wp-content\/uploads\/usu291\/2026\/02\/IMG_20251010_155012-1-225x300.jpg 225w, https:\/\/agora.xtec.cat\/col-elpilar\/wp-content\/uploads\/usu291\/2026\/02\/IMG_20251010_155012-1-769x1024.jpg 769w, https:\/\/agora.xtec.cat\/col-elpilar\/wp-content\/uploads\/usu291\/2026\/02\/IMG_20251010_155012-1-768x1023.jpg 768w, https:\/\/agora.xtec.cat\/col-elpilar\/wp-content\/uploads\/usu291\/2026\/02\/IMG_20251010_155012-1-1153x1536.jpg 1153w, https:\/\/agora.xtec.cat\/col-elpilar\/wp-content\/uploads\/usu291\/2026\/02\/IMG_20251010_155012-1-1538x2048.jpg 1538w\" sizes=\"auto, (max-width: 1922px) 100vw, 1922px\" \/><\/p>\n<p>A l\u2019hort,\u00a0<strong>aprendre i gaudir de la natura van de la m\u00e0<\/strong>. \u00c9s un espai on els infants descobreixen\u00a0<strong>el valor del treball cooperatiu, la paci\u00e8ncia i la responsabilitat<\/strong>, mentre s\u2019endinsen en la m\u00e0gia de la vida vegetal i el plaer de collir els fruits del seu esfor\u00e7.\u00a0 I, ens permet, treballar el prendre decisions, a vegades de forma r\u00e0pida perqu\u00e8 ens cal actuar davant un petit problema:\u00a0\u00a0s\u2019escapa l\u2019aigua, no podem trepitjar, no s\u2019arriba a &#8230;<\/p>\n<p style=\"text-align: justify;\">\n","protected":false},"excerpt":{"rendered":"<p>A\u00a0l\u2019Escola El Pilar, l\u2019hort no \u00e9s nom\u00e9s un espai verd, sin\u00f3\u00a0un projecte viu que acompanya els alumnes de 1r de prim\u00e0ria al llarg de tot el curs. Cada setmana, els nens i nenes pujen a l\u2019hort situat al costat de l\u2019edifici de secund\u00e0ria per treballar&hellip;  <a href=\"https:\/\/agora.xtec.cat\/col-elpilar\/projecte-educatiu\/projectes\/anem-a-lhort\/\" title=\"Read L&#8217;HORT DE L&#8217;ESCOLA: APRENDRE TENINT CURA DE LA NATURA.\">Llegeix m\u00e9s\u00bb<\/a><\/p>\n","protected":false},"author":1,"featured_media":0,"parent":271,"menu_order":6,"comment_status":"closed","ping_status":"closed","template":"page-templates\/side-menu.php","meta":{"_bbp_topic_count":0,"_bbp_reply_count":0,"_bbp_total_topic_count":0,"_bbp_total_reply_count":0,"_bbp_voice_count":0,"_bbp_anonymous_reply_count":0,"_bbp_topic_count_hidden":0,"_bbp_reply_count_hidden":0,"_bbp_forum_subforum_count":0,"footnotes":""},"class_list":["post-305","page","type-page","status-publish","hentry"],"post_mailing_queue_ids":[],"_links":{"self":[{"href":"https:\/\/agora.xtec.cat\/col-elpilar\/wp-json\/wp\/v2\/pages\/305","targetHints":{"allow":["GET"]}}],"collection":[{"href":"https:\/\/agora.xtec.cat\/col-elpilar\/wp-json\/wp\/v2\/pages"}],"about":[{"href":"https:\/\/agora.xtec.cat\/col-elpilar\/wp-json\/wp\/v2\/types\/page"}],"author":[{"embeddable":true,"href":"https:\/\/agora.xtec.cat\/col-elpilar\/wp-json\/wp\/v2\/users\/1"}],"replies":[{"embeddable":true,"href":"https:\/\/agora.xtec.cat\/col-elpilar\/wp-json\/wp\/v2\/comments?post=305"}],"version-history":[{"count":4,"href":"https:\/\/agora.xtec.cat\/col-elpilar\/wp-json\/wp\/v2\/pages\/305\/revisions"}],"predecessor-version":[{"id":9150,"href":"https:\/\/agora.xtec.cat\/col-elpilar\/wp-json\/wp\/v2\/pages\/305\/revisions\/9150"}],"up":[{"embeddable":true,"href":"https:\/\/agora.xtec.cat\/col-elpilar\/wp-json\/wp\/v2\/pages\/271"}],"wp:attachment":[{"href":"https:\/\/agora.xtec.cat\/col-elpilar\/wp-json\/wp\/v2\/media?parent=305"}],"curies":[{"name":"wp","href":"https:\/\/api.w.org\/{rel}","templated":true}]}}