{"id":299,"date":"2016-02-12T14:52:36","date_gmt":"2016-02-12T13:52:36","guid":{"rendered":"http:\/\/agora.xtec.cat\/col-elpilar\/?page_id=299"},"modified":"2016-02-19T15:38:27","modified_gmt":"2016-02-19T14:38:27","slug":"teatre-de-primer","status":"publish","type":"page","link":"https:\/\/agora.xtec.cat\/col-elpilar\/projecte-educatiu\/projectes\/teatre-de-primer\/","title":{"rendered":"Teatre de primer"},"content":{"rendered":"<p style=\"text-align: justify;\"><a href=\"http:\/\/agora.xtec.cat\/col-elpilar\/wp-content\/uploads\/usu291\/2016\/02\/teatre.jpg\"><img loading=\"lazy\" decoding=\"async\" class=\"  wp-image-368 alignleft\" src=\"http:\/\/agora.xtec.cat\/col-elpilar\/wp-content\/uploads\/usu291\/2016\/02\/teatre-1024x437.jpg\" alt=\"teatre\" width=\"795\" height=\"339\" srcset=\"https:\/\/agora.xtec.cat\/col-elpilar\/wp-content\/uploads\/usu291\/2016\/02\/teatre-1024x437.jpg 1024w, https:\/\/agora.xtec.cat\/col-elpilar\/wp-content\/uploads\/usu291\/2016\/02\/teatre-300x128.jpg 300w, https:\/\/agora.xtec.cat\/col-elpilar\/wp-content\/uploads\/usu291\/2016\/02\/teatre.jpg 1032w\" sizes=\"auto, (max-width: 795px) 100vw, 795px\" \/><\/a><\/p>\n<p style=\"text-align: justify;\">\n<p style=\"text-align: justify;\">\n<p style=\"text-align: justify;\">\n<p style=\"text-align: justify;\">\n<p style=\"text-align: justify;\">\n<p style=\"text-align: justify;\">Una de les activitats que m\u00e9s s\u2019esperen a primer \u00e9s el teatre. Cada curs la classe de primer de prim\u00e0ria prepara una obra. \u00a0Portem ja un\u00a0llarg recorregut de muntatges. L\u2019activitat s\u2019emmarca en la participaci\u00f3 a la\u00a0Mostra de Teatre Infantil i Juvenil Jordi Planas que organitza el Patronat\u00a0Premianenc.<\/p>\n<p style=\"text-align: justify;\">Els nens i nenes de primer preparen al llarg del segon trimestre la seva\u00a0obra, aix\u00f2 suposa un treball de memoritzaci\u00f3 del text, adequaci\u00f3 del to de\u00a0veu, vocalitzaci\u00f3 i ritme, el treballar el gest i l\u2019expressi\u00f3 corporal.<\/p>\n<p style=\"text-align: justify;\">Suposa un treball de tota la classe per aconseguir un objectiu que resulta\u00a0molt clar: Arribar a sentir-se segurs a l\u2019hora de representar l\u2019obra.\u00a0Les fam\u00edlies s\u2019avoquen de ple en l\u2019activitat: cal preparar el vestuari del\u00a0personatge sempre seguint les directrius de la directora, aix\u00f2 comporta\u00a0un treball de grup, es pinten els decorats,&#8230;<\/p>\n<p style=\"text-align: justify;\">A la nostra escola el teatre compta a m\u00e9s, amb un element molt especial,\u00a0des dels seus inicis el teatre de primer ha estat dirigit per la M. Carmen\u00a0Serrano, mare i ara \u00e0via de l\u2019escola. Parlar del teatre de primer \u00e9s parlar\u00a0de la M. Carmen.<\/p>\n<p style=\"text-align: justify;\">I finalment el teatre de primer \u00e9s la descoberta per part dels infants de tot\u00a0un m\u00f3n nou, la representaci\u00f3 al Patronat \u00e9s sentir el pes del p\u00fablic\u00a0observant-nos des de platea, els\u00a0llums, els decorats, els telons, la\u00a0m\u00fasica,&#8230;<\/p>\n<p style=\"text-align: justify;\">La nostra escola t\u00e9 una llarga tradici\u00f3, despr\u00e9s del teatre de primer aquest continua estan present en altres\u00a0moments ja sigui com a extraescolar o dins els projectes d\u2019altres classes,&#8230;<\/p>\n<p style=\"text-align: justify;\">El cert \u00e9s que l\u2019escola ha donat molts actors i actrius a nivell de poble, com\u00a0a activitat l\u00fadica, i ens agrada pensar que el teatre de primer potser va\u00a0ser la llavor.<\/p>\n<p style=\"text-align: justify;\">\n<p style=\"text-align: justify;\">\n","protected":false},"excerpt":{"rendered":"<p><a href=\"http:\/\/agora.xtec.cat\/col-elpilar\/wp-content\/uploads\/usu291\/2016\/02\/teatre.jpg\"><\/a><\/p>\n<p>Una de les activitats que m\u00e9s s\u2019esperen a primer \u00e9s el teatre. Cada curs la classe de primer de prim\u00e0ria prepara una obra. \u00a0Portem ja un\u00a0llarg recorregut de muntatges. L\u2019activitat s\u2019emmarca en la participaci\u00f3 a la\u00a0Mostra de Teatre Infantil i Juvenil Jordi Planas que&hellip;  <a href=\"https:\/\/agora.xtec.cat\/col-elpilar\/projecte-educatiu\/projectes\/teatre-de-primer\/\" title=\"Read Teatre de primer\">Llegeix m\u00e9s\u00bb<\/a><\/p>\n","protected":false},"author":1,"featured_media":0,"parent":271,"menu_order":10,"comment_status":"closed","ping_status":"closed","template":"page-templates\/side-menu.php","meta":{"_bbp_topic_count":0,"_bbp_reply_count":0,"_bbp_total_topic_count":0,"_bbp_total_reply_count":0,"_bbp_voice_count":0,"_bbp_anonymous_reply_count":0,"_bbp_topic_count_hidden":0,"_bbp_reply_count_hidden":0,"_bbp_forum_subforum_count":0,"footnotes":""},"class_list":["post-299","page","type-page","status-publish","hentry"],"post_mailing_queue_ids":[],"_links":{"self":[{"href":"https:\/\/agora.xtec.cat\/col-elpilar\/wp-json\/wp\/v2\/pages\/299","targetHints":{"allow":["GET"]}}],"collection":[{"href":"https:\/\/agora.xtec.cat\/col-elpilar\/wp-json\/wp\/v2\/pages"}],"about":[{"href":"https:\/\/agora.xtec.cat\/col-elpilar\/wp-json\/wp\/v2\/types\/page"}],"author":[{"embeddable":true,"href":"https:\/\/agora.xtec.cat\/col-elpilar\/wp-json\/wp\/v2\/users\/1"}],"replies":[{"embeddable":true,"href":"https:\/\/agora.xtec.cat\/col-elpilar\/wp-json\/wp\/v2\/comments?post=299"}],"version-history":[{"count":3,"href":"https:\/\/agora.xtec.cat\/col-elpilar\/wp-json\/wp\/v2\/pages\/299\/revisions"}],"predecessor-version":[{"id":760,"href":"https:\/\/agora.xtec.cat\/col-elpilar\/wp-json\/wp\/v2\/pages\/299\/revisions\/760"}],"up":[{"embeddable":true,"href":"https:\/\/agora.xtec.cat\/col-elpilar\/wp-json\/wp\/v2\/pages\/271"}],"wp:attachment":[{"href":"https:\/\/agora.xtec.cat\/col-elpilar\/wp-json\/wp\/v2\/media?parent=299"}],"curies":[{"name":"wp","href":"https:\/\/api.w.org\/{rel}","templated":true}]}}