{"id":296,"date":"2016-02-12T14:49:25","date_gmt":"2016-02-12T13:49:25","guid":{"rendered":"http:\/\/agora.xtec.cat\/col-elpilar\/?page_id=296"},"modified":"2016-02-19T11:47:57","modified_gmt":"2016-02-19T10:47:57","slug":"a-la-nostra-escola-mengem-fruita","status":"publish","type":"page","link":"https:\/\/agora.xtec.cat\/col-elpilar\/projecte-educatiu\/projectes\/a-la-nostra-escola-mengem-fruita\/","title":{"rendered":"A la nostra escola mengem + fruita"},"content":{"rendered":"<p><a href=\"http:\/\/agora.xtec.cat\/col-elpilar\/wp-content\/uploads\/usu291\/2016\/02\/fruita.jpg\"><img loading=\"lazy\" decoding=\"async\" class=\" size-full wp-image-362 alignleft\" src=\"http:\/\/agora.xtec.cat\/col-elpilar\/wp-content\/uploads\/usu291\/2016\/02\/fruita.jpg\" alt=\"fruita\" width=\"220\" height=\"316\" srcset=\"https:\/\/agora.xtec.cat\/col-elpilar\/wp-content\/uploads\/usu291\/2016\/02\/fruita.jpg 220w, https:\/\/agora.xtec.cat\/col-elpilar\/wp-content\/uploads\/usu291\/2016\/02\/fruita-209x300.jpg 209w\" sizes=\"auto, (max-width: 220px) 100vw, 220px\" \/><\/a>Des de fa uns anys l&#8217;escola est\u00e0 vinculada a aquesta campanya promoguda per la Uni\u00f3 Europea i coordinada pel Departament d&#8217;Agricultura.<\/p>\n<p>L&#8217;objectiu \u00e9s facilitar fruita fresca a les escoles per tal que es normalitzi la incorporaci\u00f3 de la fruita dins l&#8217;esmorzar com una opci\u00f3 m\u00e9s.<\/p>\n<p>Es distribueixen tres peces de fruita i\/o verdura, seleccionada en funci\u00f3 de l&#8217;estaci\u00f3 de l&#8217;any.<\/p>\n<p>La nostra experi\u00e8ncia davant \u00a0aquesta iniciativa.al llarg d&#8217;aquests anys ha estat molt positiva<\/p>\n<p>Aquest any amb l&#8217;arribada del segon trimestre s&#8217;ha repr\u00e8s aquesta activitat. \u00a0Ens arribar\u00e0 fruita de gener a juny, tres dies durant l&#8217;\u00faltima setmana de cada mes.<\/p>\n","protected":false},"excerpt":{"rendered":"<p><a href=\"http:\/\/agora.xtec.cat\/col-elpilar\/wp-content\/uploads\/usu291\/2016\/02\/fruita.jpg\"><\/a>Des de fa uns anys l&#8217;escola est\u00e0 vinculada a aquesta campanya promoguda per la Uni\u00f3 Europea i coordinada pel Departament d&#8217;Agricultura.<br \/>\nL&#8217;objectiu \u00e9s facilitar fruita fresca a les escoles per tal que es normalitzi la incorporaci\u00f3 de la fruita dins l&#8217;esmorzar com una opci\u00f3 m\u00e9s.<br \/>\nEs&hellip;  <a href=\"https:\/\/agora.xtec.cat\/col-elpilar\/projecte-educatiu\/projectes\/a-la-nostra-escola-mengem-fruita\/\" title=\"Read A la nostra escola mengem + fruita\">Llegeix m\u00e9s\u00bb<\/a><\/p>\n","protected":false},"author":1,"featured_media":0,"parent":271,"menu_order":29,"comment_status":"closed","ping_status":"closed","template":"page-templates\/side-menu.php","meta":{"_bbp_topic_count":0,"_bbp_reply_count":0,"_bbp_total_topic_count":0,"_bbp_total_reply_count":0,"_bbp_voice_count":0,"_bbp_anonymous_reply_count":0,"_bbp_topic_count_hidden":0,"_bbp_reply_count_hidden":0,"_bbp_forum_subforum_count":0,"footnotes":""},"class_list":["post-296","page","type-page","status-publish","hentry"],"post_mailing_queue_ids":[],"_links":{"self":[{"href":"https:\/\/agora.xtec.cat\/col-elpilar\/wp-json\/wp\/v2\/pages\/296","targetHints":{"allow":["GET"]}}],"collection":[{"href":"https:\/\/agora.xtec.cat\/col-elpilar\/wp-json\/wp\/v2\/pages"}],"about":[{"href":"https:\/\/agora.xtec.cat\/col-elpilar\/wp-json\/wp\/v2\/types\/page"}],"author":[{"embeddable":true,"href":"https:\/\/agora.xtec.cat\/col-elpilar\/wp-json\/wp\/v2\/users\/1"}],"replies":[{"embeddable":true,"href":"https:\/\/agora.xtec.cat\/col-elpilar\/wp-json\/wp\/v2\/comments?post=296"}],"version-history":[{"count":3,"href":"https:\/\/agora.xtec.cat\/col-elpilar\/wp-json\/wp\/v2\/pages\/296\/revisions"}],"predecessor-version":[{"id":707,"href":"https:\/\/agora.xtec.cat\/col-elpilar\/wp-json\/wp\/v2\/pages\/296\/revisions\/707"}],"up":[{"embeddable":true,"href":"https:\/\/agora.xtec.cat\/col-elpilar\/wp-json\/wp\/v2\/pages\/271"}],"wp:attachment":[{"href":"https:\/\/agora.xtec.cat\/col-elpilar\/wp-json\/wp\/v2\/media?parent=296"}],"curies":[{"name":"wp","href":"https:\/\/api.w.org\/{rel}","templated":true}]}}