{"id":286,"date":"2016-02-12T14:44:41","date_gmt":"2016-02-12T13:44:41","guid":{"rendered":"http:\/\/agora.xtec.cat\/col-elpilar\/?page_id=286"},"modified":"2020-03-05T19:19:54","modified_gmt":"2020-03-05T18:19:54","slug":"col%c2%b7laboracio-amb-tarija-bolivia","status":"publish","type":"page","link":"https:\/\/agora.xtec.cat\/col-elpilar\/projecte-educatiu\/projectes\/col%c2%b7laboracio-amb-tarija-bolivia\/","title":{"rendered":"Projecte de Solidaritat (Tarija, Bol\u00edvia)"},"content":{"rendered":"<p style=\"text-align: justify;\">Des del curs 05-06 l\u2019Escola est\u00e0 en contacte amb l\u2019Associaci\u00f3 Tarija de Premi\u00e0 de Mar.<\/p>\n<p style=\"text-align: justify;\">La formaci\u00f3 dels nostres alumnes, necessita un espai on poder treballar la conscienciaci\u00f3 i la creaci\u00f3 d\u2019opini\u00f3 si volem formar nois i noies solidaris, preocupats per treballar en la construcci\u00f3 d\u2019un m\u00f3n m\u00e9s just.<\/p>\n<p style=\"text-align: justify;\">Aquesta associaci\u00f3, a trav\u00e9s de diferents activitats, vol donar a con\u00e8ixer una realitat concreta, molt diferent a la nostra, on les necessitats, les prioritats i els valors s\u00f3n diferents als de la nostra societat.<\/p>\n<p style=\"text-align: justify;\">Poder contrastar en determ<a href=\"http:\/\/agora.xtec.cat\/col-elpilar\/wp-content\/uploads\/usu291\/2016\/02\/tarij.jpg\"><img loading=\"lazy\" decoding=\"async\" class=\" size-full wp-image-370 alignleft\" src=\"http:\/\/agora.xtec.cat\/col-elpilar\/wp-content\/uploads\/usu291\/2016\/02\/tarij.jpg\" alt=\"tarij\" width=\"500\" height=\"412\" srcset=\"https:\/\/agora.xtec.cat\/col-elpilar\/wp-content\/uploads\/usu291\/2016\/02\/tarij.jpg 500w, https:\/\/agora.xtec.cat\/col-elpilar\/wp-content\/uploads\/usu291\/2016\/02\/tarij-300x247.jpg 300w\" sizes=\"auto, (max-width: 500px) 100vw, 500px\" \/><\/a>inats moments aquestes dues realitats ens ofereix la possibilitat de pensar, analitzar, valorar, recon\u00e8ixer les difer\u00e8ncies, contrastar-les, entendre-les, &#8230; I en la mida que \u00e9s possible, fer petites actuacions en un desig de col\u00b7laboraci\u00f3.<\/p>\n<p style=\"text-align: justify;\">Un cop a l\u2019any rebem la visita de membres de l\u2019associaci\u00f3 que ens posen al corrent de com funcionen els projectes que porten a terme (alguns d\u2019ells ja s\u00f3n vells coneguts per nosaltres, com ara les necessitats dels nens i nenes de l\u2019orfenat), per\u00f2 tamb\u00e9 hem anat creixent amb ells i ara sabem que necessiten comptar amb una casa quan surten de l\u2019orfenat i quan important els resulta poder accedir a uns estudis que els facilitaran l\u2019entrada al m\u00f3n del treball.<\/p>\n<p style=\"text-align: justify;\">En l\u2019\u00e0nim de col\u2022laborar, cada any per la festa del final del primer trimestre, els nois i noies de 3r i 4t d\u2019ESO munten unes paradetes i venen els pastissos que preparen a casa. Els diners recaptats s\u00f3n la nostra aportaci\u00f3 econ\u00f2mica.<\/p>\n<p style=\"text-align: justify;\">El fet de mantenir en el temps aquesta col\u00b7laboraci\u00f3 fa que sigui un recurs que es pot utilitzar en diferents moments de l\u2019any a tutories, com a referent en altres aprenentatges, perqu\u00e8 Tarija \u00e9s ja un element que conviu amb nosaltres.<\/p>\n","protected":false},"excerpt":{"rendered":"<p>Des del curs 05-06 l\u2019Escola est\u00e0 en contacte amb l\u2019Associaci\u00f3 Tarija de Premi\u00e0 de Mar.<br \/>\nLa formaci\u00f3 dels nostres alumnes, necessita un espai on poder treballar la conscienciaci\u00f3 i la creaci\u00f3 d\u2019opini\u00f3 si volem formar nois i noies solidaris, preocupats per treballar en la construcci\u00f3 d\u2019un&hellip;  <a href=\"https:\/\/agora.xtec.cat\/col-elpilar\/projecte-educatiu\/projectes\/col%c2%b7laboracio-amb-tarija-bolivia\/\" title=\"Read Projecte de Solidaritat (Tarija, Bol\u00edvia)\">Llegeix m\u00e9s\u00bb<\/a><\/p>\n","protected":false},"author":1,"featured_media":0,"parent":271,"menu_order":21,"comment_status":"closed","ping_status":"closed","template":"page-templates\/side-menu.php","meta":{"_bbp_topic_count":0,"_bbp_reply_count":0,"_bbp_total_topic_count":0,"_bbp_total_reply_count":0,"_bbp_voice_count":0,"_bbp_anonymous_reply_count":0,"_bbp_topic_count_hidden":0,"_bbp_reply_count_hidden":0,"_bbp_forum_subforum_count":0,"footnotes":""},"class_list":["post-286","page","type-page","status-publish","hentry"],"post_mailing_queue_ids":[],"_links":{"self":[{"href":"https:\/\/agora.xtec.cat\/col-elpilar\/wp-json\/wp\/v2\/pages\/286","targetHints":{"allow":["GET"]}}],"collection":[{"href":"https:\/\/agora.xtec.cat\/col-elpilar\/wp-json\/wp\/v2\/pages"}],"about":[{"href":"https:\/\/agora.xtec.cat\/col-elpilar\/wp-json\/wp\/v2\/types\/page"}],"author":[{"embeddable":true,"href":"https:\/\/agora.xtec.cat\/col-elpilar\/wp-json\/wp\/v2\/users\/1"}],"replies":[{"embeddable":true,"href":"https:\/\/agora.xtec.cat\/col-elpilar\/wp-json\/wp\/v2\/comments?post=286"}],"version-history":[{"count":3,"href":"https:\/\/agora.xtec.cat\/col-elpilar\/wp-json\/wp\/v2\/pages\/286\/revisions"}],"predecessor-version":[{"id":3357,"href":"https:\/\/agora.xtec.cat\/col-elpilar\/wp-json\/wp\/v2\/pages\/286\/revisions\/3357"}],"up":[{"embeddable":true,"href":"https:\/\/agora.xtec.cat\/col-elpilar\/wp-json\/wp\/v2\/pages\/271"}],"wp:attachment":[{"href":"https:\/\/agora.xtec.cat\/col-elpilar\/wp-json\/wp\/v2\/media?parent=286"}],"curies":[{"name":"wp","href":"https:\/\/api.w.org\/{rel}","templated":true}]}}