{"id":280,"date":"2016-02-12T14:42:55","date_gmt":"2016-02-12T13:42:55","guid":{"rendered":"http:\/\/agora.xtec.cat\/col-elpilar\/?page_id=280"},"modified":"2020-02-23T09:07:39","modified_gmt":"2020-02-23T08:07:39","slug":"educat-1-x-1","status":"publish","type":"page","link":"https:\/\/agora.xtec.cat\/col-elpilar\/projecte-educatiu\/projectes\/educat-1-x-1\/","title":{"rendered":"Escola 3.0"},"content":{"rendered":"<p>El Pilar integra la tecnologia dins el curr\u00edculum dels infants i joves, fent-ho de la manera m\u00e9s significativa possible, que no \u00e9s altra que fent-la \u00fatil dins el context diari. \u00a0Els nois\/es d&#8217;avui requereixen desenvolupar les habilitats pr\u00f2pies de la societat en que viuen i per aquest motiu pensem que \u00e9s fonamental que treballin amb aquells dispositius que utilitzen habitualment a casa.<\/p>\n<p>Amb aquesta intenci\u00f3 el \u00a0curs 2010-11 el nostre centre va entrar en el\u00a0 projecte EduCAT 1&#215;1 de la Generalitat de Catalunya i vam comen\u00e7ar a treballar amb els port\u00e0tils a les aules de secund\u00e0ria.<\/p>\n<p>Mica en mica, cada vegada m\u00e9s hem anat avan\u00e7ant en millorar la compet\u00e8ncia digital dels nostres alumnes, familiaritzant-los amb les eines col.laboratives i aprenent a cercar informaci\u00f3 i contrastar-la.<\/p>\n<p>La filosofia d&#8217;EduCAT 1&#215;1 que es sintetitzava en \u00a0un alumne, un ordinador ha passat a formar part de la nostra manera de treballar amb el prop\u00f2sit de facilitar\u00a0\u00a0l&#8217;adaptaci\u00f3 dels alumnes i dels professors a l&#8217;\u00fas de noves eines tecnol\u00f2giques que milloren i optimitzen el proc\u00e9s d&#8217;ensenyament-aprenentatge, d&#8217;avaluaci\u00f3 i d&#8217;organitzaci\u00f3 .<\/p>\n<p><a href=\"http:\/\/agora.xtec.cat\/col-elpilar\/projecte-educatiu\/projectes\/educat-1-x-1\/attachment\/20161010_115634-3\/\" rel=\"attachment wp-att-2119\"><img loading=\"lazy\" decoding=\"async\" class=\"alignnone size-large wp-image-2119\" src=\"https:\/\/agora.xtec.cat\/col-elpilar\/wp-content\/uploads\/usu291\/2019\/02\/20161010_115634-3-1024x689.jpg\" alt=\"\" width=\"1024\" height=\"689\" srcset=\"https:\/\/agora.xtec.cat\/col-elpilar\/wp-content\/uploads\/usu291\/2019\/02\/20161010_115634-3-1024x689.jpg 1024w, https:\/\/agora.xtec.cat\/col-elpilar\/wp-content\/uploads\/usu291\/2019\/02\/20161010_115634-3-300x202.jpg 300w, https:\/\/agora.xtec.cat\/col-elpilar\/wp-content\/uploads\/usu291\/2019\/02\/20161010_115634-3-768x517.jpg 768w, https:\/\/agora.xtec.cat\/col-elpilar\/wp-content\/uploads\/usu291\/2019\/02\/20161010_115634-3.jpg 2028w\" sizes=\"auto, (max-width: 1024px) 100vw, 1024px\" \/><\/a>Aquesta dotaci\u00f3 multim\u00e8dia a les aules s&#8217;ha anat estenent al llarg d&#8217;aquests anys a tots els espais de l&#8217;escola i hem anat incorporant l&#8217;\u00fas dels racons inform\u00e0tics a l&#8217;aula i les tauletes (iPads ) a Infantil i Prim\u00e0ria.<\/p>\n<p>Els alumnes de 5\u00e8 inicien el treball amb iPads com un 1 x 1 amb dispositius socialitzats..<\/p>\n<p>A partir de 6\u00e8 cada alumne disposa del seu chromebook personal.<\/p>\n<p>L&#8217;escola s&#8217;ha apropiat del nou context digital,\u00a0 incloent l\u2019equipament, el programari, els continguts digitals i la inclusi\u00f3 d\u2019internet a l\u2019aula.<\/p>\n<p>Partim dels usos tecnol\u00f2gics que ja coneixem per anar integrant-ne cada vegada m\u00e9s possibilitats.<\/p>\n<p>Amb tot cal tenir clar que el nostre treball\u00a0no gira entorn l\u2019ordinador o les diferents eines tecnol\u00f2giques, aquestes nom\u00e9s esdevenen una eina m\u00e9s de treball que\u00a0 est\u00e0 a la nostra disposici\u00f3 per utilitzar quan necessitem per a fer una feina m\u00e9s efica\u00e7, \u00fatil, atractiva \u00a0i significativa. \u00a0Entenem\u00a0que la tecnologia ofereix una possibilitat de recursos que cal aprofitar per incrementar l&#8217;aprenentatge i d\u00f3na valor a all\u00f2 \u00a0que tradicionament hem vingut treballant.<\/p>\n<p>En definitiva, la nostra fita \u00e9s fer un \u00fas efica\u00e7 i estrat\u00e8gic de la tecnologia per tal de millorar els resultats educatius.<\/p>\n<p>Creiem en aquest cam\u00ed i tenim molt clar cap a on anem.<\/p>\n","protected":false},"excerpt":{"rendered":"<p>El Pilar integra la tecnologia dins el curr\u00edculum dels infants i joves, fent-ho de la manera m\u00e9s significativa possible, que no \u00e9s altra que fent-la \u00fatil dins el context diari. \u00a0Els nois\/es d&#8217;avui requereixen desenvolupar les habilitats pr\u00f2pies de la societat en que viuen i&hellip;  <a href=\"https:\/\/agora.xtec.cat\/col-elpilar\/projecte-educatiu\/projectes\/educat-1-x-1\/\" title=\"Read Escola 3.0\">Llegeix m\u00e9s\u00bb<\/a><\/p>\n","protected":false},"author":1,"featured_media":0,"parent":271,"menu_order":4,"comment_status":"closed","ping_status":"closed","template":"page-templates\/side-menu.php","meta":{"_bbp_topic_count":0,"_bbp_reply_count":0,"_bbp_total_topic_count":0,"_bbp_total_reply_count":0,"_bbp_voice_count":0,"_bbp_anonymous_reply_count":0,"_bbp_topic_count_hidden":0,"_bbp_reply_count_hidden":0,"_bbp_forum_subforum_count":0,"footnotes":""},"class_list":["post-280","page","type-page","status-publish","hentry"],"post_mailing_queue_ids":[],"_links":{"self":[{"href":"https:\/\/agora.xtec.cat\/col-elpilar\/wp-json\/wp\/v2\/pages\/280","targetHints":{"allow":["GET"]}}],"collection":[{"href":"https:\/\/agora.xtec.cat\/col-elpilar\/wp-json\/wp\/v2\/pages"}],"about":[{"href":"https:\/\/agora.xtec.cat\/col-elpilar\/wp-json\/wp\/v2\/types\/page"}],"author":[{"embeddable":true,"href":"https:\/\/agora.xtec.cat\/col-elpilar\/wp-json\/wp\/v2\/users\/1"}],"replies":[{"embeddable":true,"href":"https:\/\/agora.xtec.cat\/col-elpilar\/wp-json\/wp\/v2\/comments?post=280"}],"version-history":[{"count":4,"href":"https:\/\/agora.xtec.cat\/col-elpilar\/wp-json\/wp\/v2\/pages\/280\/revisions"}],"predecessor-version":[{"id":3254,"href":"https:\/\/agora.xtec.cat\/col-elpilar\/wp-json\/wp\/v2\/pages\/280\/revisions\/3254"}],"up":[{"embeddable":true,"href":"https:\/\/agora.xtec.cat\/col-elpilar\/wp-json\/wp\/v2\/pages\/271"}],"wp:attachment":[{"href":"https:\/\/agora.xtec.cat\/col-elpilar\/wp-json\/wp\/v2\/media?parent=280"}],"curies":[{"name":"wp","href":"https:\/\/api.w.org\/{rel}","templated":true}]}}