{"id":277,"date":"2016-02-12T14:42:04","date_gmt":"2016-02-12T13:42:04","guid":{"rendered":"http:\/\/agora.xtec.cat\/col-elpilar\/?page_id=277"},"modified":"2024-11-20T08:58:01","modified_gmt":"2024-11-20T07:58:01","slug":"filosofia-318","status":"publish","type":"page","link":"https:\/\/agora.xtec.cat\/col-elpilar\/projecte-educatiu\/projectes\/filosofia-318\/","title":{"rendered":"Filosofia 3\/18"},"content":{"rendered":"<p style=\"text-align: justify;\"><strong>L\u2019educaci\u00f3 fonamentada en el di\u00e0leg i la conviv\u00e8ncia<\/strong><\/p>\n<p style=\"text-align: justify;\">El nostre treball s&#8217;emmarca dins del Projecte FILOSOFIA 3\/18 que t\u00e9\u00a0 com a referent el curr\u00edculum conegut internacionalment per \u201cPhilosophy for Children\u201d i que ha estat adaptat al catal\u00e0 pel grup IREF.\u00a0 En aquest sentit, la l\u00ednia desenvolupada a l\u2019escola segueix les directrius d\u2019aquesta associaci\u00f3.<\/p>\n<p style=\"text-align: justify;\">El projecte consisteix en un conjunt de programes que, aplicats sisterm\u00e0ticament dels 3 als 18 anys, enforteixen la capacitat reflexiva dels nostres alumnes,\u00a0 ensenyen a\u00a0 pensar i preparen els nens\/es\u00a0 en la raonabilitat per a la participaci\u00f3 en una societat plural des d\u2019 una perspectiva democr\u00e0tica.<a href=\"http:\/\/agora.xtec.cat\/col-elpilar\/wp-content\/uploads\/usu291\/2016\/02\/filo.jpg\"><img loading=\"lazy\" decoding=\"async\" class=\"  wp-image-372 alignleft\" src=\"http:\/\/agora.xtec.cat\/col-elpilar\/wp-content\/uploads\/usu291\/2016\/02\/filo.jpg\" alt=\"filo\" width=\"636\" height=\"285\" srcset=\"https:\/\/agora.xtec.cat\/col-elpilar\/wp-content\/uploads\/usu291\/2016\/02\/filo.jpg 500w, https:\/\/agora.xtec.cat\/col-elpilar\/wp-content\/uploads\/usu291\/2016\/02\/filo-300x134.jpg 300w\" sizes=\"auto, (max-width: 636px) 100vw, 636px\" \/><\/a><\/p>\n<p style=\"text-align: justify;\">El projecte pret\u00e9n desenvolupar les habilitats cognitives dels estudiants partint de la filosofia com a disciplina fonamental a trav\u00e9s de la investigaci\u00f3 dial\u00f2gica i cooperativa.<\/p>\n<p style=\"text-align: justify;\">La filosofia, com a disciplina human\u00edstica \u00e9s el mitj\u00e0 i la finalitat, perqu\u00e8 el programa \u00e9s una gu\u00eda per reflexionar sobre temes claus en aquest aspecte. En boca de M.Lipman a <em>Filosofia a l&#8217;escola<\/em>, s\u00f3n els temes considerats des de sempre &#8220;importants per a la vida humana o rellevants per al coneixement hum\u00e0. Exemples d&#8217;aquests conceptes poden ser: just\u00edcia, veritat, bondat, bellesa, m\u00f3n, identitat personal, temps, amistat, llibertat i comunitat&#8221;.<\/p>\n<p style=\"text-align: justify;\">L\u2019Escola ha incorporat aquest projecte dins l\u2019escola des del curs 2007-08. Els alumnes dels diferents cursos dediquen una sessi\u00f3\u00a0 setmanal a la filosofia 3\/18. Aquesta sessi\u00f3 es fa en petit grup per tal d\u2019afavorir el di\u00e0leg i la metodologia de treball.<\/p>\n<p style=\"text-align: justify;\">A Infantil es treballa\u00a0a partir de l&#8217;art, contes i jocs. \u00a0Un cop arribem a la Prim\u00e0ria es parteix de la lectura d&#8217;uns llibres que s\u00f3n l&#8217;excusa\u00a0per abordar determinats temes, potenciar la participaci\u00f3, plantejar-se preguntes&#8230;<\/p>\n","protected":false},"excerpt":{"rendered":"<p>L\u2019educaci\u00f3 fonamentada en el di\u00e0leg i la conviv\u00e8ncia<br \/>\nEl nostre treball s&#8217;emmarca dins del Projecte FILOSOFIA 3\/18 que t\u00e9\u00a0 com a referent el curr\u00edculum conegut internacionalment per \u201cPhilosophy for Children\u201d i que ha estat adaptat al catal\u00e0 pel grup IREF.\u00a0 En aquest sentit, la l\u00ednia desenvolupada&hellip;  <a href=\"https:\/\/agora.xtec.cat\/col-elpilar\/projecte-educatiu\/projectes\/filosofia-318\/\" title=\"Read Filosofia 3\/18\">Llegeix m\u00e9s\u00bb<\/a><\/p>\n","protected":false},"author":1,"featured_media":0,"parent":271,"menu_order":1,"comment_status":"closed","ping_status":"closed","template":"page-templates\/side-menu.php","meta":{"_bbp_topic_count":0,"_bbp_reply_count":0,"_bbp_total_topic_count":0,"_bbp_total_reply_count":0,"_bbp_voice_count":0,"_bbp_anonymous_reply_count":0,"_bbp_topic_count_hidden":0,"_bbp_reply_count_hidden":0,"_bbp_forum_subforum_count":0,"footnotes":""},"class_list":["post-277","page","type-page","status-publish","hentry"],"post_mailing_queue_ids":[],"_links":{"self":[{"href":"https:\/\/agora.xtec.cat\/col-elpilar\/wp-json\/wp\/v2\/pages\/277","targetHints":{"allow":["GET"]}}],"collection":[{"href":"https:\/\/agora.xtec.cat\/col-elpilar\/wp-json\/wp\/v2\/pages"}],"about":[{"href":"https:\/\/agora.xtec.cat\/col-elpilar\/wp-json\/wp\/v2\/types\/page"}],"author":[{"embeddable":true,"href":"https:\/\/agora.xtec.cat\/col-elpilar\/wp-json\/wp\/v2\/users\/1"}],"replies":[{"embeddable":true,"href":"https:\/\/agora.xtec.cat\/col-elpilar\/wp-json\/wp\/v2\/comments?post=277"}],"version-history":[{"count":3,"href":"https:\/\/agora.xtec.cat\/col-elpilar\/wp-json\/wp\/v2\/pages\/277\/revisions"}],"predecessor-version":[{"id":692,"href":"https:\/\/agora.xtec.cat\/col-elpilar\/wp-json\/wp\/v2\/pages\/277\/revisions\/692"}],"up":[{"embeddable":true,"href":"https:\/\/agora.xtec.cat\/col-elpilar\/wp-json\/wp\/v2\/pages\/271"}],"wp:attachment":[{"href":"https:\/\/agora.xtec.cat\/col-elpilar\/wp-json\/wp\/v2\/media?parent=277"}],"curies":[{"name":"wp","href":"https:\/\/api.w.org\/{rel}","templated":true}]}}