{"id":259,"date":"2016-02-12T14:23:34","date_gmt":"2016-02-12T13:23:34","guid":{"rendered":"http:\/\/agora.xtec.cat\/col-elpilar\/?page_id=259"},"modified":"2024-01-21T10:13:27","modified_gmt":"2024-01-21T09:13:27","slug":"associacio-de-pares-i-mares-dalumnes","status":"publish","type":"page","link":"https:\/\/agora.xtec.cat\/col-elpilar\/associacio-de-pares-i-mares-dalumnes\/","title":{"rendered":"Associaci\u00f3 de Fam\u00edlies  d&#8217;Alumnes"},"content":{"rendered":"<p><strong>QUI SOM?<\/strong><\/p>\n<p style=\"text-align: justify;\">L\u2019AFA som una associaci\u00f3, sense \u00e0nim de lucre, de l\u2019escola. Som membres de fam\u00edlies que volunt\u00e0riament treballem donant suport a la tasca educativa del centre i ajudant a organitzar activitats paral\u00b7leles\u00a0 per completar el curr\u00edculum dels nostres fills\/es.<\/p>\n<p style=\"text-align: justify;\">El nostre objectiu \u00e9s fomentar la cohesi\u00f3 entre les fam\u00edlies de l&#8217;escola, la participaci\u00f3 a la vida del centre i crear espais de reflexi\u00f3.<\/p>\n<p style=\"text-align: justify;\">El passat dimecres, 15 de desembre de 2021 es va donar per constitu\u00efda la nova junta de l&#8217;AMPA que est\u00e0 formada per les seg\u00fcents persones:<\/p>\n<ul style=\"text-align: justify;\">\n<li><strong>Presidenta<\/strong>: Magda Franquesa<\/li>\n<li><strong>Vicepresident<\/strong>: Alberto Izquierdo<\/li>\n<li><strong>Tresoreria<\/strong>: Mireia V\u00e1zquez<\/li>\n<li><strong>Secret\u00e0ria<\/strong>: Lurdes Mart\u00ednez<\/li>\n<li><strong>Representant en el Consell Escolar i Municipal<\/strong>: Magda Franquesa<\/li>\n<\/ul>\n<p style=\"text-align: justify;\">I els\/les vocals:<\/p>\n<ul style=\"text-align: justify;\">\n<li>\u00c0ngel Luis,<\/li>\n<li>N\u00faria Garc\u00eda<\/li>\n<li>Sara P\u00e9rez<\/li>\n<li>Patr\u00edcia Garc\u00eda<\/li>\n<\/ul>\n<p style=\"text-align: justify;\">La Junta compta amb la col\u00b7laboraci\u00f3 d&#8217;un membre de la titularitat de l&#8217;escola, i la participaci\u00f3 si s&#8217;escau d&#8217;un membre de l&#8217;equip directiu.<\/p>\n<p>La nova Junta vol convidar-vos a totes el pares i martes a participar en l&#8217;AFA.\u00a0 Necessitem de les vostres idees, del vostre suport, de les vostres aportacions,&#8230;<\/p>\n<p>Podeu participar a les reunions que fem quinzenals, ara per video-confer\u00e8ncia o com sempre que vulgueu a trav\u00e9s del correu <a href=\"mailto:ampa@escolaelpilar.com\">afa@escolaelpilar.com<\/a>. Tota aportaci\u00f3 ser\u00e0 sempre ben rebuda.<\/p>\n<p>Segur que entre tots i totes aconseguirem arribar m\u00e9s lluny.<\/p>\n<p>&nbsp;<\/p>\n<p style=\"text-align: justify;\">Informeu-vos i animeu-vos, us esperem!<\/p>\n","protected":false},"excerpt":{"rendered":"<p>QUI SOM?<br \/>\nL\u2019AFA som una associaci\u00f3, sense \u00e0nim de lucre, de l\u2019escola. Som membres de fam\u00edlies que volunt\u00e0riament treballem donant suport a la tasca educativa del centre i ajudant a organitzar activitats paral\u00b7leles\u00a0 per completar el curr\u00edculum dels nostres fills\/es.<br \/>\nEl nostre objectiu \u00e9s fomentar la cohesi\u00f3&hellip;  <a href=\"https:\/\/agora.xtec.cat\/col-elpilar\/associacio-de-pares-i-mares-dalumnes\/\" title=\"Read Associaci\u00f3 de Fam\u00edlies  d&#8217;Alumnes\">Llegeix m\u00e9s\u00bb<\/a><\/p>\n","protected":false},"author":1,"featured_media":0,"parent":0,"menu_order":0,"comment_status":"closed","ping_status":"closed","template":"page-templates\/side-menu.php","meta":{"_bbp_topic_count":0,"_bbp_reply_count":0,"_bbp_total_topic_count":0,"_bbp_total_reply_count":0,"_bbp_voice_count":0,"_bbp_anonymous_reply_count":0,"_bbp_topic_count_hidden":0,"_bbp_reply_count_hidden":0,"_bbp_forum_subforum_count":0,"footnotes":""},"class_list":["post-259","page","type-page","status-publish","hentry"],"post_mailing_queue_ids":[],"_links":{"self":[{"href":"https:\/\/agora.xtec.cat\/col-elpilar\/wp-json\/wp\/v2\/pages\/259","targetHints":{"allow":["GET"]}}],"collection":[{"href":"https:\/\/agora.xtec.cat\/col-elpilar\/wp-json\/wp\/v2\/pages"}],"about":[{"href":"https:\/\/agora.xtec.cat\/col-elpilar\/wp-json\/wp\/v2\/types\/page"}],"author":[{"embeddable":true,"href":"https:\/\/agora.xtec.cat\/col-elpilar\/wp-json\/wp\/v2\/users\/1"}],"replies":[{"embeddable":true,"href":"https:\/\/agora.xtec.cat\/col-elpilar\/wp-json\/wp\/v2\/comments?post=259"}],"version-history":[{"count":4,"href":"https:\/\/agora.xtec.cat\/col-elpilar\/wp-json\/wp\/v2\/pages\/259\/revisions"}],"predecessor-version":[{"id":7397,"href":"https:\/\/agora.xtec.cat\/col-elpilar\/wp-json\/wp\/v2\/pages\/259\/revisions\/7397"}],"wp:attachment":[{"href":"https:\/\/agora.xtec.cat\/col-elpilar\/wp-json\/wp\/v2\/media?parent=259"}],"curies":[{"name":"wp","href":"https:\/\/api.w.org\/{rel}","templated":true}]}}