{"id":24,"date":"2014-09-18T12:23:15","date_gmt":"2014-09-18T11:23:15","guid":{"rendered":"http:\/\/agora.xtec.cat\/col-elpilar\/\/?page_id=24"},"modified":"2024-04-12T10:44:12","modified_gmt":"2024-04-12T08:44:12","slug":"on-som","status":"publish","type":"page","link":"https:\/\/agora.xtec.cat\/col-elpilar\/lescola\/on-som\/","title":{"rendered":"Contacte"},"content":{"rendered":"<table style=\"border-style: hidden;\">\n<tbody>\n<tr>\n<td style=\"border-style: hidden; width: 40%;\"><strong>Escola El Pilar<\/strong><\/td>\n<td style=\"width: 60%; vertical-align: bottom; text-align: right; font-size: 12px;\">Obre en una nova pestanya<a href=\"https:\/\/docs.google.com\/forms\/d\/e\/1FAIpQLScR4IfpEalsCCLxfnQRoIbySHmD8Py-4E77WHs7hq9SJ_05sw\/viewform\" target=\"_blank\" rel=\"noopener\"><img loading=\"lazy\" decoding=\"async\" class=\"alignnone wp-image-7488 alignright\" src=\"https:\/\/agora.xtec.cat\/col-elpilar\/wp-content\/uploads\/usu291\/2024\/01\/external-link.png\" alt=\"Icona obre en nova pestanya\" width=\"20\" height=\"20\" srcset=\"https:\/\/agora.xtec.cat\/col-elpilar\/wp-content\/uploads\/usu291\/2024\/01\/external-link.png 512w, https:\/\/agora.xtec.cat\/col-elpilar\/wp-content\/uploads\/usu291\/2024\/01\/external-link-300x300.png 300w, https:\/\/agora.xtec.cat\/col-elpilar\/wp-content\/uploads\/usu291\/2024\/01\/external-link-150x150.png 150w\" sizes=\"auto, (max-width: 20px) 100vw, 20px\" \/><\/a><\/td>\n<\/tr>\n<tr>\n<td style=\"border-style: hidden;\">\n<ul>\n<li><span class=\"street-address\">C\/ E.Granados, 39 (Infantil i Prim\u00e0ria).\u00a0<\/span>Tel. 93 752 26 95.<\/li>\n<li>C\/ Joan Prim, 127 (ESO) Tel. 93 380 63 16.<\/li>\n<\/ul>\n<p><strong>L\u2019adre\u00e7a electr\u00f2nica \u00e9s: <\/strong>a8023323@xtec.cat<\/p>\n<p><strong>EDIFICI INFANTIL I PRIM\u00c0RIA<\/strong><\/p>\n<p><iframe loading=\"lazy\" style=\"border: 0;\" src=\"https:\/\/www.google.com\/maps\/embed?pb=!1m18!1m12!1m3!1d373.80535163058016!2d2.3564438999999675!3d41.493205300018644!2m3!1f0!2f0!3f0!3m2!1i1024!2i768!4f13.1!3m3!1m2!1s0x0000000000000000%3A0x3e7ce653fe06d6f6!2sEscola+El+Pilar!5e0!3m2!1sca!2ses!4v1444294865742\" width=\"400\" height=\"350\" frameborder=\"0\" allowfullscreen=\"allowfullscreen\"><\/iframe><\/p>\n<p><strong>EDIFICI SECUND\u00c0RIA<\/strong><\/p>\n<p><a href=\"http:\/\/&lt;iframe%20src=&quot;https:\/\/www.google.com\/maps\/embed?pb=!1m14!1m8!1m3!1d373.55162142833314!2d2.3558710129669174!3d41.495324734111456!3m2!1i1024!2i768!4f13.1!3m3!1m2!1s0x0000000000000000%3A0x613479f4aab05fce!2sPilar+Docen+Sl!5e0!3m2!1sca!2sus!4v1455785740561&quot; width=&quot;600&quot; height=&quot;450&quot; frameborder=&quot;0&quot; style=&quot;border:0&quot; allowfullscreen&gt;&lt;\/iframe&gt;\"><iframe loading=\"lazy\" style=\"border: 0;\" src=\"https:\/\/www.google.com\/maps\/embed?pb=!1m14!1m8!1m3!1d373.55162142833314!2d2.3558710129669174!3d41.495324734111456!3m2!1i1024!2i768!4f13.1!3m3!1m2!1s0x0000000000000000%3A0x613479f4aab05fce!2sPilar+Docen+Sl!5e0!3m2!1sca!2sus!4v1455785740561\" width=\"400\" height=\"350\" frameborder=\"0\" allowfullscreen=\"allowfullscreen\"><\/iframe><\/a><\/p>\n<p><strong>ADMINISTRACI\u00d3 I SECRETARIA<\/strong><\/p>\n<p>L\u2019administraci\u00f3 i secretaria general de l\u2019Escola est\u00e0 ubicada al centre de Prim\u00e0ria:<br \/>\ncarrer Enric Granados, 39<\/p>\n<p><strong>Horari d\u2019atenci\u00f3<\/strong><\/p>\n<p>De dilluns a divendres de \u00be de 8 a \u00a0\u00bc de 2 del migdia i de \u00bc de 3 a 5 de la tarda.<\/td>\n<td style=\"vertical-align: top; width: 60%;\"><iframe loading=\"lazy\" src=\"https:\/\/docs.google.com\/forms\/d\/e\/1FAIpQLScR4IfpEalsCCLxfnQRoIbySHmD8Py-4E77WHs7hq9SJ_05sw\/viewform?embedded=true\" width=\"640\" height=\"1200\" frameborder=\"0\" marginwidth=\"0\" marginheight=\"0\">S&#8217;est\u00e0 carregant\u2026<\/iframe><\/td>\n<\/tr>\n<\/tbody>\n<\/table>\n","protected":false},"excerpt":{"rendered":"<p>Escola El Pilar<br \/>\nObre en una nova pestanya<a href=\"https:\/\/docs.google.com\/forms\/d\/e\/1FAIpQLScR4IfpEalsCCLxfnQRoIbySHmD8Py-4E77WHs7hq9SJ_05sw\/viewform\" target=\"_blank\" rel=\"noopener\"><\/a><\/p>\n<ul>\n<li>C\/ E.Granados, 39 (Infantil i Prim\u00e0ria).\u00a0Tel. 93 752 26 95.<\/li>\n<li>C\/ Joan Prim, 127 (ESO) Tel. 93 380 63 16.<\/li>\n<\/ul>\n<p>L\u2019adre\u00e7a electr\u00f2nica \u00e9s: a8023323@xtec.cat<br \/>\nEDIFICI INFANTIL I PRIM\u00c0RIA<\/p>\n<p>EDIFICI SECUND\u00c0RIA<br \/>\n<a href=\"http:\/\/&lt;iframe%20src=&quot;https:\/\/www.google.com\/maps\/embed?pb=!1m14!1m8!1m3!1d373.55162142833314!2d2.3558710129669174!3d41.495324734111456!3m2!1i1024!2i768!4f13.1!3m3!1m2!1s0x0000000000000000%3A0x613479f4aab05fce!2sPilar+Docen+Sl!5e0!3m2!1sca!2sus!4v1455785740561&quot; width=&quot;600&quot; height=&quot;450&quot; frameborder=&quot;0&quot; style=&quot;border:0&quot; allowfullscreen&gt;&lt;\/iframe&gt;\"><\/a><br \/>\nADMINISTRACI\u00d3 I SECRETARIA<br \/>\nL\u2019administraci\u00f3 i secretaria&hellip;  <a href=\"https:\/\/agora.xtec.cat\/col-elpilar\/lescola\/on-som\/\" title=\"Read Contacte\">Llegeix m\u00e9s\u00bb<\/a><\/p>\n","protected":false},"author":2,"featured_media":0,"parent":22,"menu_order":8,"comment_status":"closed","ping_status":"closed","template":"page-templates\/side-menu.php","meta":{"_bbp_topic_count":0,"_bbp_reply_count":0,"_bbp_total_topic_count":0,"_bbp_total_reply_count":0,"_bbp_voice_count":0,"_bbp_anonymous_reply_count":0,"_bbp_topic_count_hidden":0,"_bbp_reply_count_hidden":0,"_bbp_forum_subforum_count":0,"footnotes":""},"class_list":["post-24","page","type-page","status-publish","hentry"],"post_mailing_queue_ids":[],"_links":{"self":[{"href":"https:\/\/agora.xtec.cat\/col-elpilar\/wp-json\/wp\/v2\/pages\/24","targetHints":{"allow":["GET"]}}],"collection":[{"href":"https:\/\/agora.xtec.cat\/col-elpilar\/wp-json\/wp\/v2\/pages"}],"about":[{"href":"https:\/\/agora.xtec.cat\/col-elpilar\/wp-json\/wp\/v2\/types\/page"}],"author":[{"embeddable":true,"href":"https:\/\/agora.xtec.cat\/col-elpilar\/wp-json\/wp\/v2\/users\/2"}],"replies":[{"embeddable":true,"href":"https:\/\/agora.xtec.cat\/col-elpilar\/wp-json\/wp\/v2\/comments?post=24"}],"version-history":[{"count":7,"href":"https:\/\/agora.xtec.cat\/col-elpilar\/wp-json\/wp\/v2\/pages\/24\/revisions"}],"predecessor-version":[{"id":7700,"href":"https:\/\/agora.xtec.cat\/col-elpilar\/wp-json\/wp\/v2\/pages\/24\/revisions\/7700"}],"up":[{"embeddable":true,"href":"https:\/\/agora.xtec.cat\/col-elpilar\/wp-json\/wp\/v2\/pages\/22"}],"wp:attachment":[{"href":"https:\/\/agora.xtec.cat\/col-elpilar\/wp-json\/wp\/v2\/media?parent=24"}],"curies":[{"name":"wp","href":"https:\/\/api.w.org\/{rel}","templated":true}]}}