{"id":230,"date":"2016-02-12T12:14:17","date_gmt":"2016-02-12T11:14:17","guid":{"rendered":"http:\/\/agora.xtec.cat\/col-elpilar\/?page_id=230"},"modified":"2020-03-05T16:25:44","modified_gmt":"2020-03-05T15:25:44","slug":"carnestoltes","status":"publish","type":"page","link":"https:\/\/agora.xtec.cat\/col-elpilar\/eduquem-en-lesforc-i-lautoexigencia\/carnestoltes\/","title":{"rendered":"Carnaval"},"content":{"rendered":"<p><a href=\"http:\/\/agora.xtec.cat\/col-elpilar\/general\/ha-arribat-el-rei-carnestoltes-i-comenca-a-dir-de-les-seves\/attachment\/rei-carnestoltes-2\/\" rel=\"attachment wp-att-3132\"><img loading=\"lazy\" decoding=\"async\" class=\"alignleft wp-image-3132 size-medium\" src=\"https:\/\/agora.xtec.cat\/col-elpilar\/wp-content\/uploads\/usu291\/2020\/02\/rei-carnestoltes-1-169x300.jpg\" alt=\"\" width=\"169\" height=\"300\" srcset=\"https:\/\/agora.xtec.cat\/col-elpilar\/wp-content\/uploads\/usu291\/2020\/02\/rei-carnestoltes-1-169x300.jpg 169w, https:\/\/agora.xtec.cat\/col-elpilar\/wp-content\/uploads\/usu291\/2020\/02\/rei-carnestoltes-1-768x1365.jpg 768w, https:\/\/agora.xtec.cat\/col-elpilar\/wp-content\/uploads\/usu291\/2020\/02\/rei-carnestoltes-1-576x1024.jpg 576w, https:\/\/agora.xtec.cat\/col-elpilar\/wp-content\/uploads\/usu291\/2020\/02\/rei-carnestoltes-1.jpg 1361w\" sizes=\"auto, (max-width: 169px) 100vw, 169px\" \/><\/a><\/p>\n<p>&nbsp;<\/p>\n<p>El Carnaval \u00e9s una de les festes m\u00e9s alegres de l\u2019escola. Totes per nosaltres tenen el seu sentit i el seu moment, per\u00f2 Carnestoltes \u00e9s potser, la festa que aconsegueix impregnar una alegria especial a tots, grans i petits, pares, mestres i nens.<\/p>\n<p style=\"text-align: justify;\">La seva preparaci\u00f3 \u00e9s llarga. Cal trobar un tema que ens serveixi, un cop m\u00e9s d\u2019uni\u00f3, des dels m\u00e9s petits fins als m\u00e9s grans. Tots ens vestim sota un mateix lema, combinant sempre la gama de colors per aconseguir un mosaic on el color aconsegueix un protagonisme destacable.<\/p>\n<p style=\"text-align: justify;\">Tots contribu\u00efm a fer la nostra disfressa, segons les possibilitats de cada curs i aix\u00f2 es nota quan ens fiquem dins, la portem amb un orgull especial. A les classes treballem el lema acordat, de manera que els aprenentatges d\u2019aquests dies giren al voltant del tema. Decorem l\u2019escola tot esperant l\u2019arribada del rei Carnestoltes per als m\u00e9s petits amb les seves divertides ordres, preparem un ball, organitzem una rua pels carrers del barri amb la nostra pr\u00f2pia banda de tambors que haur\u00e0 assajat dies abans i acabem al poliesportiu amb una gran festa.<\/p>\n<p>&nbsp;<\/p>\n<p><a href=\"http:\/\/agora.xtec.cat\/col-elpilar\/eduquem-en-lesforc-i-lautoexigencia\/carnestoltes\/attachment\/img_9707-1\/\" rel=\"attachment wp-att-3296\"><img loading=\"lazy\" decoding=\"async\" class=\"size-large wp-image-3296 aligncenter\" src=\"https:\/\/agora.xtec.cat\/col-elpilar\/wp-content\/uploads\/usu291\/2020\/02\/IMG_9707-1-e1582540226666-1024x443.jpg\" alt=\"\" width=\"1024\" height=\"443\" srcset=\"https:\/\/agora.xtec.cat\/col-elpilar\/wp-content\/uploads\/usu291\/2020\/02\/IMG_9707-1-e1582540226666-1024x443.jpg 1024w, https:\/\/agora.xtec.cat\/col-elpilar\/wp-content\/uploads\/usu291\/2020\/02\/IMG_9707-1-e1582540226666-300x130.jpg 300w, https:\/\/agora.xtec.cat\/col-elpilar\/wp-content\/uploads\/usu291\/2020\/02\/IMG_9707-1-e1582540226666-768x332.jpg 768w, https:\/\/agora.xtec.cat\/col-elpilar\/wp-content\/uploads\/usu291\/2020\/02\/IMG_9707-1-e1582540226666.jpg 1600w\" sizes=\"auto, (max-width: 1024px) 100vw, 1024px\" \/><\/a><\/p>\n<p>&nbsp;<\/p>\n","protected":false},"excerpt":{"rendered":"<p><a href=\"http:\/\/agora.xtec.cat\/col-elpilar\/general\/ha-arribat-el-rei-carnestoltes-i-comenca-a-dir-de-les-seves\/attachment\/rei-carnestoltes-2\/\" rel=\"attachment wp-att-3132\"><\/a><br \/>\n&nbsp;<br \/>\nEl Carnaval \u00e9s una de les festes m\u00e9s alegres de l\u2019escola. Totes per nosaltres tenen el seu sentit i el seu moment, per\u00f2 Carnestoltes \u00e9s potser, la festa que aconsegueix impregnar una alegria especial a tots, grans i petits, pares, mestres i&hellip;  <a href=\"https:\/\/agora.xtec.cat\/col-elpilar\/eduquem-en-lesforc-i-lautoexigencia\/carnestoltes\/\" title=\"Read Carnaval\">Llegeix m\u00e9s\u00bb<\/a><\/p>\n","protected":false},"author":1,"featured_media":0,"parent":212,"menu_order":5,"comment_status":"closed","ping_status":"closed","template":"page-templates\/side-menu.php","meta":{"_bbp_topic_count":0,"_bbp_reply_count":0,"_bbp_total_topic_count":0,"_bbp_total_reply_count":0,"_bbp_voice_count":0,"_bbp_anonymous_reply_count":0,"_bbp_topic_count_hidden":0,"_bbp_reply_count_hidden":0,"_bbp_forum_subforum_count":0,"footnotes":""},"class_list":["post-230","page","type-page","status-publish","hentry"],"post_mailing_queue_ids":[],"_links":{"self":[{"href":"https:\/\/agora.xtec.cat\/col-elpilar\/wp-json\/wp\/v2\/pages\/230","targetHints":{"allow":["GET"]}}],"collection":[{"href":"https:\/\/agora.xtec.cat\/col-elpilar\/wp-json\/wp\/v2\/pages"}],"about":[{"href":"https:\/\/agora.xtec.cat\/col-elpilar\/wp-json\/wp\/v2\/types\/page"}],"author":[{"embeddable":true,"href":"https:\/\/agora.xtec.cat\/col-elpilar\/wp-json\/wp\/v2\/users\/1"}],"replies":[{"embeddable":true,"href":"https:\/\/agora.xtec.cat\/col-elpilar\/wp-json\/wp\/v2\/comments?post=230"}],"version-history":[{"count":3,"href":"https:\/\/agora.xtec.cat\/col-elpilar\/wp-json\/wp\/v2\/pages\/230\/revisions"}],"predecessor-version":[{"id":3342,"href":"https:\/\/agora.xtec.cat\/col-elpilar\/wp-json\/wp\/v2\/pages\/230\/revisions\/3342"}],"up":[{"embeddable":true,"href":"https:\/\/agora.xtec.cat\/col-elpilar\/wp-json\/wp\/v2\/pages\/212"}],"wp:attachment":[{"href":"https:\/\/agora.xtec.cat\/col-elpilar\/wp-json\/wp\/v2\/media?parent=230"}],"curies":[{"name":"wp","href":"https:\/\/api.w.org\/{rel}","templated":true}]}}