{"id":227,"date":"2016-02-12T12:13:14","date_gmt":"2016-02-12T11:13:14","guid":{"rendered":"http:\/\/agora.xtec.cat\/col-elpilar\/?page_id=227"},"modified":"2016-02-18T15:23:53","modified_gmt":"2016-02-18T14:23:53","slug":"la-setmana-de-la-pau","status":"publish","type":"page","link":"https:\/\/agora.xtec.cat\/col-elpilar\/eduquem-en-lesforc-i-lautoexigencia\/la-setmana-de-la-pau\/","title":{"rendered":"La setmana de la Pau"},"content":{"rendered":"<p style=\"text-align: justify;\">El dia 31 de gener, aniversari de la mort de Mahatma Gandhi, es celebra el Dia Escolar de la No Viol\u00e8ncia i de la Pau.<\/p>\n<p style=\"text-align: justify;\">L\u2019escola des de fa uns anys s\u2019ha sumat a aquesta iniciativa de celebrar la setmana de la Pau que culmina el dia 31. \u00a0Considerem important treballar amb els alumnes el comprom\u00eds de tots amb la pau i la solidaritat. \u00a0Nom\u00e9s si mantenim una reflexi\u00f3 constant sobre aquestes q\u00fcestions i prenem consci\u00e8ncia qu\u00e8 cal fer i del petit gest que est\u00e0 al nostre abast, podrem avan\u00e7ar en la construcci\u00f3 d\u2019uns ideals que persegueixin la construcci\u00f3 d\u2019una societat m\u00e9s justa.<\/p>\n<p style=\"text-align: justify;\"><a href=\"http:\/\/agora.xtec.cat\/col-elpilar\/wp-content\/uploads\/usu291\/2016\/02\/pau1.jpg\"><img loading=\"lazy\" decoding=\"async\" class=\"alignnone  wp-image-394\" src=\"http:\/\/agora.xtec.cat\/col-elpilar\/wp-content\/uploads\/usu291\/2016\/02\/pau1.jpg\" alt=\"pau1\" width=\"930\" height=\"279\" srcset=\"https:\/\/agora.xtec.cat\/col-elpilar\/wp-content\/uploads\/usu291\/2016\/02\/pau1.jpg 560w, https:\/\/agora.xtec.cat\/col-elpilar\/wp-content\/uploads\/usu291\/2016\/02\/pau1-300x90.jpg 300w\" sizes=\"auto, (max-width: 930px) 100vw, 930px\" \/><\/a><\/p>\n<p style=\"text-align: justify;\">Aquest \u00e9s l\u2019esperit d\u2019aquesta jornada, que nosaltres hem fet nostra en la celebraci\u00f3 de la Setmana de la Pau. Sabem que aquest esperit no \u00e9s limita a aquest dia ni a aquesta setmana. Els acords, les reflexions, els prop\u00f2sits i, alguna petita actuaci\u00f3, s\u00f3n realment v\u00e0lids quan queden presents en la nostra mem\u00f2ria i en qualsevol moment, ens ajuden a frenar, corregir o variar una actuaci\u00f3 impulsiva. Aquest \u00e9s el sentit de la Setmana de la Pau.<\/p>\n<p style=\"text-align: justify;\">En aquesta setmana intentem treballar i trobar a cada un dels cursos el sentit de la paraula pau, cada un al seu nivell. \u00a0No \u00e9s un treball f\u00e0cil per als nens i nenes i aix\u00f2 suposa estones de discussi\u00f3, d\u2019aportaci\u00f3 d\u2019idees i experi\u00e8ncies, \u00e9s a dir, parlem, acceptem idees dels altres, renunciem a idees nostres i ens posem d\u2019acord. \u00c9s la base de l\u2019entesa.<\/p>\n<p style=\"text-align: justify;\"><a href=\"http:\/\/agora.xtec.cat\/col-elpilar\/wp-content\/uploads\/usu291\/2016\/02\/pau5.jpg\"><img loading=\"lazy\" decoding=\"async\" class=\"alignnone  wp-image-390\" src=\"http:\/\/agora.xtec.cat\/col-elpilar\/wp-content\/uploads\/usu291\/2016\/02\/pau5.jpg\" alt=\"pau5\" width=\"469\" height=\"314\" srcset=\"https:\/\/agora.xtec.cat\/col-elpilar\/wp-content\/uploads\/usu291\/2016\/02\/pau5.jpg 600w, https:\/\/agora.xtec.cat\/col-elpilar\/wp-content\/uploads\/usu291\/2016\/02\/pau5-300x201.jpg 300w\" sizes=\"auto, (max-width: 469px) 100vw, 469px\" \/><\/a><a href=\"http:\/\/agora.xtec.cat\/col-elpilar\/wp-content\/uploads\/usu291\/2016\/02\/pau8.jpg\">\u00a0 <\/a><a href=\"http:\/\/agora.xtec.cat\/col-elpilar\/wp-content\/uploads\/usu291\/2016\/02\/pau6.jpg\"><img loading=\"lazy\" decoding=\"async\" class=\"alignnone  wp-image-388\" src=\"http:\/\/agora.xtec.cat\/col-elpilar\/wp-content\/uploads\/usu291\/2016\/02\/pau6.jpg\" alt=\"pau6\" width=\"417\" height=\"313\" srcset=\"https:\/\/agora.xtec.cat\/col-elpilar\/wp-content\/uploads\/usu291\/2016\/02\/pau6.jpg 1000w, https:\/\/agora.xtec.cat\/col-elpilar\/wp-content\/uploads\/usu291\/2016\/02\/pau6-300x225.jpg 300w, https:\/\/agora.xtec.cat\/col-elpilar\/wp-content\/uploads\/usu291\/2016\/02\/pau6-200x150.jpg 200w\" sizes=\"auto, (max-width: 417px) 100vw, 417px\" \/><\/a><\/p>\n<p style=\"text-align: justify;\">Tamb\u00e9 al llarg de la setmana comparem la nostra realitat amb d\u2019altres que ens han arribat a trav\u00e9s d\u2019imatges, paraules, contes, &#8230; Les contrastem \u00a0i ens adonem de la import\u00e0ncia que tots ens fem conscients del que passa al nostre voltant.<\/p>\n<p style=\"text-align: justify;\">Sovint tenim tend\u00e8ncia a traslladar el tema de la pau lluny de nosaltres, per\u00f2 reflexionem sobre el que comporta un ambient de pau en nosaltres mateixos i aix\u00f2 reverteix en la conviv\u00e8ncia a l\u2019escola, en la manera d\u2019adre\u00e7ar-nos als altres, en el treball d\u2019empatia i assertivitat. \u00a0\u00c9s a dir, en un treball de compet\u00e8ncies socials.<\/p>\n<p style=\"text-align: justify;\">La Setmana de la Pau culmina en el dia de la Pau, en que els grans de l\u2019escola (els alumnes de 3r i 4t de la ESO) preparen tallers i fan de monitors a la resta de nens i nenes de l\u2019escola. \u00a0Tots els tallers tenen un punt en com\u00fa la conviv\u00e8ncia entre iguals i grans i petits. \u00a0I el producte que s\u2019obt\u00e9 serveix per tancar la festa aquell mateix dia a la tarda, on tots de petits a grans ens trobem al pati de l\u2019escola d\u2019Infantil i Prim\u00e0ria i llegim ja siguin els nostres desitjos, els nostres somnis o algun manifest per la Pau. \u00a0La festa acaba amb una can\u00e7\u00f3 conjunta.<\/p>\n<p style=\"text-align: justify;\"><a href=\"http:\/\/agora.xtec.cat\/col-elpilar\/wp-content\/uploads\/usu291\/2016\/02\/pau2.jpg\"><img loading=\"lazy\" decoding=\"async\" class=\"alignnone  wp-image-393\" src=\"http:\/\/agora.xtec.cat\/col-elpilar\/wp-content\/uploads\/usu291\/2016\/02\/pau2.jpg\" alt=\"pau2\" width=\"467\" height=\"350\" srcset=\"https:\/\/agora.xtec.cat\/col-elpilar\/wp-content\/uploads\/usu291\/2016\/02\/pau2.jpg 688w, https:\/\/agora.xtec.cat\/col-elpilar\/wp-content\/uploads\/usu291\/2016\/02\/pau2-300x225.jpg 300w, https:\/\/agora.xtec.cat\/col-elpilar\/wp-content\/uploads\/usu291\/2016\/02\/pau2-200x150.jpg 200w\" sizes=\"auto, (max-width: 467px) 100vw, 467px\" \/>\u00a0\u00a0 <\/a><a href=\"http:\/\/agora.xtec.cat\/col-elpilar\/wp-content\/uploads\/usu291\/2016\/02\/pau8.jpg\"><img loading=\"lazy\" decoding=\"async\" class=\"alignnone  wp-image-386\" src=\"http:\/\/agora.xtec.cat\/col-elpilar\/wp-content\/uploads\/usu291\/2016\/02\/pau8.jpg\" alt=\"pau8\" width=\"467\" height=\"350\" srcset=\"https:\/\/agora.xtec.cat\/col-elpilar\/wp-content\/uploads\/usu291\/2016\/02\/pau8.jpg 1000w, https:\/\/agora.xtec.cat\/col-elpilar\/wp-content\/uploads\/usu291\/2016\/02\/pau8-300x225.jpg 300w, https:\/\/agora.xtec.cat\/col-elpilar\/wp-content\/uploads\/usu291\/2016\/02\/pau8-200x150.jpg 200w\" sizes=\"auto, (max-width: 467px) 100vw, 467px\" \/><\/a><\/p>\n<p style=\"text-align: justify;\">Els \u00a0prop\u00f2sits de millora, els desitjos, els somnis s\u00f3n el primer pas. \u00a0Nom\u00e9s si volem canviar i creiem en la possibilitat d\u2019aquest canvi lluitarem per fer nostre i que es compleixi el desig. \u00a0I creient en la import\u00e0ncia de la nostra manera d\u2019actuar, serem capa\u00e7os de conv\u00e8ncer a m\u00e9s gent que est\u00e0 al nostre voltant. \u00c9s el principi del canvi.<\/p>\n<p style=\"text-align: justify;\"><a href=\"http:\/\/agora.xtec.cat\/col-elpilar\/wp-content\/uploads\/usu291\/2016\/02\/pau3.jpg\"><img loading=\"lazy\" decoding=\"async\" class=\"alignnone size-full wp-image-392\" src=\"http:\/\/agora.xtec.cat\/col-elpilar\/wp-content\/uploads\/usu291\/2016\/02\/pau3.jpg\" alt=\"pau3\" width=\"800\" height=\"600\" srcset=\"https:\/\/agora.xtec.cat\/col-elpilar\/wp-content\/uploads\/usu291\/2016\/02\/pau3.jpg 800w, https:\/\/agora.xtec.cat\/col-elpilar\/wp-content\/uploads\/usu291\/2016\/02\/pau3-300x225.jpg 300w, https:\/\/agora.xtec.cat\/col-elpilar\/wp-content\/uploads\/usu291\/2016\/02\/pau3-200x150.jpg 200w\" sizes=\"auto, (max-width: 800px) 100vw, 800px\" \/><\/a><\/p>\n","protected":false},"excerpt":{"rendered":"<p>El dia 31 de gener, aniversari de la mort de Mahatma Gandhi, es celebra el Dia Escolar de la No Viol\u00e8ncia i de la Pau.<br \/>\nL\u2019escola des de fa uns anys s\u2019ha sumat a aquesta iniciativa de celebrar la setmana de la Pau que culmina el&hellip;  <a href=\"https:\/\/agora.xtec.cat\/col-elpilar\/eduquem-en-lesforc-i-lautoexigencia\/la-setmana-de-la-pau\/\" title=\"Read La setmana de la Pau\">Llegeix m\u00e9s\u00bb<\/a><\/p>\n","protected":false},"author":1,"featured_media":0,"parent":212,"menu_order":4,"comment_status":"closed","ping_status":"closed","template":"page-templates\/side-menu.php","meta":{"_bbp_topic_count":0,"_bbp_reply_count":0,"_bbp_total_topic_count":0,"_bbp_total_reply_count":0,"_bbp_voice_count":0,"_bbp_anonymous_reply_count":0,"_bbp_topic_count_hidden":0,"_bbp_reply_count_hidden":0,"_bbp_forum_subforum_count":0,"footnotes":""},"class_list":["post-227","page","type-page","status-publish","hentry"],"post_mailing_queue_ids":[],"_links":{"self":[{"href":"https:\/\/agora.xtec.cat\/col-elpilar\/wp-json\/wp\/v2\/pages\/227","targetHints":{"allow":["GET"]}}],"collection":[{"href":"https:\/\/agora.xtec.cat\/col-elpilar\/wp-json\/wp\/v2\/pages"}],"about":[{"href":"https:\/\/agora.xtec.cat\/col-elpilar\/wp-json\/wp\/v2\/types\/page"}],"author":[{"embeddable":true,"href":"https:\/\/agora.xtec.cat\/col-elpilar\/wp-json\/wp\/v2\/users\/1"}],"replies":[{"embeddable":true,"href":"https:\/\/agora.xtec.cat\/col-elpilar\/wp-json\/wp\/v2\/comments?post=227"}],"version-history":[{"count":3,"href":"https:\/\/agora.xtec.cat\/col-elpilar\/wp-json\/wp\/v2\/pages\/227\/revisions"}],"predecessor-version":[{"id":672,"href":"https:\/\/agora.xtec.cat\/col-elpilar\/wp-json\/wp\/v2\/pages\/227\/revisions\/672"}],"up":[{"embeddable":true,"href":"https:\/\/agora.xtec.cat\/col-elpilar\/wp-json\/wp\/v2\/pages\/212"}],"wp:attachment":[{"href":"https:\/\/agora.xtec.cat\/col-elpilar\/wp-json\/wp\/v2\/media?parent=227"}],"curies":[{"name":"wp","href":"https:\/\/api.w.org\/{rel}","templated":true}]}}