{"id":224,"date":"2016-02-12T12:11:55","date_gmt":"2016-02-12T11:11:55","guid":{"rendered":"http:\/\/agora.xtec.cat\/col-elpilar\/?page_id=224"},"modified":"2016-02-18T15:20:47","modified_gmt":"2016-02-18T14:20:47","slug":"festa-final-1r-trimestre","status":"publish","type":"page","link":"https:\/\/agora.xtec.cat\/col-elpilar\/eduquem-en-lesforc-i-lautoexigencia\/festa-final-1r-trimestre\/","title":{"rendered":"Festa final 1r trimestre"},"content":{"rendered":"<p style=\"text-align: justify;\">Aquesta festa comen\u00e7a a gestar-se a l\u2019estiu, quan alg\u00fa fa una proposta per la festa de final de trimestre.<\/p>\n<p style=\"text-align: justify;\">Els mestres marxem amb una idea que al sol de la platja anem madurant i quan arriba setembre arribem ja en tenim alguna de pensada. En arribar, de les primeres coses que fem, \u00e9s treure el tema fins que entre tots lliguem un tema que ens servir\u00e0 d\u2019eix per treballar.<\/p>\n<p style=\"text-align: justify;\">Sembla que els dies passen, per\u00f2 els mestres hi tenim tots la vista posada, guardem una idea per aqu\u00ed, una per all\u00e0, un treball que podrem aprofitar.<\/p>\n<p style=\"text-align: justify;\"><a href=\"http:\/\/agora.xtec.cat\/col-elpilar\/wp-content\/uploads\/usu291\/2016\/02\/fest2.jpg\"><img loading=\"lazy\" decoding=\"async\" class=\"  wp-image-398 aligncenter\" src=\"http:\/\/agora.xtec.cat\/col-elpilar\/wp-content\/uploads\/usu291\/2016\/02\/fest2.jpg\" alt=\"fest2\" width=\"395\" height=\"263\" srcset=\"https:\/\/agora.xtec.cat\/col-elpilar\/wp-content\/uploads\/usu291\/2016\/02\/fest2.jpg 1000w, https:\/\/agora.xtec.cat\/col-elpilar\/wp-content\/uploads\/usu291\/2016\/02\/fest2-300x200.jpg 300w\" sizes=\"auto, (max-width: 395px) 100vw, 395px\" \/>\u00a0 <\/a><a href=\"http:\/\/agora.xtec.cat\/col-elpilar\/wp-content\/uploads\/usu291\/2016\/02\/fest1.jpg\"><img loading=\"lazy\" decoding=\"async\" class=\"  wp-image-399 aligncenter\" src=\"http:\/\/agora.xtec.cat\/col-elpilar\/wp-content\/uploads\/usu291\/2016\/02\/fest1.jpg\" alt=\"fest1\" width=\"614\" height=\"263\" srcset=\"https:\/\/agora.xtec.cat\/col-elpilar\/wp-content\/uploads\/usu291\/2016\/02\/fest1.jpg 560w, https:\/\/agora.xtec.cat\/col-elpilar\/wp-content\/uploads\/usu291\/2016\/02\/fest1-300x129.jpg 300w\" sizes=\"auto, (max-width: 614px) 100vw, 614px\" \/><\/a><a href=\"http:\/\/agora.xtec.cat\/col-elpilar\/wp-content\/uploads\/usu291\/2016\/02\/fest2.jpg\"><br \/>\n<\/a><\/p>\n<p style=\"text-align: justify;\">El punt culminant \u00e9s la festa de final de trimestre que es fa el darrer dissabte abans d\u2019iniciar les vacances de Nadal. En aquesta festa, els pares poden passejar-se per les classes on hi ha una exposici\u00f3 d\u2019alguns dels treballs realitzats al llarg del trimestre. Hi ha treballs de cada un dels nens i un munt de treballs cooperatius que aconsegueixen vestir la classe i convertir-la en un escenari diferent al de l\u2019aula de cada dia. El resultat \u00e9s la col.laboraci\u00f3 i el treball d\u2019equip.<\/p>\n<p style=\"text-align: justify;\">En aquesta exposici\u00f3 hi ha una eclosi\u00f3 de color i s\u2019aprecien els diferents treballs manuals que s\u2019han anat fent per\u00f2, a m\u00e9s, tamb\u00e9 hi ha el treball del projecte que ha realitzat cada curs i on es poden veure com s\u2019han anat treballant les diferents compet\u00e8ncies ling\u00fc\u00edstiques, matem\u00e0tiques, digitals,&#8230;\u00a0 \u00c9s una manera de poder veure el fruit de la\u00a0 recerca d\u2019informaci\u00f3, de les matem\u00e0tiques aplicades&#8230; Cada classe \u00e9s un m\u00f3n per\u00f2 dins un tema com\u00fa i general que va des de P-3 fins a final de la prim\u00e0ria.<\/p>\n<p style=\"text-align: justify;\">\u00c9s en el s\u00ed d\u2019aquesta festa que s\u2019organitza tamb\u00e9 les paradetes per Tarija, de les que se\u2019n responsabilitzen els nens de la ESO.<\/p>\n<p style=\"text-align: justify;\">I no podia faltar l\u2019amenitzaci\u00f3 amb danses de cada un dels cursos per tal de poder veure tamb\u00e9 una part del treball que s\u2019ha dut a terme des del punt de vista musical, aix\u00ed com la can\u00e7\u00f3 general.\u00a0 Aquesta \u00e9s el tancament de la festa.\u00a0 \u00c9s aquell moment m\u00e0gic en que tots des dels m\u00e9s grans fins als m\u00e9s xics ens unim amb una sola veu per compartir una mateixa can\u00e7\u00f3 que t\u00e9 un missatge com\u00fa que tamb\u00e9 volem transmetre.<\/p>\n<p style=\"text-align: justify;\"><a href=\"http:\/\/agora.xtec.cat\/col-elpilar\/wp-content\/uploads\/usu291\/2016\/02\/fest4.jpg\"><img loading=\"lazy\" decoding=\"async\" class=\"  wp-image-396 alignleft\" src=\"http:\/\/agora.xtec.cat\/col-elpilar\/wp-content\/uploads\/usu291\/2016\/02\/fest4.jpg\" alt=\"fest4\" width=\"459\" height=\"319\" srcset=\"https:\/\/agora.xtec.cat\/col-elpilar\/wp-content\/uploads\/usu291\/2016\/02\/fest4.jpg 888w, https:\/\/agora.xtec.cat\/col-elpilar\/wp-content\/uploads\/usu291\/2016\/02\/fest4-300x208.jpg 300w\" sizes=\"auto, (max-width: 459px) 100vw, 459px\" \/>\u00a0<img loading=\"lazy\" decoding=\"async\" class=\"  wp-image-397 alignleft\" src=\"http:\/\/agora.xtec.cat\/col-elpilar\/wp-content\/uploads\/usu291\/2016\/02\/fest3.jpg\" alt=\"fest3\" width=\"373\" height=\"320\" srcset=\"https:\/\/agora.xtec.cat\/col-elpilar\/wp-content\/uploads\/usu291\/2016\/02\/fest3.jpg 1000w, https:\/\/agora.xtec.cat\/col-elpilar\/wp-content\/uploads\/usu291\/2016\/02\/fest3-300x258.jpg 300w\" sizes=\"auto, (max-width: 373px) 100vw, 373px\" \/><\/a><\/p>\n<p style=\"text-align: justify;\">\n<p style=\"text-align: justify;\">\n<p style=\"text-align: justify;\">\n<p style=\"text-align: justify;\">\n<p style=\"text-align: justify;\">\n<p style=\"text-align: justify;\">\n<p style=\"text-align: justify;\">\n<p style=\"text-align: justify;\"><img loading=\"lazy\" decoding=\"async\" class=\"  wp-image-670 alignleft\" src=\"http:\/\/agora.xtec.cat\/col-elpilar\/wp-content\/uploads\/usu291\/2016\/02\/111.jpg\" alt=\"11\" width=\"452\" height=\"301\" srcset=\"https:\/\/agora.xtec.cat\/col-elpilar\/wp-content\/uploads\/usu291\/2016\/02\/111.jpg 1000w, https:\/\/agora.xtec.cat\/col-elpilar\/wp-content\/uploads\/usu291\/2016\/02\/111-300x200.jpg 300w\" sizes=\"auto, (max-width: 452px) 100vw, 452px\" \/><\/p>\n<p style=\"text-align: justify;\">\n<p style=\"text-align: justify;\">\n<p style=\"text-align: justify;\">\n<p style=\"text-align: justify;\">\n<p style=\"text-align: justify;\">\n","protected":false},"excerpt":{"rendered":"<p>Aquesta festa comen\u00e7a a gestar-se a l\u2019estiu, quan alg\u00fa fa una proposta per la festa de final de trimestre.<br \/>\nEls mestres marxem amb una idea que al sol de la platja anem madurant i quan arriba setembre arribem ja en tenim alguna de pensada. En arribar,&hellip;  <a href=\"https:\/\/agora.xtec.cat\/col-elpilar\/eduquem-en-lesforc-i-lautoexigencia\/festa-final-1r-trimestre\/\" title=\"Read Festa final 1r trimestre\">Llegeix m\u00e9s\u00bb<\/a><\/p>\n","protected":false},"author":1,"featured_media":0,"parent":212,"menu_order":3,"comment_status":"closed","ping_status":"closed","template":"page-templates\/side-menu.php","meta":{"_bbp_topic_count":0,"_bbp_reply_count":0,"_bbp_total_topic_count":0,"_bbp_total_reply_count":0,"_bbp_voice_count":0,"_bbp_anonymous_reply_count":0,"_bbp_topic_count_hidden":0,"_bbp_reply_count_hidden":0,"_bbp_forum_subforum_count":0,"footnotes":""},"class_list":["post-224","page","type-page","status-publish","hentry"],"post_mailing_queue_ids":[],"_links":{"self":[{"href":"https:\/\/agora.xtec.cat\/col-elpilar\/wp-json\/wp\/v2\/pages\/224","targetHints":{"allow":["GET"]}}],"collection":[{"href":"https:\/\/agora.xtec.cat\/col-elpilar\/wp-json\/wp\/v2\/pages"}],"about":[{"href":"https:\/\/agora.xtec.cat\/col-elpilar\/wp-json\/wp\/v2\/types\/page"}],"author":[{"embeddable":true,"href":"https:\/\/agora.xtec.cat\/col-elpilar\/wp-json\/wp\/v2\/users\/1"}],"replies":[{"embeddable":true,"href":"https:\/\/agora.xtec.cat\/col-elpilar\/wp-json\/wp\/v2\/comments?post=224"}],"version-history":[{"count":3,"href":"https:\/\/agora.xtec.cat\/col-elpilar\/wp-json\/wp\/v2\/pages\/224\/revisions"}],"predecessor-version":[{"id":540,"href":"https:\/\/agora.xtec.cat\/col-elpilar\/wp-json\/wp\/v2\/pages\/224\/revisions\/540"}],"up":[{"embeddable":true,"href":"https:\/\/agora.xtec.cat\/col-elpilar\/wp-json\/wp\/v2\/pages\/212"}],"wp:attachment":[{"href":"https:\/\/agora.xtec.cat\/col-elpilar\/wp-json\/wp\/v2\/media?parent=224"}],"curies":[{"name":"wp","href":"https:\/\/api.w.org\/{rel}","templated":true}]}}