{"id":221,"date":"2016-02-12T12:10:27","date_gmt":"2016-02-12T11:10:27","guid":{"rendered":"http:\/\/agora.xtec.cat\/col-elpilar\/?page_id=221"},"modified":"2020-02-22T22:12:33","modified_gmt":"2020-02-22T21:12:33","slug":"la-castanyada","status":"publish","type":"page","link":"https:\/\/agora.xtec.cat\/col-elpilar\/eduquem-en-lesforc-i-lautoexigencia\/la-castanyada\/","title":{"rendered":"La Castanyada"},"content":{"rendered":"<p style=\"text-align: justify;\">\u00c9s la primera festa de l\u2019any, \u00e9s l\u2019assentament del curs. Quan tots i totes ja som part integrant del nou curs i quan les calors comencen a esvair-se i les fulles comencen a caure, ens preparem per la festa de la castanyada.<\/p>\n<p style=\"text-align: justify;\">Poc a poc, cada curs es desperta davant el fet i l\u2019escola canvia en pocs dies de color: cada curs despulla la seva classe de les coloraines de benvinguda de l\u2019estiu i opta pels colors: groc, taronja, marr\u00f3, algun verd,&#8230; Les classes s\u2019omplen de castanyes, magranes, aglans, moniatos,&#8230; i algunes classes presenten una exposici\u00f3 d\u2019elements de la tardor: \u00a0fruits, fruites, fulles,&#8230;<\/p>\n<p style=\"text-align: justify;\">\u00c9s una de les \u00e8poques de m\u00e9s producci\u00f3 liter\u00e0ria a l\u2019escola en vers: aprenem i escrivim poemes.<\/p>\n<p style=\"text-align: justify;\">Uns dies abans, els m\u00e9s petits han anat \u00a0al bosc a observar com els arbres canvien de color i alguns perden les fulles. Sempre es troba algun castanyer i arriben a l\u2019escola les primeres castanyes.<\/p>\n<p style=\"text-align: justify;\">Quan ja tot \u00e9s a punt i s\u2019acosta el gran dia, els m\u00e9s petits comencen a fer la senyora Castanyera i al cicle mitj\u00e0 comencen a calcular quants panellets caldr\u00e0 fer.<\/p>\n<p style=\"text-align: justify;\">Els grans de l\u2019ESO comencen a pensar quins contes representaran el dia de la festa als diferents cursos d\u2019Infantil i Prim\u00e0ria i comen\u00e7a el seu gran projecte \u201cEls contes\u201d, on adopten diferents rols i es converteixen en guionistes, actors i actrius. Comen\u00e7aran per agrupar-se i distribuir-se per cursos. \u00a0Qui anir\u00e0 a cada lloc? \u00a0Despr\u00e9s els cal adaptar el text del conte que han escollit, escriure els di\u00e0legs pensant en el p\u00fablic que tindran, preparar material, preparar el vestuari,&#8230;<\/p>\n<p style=\"text-align: justify;\">I, mentre, \u00a0tots els cursos anem preparant tamb\u00e9 dins les estones de m\u00fasica una can\u00e7\u00f3 de tardor per cantar al pati, davant tots els nens i nenes els nois i les noies de l\u2019escola.<\/p>\n<p style=\"text-align: justify;\"><a href=\"http:\/\/agora.xtec.cat\/col-elpilar\/eduquem-en-lesforc-i-lautoexigencia\/la-castanyada\/attachment\/festa-castanyada-1\/\" rel=\"attachment wp-att-3247\"><img loading=\"lazy\" decoding=\"async\" class=\"wp-image-3247 alignleft\" src=\"https:\/\/agora.xtec.cat\/col-elpilar\/wp-content\/uploads\/usu291\/2020\/02\/festa-castanyada-1-634x1024.jpg\" alt=\"\" width=\"198\" height=\"320\" srcset=\"https:\/\/agora.xtec.cat\/col-elpilar\/wp-content\/uploads\/usu291\/2020\/02\/festa-castanyada-1-634x1024.jpg 634w, https:\/\/agora.xtec.cat\/col-elpilar\/wp-content\/uploads\/usu291\/2020\/02\/festa-castanyada-1-186x300.jpg 186w, https:\/\/agora.xtec.cat\/col-elpilar\/wp-content\/uploads\/usu291\/2020\/02\/festa-castanyada-1-768x1241.jpg 768w, https:\/\/agora.xtec.cat\/col-elpilar\/wp-content\/uploads\/usu291\/2020\/02\/festa-castanyada-1.jpg 889w\" sizes=\"auto, (max-width: 198px) 100vw, 198px\" \/><\/a><\/p>\n<p>&nbsp;<\/p>\n<p style=\"text-align: justify;\"><a href=\"http:\/\/agora.xtec.cat\/col-elpilar\/eduquem-en-lesforc-i-lautoexigencia\/la-castanyada\/attachment\/festa-castanyada-4\/\" rel=\"attachment wp-att-3246\"><img loading=\"lazy\" decoding=\"async\" class=\"alignright wp-image-3246 size-medium\" src=\"https:\/\/agora.xtec.cat\/col-elpilar\/wp-content\/uploads\/usu291\/2020\/02\/festa-castanyada-4-300x220.jpg\" alt=\"\" width=\"300\" height=\"220\" srcset=\"https:\/\/agora.xtec.cat\/col-elpilar\/wp-content\/uploads\/usu291\/2020\/02\/festa-castanyada-4-300x220.jpg 300w, https:\/\/agora.xtec.cat\/col-elpilar\/wp-content\/uploads\/usu291\/2020\/02\/festa-castanyada-4-768x563.jpg 768w, https:\/\/agora.xtec.cat\/col-elpilar\/wp-content\/uploads\/usu291\/2020\/02\/festa-castanyada-4-1024x750.jpg 1024w\" sizes=\"auto, (max-width: 300px) 100vw, 300px\" \/><\/a>El dia de la festa quan arriben per la tarda els nens i nenes, es troben la castanyera d\u2019Infantil 3 anys que els d\u00f3na la benvinguda, al pati alguna cosa haur\u00e0 canviat en l\u2019estona que eren a casa a dinar, la m\u00fasica est\u00e0 preparada, sonen els acords de les guitarres dels mestres que els esperen, a l\u2019aire l\u2019olor de les primeres castanyes que ja s\u2019estan torrant,&#8230;<\/p>\n<p style=\"text-align: justify;\">\u00c9s l\u2019hora de pujar a les classes i cames ajudeu-me pugem amb il\u00b7lusi\u00f3 perqu\u00e8 sabem que els grans ens esperen, ens han preparat una petita representaci\u00f3. Anem a classe i gaudim de l\u2019obra de teatre, mengem panellets. Baixem a pati i cantem tots, ens reparteixen les castanyes,&#8230;<\/p>\n<p>&nbsp;<\/p>\n<p>&nbsp;<\/p>\n\n\t\t<style type=\"text\/css\">\n\t\t\t#gallery-1 {\n\t\t\t\tmargin: auto;\n\t\t\t}\n\t\t\t#gallery-1 .gallery-item {\n\t\t\t\tfloat: left;\n\t\t\t\tmargin-top: 10px;\n\t\t\t\ttext-align: center;\n\t\t\t\twidth: 33%;\n\t\t\t}\n\t\t\t#gallery-1 img {\n\t\t\t\tborder: 2px solid #cfcfcf;\n\t\t\t}\n\t\t\t#gallery-1 .gallery-caption {\n\t\t\t\tmargin-left: 0;\n\t\t\t}\n\t\t\t\/* see gallery_shortcode() in wp-includes\/media.php *\/\n\t\t<\/style>\n\t\t<div id='gallery-1' class='gallery galleryid-221 gallery-columns-3 gallery-size-medium'><dl class='gallery-item'>\n\t\t\t<dt class='gallery-icon landscape'>\n\t\t\t\t<a href='https:\/\/agora.xtec.cat\/col-elpilar\/eduquem-en-lesforc-i-lautoexigencia\/la-castanyada\/attachment\/festa-castanyada-2\/'><img loading=\"lazy\" decoding=\"async\" width=\"300\" height=\"168\" src=\"https:\/\/agora.xtec.cat\/col-elpilar\/wp-content\/uploads\/usu291\/2020\/02\/festa-castanyada-2-300x168.jpg\" class=\"attachment-medium size-medium\" alt=\"\" srcset=\"https:\/\/agora.xtec.cat\/col-elpilar\/wp-content\/uploads\/usu291\/2020\/02\/festa-castanyada-2-300x168.jpg 300w, https:\/\/agora.xtec.cat\/col-elpilar\/wp-content\/uploads\/usu291\/2020\/02\/festa-castanyada-2-768x430.jpg 768w, https:\/\/agora.xtec.cat\/col-elpilar\/wp-content\/uploads\/usu291\/2020\/02\/festa-castanyada-2-1024x573.jpg 1024w\" sizes=\"auto, (max-width: 300px) 100vw, 300px\" \/><\/a>\n\t\t\t<\/dt><\/dl><dl class='gallery-item'>\n\t\t\t<dt class='gallery-icon portrait'>\n\t\t\t\t<a href='https:\/\/agora.xtec.cat\/col-elpilar\/eduquem-en-lesforc-i-lautoexigencia\/la-castanyada\/attachment\/cast-2\/'><img loading=\"lazy\" decoding=\"async\" width=\"245\" height=\"300\" src=\"https:\/\/agora.xtec.cat\/col-elpilar\/wp-content\/uploads\/usu291\/2016\/02\/cast-245x300.jpg\" class=\"attachment-medium size-medium\" alt=\"\" srcset=\"https:\/\/agora.xtec.cat\/col-elpilar\/wp-content\/uploads\/usu291\/2016\/02\/cast-245x300.jpg 245w, https:\/\/agora.xtec.cat\/col-elpilar\/wp-content\/uploads\/usu291\/2016\/02\/cast.jpg 300w\" sizes=\"auto, (max-width: 245px) 100vw, 245px\" \/><\/a>\n\t\t\t<\/dt><\/dl><dl class='gallery-item'>\n\t\t\t<dt class='gallery-icon landscape'>\n\t\t\t\t<a href='https:\/\/agora.xtec.cat\/col-elpilar\/eduquem-en-lesforc-i-lautoexigencia\/la-castanyada\/attachment\/festa-castanyada-3\/'><img loading=\"lazy\" decoding=\"async\" width=\"300\" height=\"169\" src=\"https:\/\/agora.xtec.cat\/col-elpilar\/wp-content\/uploads\/usu291\/2020\/02\/festa-castanyada-3-300x169.jpg\" class=\"attachment-medium size-medium\" alt=\"\" srcset=\"https:\/\/agora.xtec.cat\/col-elpilar\/wp-content\/uploads\/usu291\/2020\/02\/festa-castanyada-3-300x169.jpg 300w, https:\/\/agora.xtec.cat\/col-elpilar\/wp-content\/uploads\/usu291\/2020\/02\/festa-castanyada-3-768x432.jpg 768w, https:\/\/agora.xtec.cat\/col-elpilar\/wp-content\/uploads\/usu291\/2020\/02\/festa-castanyada-3-1024x576.jpg 1024w\" sizes=\"auto, (max-width: 300px) 100vw, 300px\" \/><\/a>\n\t\t\t<\/dt><\/dl><br style=\"clear: both\" \/>\n\t\t<\/div>\n\n<p style=\"text-align: justify;\"><a href=\"http:\/\/agora.xtec.cat\/col-elpilar\/wp-content\/uploads\/usu291\/2016\/02\/Cast2.png\">\u00a0 <\/a><\/p>\n<p>&nbsp;<\/p>\n<p>&nbsp;<\/p>\n<p>&nbsp;<\/p>\n<p>&nbsp;<\/p>\n<p>&nbsp;<\/p>\n<p>&nbsp;<\/p>\n<p>&nbsp;<\/p>\n<p>&nbsp;<\/p>\n<p>&nbsp;<\/p>\n<p>&nbsp;<\/p>\n<p>&nbsp;<\/p>\n<p>&nbsp;<\/p>\n<p style=\"text-align: justify;\">Tots ens sentim molt b\u00e9.<\/p>\n<p style=\"text-align: justify;\">Els nens i nenes de P-3 ja hem fet la nostra primera festa a l\u2019escola. \u00a0Ja tenim ganes de tornar-hi l\u2019any que ve.<\/p>\n","protected":false},"excerpt":{"rendered":"<p>\u00c9s la primera festa de l\u2019any, \u00e9s l\u2019assentament del curs. Quan tots i totes ja som part integrant del nou curs i quan les calors comencen a esvair-se i les fulles comencen a caure, ens preparem per la festa de la castanyada.<br \/>\nPoc a poc, cada&hellip;  <a href=\"https:\/\/agora.xtec.cat\/col-elpilar\/eduquem-en-lesforc-i-lautoexigencia\/la-castanyada\/\" title=\"Read La Castanyada\">Llegeix m\u00e9s\u00bb<\/a><\/p>\n","protected":false},"author":1,"featured_media":0,"parent":212,"menu_order":1,"comment_status":"closed","ping_status":"closed","template":"page-templates\/side-menu.php","meta":{"_bbp_topic_count":0,"_bbp_reply_count":0,"_bbp_total_topic_count":0,"_bbp_total_reply_count":0,"_bbp_voice_count":0,"_bbp_anonymous_reply_count":0,"_bbp_topic_count_hidden":0,"_bbp_reply_count_hidden":0,"_bbp_forum_subforum_count":0,"footnotes":""},"class_list":["post-221","page","type-page","status-publish","hentry"],"post_mailing_queue_ids":[],"_links":{"self":[{"href":"https:\/\/agora.xtec.cat\/col-elpilar\/wp-json\/wp\/v2\/pages\/221","targetHints":{"allow":["GET"]}}],"collection":[{"href":"https:\/\/agora.xtec.cat\/col-elpilar\/wp-json\/wp\/v2\/pages"}],"about":[{"href":"https:\/\/agora.xtec.cat\/col-elpilar\/wp-json\/wp\/v2\/types\/page"}],"author":[{"embeddable":true,"href":"https:\/\/agora.xtec.cat\/col-elpilar\/wp-json\/wp\/v2\/users\/1"}],"replies":[{"embeddable":true,"href":"https:\/\/agora.xtec.cat\/col-elpilar\/wp-json\/wp\/v2\/comments?post=221"}],"version-history":[{"count":4,"href":"https:\/\/agora.xtec.cat\/col-elpilar\/wp-json\/wp\/v2\/pages\/221\/revisions"}],"predecessor-version":[{"id":3252,"href":"https:\/\/agora.xtec.cat\/col-elpilar\/wp-json\/wp\/v2\/pages\/221\/revisions\/3252"}],"up":[{"embeddable":true,"href":"https:\/\/agora.xtec.cat\/col-elpilar\/wp-json\/wp\/v2\/pages\/212"}],"wp:attachment":[{"href":"https:\/\/agora.xtec.cat\/col-elpilar\/wp-json\/wp\/v2\/media?parent=221"}],"curies":[{"name":"wp","href":"https:\/\/api.w.org\/{rel}","templated":true}]}}