{"id":212,"date":"2016-02-12T11:49:11","date_gmt":"2016-02-12T10:49:11","guid":{"rendered":"http:\/\/agora.xtec.cat\/col-elpilar\/?page_id=212"},"modified":"2020-02-22T21:41:13","modified_gmt":"2020-02-22T20:41:13","slug":"eduquem-en-lesforc-i-lautoexigencia","status":"publish","type":"page","link":"https:\/\/agora.xtec.cat\/col-elpilar\/eduquem-en-lesforc-i-lautoexigencia\/","title":{"rendered":"Les festes de l&#8217;escola"},"content":{"rendered":"<p style=\"text-align: justify;\">Les festes a l\u2019Escola s\u00f3n moments molt especials. La castanyada, final de trimestre, carnestoltes, sant Jordi,&#8230; s\u00f3n dies que formen part del curs escolar en els que es pret\u00e9n aconseguir fites concretes que es treballen de manera transversal a tota l\u2019escola i, on tota la comunitat educativa es sent implicada. Generalment, en una tarda es viuen un seguit d\u2019emocions que ens donen un sentit molt especial d\u2019 escola.<\/p>\n<p style=\"text-align: justify;\">Cada una d\u2019aquestes festes t\u00e9 per a tots nosaltres els seus rituals en el calendari, en la preparaci\u00f3, en el caliu,&#8230; I tots esperem el moment i gaudim al captar la sorpresa a les cares dels m\u00e9s petits en descobrir cada un d\u2019aquests moments, com un fet nou, amb una dimensi\u00f3 per a ells desconeguda; sentiment que conviu amb l\u2019enyor que comencen a sentir els que saben que aquelles s\u00f3n les seves \u00faltimes festes a l\u2019escola. I aix\u00f2, sense deixar de respirar a l\u2019aire, el saber-nos tots part d\u2019un mateix grup que com a tal, gaudim de moments \u00edntims i entranyables.<\/p>\n<p style=\"text-align: justify;\">Evidentment, els aprenentatges entren al voltant d\u2019una festa d\u2019una manera diferent. S\u00f3n les viv\u00e8ncies. I les festes s\u00f3n l\u2019eclosi\u00f3 de tot all\u00f2 que s\u2019ha treballat des de diferents vessants. S\u00f3n moments que donen cabuda al treball de les diferents \u00e0rees, per\u00f2 tamb\u00e9 es contemplen des de la perspectiva del coneixement de les nostres festes i tradicions pel que parlem de l\u2019arrelament al fet cultural, a l\u2019entorn. Cal con\u00e8ixer b\u00e9 per estimar. Nom\u00e9s sabent quan s\u2019estima el propi lloc podem arribar a apreciar i valorar el dels altres.<\/p>\n","protected":false},"excerpt":{"rendered":"<p>Les festes a l\u2019Escola s\u00f3n moments molt especials. La castanyada, final de trimestre, carnestoltes, sant Jordi,&#8230; s\u00f3n dies que formen part del curs escolar en els que es pret\u00e9n aconseguir fites concretes que es treballen de manera transversal a tota l\u2019escola i, on tota la&hellip;  <a href=\"https:\/\/agora.xtec.cat\/col-elpilar\/eduquem-en-lesforc-i-lautoexigencia\/\" title=\"Read Les festes de l&#8217;escola\">Llegeix m\u00e9s\u00bb<\/a><\/p>\n","protected":false},"author":1,"featured_media":0,"parent":0,"menu_order":1,"comment_status":"closed","ping_status":"closed","template":"page-templates\/side-menu.php","meta":{"_bbp_topic_count":0,"_bbp_reply_count":0,"_bbp_total_topic_count":0,"_bbp_total_reply_count":0,"_bbp_voice_count":0,"_bbp_anonymous_reply_count":0,"_bbp_topic_count_hidden":0,"_bbp_reply_count_hidden":0,"_bbp_forum_subforum_count":0,"footnotes":""},"class_list":["post-212","page","type-page","status-publish","hentry"],"post_mailing_queue_ids":[],"_links":{"self":[{"href":"https:\/\/agora.xtec.cat\/col-elpilar\/wp-json\/wp\/v2\/pages\/212","targetHints":{"allow":["GET"]}}],"collection":[{"href":"https:\/\/agora.xtec.cat\/col-elpilar\/wp-json\/wp\/v2\/pages"}],"about":[{"href":"https:\/\/agora.xtec.cat\/col-elpilar\/wp-json\/wp\/v2\/types\/page"}],"author":[{"embeddable":true,"href":"https:\/\/agora.xtec.cat\/col-elpilar\/wp-json\/wp\/v2\/users\/1"}],"replies":[{"embeddable":true,"href":"https:\/\/agora.xtec.cat\/col-elpilar\/wp-json\/wp\/v2\/comments?post=212"}],"version-history":[{"count":3,"href":"https:\/\/agora.xtec.cat\/col-elpilar\/wp-json\/wp\/v2\/pages\/212\/revisions"}],"predecessor-version":[{"id":3243,"href":"https:\/\/agora.xtec.cat\/col-elpilar\/wp-json\/wp\/v2\/pages\/212\/revisions\/3243"}],"wp:attachment":[{"href":"https:\/\/agora.xtec.cat\/col-elpilar\/wp-json\/wp\/v2\/media?parent=212"}],"curies":[{"name":"wp","href":"https:\/\/api.w.org\/{rel}","templated":true}]}}