{"id":209,"date":"2016-02-12T11:48:00","date_gmt":"2016-02-12T10:48:00","guid":{"rendered":"http:\/\/agora.xtec.cat\/col-elpilar\/?page_id=209"},"modified":"2026-02-06T19:39:40","modified_gmt":"2026-02-06T18:39:40","slug":"eduquem-en-valors","status":"publish","type":"page","link":"https:\/\/agora.xtec.cat\/col-elpilar\/lescola\/eduquem-en-valors\/","title":{"rendered":"L\u2019equip docent de l&#8217;escola"},"content":{"rendered":"<p style=\"text-align: justify;\">Al Pilar som un grup de professors\/es que creiem fermament en el fet que, per davant de tot, som educadors.<\/p>\n<p style=\"text-align: justify;\">Som conscients de la import\u00e0ncia que tenen els models per als nostres nens\/nes i del paper que el nostre exemple t\u00e9 en ells a l\u2019hora d\u2019il\u00b7lusionar i educar-los, aix\u00ed com per aconseguir que vegin la import\u00e0ncia de l\u2019esfor\u00e7 per assolir un rendiment satisfactori.<\/p>\n<p style=\"text-align: justify;\">Un dels fets que ens caracteritza \u00e9s l\u2019exig\u00e8ncia en el nostre propi treball i la nostra preocupaci\u00f3 per estar sempre actualitzats professionalment. En aquest sentit, fem cursos de formaci\u00f3 espec\u00edfics cada un de nosaltres, i cada any fem un curs de formaci\u00f3 tot el claustre per tal de mantenir la mateixa l\u00ednia des d\u2019infantil i fins a tancar la secund\u00e0ria. Paral\u00b7lelament, mantenim una actitud de recerca, intercanvi i contrast de tot all\u00f2 que contribueixi a enriquir la nostra qualitat docent, tant a nivell intern, com amb altres escoles que formen part de la Fundaci\u00f3 Tr@ms. El treball i les reunions que fem setmanalment de cicles i\/o etapes ens ajuden a assegurar una tasca coordinada i interdisciplinar pel millor tractament dels grups i la diversitat.<\/p>\n<p>&nbsp;<\/p>\n<p><strong>EQUIP DOCENT<\/strong><\/p>\n<table style=\"width: 592px;\">\n<tbody>\n<tr>\n<td style=\"width: 586.364px;\" colspan=\"2\">EDUCACI\u00d3 INFANTIL<\/td>\n<\/tr>\n<tr>\n<td style=\"width: 283.636px;\">I3<\/td>\n<td style=\"width: 300.909px;\">Laura Buscarons<\/td>\n<\/tr>\n<tr>\n<td style=\"width: 283.636px;\">I4<\/td>\n<td style=\"width: 300.909px;\">Jennifer Bosch<\/td>\n<\/tr>\n<tr>\n<td style=\"width: 283.636px;\">I5<\/td>\n<td style=\"width: 300.909px;\">N\u00faria Cerrato<\/td>\n<\/tr>\n<tr>\n<td style=\"width: 283.636px;\">Especialistes<\/td>\n<td style=\"width: 300.909px;\">Marta Alcaina, Carme\u00a0 Moreno,\u00a0 Mariona Cristina i Isabel Rubio<\/td>\n<\/tr>\n<\/tbody>\n<\/table>\n<p><strong>\u00a0<\/strong><\/p>\n<table style=\"width: 595px;\">\n<tbody>\n<tr>\n<td style=\"width: 589.091px;\" colspan=\"2\">EDUCACI\u00d3 PRIM\u00c0RIA<\/td>\n<\/tr>\n<tr>\n<td style=\"width: 270px;\">1r P<\/td>\n<td style=\"width: 317.273px;\">Maribel Ramos<\/td>\n<\/tr>\n<tr>\n<td style=\"width: 270px;\">2n P<\/td>\n<td style=\"width: 317.273px;\">Cristina Manubens<\/td>\n<\/tr>\n<tr>\n<td style=\"width: 270px;\">3r P<\/td>\n<td style=\"width: 317.273px;\">Ricard Mart\u00ednez<\/td>\n<\/tr>\n<tr>\n<td style=\"width: 270px;\">4t P<\/td>\n<td style=\"width: 317.273px;\">Pol Calv\u00f3<\/td>\n<\/tr>\n<tr>\n<td style=\"width: 270px;\">5\u00e8 P<\/td>\n<td style=\"width: 317.273px;\">Marta Carbonell<\/td>\n<\/tr>\n<tr>\n<td style=\"width: 270px;\">6\u00e8 P<\/td>\n<td style=\"width: 317.273px;\">Albert Menal<\/td>\n<\/tr>\n<tr>\n<td style=\"width: 270px;\">Especialistes<\/td>\n<td style=\"text-align: justify; width: 317.273px;\">Carme Moreno, Mariona\u00a0 Merc\u00e8 Ferrer, Anna Mu\u00f1oz,\u00a0 Roser Monta\u00f1ola\u00a0 \u00a0i Isabel Rubio.<\/td>\n<\/tr>\n<\/tbody>\n<\/table>\n<p><strong>\u00a0<\/strong><\/p>\n<table>\n<tbody>\n<tr>\n<td colspan=\"2\" width=\"576\">EDUCACI\u00d3 SECUND\u00c0RIA<\/td>\n<\/tr>\n<tr>\n<td width=\"288\">1r ESO<\/td>\n<td width=\"288\">Eli Baratau<\/td>\n<\/tr>\n<tr>\n<td width=\"288\">2n ESO<\/td>\n<td width=\"288\">Toni Pons<\/td>\n<\/tr>\n<tr>\n<td width=\"288\">3r ESO<\/td>\n<td width=\"288\">Rosa Torras<\/td>\n<\/tr>\n<tr>\n<td width=\"288\">4t ESO<\/td>\n<td width=\"288\">Eva Sant\u00edn<\/td>\n<\/tr>\n<tr>\n<td width=\"288\">Especialistes<\/td>\n<td width=\"288\">\n<p style=\"text-align: justify;\">Roser Monta\u00f1ola, Xavi Garc\u00eda, Sergi S\u00e1ez, Irene Garrido, Iban Cordovilla\u00a0 i Ricard Dom\u00e8nech<\/p>\n<\/td>\n<\/tr>\n<\/tbody>\n<\/table>\n<p>&nbsp;<\/p>\n","protected":false},"excerpt":{"rendered":"<p>Al Pilar som un grup de professors\/es que creiem fermament en el fet que, per davant de tot, som educadors.<br \/>\nSom conscients de la import\u00e0ncia que tenen els models per als nostres nens\/nes i del paper que el nostre exemple t\u00e9 en ells a l\u2019hora d\u2019il\u00b7lusionar&hellip;  <a href=\"https:\/\/agora.xtec.cat\/col-elpilar\/lescola\/eduquem-en-valors\/\" title=\"Read L\u2019equip docent de l&#8217;escola\">Llegeix m\u00e9s\u00bb<\/a><\/p>\n","protected":false},"author":1,"featured_media":0,"parent":22,"menu_order":3,"comment_status":"closed","ping_status":"closed","template":"page-templates\/side-menu.php","meta":{"_bbp_topic_count":0,"_bbp_reply_count":0,"_bbp_total_topic_count":0,"_bbp_total_reply_count":0,"_bbp_voice_count":0,"_bbp_anonymous_reply_count":0,"_bbp_topic_count_hidden":0,"_bbp_reply_count_hidden":0,"_bbp_forum_subforum_count":0,"footnotes":""},"class_list":["post-209","page","type-page","status-publish","hentry"],"post_mailing_queue_ids":[],"_links":{"self":[{"href":"https:\/\/agora.xtec.cat\/col-elpilar\/wp-json\/wp\/v2\/pages\/209","targetHints":{"allow":["GET"]}}],"collection":[{"href":"https:\/\/agora.xtec.cat\/col-elpilar\/wp-json\/wp\/v2\/pages"}],"about":[{"href":"https:\/\/agora.xtec.cat\/col-elpilar\/wp-json\/wp\/v2\/types\/page"}],"author":[{"embeddable":true,"href":"https:\/\/agora.xtec.cat\/col-elpilar\/wp-json\/wp\/v2\/users\/1"}],"replies":[{"embeddable":true,"href":"https:\/\/agora.xtec.cat\/col-elpilar\/wp-json\/wp\/v2\/comments?post=209"}],"version-history":[{"count":7,"href":"https:\/\/agora.xtec.cat\/col-elpilar\/wp-json\/wp\/v2\/pages\/209\/revisions"}],"predecessor-version":[{"id":9152,"href":"https:\/\/agora.xtec.cat\/col-elpilar\/wp-json\/wp\/v2\/pages\/209\/revisions\/9152"}],"up":[{"embeddable":true,"href":"https:\/\/agora.xtec.cat\/col-elpilar\/wp-json\/wp\/v2\/pages\/22"}],"wp:attachment":[{"href":"https:\/\/agora.xtec.cat\/col-elpilar\/wp-json\/wp\/v2\/media?parent=209"}],"curies":[{"name":"wp","href":"https:\/\/api.w.org\/{rel}","templated":true}]}}