{"id":203,"date":"2016-02-12T11:42:35","date_gmt":"2016-02-12T10:42:35","guid":{"rendered":"http:\/\/agora.xtec.cat\/col-elpilar\/?page_id=203"},"modified":"2022-02-03T15:48:21","modified_gmt":"2022-02-03T14:48:21","slug":"lideari-de-lescola","status":"publish","type":"page","link":"https:\/\/agora.xtec.cat\/col-elpilar\/lescola\/lideari-de-lescola\/","title":{"rendered":"L\u2019ideari de l&#8217;escola"},"content":{"rendered":"<p style=\"text-align: justify;\">Vetllem per ser una escola que inspira confian\u00e7a per la seva coher\u00e8ncia educativa, conseq\u00fc\u00e8ncia de l\u2019equilibri entre l\u2019exig\u00e8ncia i la personalitzaci\u00f3, i que implica tots els estaments de la comunitat educativa i tots els \u00e0mbits formatius.<\/p>\n<p style=\"text-align: justify;\">L\u2019objectiu fonamental de l\u2019Escola \u00e9s la formaci\u00f3 integral dels alumnes i la preocupaci\u00f3 perqu\u00e8 els nens\/es, nois\/es estiguin preparats per la societat del futur.<\/p>\n<p style=\"text-align: justify;\">En aquest sentit, vetllem per ser una escola\u00a0 transformadora, amb capacitat de donar respostes als canvis socials.<\/p>\n<p style=\"text-align: justify;\">Els pilars b\u00e0sics de tota la nostra tasca educativa giren entorn a tres eixos:<\/p>\n<p style=\"text-align: justify;\"><strong>La relaci\u00f3 fam\u00edlia-escola<\/strong>\u00a0<strong>\u00a0<\/strong><\/p>\n<ul style=\"text-align: justify;\">\n<li>L\u2019acord i comprom\u00eds per part dels pares amb el Projecte de l\u2019Escola \u00e9s fonamental.<\/li>\n<li>La relaci\u00f3 entre ambd\u00faes parts \u00e9s b\u00e0sica per aconseguir una l\u00ednia comuna en la que el nen se senti segur i estimat tal com \u00e9s, capa\u00e7 d\u2019afrontar qualsevol situaci\u00f3 amb il\u00b7lusi\u00f3. Cal en tot moment la m\u00fatua comunicaci\u00f3, col\u00b7laboraci\u00f3 i suport per dur a terme la nostra tasca: educar els nois i noies ajudant-los en el seu proc\u00e9s de creixement personal.<\/li>\n<\/ul>\n<p style=\"text-align: justify;\"><strong>Eduquem en valors.<\/strong>\u00a0Ens proposem aconseguir que els nostres alumnes siguin<\/p>\n<ul style=\"text-align: justify;\">\n<li>Ciutadans democr\u00e0tics respectuosos amb qualsevol persona, sense cap fanatisme o discriminaci\u00f3.<\/li>\n<li>Persones que s\u2019acceptin a elles mateixes tal com s\u00f3n, vivint amb honestedat les seves possibilitats i limitacions.<\/li>\n<li>Persones \u00edntegres que tinguin opini\u00f3 pr\u00f2pia i s\u00e0piguen fer valoracions amb sentit cr\u00edtic<\/li>\n<li>Nois i noies compromesos per aconseguir una societat millor. Nois i noies solidaris que se sentin una part integrant del seu medi, de la seva fam\u00edlia, de la seva escola o del seu pa\u00eds i que participin en la vida col\u00b7lectiva.<\/li>\n<\/ul>\n<p style=\"text-align: justify;\"><strong>Eduquem en l\u2019esfor\u00e7 i l\u2019autoexig\u00e8ncia.<\/strong><strong>\u00a0<\/strong>L\u2019element clau per a nosaltres \u00e9s la superaci\u00f3 personal, molt m\u00e9s que la capacitat.\u00a0 Acompanyem els nens en el seu creixement per tal d\u2019aconseguir que esdevinguin persones treballadores i responsables, capaces de mantenir l\u2019esfor\u00e7 per arribar tan lluny com puguin.\u00a0 Que arribin a experimentar el plaer del treball rigor\u00f3s i ben fet.<\/p>\n","protected":false},"excerpt":{"rendered":"<p>Vetllem per ser una escola que inspira confian\u00e7a per la seva coher\u00e8ncia educativa, conseq\u00fc\u00e8ncia de l\u2019equilibri entre l\u2019exig\u00e8ncia i la personalitzaci\u00f3, i que implica tots els estaments de la comunitat educativa i tots els \u00e0mbits formatius.<br \/>\nL\u2019objectiu fonamental de l\u2019Escola \u00e9s la formaci\u00f3 integral dels alumnes&hellip;  <a href=\"https:\/\/agora.xtec.cat\/col-elpilar\/lescola\/lideari-de-lescola\/\" title=\"Read L\u2019ideari de l&#8217;escola\">Llegeix m\u00e9s\u00bb<\/a><\/p>\n","protected":false},"author":1,"featured_media":0,"parent":22,"menu_order":4,"comment_status":"closed","ping_status":"closed","template":"page-templates\/side-menu.php","meta":{"_bbp_topic_count":0,"_bbp_reply_count":0,"_bbp_total_topic_count":0,"_bbp_total_reply_count":0,"_bbp_voice_count":0,"_bbp_anonymous_reply_count":0,"_bbp_topic_count_hidden":0,"_bbp_reply_count_hidden":0,"_bbp_forum_subforum_count":0,"footnotes":""},"class_list":["post-203","page","type-page","status-publish","hentry"],"post_mailing_queue_ids":[],"_links":{"self":[{"href":"https:\/\/agora.xtec.cat\/col-elpilar\/wp-json\/wp\/v2\/pages\/203","targetHints":{"allow":["GET"]}}],"collection":[{"href":"https:\/\/agora.xtec.cat\/col-elpilar\/wp-json\/wp\/v2\/pages"}],"about":[{"href":"https:\/\/agora.xtec.cat\/col-elpilar\/wp-json\/wp\/v2\/types\/page"}],"author":[{"embeddable":true,"href":"https:\/\/agora.xtec.cat\/col-elpilar\/wp-json\/wp\/v2\/users\/1"}],"replies":[{"embeddable":true,"href":"https:\/\/agora.xtec.cat\/col-elpilar\/wp-json\/wp\/v2\/comments?post=203"}],"version-history":[{"count":3,"href":"https:\/\/agora.xtec.cat\/col-elpilar\/wp-json\/wp\/v2\/pages\/203\/revisions"}],"predecessor-version":[{"id":5215,"href":"https:\/\/agora.xtec.cat\/col-elpilar\/wp-json\/wp\/v2\/pages\/203\/revisions\/5215"}],"up":[{"embeddable":true,"href":"https:\/\/agora.xtec.cat\/col-elpilar\/wp-json\/wp\/v2\/pages\/22"}],"wp:attachment":[{"href":"https:\/\/agora.xtec.cat\/col-elpilar\/wp-json\/wp\/v2\/media?parent=203"}],"curies":[{"name":"wp","href":"https:\/\/api.w.org\/{rel}","templated":true}]}}