{"id":1324,"date":"2017-02-09T12:11:40","date_gmt":"2017-02-09T11:11:40","guid":{"rendered":"http:\/\/agora.xtec.cat\/col-elpilar\/?page_id=1324"},"modified":"2017-02-09T12:11:40","modified_gmt":"2017-02-09T11:11:40","slug":"matematiques-amb-entusiasmat","status":"publish","type":"page","link":"https:\/\/agora.xtec.cat\/col-elpilar\/projecte-educatiu\/projectes\/matematiques-amb-entusiasmat\/","title":{"rendered":"Matem\u00e0tiques amb EntusiasMAT"},"content":{"rendered":"<p>EntusiasMAT \u00e9s un programa did\u00e0ctic-pedag\u00f2gic per a nens de 3 a 12 anys dividit en dues etapes (Infantil i Prim\u00e0ria) i basat en les Intel\u00b7lig\u00e8ncies M\u00faltiples que permet treballar les matem\u00e0tiques d&#8217;una manera contextualitzada i adaptada a la realitat dels alumnes.<a href=\"http:\/\/agora.xtec.cat\/col-elpilar\/wp-content\/uploads\/usu291\/2017\/02\/EntusiasMat.jpg\"><img loading=\"lazy\" decoding=\"async\" class=\"size-full wp-image-1325 alignleft\" src=\"http:\/\/agora.xtec.cat\/col-elpilar\/wp-content\/uploads\/usu291\/2017\/02\/EntusiasMat.jpg\" alt=\"entusiasmat\" width=\"190\" height=\"143\" \/><\/a><\/p>\n<p>EntusiasMAT est\u00e0 dissenyat per formar i donar estrat\u00e8gies a l&#8217;alumnat, de manera que pugui desenvolupar-se de forma competent en el seu dia a dia. L&#8217;objectiu \u00e9s que els alumnes siguin capa\u00e7os d&#8217;analitzar i resoldre situacions matem\u00e0tiques en un context particular i pr\u00e0ctic i que, a partir de l&#8217;an\u00e0lisi d&#8217;aquest context, puguin mobilitzar tots els seus recursos per resoldre efica\u00e7ment el problema.<\/p>\n<p>Un dels pilars fonamentals de EntusiasMAT \u00e9s l&#8217;aprenentatge manipulatiu, que es porta a terme a trav\u00e9s de jocs i activitats experiencials. Es tracta d&#8217;un aprenentatge sensorial que permet als alumnes passar del pensament concret a l&#8217;abstracte.<\/p>\n","protected":false},"excerpt":{"rendered":"<p>EntusiasMAT \u00e9s un programa did\u00e0ctic-pedag\u00f2gic per a nens de 3 a 12 anys dividit en dues etapes (Infantil i Prim\u00e0ria) i basat en les Intel\u00b7lig\u00e8ncies M\u00faltiples que permet treballar les matem\u00e0tiques d&#8217;una manera contextualitzada i adaptada a la realitat dels alumnes.<a href=\"http:\/\/agora.xtec.cat\/col-elpilar\/wp-content\/uploads\/usu291\/2017\/02\/EntusiasMat.jpg\"><\/a><br \/>\nEntusiasMAT est\u00e0 dissenyat per&hellip;  <a href=\"https:\/\/agora.xtec.cat\/col-elpilar\/projecte-educatiu\/projectes\/matematiques-amb-entusiasmat\/\" title=\"Read Matem\u00e0tiques amb EntusiasMAT\">Llegeix m\u00e9s\u00bb<\/a><\/p>\n","protected":false},"author":1,"featured_media":0,"parent":271,"menu_order":21,"comment_status":"closed","ping_status":"closed","template":"page-templates\/side-menu.php","meta":{"_bbp_topic_count":0,"_bbp_reply_count":0,"_bbp_total_topic_count":0,"_bbp_total_reply_count":0,"_bbp_voice_count":0,"_bbp_anonymous_reply_count":0,"_bbp_topic_count_hidden":0,"_bbp_reply_count_hidden":0,"_bbp_forum_subforum_count":0,"footnotes":""},"class_list":["post-1324","page","type-page","status-publish","hentry"],"post_mailing_queue_ids":[],"_links":{"self":[{"href":"https:\/\/agora.xtec.cat\/col-elpilar\/wp-json\/wp\/v2\/pages\/1324","targetHints":{"allow":["GET"]}}],"collection":[{"href":"https:\/\/agora.xtec.cat\/col-elpilar\/wp-json\/wp\/v2\/pages"}],"about":[{"href":"https:\/\/agora.xtec.cat\/col-elpilar\/wp-json\/wp\/v2\/types\/page"}],"author":[{"embeddable":true,"href":"https:\/\/agora.xtec.cat\/col-elpilar\/wp-json\/wp\/v2\/users\/1"}],"replies":[{"embeddable":true,"href":"https:\/\/agora.xtec.cat\/col-elpilar\/wp-json\/wp\/v2\/comments?post=1324"}],"version-history":[{"count":1,"href":"https:\/\/agora.xtec.cat\/col-elpilar\/wp-json\/wp\/v2\/pages\/1324\/revisions"}],"predecessor-version":[{"id":1326,"href":"https:\/\/agora.xtec.cat\/col-elpilar\/wp-json\/wp\/v2\/pages\/1324\/revisions\/1326"}],"up":[{"embeddable":true,"href":"https:\/\/agora.xtec.cat\/col-elpilar\/wp-json\/wp\/v2\/pages\/271"}],"wp:attachment":[{"href":"https:\/\/agora.xtec.cat\/col-elpilar\/wp-json\/wp\/v2\/media?parent=1324"}],"curies":[{"name":"wp","href":"https:\/\/api.w.org\/{rel}","templated":true}]}}