{"id":682,"date":"2017-09-03T18:42:52","date_gmt":"2017-09-03T16:42:52","guid":{"rendered":"http:\/\/agora.xtec.cat\/col-carmelites\/?page_id=682"},"modified":"2017-09-03T18:42:52","modified_gmt":"2017-09-03T16:42:52","slug":"resize","status":"publish","type":"page","link":"https:\/\/agora.xtec.cat\/col-carmelites\/suport-informatic\/resize\/","title":{"rendered":"Resize"},"content":{"rendered":"<p>Resize \u00e9s un programa gratu\u00eft sense prestacions espectaculars per\u00f2 que resulta ser molt pr\u00e0ctic.<\/p>\n<p>Resize! \u00e9s un simple programa dissenyat per dur a terme el canvi de mida d&#8217;un conjunt d&#8217;imatges en un sol pas. Fa possible l&#8217;ajust de l&#8217;ample, alt i gran de la imatge en q\u00fcesti\u00f3. Destaca la seva velocitat i facilitat d&#8217;\u00fas en comparaci\u00f3 amb altres programes de manipulaci\u00f3 de gr\u00e0fics.<\/p>\n<p style=\"text-align: center;\"><a href=\"http:\/\/agora.xtec.cat\/col-carmelites\/wp-content\/uploads\/usu25\/2017\/09\/resize.png\"><img loading=\"lazy\" decoding=\"async\" class=\"alignnone size-full wp-image-683\" src=\"http:\/\/agora.xtec.cat\/col-carmelites\/wp-content\/uploads\/usu25\/2017\/09\/resize.png\" alt=\"\" width=\"320\" height=\"130\" srcset=\"https:\/\/agora.xtec.cat\/col-carmelites\/wp-content\/uploads\/usu25\/2017\/09\/resize.png 320w, https:\/\/agora.xtec.cat\/col-carmelites\/wp-content\/uploads\/usu25\/2017\/09\/resize-300x122.png 300w\" sizes=\"auto, (max-width: 320px) 100vw, 320px\" \/><\/a><\/p>\n","protected":false},"excerpt":{"rendered":"<p>Resize \u00e9s un programa gratu\u00eft sense prestacions espectaculars per\u00f2 que resulta ser molt pr\u00e0ctic.<br \/>\nResize! \u00e9s un simple programa dissenyat per dur a terme el canvi de mida d&#8217;un conjunt d&#8217;imatges en un sol pas. Fa possible l&#8217;ajust de l&#8217;ample, alt i gran de la imatge&hellip;  <a href=\"https:\/\/agora.xtec.cat\/col-carmelites\/suport-informatic\/resize\/\" title=\"Read Resize\">Llegeix m\u00e9s\u00bb<\/a><\/p>\n","protected":false},"author":1,"featured_media":0,"parent":669,"menu_order":10,"comment_status":"closed","ping_status":"closed","template":"","meta":{"_bbp_topic_count":0,"_bbp_reply_count":0,"_bbp_total_topic_count":0,"_bbp_total_reply_count":0,"_bbp_voice_count":0,"_bbp_anonymous_reply_count":0,"_bbp_topic_count_hidden":0,"_bbp_reply_count_hidden":0,"_bbp_forum_subforum_count":0,"footnotes":""},"class_list":["post-682","page","type-page","status-publish","hentry"],"post_mailing_queue_ids":[],"_links":{"self":[{"href":"https:\/\/agora.xtec.cat\/col-carmelites\/wp-json\/wp\/v2\/pages\/682","targetHints":{"allow":["GET"]}}],"collection":[{"href":"https:\/\/agora.xtec.cat\/col-carmelites\/wp-json\/wp\/v2\/pages"}],"about":[{"href":"https:\/\/agora.xtec.cat\/col-carmelites\/wp-json\/wp\/v2\/types\/page"}],"author":[{"embeddable":true,"href":"https:\/\/agora.xtec.cat\/col-carmelites\/wp-json\/wp\/v2\/users\/1"}],"replies":[{"embeddable":true,"href":"https:\/\/agora.xtec.cat\/col-carmelites\/wp-json\/wp\/v2\/comments?post=682"}],"version-history":[{"count":1,"href":"https:\/\/agora.xtec.cat\/col-carmelites\/wp-json\/wp\/v2\/pages\/682\/revisions"}],"predecessor-version":[{"id":684,"href":"https:\/\/agora.xtec.cat\/col-carmelites\/wp-json\/wp\/v2\/pages\/682\/revisions\/684"}],"up":[{"embeddable":true,"href":"https:\/\/agora.xtec.cat\/col-carmelites\/wp-json\/wp\/v2\/pages\/669"}],"wp:attachment":[{"href":"https:\/\/agora.xtec.cat\/col-carmelites\/wp-json\/wp\/v2\/media?parent=682"}],"curies":[{"name":"wp","href":"https:\/\/api.w.org\/{rel}","templated":true}]}}