{"id":669,"date":"2017-09-03T18:01:54","date_gmt":"2017-09-03T16:01:54","guid":{"rendered":"http:\/\/agora.xtec.cat\/col-carmelites\/?page_id=669"},"modified":"2017-09-04T19:29:29","modified_gmt":"2017-09-04T17:29:29","slug":"suport-informatic","status":"publish","type":"page","link":"https:\/\/agora.xtec.cat\/col-carmelites\/suport-informatic\/","title":{"rendered":"Suport inform\u00e0tic"},"content":{"rendered":"<p>Per realitzar la cerca d&#8217;informaci\u00f3, preparaci\u00f3, \u00a0i tractament de cada programa hem fet servir un ampli ventall d&#8217;eines inform\u00e0tiques, dintre de les nostres possibilitats, per\u00f2 sense les quals no hagu\u00e9s estat possible obtenir\u00a0els diferents tipus d&#8217;arxius \u00a0i fer l&#8217;enregistrament\u00a0dels programes.<\/p>\n<p>Per realitzar tot aix\u00f2 hem servir:<\/p>\n<ul>\n<li>Ordinadors de sobretaula<\/li>\n<li>Ordinadors port\u00e0tils<\/li>\n<li>C\u00e0mera de video<\/li>\n<li>C\u00e0mera fotogr\u00e0fica<\/li>\n<li>tripodes<\/li>\n<li>tel\u00e8fons m\u00f2bils<\/li>\n<\/ul>\n<p>I cadascun dels sotfwares per tractar audio, fotogr\u00e0fia i video en els formats comprimits m\u00e9s adients per facilitar el seu \u00fas.<\/p>\n","protected":false},"excerpt":{"rendered":"<p>Per realitzar la cerca d&#8217;informaci\u00f3, preparaci\u00f3, \u00a0i tractament de cada programa hem fet servir un ampli ventall d&#8217;eines inform\u00e0tiques, dintre de les nostres possibilitats, per\u00f2 sense les quals no hagu\u00e9s estat possible obtenir\u00a0els diferents tipus d&#8217;arxius \u00a0i fer l&#8217;enregistrament\u00a0dels programes.<br \/>\nPer realitzar tot aix\u00f2 hem servir:<\/p>\n<ul>\n<li>Ordinadors&hellip;  <a href=\"https:\/\/agora.xtec.cat\/col-carmelites\/suport-informatic\/\" title=\"Read Suport inform\u00e0tic\">Llegeix m\u00e9s\u00bb<\/a><br \/>\n","protected":false},"author":1,"featured_media":0,"parent":0,"menu_order":0,"comment_status":"closed","ping_status":"closed","template":"page-templates\/side-menu.php","meta":{"_bbp_topic_count":0,"_bbp_reply_count":0,"_bbp_total_topic_count":0,"_bbp_total_reply_count":0,"_bbp_voice_count":0,"_bbp_anonymous_reply_count":0,"_bbp_topic_count_hidden":0,"_bbp_reply_count_hidden":0,"_bbp_forum_subforum_count":0,"footnotes":""},"class_list":["post-669","page","type-page","status-publish","hentry"],"post_mailing_queue_ids":[],"_links":{"self":[{"href":"https:\/\/agora.xtec.cat\/col-carmelites\/wp-json\/wp\/v2\/pages\/669","targetHints":{"allow":["GET"]}}],"collection":[{"href":"https:\/\/agora.xtec.cat\/col-carmelites\/wp-json\/wp\/v2\/pages"}],"about":[{"href":"https:\/\/agora.xtec.cat\/col-carmelites\/wp-json\/wp\/v2\/types\/page"}],"author":[{"embeddable":true,"href":"https:\/\/agora.xtec.cat\/col-carmelites\/wp-json\/wp\/v2\/users\/1"}],"replies":[{"embeddable":true,"href":"https:\/\/agora.xtec.cat\/col-carmelites\/wp-json\/wp\/v2\/comments?post=669"}],"version-history":[{"count":1,"href":"https:\/\/agora.xtec.cat\/col-carmelites\/wp-json\/wp\/v2\/pages\/669\/revisions"}],"predecessor-version":[{"id":670,"href":"https:\/\/agora.xtec.cat\/col-carmelites\/wp-json\/wp\/v2\/pages\/669\/revisions\/670"}],"wp:attachment":[{"href":"https:\/\/agora.xtec.cat\/col-carmelites\/wp-json\/wp\/v2\/media?parent=669"}],"curies":[{"name":"wp","href":"https:\/\/api.w.org\/{rel}","templated":true}]}}