{"id":611,"date":"2017-09-03T13:44:58","date_gmt":"2017-09-03T11:44:58","guid":{"rendered":"http:\/\/agora.xtec.cat\/col-carmelites\/?page_id=611"},"modified":"2017-09-03T16:07:15","modified_gmt":"2017-09-03T14:07:15","slug":"auricular","status":"publish","type":"page","link":"https:\/\/agora.xtec.cat\/col-carmelites\/estudis\/auricular\/","title":{"rendered":"Auriculars"},"content":{"rendered":"<p>Un\u00a0<b>auricular<\/b>\u00a0\u00e9s un dispositiu per escoltar sons. Els\u00a0<b>auriculars<\/b>\u00a0s\u00f3n considerats com un aparell electr\u00f2nic que es col\u00b7loca sobre les orelles o en l&#8217;o\u00efda. Normalment posseeix dos\u00a0<a title=\"Altaveu\" href=\"https:\/\/ca.wikipedia.org\/wiki\/Altaveu\">altaveus<\/a>, els auriculars s\u00f3n principalment utilitzats en aparells com la\u00a0<a title=\"Receptor de r\u00e0dio\" href=\"https:\/\/ca.wikipedia.org\/wiki\/Receptor_de_r%C3%A0dio\">r\u00e0dio<\/a>\u00a0o reproductors musicals (incl\u00f2s l&#8217;ordinador), per\u00f2 tamb\u00e9 poden ser connectats en amplificadors musicals.<\/p>\n<p>Existeixen auriculars de diverses grand\u00e0ries. Hi ha alguns models\u00a0<i>Intrauriculars<\/i>\u00a0que milloren la comprensi\u00f3 del parlar en diverses situacions i ajuden les m\u00faltiples funcions de l&#8217;audici\u00f3 en l&#8217;home (localitzaci\u00f3 de sons, gaudir de la m\u00fasica,&#8230;). A causa del fet que el tipus i grau de p\u00e8rdua auditiva varien de persona a persona, i fins i tot d&#8217;o\u00efda a o\u00efda, existeixen diferents models d&#8217;<a title=\"Audi\u00f2fon\" href=\"https:\/\/ca.wikipedia.org\/wiki\/Audi%C3%B2fon\">audi\u00f2fons<\/a>, els quals s&#8217;adapten espec\u00edficament a cada p\u00e8rdua auditiva tenint en compte les necessitats personals. Tamb\u00e9 hi ha models Retroauriculars.<\/p>\n<p>&nbsp;<\/p>\n\r\n\t<div class=\"slideshow_container slideshow_container_style-light\" style=\"height: 300px; \" data-slideshow-id=\"631\" data-style-name=\"style-light\" data-style-version=\"2.3.1\" >\r\n\r\n\t\t\t\t\t<div class=\"slideshow_loading_icon\"><\/div>\r\n\t\t\r\n\t\t<div class=\"slideshow_content\" style=\"display: none;\">\r\n\r\n\t\t\t<div class=\"slideshow_view\">\r\n\t\t\t\t<div class=\"slideshow_slide slideshow_slide_image\">\r\n\t\t\t\t\t\t\t\t\t\t\t<img src=\"https:\/\/agora.xtec.cat\/col-carmelites\/wp-content\/uploads\/usu25\/2017\/09\/auriculars1.jpg\" alt=\"auriculars1\" width=\"1268\" height=\"668\" \/>\r\n\t\t\t\t\t\t\t\t\t\t<div class=\"slideshow_description_box slideshow_transparent\">\r\n\t\t\t\t\t\t<div class=\"slideshow_title\">auriculars1<\/div>\t\t\t\t\t\t\t\t\t\t\t<\/div>\r\n\t\t\t\t<\/div>\r\n\r\n\t\t\t\t\t\t<div style=\"clear: both;\"><\/div><\/div><div class=\"slideshow_view\">\r\n\t\t\t\t<div class=\"slideshow_slide slideshow_slide_image\">\r\n\t\t\t\t\t\t\t\t\t\t\t<img src=\"https:\/\/agora.xtec.cat\/col-carmelites\/wp-content\/uploads\/usu25\/2017\/09\/auricular3.jpg\" alt=\"auricular3\" width=\"1001\" height=\"1001\" \/>\r\n\t\t\t\t\t\t\t\t\t\t<div class=\"slideshow_description_box slideshow_transparent\">\r\n\t\t\t\t\t\t<div class=\"slideshow_title\">auricular3<\/div>\t\t\t\t\t\t\t\t\t\t\t<\/div>\r\n\t\t\t\t<\/div>\r\n\r\n\t\t\t\t\t\t<div style=\"clear: both;\"><\/div><\/div><div class=\"slideshow_view\">\r\n\t\t\t\t<div class=\"slideshow_slide slideshow_slide_image\">\r\n\t\t\t\t\t\t\t\t\t\t\t<img src=\"https:\/\/agora.xtec.cat\/col-carmelites\/wp-content\/uploads\/usu25\/2017\/09\/auricular2.jpg\" alt=\"auricular2\" width=\"1000\" height=\"822\" \/>\r\n\t\t\t\t\t\t\t\t\t\t<div class=\"slideshow_description_box slideshow_transparent\">\r\n\t\t\t\t\t\t<div class=\"slideshow_title\">auricular2<\/div>\t\t\t\t\t\t\t\t\t\t\t<\/div>\r\n\t\t\t\t<\/div>\r\n\r\n\t\t\t\t\t\t<div style=\"clear: both;\"><\/div><\/div>\r\n\t\t<\/div>\r\n\r\n\t\t<div class=\"slideshow_controlPanel slideshow_transparent\" style=\"display: none;\"><ul><li class=\"slideshow_togglePlay\" data-play-text=\"Visualitza\" data-pause-text=\"Pausa\"><\/li><\/ul><\/div>\r\n\r\n\t\t<div class=\"slideshow_button slideshow_previous slideshow_transparent\" role=\"button\" data-previous-text=\"Anterior\" style=\"display: none;\"><\/div>\r\n\t\t<div class=\"slideshow_button slideshow_next slideshow_transparent\" role=\"button\" data-next-text=\"Seg\u00fcent\" style=\"display: none;\"><\/div>\r\n\r\n\t\t<div class=\"slideshow_pagination\" style=\"display: none;\" data-go-to-text=\"V\u00e9s a la diapositiva\"><div class=\"slideshow_pagination_center\"><\/div><\/div>\r\n\r\n\t\t<!-- WordPress Slideshow Version 2.3.1 -->\r\n\r\n\t\t\t<\/div>\r\n\r\n\n<p>&nbsp;<\/p>\n<p>Els tipus d&#8217;auriculars que hi ha s\u00f3n:<\/p>\n<ol>\n<li>Supra-aurals (on-ear)<\/li>\n<li>Circumaurals (over-ear)<\/li>\n<li>Intrauriculars (in-ear)<\/li>\n<\/ol>\n<p>Els dos primers poden ser oberts o tancats.<\/p>\n<p>Auriculars oberts. La principal caracter\u00edstica dels auriculars oberts, \u00e9s que, a l&#8217;estar lleugerament separats de l&#8217;o\u00efda i deixar passar part del so extern generen una major i natural sensaci\u00f3 del camp\u00a0<a class=\"mw-redirect\" title=\"So est\u00e8reo\" href=\"https:\/\/ca.wikipedia.org\/wiki\/So_est%C3%A8reo\">est\u00e8reo<\/a>\u00a0i una reproducci\u00f3 de\u00a0<a title=\"Freq\u00fc\u00e8ncia\" href=\"https:\/\/ca.wikipedia.org\/wiki\/Freq%C3%BC%C3%A8ncia\">freq\u00fc\u00e8ncies<\/a>m\u00e9s lineal i precisa. Aquest \u00e9s l&#8217;est\u00e0ndard en els auriculars hi-fi o dom\u00e8stics, per\u00f2 tamb\u00e9 en els sistemes de barreja professional.<\/p>\n<p>Auriculars tancats. Els auriculars tancats permeten l&#8217;a\u00efllament auditiu m\u00e9s o menys complet del subjecte que escolta i aix\u00ed mateix, impedeixen que el so reprodu\u00eft surti a l&#8217;exterior, per aix\u00f2 les seves aplicacions solen estar m\u00e9s dedicades al camp professional, amb monitoratge d&#8217;estudi o barreja per a\u00a0<a class=\"mw-redirect\" title=\"DJ\" href=\"https:\/\/ca.wikipedia.org\/wiki\/DJ\">DJs<\/a>\u00a0en clubs.<\/p>\n<p>Els intrauriculars s\u00f3n petits audi\u00f2fons, aproximadament de la grand\u00e0ria d&#8217;un bot\u00f3 que s&#8217;introdueixen dintre de l&#8217;o\u00efda i permeten a l&#8217;oient una major mobilitat i confort, per\u00f2 la seva qualitat sonora mai aconsegueix la dels models supra-aurals i circumaurals. El seu \u00fas m\u00e9s com\u00fa \u00e9s el de l&#8217;amplificaci\u00f3 del so per a persones amb problemes auditius i per a l&#8217;escolta de reproductors port\u00e0tils (<a class=\"new\" title=\"Walkman (encara no existeix)\" href=\"https:\/\/ca.wikipedia.org\/w\/index.php?title=Walkman&amp;action=edit&amp;redlink=1\">Walkman<\/a>,\u00a0<a class=\"new\" title=\"Discman (encara no existeix)\" href=\"https:\/\/ca.wikipedia.org\/w\/index.php?title=Discman&amp;action=edit&amp;redlink=1\">Discman<\/a>,\u00a0<a title=\"IPod\" href=\"https:\/\/ca.wikipedia.org\/wiki\/IPod\">iPods<\/a>).<\/p>\n<p>Els auriculars (dits\u00a0<b>casc<\/b>\u00a0comunament) de m\u00e9s qualitat solen tenir la c\u00e0psula o &#8220;cor&#8221; de l&#8217;altaveu de\u00a0<a title=\"Neodimi\" href=\"https:\/\/ca.wikipedia.org\/wiki\/Neodimi\">neodimi<\/a>, un\u00a0<a title=\"Aliatge\" href=\"https:\/\/ca.wikipedia.org\/wiki\/Aliatge\">aliatge<\/a>\u00a0de metall que permet un gran rang din\u00e0mic i una amplitud de freq\u00fc\u00e8ncies completa. L&#8217;\u00fas d&#8217;auriculars al seu torn pot produir canvis en la salut humana.<\/p>\n","protected":false},"excerpt":{"rendered":"<p>Un\u00a0auricular\u00a0\u00e9s un dispositiu per escoltar sons. Els\u00a0auriculars\u00a0s\u00f3n considerats com un aparell electr\u00f2nic que es col\u00b7loca sobre les orelles o en l&#8217;o\u00efda. Normalment posseeix dos\u00a0<a title=\"Altaveu\" href=\"https:\/\/ca.wikipedia.org\/wiki\/Altaveu\">altaveus<\/a>, els auriculars s\u00f3n principalment utilitzats en aparells com la\u00a0<a title=\"Receptor de r\u00e0dio\" href=\"https:\/\/ca.wikipedia.org\/wiki\/Receptor_de_r%C3%A0dio\">r\u00e0dio<\/a>\u00a0o reproductors musicals (incl\u00f2s l&#8217;ordinador), per\u00f2 tamb\u00e9&hellip;  <a href=\"https:\/\/agora.xtec.cat\/col-carmelites\/estudis\/auricular\/\" title=\"Read Auriculars\">Llegeix m\u00e9s\u00bb<\/a><\/p>\n","protected":false},"author":1,"featured_media":0,"parent":195,"menu_order":40,"comment_status":"closed","ping_status":"closed","template":"","meta":{"_bbp_topic_count":0,"_bbp_reply_count":0,"_bbp_total_topic_count":0,"_bbp_total_reply_count":0,"_bbp_voice_count":0,"_bbp_anonymous_reply_count":0,"_bbp_topic_count_hidden":0,"_bbp_reply_count_hidden":0,"_bbp_forum_subforum_count":0,"footnotes":""},"class_list":["post-611","page","type-page","status-publish","hentry"],"post_mailing_queue_ids":[],"_links":{"self":[{"href":"https:\/\/agora.xtec.cat\/col-carmelites\/wp-json\/wp\/v2\/pages\/611","targetHints":{"allow":["GET"]}}],"collection":[{"href":"https:\/\/agora.xtec.cat\/col-carmelites\/wp-json\/wp\/v2\/pages"}],"about":[{"href":"https:\/\/agora.xtec.cat\/col-carmelites\/wp-json\/wp\/v2\/types\/page"}],"author":[{"embeddable":true,"href":"https:\/\/agora.xtec.cat\/col-carmelites\/wp-json\/wp\/v2\/users\/1"}],"replies":[{"embeddable":true,"href":"https:\/\/agora.xtec.cat\/col-carmelites\/wp-json\/wp\/v2\/comments?post=611"}],"version-history":[{"count":3,"href":"https:\/\/agora.xtec.cat\/col-carmelites\/wp-json\/wp\/v2\/pages\/611\/revisions"}],"predecessor-version":[{"id":635,"href":"https:\/\/agora.xtec.cat\/col-carmelites\/wp-json\/wp\/v2\/pages\/611\/revisions\/635"}],"up":[{"embeddable":true,"href":"https:\/\/agora.xtec.cat\/col-carmelites\/wp-json\/wp\/v2\/pages\/195"}],"wp:attachment":[{"href":"https:\/\/agora.xtec.cat\/col-carmelites\/wp-json\/wp\/v2\/media?parent=611"}],"curies":[{"name":"wp","href":"https:\/\/api.w.org\/{rel}","templated":true}]}}