{"id":600,"date":"2017-09-03T13:26:13","date_gmt":"2017-09-03T11:26:13","guid":{"rendered":"http:\/\/agora.xtec.cat\/col-carmelites\/?page_id=600"},"modified":"2017-09-03T13:48:25","modified_gmt":"2017-09-03T11:48:25","slug":"microfon","status":"publish","type":"page","link":"https:\/\/agora.xtec.cat\/col-carmelites\/estudis\/microfon\/","title":{"rendered":"Micr\u00f2fons"},"content":{"rendered":"<p>Un\u00a0<b>micr\u00f2fon<\/b>\u00a0\u00e9s un\u00a0<a title=\"Transductor\" href=\"https:\/\/ca.wikipedia.org\/wiki\/Transductor\">transductor<\/a>\u00a0que converteix el\u00a0<a title=\"So\" href=\"https:\/\/ca.wikipedia.org\/wiki\/So\">so<\/a>\u00a0en un senyal el\u00e8ctric. Els micr\u00f2fons tenen moltes aplicacions com ara el\u00a0<a title=\"Tel\u00e8fon\" href=\"https:\/\/ca.wikipedia.org\/wiki\/Tel%C3%A8fon\">tel\u00e8fon<\/a>, el\u00a0<a title=\"Magnet\u00f2fon\" href=\"https:\/\/ca.wikipedia.org\/wiki\/Magnet%C3%B2fon\">magnet\u00f2fon<\/a>, ajudes per a la sordesa o la retransmissi\u00f3 de\u00a0<a title=\"Televisi\u00f3\" href=\"https:\/\/ca.wikipedia.org\/wiki\/Televisi%C3%B3\">televisi\u00f3<\/a>\u00a0i\u00a0<a title=\"R\u00e0dio\" href=\"https:\/\/ca.wikipedia.org\/wiki\/R%C3%A0dio\">r\u00e0dio<\/a>.<sup id=\"cite_ref-RBA_1-0\" class=\"reference\"><a href=\"https:\/\/ca.wikipedia.org\/wiki\/Micr%C3%B2fon#cite_note-RBA-1\">[1]<\/a><\/sup><\/p>\n<p>La invenci\u00f3 d&#8217;un micr\u00f2fon va ser crucial en els inicis del desenvolupament del tel\u00e8fon.\u00a0<a class=\"mw-redirect\" title=\"Berliner, Emile\" href=\"https:\/\/ca.wikipedia.org\/wiki\/Berliner,_Emile\">Emile Berliner<\/a>\u00a0va inventar el primer micr\u00f2fon el\u00a0<a title=\"4 de mar\u00e7\" href=\"https:\/\/ca.wikipedia.org\/wiki\/4_de_mar%C3%A7\">4 de mar\u00e7<\/a>\u00a0de\u00a0<a title=\"1877\" href=\"https:\/\/ca.wikipedia.org\/wiki\/1877\">1877<\/a>, per\u00f2 el primer micr\u00f2fon amb aplicaci\u00f3 pr\u00e0ctica va ser ideat per\u00a0<a title=\"Alexander Graham Bell\" href=\"https:\/\/ca.wikipedia.org\/wiki\/Alexander_Graham_Bell\">Alexander Graham Bell<\/a>. Moltes de les primeres millores en el disseny de micr\u00f2fons van tenir lloc als\u00a0<a title=\"Laboratoris Bell\" href=\"https:\/\/ca.wikipedia.org\/wiki\/Laboratoris_Bell\">Laboratoris Bell<\/a>.<\/p>\n<p>En els micr\u00f2fons, les ones sonores es transformen en una vibraci\u00f3 mec\u00e0nica sobre un diafragma flexible molt prim. Aquestes vibracions es converteixen en senyal el\u00e8ctric de diferents maneres.<\/p>\n<p>&nbsp;<\/p>\n\r\n\t<div class=\"slideshow_container slideshow_container_style-light\" style=\"height: 300px; \" data-slideshow-id=\"602\" data-style-name=\"style-light\" data-style-version=\"2.3.1\" >\r\n\r\n\t\t\t\t\t<div class=\"slideshow_loading_icon\"><\/div>\r\n\t\t\r\n\t\t<div class=\"slideshow_content\" style=\"display: none;\">\r\n\r\n\t\t\t<div class=\"slideshow_view\">\r\n\t\t\t\t<div class=\"slideshow_slide slideshow_slide_image\">\r\n\t\t\t\t\t\t\t\t\t\t\t<img src=\"https:\/\/agora.xtec.cat\/col-carmelites\/wp-content\/uploads\/usu25\/2017\/09\/micro2.jpg\" alt=\"micro2\" width=\"2000\" height=\"1328\" \/>\r\n\t\t\t\t\t\t\t\t\t\t<div class=\"slideshow_description_box slideshow_transparent\">\r\n\t\t\t\t\t\t<div class=\"slideshow_title\">micro2<\/div>\t\t\t\t\t\t\t\t\t\t\t<\/div>\r\n\t\t\t\t<\/div>\r\n\r\n\t\t\t\t\t\t<div style=\"clear: both;\"><\/div><\/div><div class=\"slideshow_view\">\r\n\t\t\t\t<div class=\"slideshow_slide slideshow_slide_image\">\r\n\t\t\t\t\t\t\t\t\t\t\t<img src=\"https:\/\/agora.xtec.cat\/col-carmelites\/wp-content\/uploads\/usu25\/2017\/09\/microfono-consola-radio.jpg\" alt=\"micro 3\" width=\"1600\" height=\"1067\" \/>\r\n\t\t\t\t\t\t\t\t\t\t<div class=\"slideshow_description_box slideshow_transparent\">\r\n\t\t\t\t\t\t<div class=\"slideshow_title\">micro 3<\/div>\t\t\t\t\t\t\t\t\t\t\t<\/div>\r\n\t\t\t\t<\/div>\r\n\r\n\t\t\t\t\t\t<div style=\"clear: both;\"><\/div><\/div><div class=\"slideshow_view\">\r\n\t\t\t\t<div class=\"slideshow_slide slideshow_slide_image\">\r\n\t\t\t\t\t\t\t\t\t\t\t<img src=\"https:\/\/agora.xtec.cat\/col-carmelites\/wp-content\/uploads\/usu25\/2017\/09\/micro1.jpg\" alt=\"micro1\" width=\"1920\" height=\"1080\" \/>\r\n\t\t\t\t\t\t\t\t\t\t<div class=\"slideshow_description_box slideshow_transparent\">\r\n\t\t\t\t\t\t<div class=\"slideshow_title\">micro1<\/div>\t\t\t\t\t\t\t\t\t\t\t<\/div>\r\n\t\t\t\t<\/div>\r\n\r\n\t\t\t\t\t\t<div style=\"clear: both;\"><\/div><\/div>\r\n\t\t<\/div>\r\n\r\n\t\t<div class=\"slideshow_controlPanel slideshow_transparent\" style=\"display: none;\"><ul><li class=\"slideshow_togglePlay\" data-play-text=\"Visualitza\" data-pause-text=\"Pausa\"><\/li><\/ul><\/div>\r\n\r\n\t\t<div class=\"slideshow_button slideshow_previous slideshow_transparent\" role=\"button\" data-previous-text=\"Anterior\" style=\"display: none;\"><\/div>\r\n\t\t<div class=\"slideshow_button slideshow_next slideshow_transparent\" role=\"button\" data-next-text=\"Seg\u00fcent\" style=\"display: none;\"><\/div>\r\n\r\n\t\t<div class=\"slideshow_pagination\" style=\"display: none;\" data-go-to-text=\"V\u00e9s a la diapositiva\"><div class=\"slideshow_pagination_center\"><\/div><\/div>\r\n\r\n\t\t<!-- WordPress Slideshow Version 2.3.1 -->\r\n\r\n\t\t\t<\/div>\r\n\r\n\n<p>&nbsp;<\/p>\n<h2><span id=\"Tipus_de_micr.C3.B2fons\" class=\"mw-headline\">Tipus de micr\u00f2fons<\/span><\/h2>\n<p>En el\u00a0<b>micr\u00f2fon din\u00e0mic<\/b>\u00a0una petita\u00a0<a class=\"mw-redirect\" title=\"Bobina\" href=\"https:\/\/ca.wikipedia.org\/wiki\/Bobina\">bobina<\/a>\u00a0m\u00f2bil, posicionada dins del\u00a0<a title=\"Camp magn\u00e8tic\" href=\"https:\/\/ca.wikipedia.org\/wiki\/Camp_magn%C3%A8tic\">camp magn\u00e8tic<\/a>\u00a0d&#8217;un\u00a0<a title=\"Imant\" href=\"https:\/\/ca.wikipedia.org\/wiki\/Imant\">imant<\/a>, est\u00e0 unida al\u00a0<a class=\"new\" title=\"Diafragma (so) (encara no existeix)\" href=\"https:\/\/ca.wikipedia.org\/w\/index.php?title=Diafragma_(so)&amp;action=edit&amp;redlink=1\">diafragma<\/a>. Quan el diafragma vibra, la bobina es mou en el camp magn\u00e8tic, produint un corrent el\u00e8ctric variable (vegeu\u00a0<a title=\"Inducci\u00f3 electromagn\u00e8tica\" href=\"https:\/\/ca.wikipedia.org\/wiki\/Inducci%C3%B3_electromagn%C3%A8tica\">inducci\u00f3 electromagn\u00e8tica<\/a>). Els micr\u00f2fons din\u00e0mics s\u00f3n robusts i relativament barats, i s&#8217;empren en una \u00e0mplia varietat d&#8217;aplicacions.<\/p>\n<p>En el\u00a0<b>micr\u00f2fon de cinta<\/b>\u00a0una cinta met\u00e0l\u00b7lica molt prima est\u00e0 suspesa dins d&#8217;un camp magn\u00e8tic: la vibraci\u00f3 d&#8217;aquesta cinta genera canvis en el voltatge. Els micr\u00f2fons de cinta reprodueixen el so amb m\u00e9s precisi\u00f3 que els de bobina m\u00f2bil, per\u00f2 s\u00f3n molt m\u00e9s fr\u00e0gils.<\/p>\n<p>En un\u00a0<b>micr\u00f2fon electrost\u00e0tic<\/b>\u00a0(tamb\u00e9 anomenat\u00a0<i>micr\u00f2fon de condensador<\/i>), el diafragma actua com una de les plaques d&#8217;un\u00a0<a title=\"Condensador\" href=\"https:\/\/ca.wikipedia.org\/wiki\/Condensador\">condensador<\/a>, de manera que la seva vibraci\u00f3 produeix difer\u00e8ncies en el\u00a0<a class=\"mw-redirect\" title=\"Voltatge\" href=\"https:\/\/ca.wikipedia.org\/wiki\/Voltatge\">voltatge<\/a>\u00a0mantingut entre les plaques del condensador. Els micr\u00f2fons electrost\u00e0tics s\u00f3n cars i necessiten alimentaci\u00f3 el\u00e8ctrica externa, per\u00f2 obtenen una resposta de molt bona qualitat i s&#8217;empren en estudis d&#8217;enregistrament i en laboratoris.<\/p>\n<p>El\u00a0<b>micr\u00f2fon de carb\u00f3<\/b>, inicialment emprat en el tel\u00e8fon, \u00e9s una c\u00e0psula que cont\u00e9 granuls de carb\u00f3 comprimits entre dues plaques met\u00e0l\u00b7liques. S&#8217;aplica un voltatge entre les dues plaques, provocant un corrent el\u00e8ctric a trav\u00e9s del carb\u00f3. Una de les plaques, el diafragma, vibra a conseq\u00fc\u00e8ncia de la incid\u00e8ncia d&#8217;ones sonores, aplicant una pressi\u00f3 variable sobre el carb\u00f3. Aquests canvis de pressi\u00f3 deformen els granuls, provocant difer\u00e8ncies en la superf\u00edcie en contacte entre cada parell de granuls, i per tant canvis en la seva resist\u00e8ncia el\u00e8ctrica. Com que el voltatge a trav\u00e9s d&#8217;un conductor \u00e9s proporcional a la resist\u00e8ncia, el voltatge a trav\u00e9s de la c\u00e0psula varia en funci\u00f3 de la pressi\u00f3 sonora.<\/p>\n<p>El\u00a0<b>micr\u00f2fon piezoel\u00e8ctric<\/b>\u00a0empra el fenomen de la\u00a0<a title=\"Piezoelectricitat\" href=\"https:\/\/ca.wikipedia.org\/wiki\/Piezoelectricitat\">piezoelectricitat<\/a>\u00a0-la tend\u00e8ncia d&#8217;alguns materials a produir un voltatge quan s\u00f3n subjectes a pressi\u00f3- per a convertir vibracions en senyal el\u00e8ctric.<\/p>\n<p>El\u00a0<b>micr\u00f2fon de canya<\/b>\u00a0s&#8217;empra en la producci\u00f3 audiovisual per enregistrar el so en directe.<\/p>\n<h2><span id=\"Direccionalitat\" class=\"mw-headline\">Direccionalitat<\/span><\/h2>\n<p>Segons la seva construcci\u00f3, un micr\u00f2fon pot presentar una sensitivitat gaireb\u00e9 igual als sons que li arriben en qualsevol direcci\u00f3 (un\u00a0<b>micr\u00f2fon omnidireccional<\/b>), o b\u00e9 pot ser m\u00e9s sensible al so provinent d&#8217;una direcci\u00f3 concreta (<b>micr\u00f2fon unidireccional<\/b>). El disseny m\u00e9s usual de micr\u00f2fon unidireccional \u00e9s l&#8217;anomenat cardioide, ja que el seu patr\u00f3 de sensibilitat recorda la forma d&#8217;un cor. Els micr\u00f2fons hiper-cardioides presenten un angle de directivitat encara menor.<\/p>\n<p>Alguns micr\u00f2fons presenten patrons de sensitivitat m\u00e9s complexos. La majoria de micr\u00f2fons de cinta s\u00f3n bidireccionals, rebent d&#8217;igual manera el so provinent del front com el del darrere. Aquest tipus de resposta tamb\u00e9 s&#8217;anomena patr\u00f3 de\u00a0<b>figura de 8<\/b>, per la seva forma. Els micr\u00f2fons de can\u00f3, els m\u00e9s direccionals de tots els que s&#8217;empren en estudi, nom\u00e9s responen als sons provinents directament del seu davant o, en menor mesura, del seu darrere. Els micr\u00f2fons de can\u00f3 tamb\u00e9 tenen unes petites zones de sensibilitat a esquerra i dreta, com a resultat del seu disseny, que generalment consisteix a col\u00b7locar l&#8217;element dins d&#8217;un tub amb ranures que provoquen la cancel\u00b7laci\u00f3 de les ones provinents de fora del seu eix.<\/p>\n<p>El\u00a0<b>micr\u00f2fon parab\u00f2lic<\/b>\u00a0empra un reflector parab\u00f2lic per a recollir i concentrar les ones sonores sobre el receptor del micr\u00f2fon, de manera similar a com funciona una\u00a0<a title=\"Antena parab\u00f2lica\" href=\"https:\/\/ca.wikipedia.org\/wiki\/Antena_parab%C3%B2lica\">antena parab\u00f2lica<\/a>. Aquest tipus de micr\u00f2fon s&#8217;empra en gravacions de camp, ja que pot estar molt allunyat de la font sonora, per\u00f2 no s&#8217;empren en altres aplicacions perqu\u00e8 la seva resposta en greus \u00e9s molt pobra.<\/p>\n<h2><span id=\"Resposta_en_freq.C3.BC.C3.A8ncia\" class=\"mw-headline\">Resposta en freq\u00fc\u00e8ncia<\/span><\/h2>\n<p>La resposta en freq\u00fc\u00e8ncia \u00e9s el par\u00e0metre que ens permet saber quines freq\u00fc\u00e8ncies audibles (20 Hz- 20 kHz) reprodueix el\u00e8ctricament un transductor i de quina manera. Aquest par\u00e0metre serveix tant per la captaci\u00f3 del so mitjan\u00e7ant micr\u00f2fons com per la reproducci\u00f3 amb altaveus.<\/p>\n<p>Per saber quin tipus de resposta t\u00e9 un transductor s\u2019ha de fer la diferencia entre les diferents freq\u00fc\u00e8ncies captades i el voltatge de sortida del micr\u00f2fon.<sup id=\"cite_ref-2\" class=\"reference\"><a href=\"https:\/\/ca.wikipedia.org\/wiki\/Micr%C3%B2fon#cite_note-2\">[2]<\/a><\/sup><\/p>\n<p>B\u00e0sicament existeixen dos tipus de respostes:<\/p>\n<ul>\n<li><b>Resposta de freq\u00fc\u00e8ncia plana<\/b>: se\u2019n diu d\u2019aquell aparell amb abs\u00e8ncia de resposta en freq\u00fc\u00e8ncia. En la realitat \u00e9s impossible, ja que tots els dispositius d\u2019\u00e0udio canvien m\u00ednimament la resposta en freq\u00fc\u00e8ncia. La q\u00fcesti\u00f3 \u00e9s l&#8217;extensi\u00f3 de canvis detectables dintre del rang din\u00e0mic i el nostre sistema auditiu. una resposta \u00fatil per a situaci\u00f3 on ens interessa mantenir el timbre original d\u2019\u00e0udio.\u00a0<sup id=\"cite_ref-3\" class=\"reference\"><a href=\"https:\/\/ca.wikipedia.org\/wiki\/Micr%C3%B2fon#cite_note-3\">[3]<\/a><\/sup><\/li>\n<li><b>Resposta de freq\u00fc\u00e8ncia ajustada<\/b>: aquest tipus de resposta ajusta el nivell de sortida en determinades freq\u00fc\u00e8ncies, variant el timbre del senyal original. Per exemple si volem emfatitzar la veu d\u2019un cantant en anir\u00e0 be un micr\u00f2fon que tingui un pic entre 2 kHz i 8kHz, rang de freq\u00fc\u00e8ncies on es situa el timbre de la veu humana.<\/li>\n<\/ul>\n","protected":false},"excerpt":{"rendered":"<p>Un\u00a0micr\u00f2fon\u00a0\u00e9s un\u00a0<a title=\"Transductor\" href=\"https:\/\/ca.wikipedia.org\/wiki\/Transductor\">transductor<\/a>\u00a0que converteix el\u00a0<a title=\"So\" href=\"https:\/\/ca.wikipedia.org\/wiki\/So\">so<\/a>\u00a0en un senyal el\u00e8ctric. Els micr\u00f2fons tenen moltes aplicacions com ara el\u00a0<a title=\"Tel\u00e8fon\" href=\"https:\/\/ca.wikipedia.org\/wiki\/Tel%C3%A8fon\">tel\u00e8fon<\/a>, el\u00a0<a title=\"Magnet\u00f2fon\" href=\"https:\/\/ca.wikipedia.org\/wiki\/Magnet%C3%B2fon\">magnet\u00f2fon<\/a>, ajudes per a la sordesa o la retransmissi\u00f3 de\u00a0<a title=\"Televisi\u00f3\" href=\"https:\/\/ca.wikipedia.org\/wiki\/Televisi%C3%B3\">televisi\u00f3<\/a>\u00a0i\u00a0<a title=\"R\u00e0dio\" href=\"https:\/\/ca.wikipedia.org\/wiki\/R%C3%A0dio\">r\u00e0dio<\/a>.<a href=\"https:\/\/ca.wikipedia.org\/wiki\/Micr%C3%B2fon#cite_note-RBA-1\">[1]<\/a><br \/>\nLa invenci\u00f3 d&#8217;un micr\u00f2fon va ser crucial en&hellip;  <a href=\"https:\/\/agora.xtec.cat\/col-carmelites\/estudis\/microfon\/\" title=\"Read Micr\u00f2fons\">Llegeix m\u00e9s\u00bb<\/a><\/p>\n","protected":false},"author":1,"featured_media":0,"parent":195,"menu_order":20,"comment_status":"closed","ping_status":"closed","template":"","meta":{"_bbp_topic_count":0,"_bbp_reply_count":0,"_bbp_total_topic_count":0,"_bbp_total_reply_count":0,"_bbp_voice_count":0,"_bbp_anonymous_reply_count":0,"_bbp_topic_count_hidden":0,"_bbp_reply_count_hidden":0,"_bbp_forum_subforum_count":0,"footnotes":""},"class_list":["post-600","page","type-page","status-publish","hentry"],"post_mailing_queue_ids":[],"_links":{"self":[{"href":"https:\/\/agora.xtec.cat\/col-carmelites\/wp-json\/wp\/v2\/pages\/600","targetHints":{"allow":["GET"]}}],"collection":[{"href":"https:\/\/agora.xtec.cat\/col-carmelites\/wp-json\/wp\/v2\/pages"}],"about":[{"href":"https:\/\/agora.xtec.cat\/col-carmelites\/wp-json\/wp\/v2\/types\/page"}],"author":[{"embeddable":true,"href":"https:\/\/agora.xtec.cat\/col-carmelites\/wp-json\/wp\/v2\/users\/1"}],"replies":[{"embeddable":true,"href":"https:\/\/agora.xtec.cat\/col-carmelites\/wp-json\/wp\/v2\/comments?post=600"}],"version-history":[{"count":3,"href":"https:\/\/agora.xtec.cat\/col-carmelites\/wp-json\/wp\/v2\/pages\/600\/revisions"}],"predecessor-version":[{"id":616,"href":"https:\/\/agora.xtec.cat\/col-carmelites\/wp-json\/wp\/v2\/pages\/600\/revisions\/616"}],"up":[{"embeddable":true,"href":"https:\/\/agora.xtec.cat\/col-carmelites\/wp-json\/wp\/v2\/pages\/195"}],"wp:attachment":[{"href":"https:\/\/agora.xtec.cat\/col-carmelites\/wp-json\/wp\/v2\/media?parent=600"}],"curies":[{"name":"wp","href":"https:\/\/api.w.org\/{rel}","templated":true}]}}