{"id":582,"date":"2017-09-03T12:43:30","date_gmt":"2017-09-03T10:43:30","guid":{"rendered":"http:\/\/agora.xtec.cat\/col-carmelites\/?page_id=582"},"modified":"2017-09-03T13:20:42","modified_gmt":"2017-09-03T11:20:42","slug":"connector","status":"publish","type":"page","link":"https:\/\/agora.xtec.cat\/col-carmelites\/estudis\/connector\/","title":{"rendered":"Connectors"},"content":{"rendered":"<p>Un\u00a0<b>connector el\u00e8ctric<\/b>\u00a0\u00e9s un\u00a0<a title=\"Conductor el\u00e8ctric\" href=\"https:\/\/ca.wikipedia.org\/wiki\/Conductor_el%C3%A8ctric\">dispositiu conductor<\/a>\u00a0per unir\u00a0<a title=\"Circuit el\u00e8ctric\" href=\"https:\/\/ca.wikipedia.org\/wiki\/Circuit_el%C3%A8ctric\">circuits el\u00e8ctrics<\/a>.<sup id=\"cite_ref-All_1-0\" class=\"reference\"><a href=\"https:\/\/ca.wikipedia.org\/wiki\/Connector_el%C3%A8ctric#cite_note-All-1\">[1]<\/a><\/sup>\u00a0La connexi\u00f3 pot ser temporal, com per a equips port\u00e0tils, o pot exigir una eina per a muntatge i desmuntatge, o pot ser una uni\u00f3 permanent entre dos\u00a0<a title=\"Cable el\u00e8ctric\" href=\"https:\/\/ca.wikipedia.org\/wiki\/Cable_el%C3%A8ctric\">cables<\/a>\u00a0o aparells. Hi ha centenars de tipus de connectors el\u00e8ctrics. En\u00a0<a class=\"mw-redirect\" title=\"Computaci\u00f3\" href=\"https:\/\/ca.wikipedia.org\/wiki\/Computaci%C3%B3\">computaci\u00f3<\/a>, un connector el\u00e8ctric tamb\u00e9 pot ser conegut com una\u00a0<i>interf\u00edcie f\u00edsica<\/i>(comparable a la\u00a0<i><a title=\"Capa f\u00edsica\" href=\"https:\/\/ca.wikipedia.org\/wiki\/Capa_f%C3%ADsica\">capa f\u00edsica<\/a><\/i>\u00a0del\u00a0<a title=\"OSI\" href=\"https:\/\/ca.wikipedia.org\/wiki\/OSI\">model OSI<\/a>\u00a0de xarxes). Els connectors poden unir dos trossos de cable flexible, o poden connectar un cable a un\u00a0<a title=\"Terminal (electr\u00f2nica)\" href=\"https:\/\/ca.wikipedia.org\/wiki\/Terminal_(electr%C3%B2nica)\">terminal el\u00e8ctric<\/a>.<\/p>\n<p>Un connector el\u00e8ctric\u00a0<a title=\"Model conceptual\" href=\"https:\/\/ca.wikipedia.org\/wiki\/Model_conceptual\">ideal<\/a>\u00a0tindria una baixa resist\u00e8ncia de contacte i valor d&#8217;a\u00efllament alt. Seria resistent a vibraci\u00f3, aigua, oli i pressi\u00f3. Seria f\u00e0cilment acoblat\/desacoblat, inequ\u00edvocament preservant l&#8217;orientaci\u00f3 dels circuits connectats, fiable, portant un o m\u00e9s circuits. Propietats desitjables per a un connector tamb\u00e9 inclouen identificaci\u00f3 f\u00e0cil, mida compacta, construcci\u00f3 resistent, durabilitat (capa\u00e7 de molts cicles de connexi\u00f3\/desconnexi\u00f3), muntatge r\u00e0pid, eines simples i de baix cost. Cap connector \u00fanic t\u00e9 totes les propietats ideals. La proliferaci\u00f3 de tipus reflecteix la import\u00e0ncia atribu\u00efda a diferents factors de disseny.<\/p>\n<p>&nbsp;<\/p>\n\r\n\t<div class=\"slideshow_container slideshow_container_style-light\" style=\"height: 300px; \" data-slideshow-id=\"584\" data-style-name=\"style-light\" data-style-version=\"2.3.1\" >\r\n\r\n\t\t\t\t\t<div class=\"slideshow_loading_icon\"><\/div>\r\n\t\t\r\n\t\t<div class=\"slideshow_content\" style=\"display: none;\">\r\n\r\n\t\t\t<div class=\"slideshow_view\">\r\n\t\t\t\t<div class=\"slideshow_slide slideshow_slide_image\">\r\n\t\t\t\t\t\t\t\t\t\t\t<img src=\"https:\/\/agora.xtec.cat\/col-carmelites\/wp-content\/uploads\/usu25\/2017\/09\/connector4.jpg\" alt=\"connector jack\" width=\"1500\" height=\"1500\" \/>\r\n\t\t\t\t\t\t\t\t\t\t<div class=\"slideshow_description_box slideshow_transparent\">\r\n\t\t\t\t\t\t<div class=\"slideshow_title\">connector jack<\/div>\t\t\t\t\t\t\t\t\t\t\t<\/div>\r\n\t\t\t\t<\/div>\r\n\r\n\t\t\t\t\t\t<div style=\"clear: both;\"><\/div><\/div><div class=\"slideshow_view\">\r\n\t\t\t\t<div class=\"slideshow_slide slideshow_slide_image\">\r\n\t\t\t\t\t\t\t\t\t\t\t<img src=\"https:\/\/agora.xtec.cat\/col-carmelites\/wp-content\/uploads\/usu25\/2017\/09\/connector2.jpg\" alt=\"connector RCA\" width=\"3600\" height=\"2340\" \/>\r\n\t\t\t\t\t\t\t\t\t\t<div class=\"slideshow_description_box slideshow_transparent\">\r\n\t\t\t\t\t\t<div class=\"slideshow_title\">connector RCA<\/div>\t\t\t\t\t\t\t\t\t\t\t<\/div>\r\n\t\t\t\t<\/div>\r\n\r\n\t\t\t\t\t\t<div style=\"clear: both;\"><\/div><\/div><div class=\"slideshow_view\">\r\n\t\t\t\t<div class=\"slideshow_slide slideshow_slide_image\">\r\n\t\t\t\t\t\t\t\t\t\t\t<img src=\"https:\/\/agora.xtec.cat\/col-carmelites\/wp-content\/uploads\/usu25\/2017\/09\/connector1.jpg\" alt=\"connector cannon\" width=\"1280\" height=\"752\" \/>\r\n\t\t\t\t\t\t\t\t\t\t<div class=\"slideshow_description_box slideshow_transparent\">\r\n\t\t\t\t\t\t<div class=\"slideshow_title\">connector cannon<\/div>\t\t\t\t\t\t\t\t\t\t\t<\/div>\r\n\t\t\t\t<\/div>\r\n\r\n\t\t\t\t\t\t<div style=\"clear: both;\"><\/div><\/div>\r\n\t\t<\/div>\r\n\r\n\t\t<div class=\"slideshow_controlPanel slideshow_transparent\" style=\"display: none;\"><ul><li class=\"slideshow_togglePlay\" data-play-text=\"Visualitza\" data-pause-text=\"Pausa\"><\/li><\/ul><\/div>\r\n\r\n\t\t<div class=\"slideshow_button slideshow_previous slideshow_transparent\" role=\"button\" data-previous-text=\"Anterior\" style=\"display: none;\"><\/div>\r\n\t\t<div class=\"slideshow_button slideshow_next slideshow_transparent\" role=\"button\" data-next-text=\"Seg\u00fcent\" style=\"display: none;\"><\/div>\r\n\r\n\t\t<div class=\"slideshow_pagination\" style=\"display: none;\" data-go-to-text=\"V\u00e9s a la diapositiva\"><div class=\"slideshow_pagination_center\"><\/div><\/div>\r\n\r\n\t\t<!-- WordPress Slideshow Version 2.3.1 -->\r\n\r\n\t\t\t<\/div>\r\n\r\n\n<p>&nbsp;<\/p>\n<p>Molts connectors tenen algun component mec\u00e0nic (<b>osca<\/b>) que impedeix l&#8217;acoblament, excepte amb un connector corresponent correctament orientat.<sup id=\"cite_ref-2\" class=\"reference\"><a href=\"https:\/\/ca.wikipedia.org\/wiki\/Connector_el%C3%A8ctric#cite_note-2\">[2]<\/a><\/sup>\u00a0Aix\u00f2 pot ser utilitzat per impedir interconnexions incorrectes o danyades, ja sigui per prevenir pins de ser avariats per estar encaixades a l&#8217;angle incorrecte o ajustar-se imperfectament als\u00a0<a title=\"Endoll\" href=\"https:\/\/ca.wikipedia.org\/wiki\/Endoll\">endolls<\/a>, com ara connectar un cable d&#8217;\u00e0udio en una presa de corrent. Per exemple, els\u00a0<a title=\"Connector XLR\" href=\"https:\/\/ca.wikipedia.org\/wiki\/Connector_XLR\">connectors XLR<\/a>\u00a0tenen una osca per garantir l&#8217;orientaci\u00f3 adequada, mentre que\u00a0<a title=\"Connector mini-DIN\" href=\"https:\/\/ca.wikipedia.org\/wiki\/Connector_mini-DIN\">endolls Mini-DIN<\/a>\u00a0tenen una projecci\u00f3 de pl\u00e0stic, que encaixa en un forat corresponent en el\u00a0<a class=\"mw-redirect\" title=\"S\u00f2col\" href=\"https:\/\/ca.wikipedia.org\/wiki\/S%C3%B2col\">s\u00f2col<\/a>\u00a0i impedeix que s&#8217;utilitzen conjuntament connectors diferents (tamb\u00e9 tenen una faldilla de metall entallada per proporcionar orientaci\u00f3 secund\u00e0ria).<\/p>\n<p>&nbsp;<\/p>\n<h2><span id=\"Els_connectors_Jack_en_el_PC\" class=\"mw-headline\">ELS CONNCETORS\u00a0JACK<\/span><\/h2>\n<p><span style=\"font-family: inherit; font-size: 1em;\">El\u00a0<\/span><b style=\"font-family: inherit; font-size: 1em;\">connector Jack<\/b><span style=\"font-family: inherit; font-size: 1em;\">\u00a0\u00e9s un connector d&#8217;<\/span><a class=\"mw-redirect\" style=\"font-family: inherit; font-size: 1em;\" title=\"\u00c0udio\" href=\"https:\/\/ca.wikipedia.org\/wiki\/%C3%80udio\">\u00e0udio<\/a><span style=\"font-family: inherit; font-size: 1em;\">\u00a0utilitzat en nombrosos dispositius per a la transmissi\u00f3 de so en format anal\u00f2gic.<\/span><\/p>\n<p>Les sigles TS, TRS i TRRS, que s&#8217;afeigeixen al nom\u00a0<b>connector jack<\/b>\u00a0deriven del format del tipus de connector (segons la combinaci\u00f3: punta-anell-cos),<sup id=\"cite_ref-Free_1-0\" class=\"reference\"><a href=\"https:\/\/ca.wikipedia.org\/wiki\/Jack_(connector)#cite_note-Free-1\">[1]<\/a><\/sup>\u00a0\u00e9s a dir, es denomina\u00a0<b>connector TS<\/b>\u00a0(<i>tip-sleeve<\/i>, &#8220;punta-cos&#8221;), de tipus monof\u00f2nic, o\u00a0<b>connector TRS<\/b>\u00a0(<i>tip-ring-sleeve<\/i>, &#8220;punta-anell-cos&#8221;), de tipus\u00a0<a title=\"So estereof\u00f2nic\" href=\"https:\/\/ca.wikipedia.org\/wiki\/So_estereof%C3%B2nic\">estereof\u00f2nic<\/a>.<sup id=\"cite_ref-2\" class=\"reference\"><a href=\"https:\/\/ca.wikipedia.org\/wiki\/Jack_(connector)#cite_note-2\">[2]<\/a><\/sup><\/p>\n<p>En\u00a0<a title=\"Dispositiu m\u00f2bil\" href=\"https:\/\/ca.wikipedia.org\/wiki\/Dispositiu_m%C3%B2bil\">dispositius m\u00f2bils<\/a>, on els\u00a0<a title=\"Auricular\" href=\"https:\/\/ca.wikipedia.org\/wiki\/Auricular\">auriculars<\/a>\u00a0tamb\u00e9 inclouen\u00a0<a title=\"Micr\u00f2fon\" href=\"https:\/\/ca.wikipedia.org\/wiki\/Micr%C3%B2fon\">micr\u00f2fon<\/a>, es denomina\u00a0<b>connector TRRS<\/b>\u00a0(<i>tip-ring-ring-sleeve<\/i>, &#8220;punta-anell-anell-cos&#8221;).<sup id=\"cite_ref-3\" class=\"reference\"><a href=\"https:\/\/ca.wikipedia.org\/wiki\/Jack_(connector)#cite_note-3\">[3]<\/a><\/sup><sup id=\"cite_ref-Free_1-1\" class=\"reference\"><a href=\"https:\/\/ca.wikipedia.org\/wiki\/Jack_(connector)#cite_note-Free-1\">[1]<\/a><\/sup><sup id=\"cite_ref-4\" class=\"reference\"><a href=\"https:\/\/ca.wikipedia.org\/wiki\/Jack_(connector)#cite_note-4\">[4]<\/a><\/sup>\u00a0Aquest \u00e9s un\u00a0<a title=\"Connector el\u00e8ctric\" href=\"https:\/\/ca.wikipedia.org\/wiki\/Connector_el%C3%A8ctric\">connector<\/a>\u00a0d&#8217;\u00e0udio utilitzat en nombrosos dispositius per a la transmissi\u00f3 de so en format\u00a0<a title=\"Senyal anal\u00f2gic\" href=\"https:\/\/ca.wikipedia.org\/wiki\/Senyal_anal%C3%B2gic\">anal\u00f2gic<\/a>.<\/p>\n<h2><span id=\"Di.C3.A0metres\" class=\"mw-headline\">Di\u00e0metres<\/span><\/h2>\n<p>Hi ha connectors Jack de diversos di\u00e0metres:<\/p>\n<ol>\n<li>El connector jack original de 6,35\u00a0<a class=\"mw-redirect\" title=\"Mil\u00b7l\u00edmetre\" href=\"https:\/\/ca.wikipedia.org\/wiki\/Mil%C2%B7l%C3%ADmetre\">mm<\/a>\u00a0(\u00bc\u2033, \u00e9s a dir, un quart de\u00a0<a title=\"Polzada\" href=\"https:\/\/ca.wikipedia.org\/wiki\/Polzada\">polzada<\/a>).<\/li>\n<li>El connector jack de 3,5 mm (aproximadament \u215b\u2033): \u00e9s el tipus de connector m\u00e9s utilitzat, usat per a la sortida d&#8217;auriculars en dispositius port\u00e0tils, com els\u00a0<a title=\"Reproductor d'\u00e0udio digital\" href=\"https:\/\/ca.wikipedia.org\/wiki\/Reproductor_d%27%C3%A0udio_digital\">reproductors de mp3<\/a>\u00a0i molts\u00a0<a title=\"Tel\u00e8fon intel\u00b7ligent\" href=\"https:\/\/ca.wikipedia.org\/wiki\/Tel%C3%A8fon_intel%C2%B7ligent\">smartphones<\/a>.<\/li>\n<li>El jack miniatura de 2,5 mm (aproximadament 3\/32\u2033): \u00e9s el connector menys utilitzat, per\u00f2 tamb\u00e9 en dispositius petits.<\/li>\n<\/ol>\n<h3><span id=\"Codis_de_colors\" class=\"mw-headline\">Codis de colors<\/span><\/h3>\n<dl>\n<dd>\n<div class=\"noprint relarticle mainarticle\"><\/div>\n<\/dd>\n<\/dl>\n<p>S\u00f3n codis estandarditzats per\u00a0<a title=\"Microsoft\" href=\"https:\/\/ca.wikipedia.org\/wiki\/Microsoft\">Microsoft<\/a>\u00a0i\u00a0<a title=\"Intel\" href=\"https:\/\/ca.wikipedia.org\/wiki\/Intel\">Intel<\/a>\u00a0el\u00a0<a title=\"1999\" href=\"https:\/\/ca.wikipedia.org\/wiki\/1999\">1999<\/a>\u00a0per a ordinadors com a part dels est\u00e0ndards\u00a0<a class=\"mw-redirect\" title=\"PC99\" href=\"https:\/\/ca.wikipedia.org\/wiki\/PC99\">PC99<\/a>.<sup id=\"cite_ref-BriereHurley2003_5-0\" class=\"reference\"><a href=\"https:\/\/ca.wikipedia.org\/wiki\/Jack_(connector)#cite_note-BriereHurley2003-5\">[5]<\/a><\/sup><\/p>\n<table class=\"wikitable\">\n<tbody>\n<tr>\n<td><i>Color<\/i><\/td>\n<td><i>Connector<br \/>\nTS\/TRS<br \/>\nde 3,5 mm<\/i><\/td>\n<td><i>Funcions<\/i><\/td>\n<\/tr>\n<tr>\n<td>Verd<\/td>\n<td>TRS<\/td>\n<td>sortida est\u00e8reo, canals frontal<\/td>\n<\/tr>\n<tr>\n<td>Negre<\/td>\n<td>TRS<\/td>\n<td>sortida est\u00e8reo, canals posteriors<\/td>\n<\/tr>\n<tr>\n<td>Gris<\/td>\n<td>TRS<\/td>\n<td>sortida est\u00e8reo, canals laterals<\/td>\n<\/tr>\n<tr>\n<td>Daurat\/taronja<\/td>\n<td>TRS<\/td>\n<td>sortida dual, centre i\u00a0<a class=\"new\" title=\"Subwoofer (encara no existeix)\" href=\"https:\/\/ca.wikipedia.org\/w\/index.php?title=Subwoofer&amp;action=edit&amp;redlink=1\">subwoofer<\/a><\/td>\n<\/tr>\n<tr>\n<td>Blau<\/td>\n<td>TRS<\/td>\n<td>entrada est\u00e8reo,\u00a0<a class=\"new\" title=\"Nivell de l\u00ednia (encara no existeix)\" href=\"https:\/\/ca.wikipedia.org\/w\/index.php?title=Nivell_de_l%C3%ADnia&amp;action=edit&amp;redlink=1\">nivell de l\u00ednia<\/a><\/td>\n<\/tr>\n<tr>\n<td>Rosa\/Roig<\/td>\n<td>TS<\/td>\n<td>entrada\u00a0<a title=\"Micr\u00f2fon\" href=\"https:\/\/ca.wikipedia.org\/wiki\/Micr%C3%B2fon\">micr\u00f2fon<\/a>\u00a0mono\/est\u00e8reo<\/td>\n<\/tr>\n<\/tbody>\n<\/table>\n<p>Les targetes de so dels ordinadors comuns utilitzen aquest tipus de connectors, sempre de tipus femella, al qual cal connectar els altaveus o altres dispositius per mitj\u00e0 d&#8217;un connector Jack mascle de 3,5 mm de di\u00e0metre. En el cas dels ordinadors, at\u00e8s que tenen diversos connectors d&#8217;aquest tipus, s&#8217;utilitza un codi de colors per tal de distingir-los:<\/p>\n<ul>\n<li>Verd: sortida de l\u00ednia est\u00e8reo per connectar altaveus o auriculars<\/li>\n<li>Blau: entrada de l\u00ednia est\u00e8reo, per capturar so de qualsevol font, llevat d&#8217;un micr\u00f2fon<\/li>\n<li>Rosa\/Vermell: entrada d&#8217;\u00e0udio, per a connectar un micr\u00f2fon<\/li>\n<\/ul>\n<p>Els ordinadors dotats de sistema de so envoltant 05\/01 usen a part aquestes connexions:<\/p>\n<ul>\n<li>Gris: sortida de l\u00ednia per connectar els altaveus laterals<\/li>\n<li>Negre: sortida de l\u00ednia per connectar els altaveus del darrere<\/li>\n<li>Taronja: sortida de l\u00ednia per connectar l&#8217;altaveu central o el subwoofer (subgreus)<\/li>\n<\/ul>\n<p>&nbsp;<\/p>\n<p>&nbsp;<\/p>\n<h2><span id=\"Els_connectors_Jack_en_el_PC\" class=\"mw-headline\">ELS CONNETORS CANNON<\/span><\/h2>\n<p><span style=\"font-family: inherit; font-size: 1em;\">XLR-3 (Cannon) \u00e9s un tipus de connector que sol connectar-se en l\u00ednies balancejades. &#8220;XLR&#8221; s\u00f3n les sigles en angl\u00e8s de external Live Return, en espanyol &#8220;Retorn Extern Actiu&#8221;. El &#8220;3&#8221; indica que disposa de 3 pins o clavilles. Posteriorment a la seva acceptaci\u00f3 com a est\u00e0ndard es van introduir els connectors de 4, 5, 6, 7 i 8 pins.<\/span><\/p>\n<p>\u00c9s el connector balancejat m\u00e9s utilitzat per a aplicacions d&#8217;\u00e0udio professional, i tamb\u00e9 \u00e9s el connector est\u00e0ndard usat en equips d&#8217;il\u00b7luminaci\u00f3 espectacular per transmetre el senyal digital de control &#8220;DMX&#8221;.<\/p>\n<p>Compta amb tres clavilles i, a Europa, la seva connexi\u00f3 habitual per a senyals d&#8217;\u00e0udio \u00e9s la seg\u00fcent:<\/p>\n<p>per a la terra o malla.<br \/>\nper al senyal d&#8217;anada o fase, coneguda com &#8220;viu&#8221; o &#8220;calent&#8221;.<br \/>\nper al senyal de tornada o contrafase, coneguda com &#8220;retorn&#8221; o &#8220;fred&#8221;.<br \/>\nAls Estats Units i al Regne Unit s&#8217;utilitzava amb els senyals dels pins 2 i 3 invertides, per la qual cosa \u00e9s important con\u00e8ixer l&#8217;est\u00e0ndard utilitzat pels equips a connectar per no creuar els senyals i invertir la seva fase.<\/p>\n<p>Hi ha una versi\u00f3 diferent relacionada amb l&#8217;evoluci\u00f3 de les sigles XLR, i aquesta seria que, per refer\u00e8ncia al fabricant original James H. Cannon, fundador de &#8220;Cannon Electric&#8221; a Los Angeles, Calif\u00f2rnia, el connector s&#8217;hauria cridat inicialment &#8220;Cannon X&#8221; (per les s\u00e8ries &#8216;X&#8217;), despr\u00e9s al agregar-li el pestell o asseguran\u00e7a (Latch) va quedar com a &#8220;Cannon XL&#8221;. Finalment se li va agregar la lletra R per Rubber, goma que envolta els contactes. D&#8217;aquesta manera, el nom XLR no tindria cap relaci\u00f3 amb els pins dels contactes.<\/p>\n<p>El seu sobrenom Cannon, pel que \u00e9s m\u00e9s conegut a Espanya, es deu al fet que els primers que es van usar en aquest pa\u00eds estaven fabricats per la marca Cannon (ITT Corporation) (ITT \/ CANNON) i portaven &#8220;Cannon&#8221; gravat en el xass\u00eds.<\/p>\n<p><a title=\"Electronic Industries Alliance\" href=\"https:\/\/es.wikipedia.org\/wiki\/Electronic_Industries_Alliance\">EIA<\/a>\u00a0Est\u00e1ndar\u00a0<b>RS-297-A<\/b>\u00a0descrito para el XLR3 para se\u00f1al de audio balanceado:<\/p>\n<table class=\"wikitable\">\n<tbody>\n<tr>\n<td colspan=\"2\" align=\"center\"><a class=\"image\" href=\"https:\/\/commons.wikimedia.org\/wiki\/File:XLR_pinouts.svg\"><img loading=\"lazy\" decoding=\"async\" src=\"https:\/\/upload.wikimedia.org\/wikipedia\/commons\/thumb\/8\/81\/XLR_pinouts.svg\/300px-XLR_pinouts.svg.png\" srcset=\"\/\/upload.wikimedia.org\/wikipedia\/commons\/thumb\/8\/81\/XLR_pinouts.svg\/450px-XLR_pinouts.svg.png 1.5x, \/\/upload.wikimedia.org\/wikipedia\/commons\/thumb\/8\/81\/XLR_pinouts.svg\/600px-XLR_pinouts.svg.png 2x\" alt=\"XLR pinouts.svg\" width=\"300\" height=\"178\" data-file-width=\"540\" data-file-height=\"320\" \/><\/a><\/td>\n<\/tr>\n<tr>\n<th><i>Pin<\/i><\/th>\n<th>Funci\u00f3n<\/th>\n<\/tr>\n<tr>\n<td>1<\/td>\n<td>Masa del chasis (malla del cable)<\/td>\n<\/tr>\n<tr>\n<td>2<\/td>\n<td>Polaridad normal (\u201cvivo\u201d o \u201cfase\u201d)<\/td>\n<\/tr>\n<tr>\n<td>3<\/td>\n<td>Polaridad invertida (\u201cfr\u00edo\u201d o \u201ccontrafase\u201d)<\/td>\n<\/tr>\n<\/tbody>\n<\/table>\n<p>&nbsp;<\/p>\n<h2><span id=\"Els_connectors_Jack_en_el_PC\" class=\"mw-headline\">ELS CONNETORS RCA<\/span><\/h2>\n<p><span style=\"font-family: inherit; font-size: 1em;\">El\u00a0<\/span><b style=\"font-family: inherit; font-size: 1em;\">connector RCA<\/b><span style=\"font-family: inherit; font-size: 1em;\">\u00a0\u00e9s un tipus de\u00a0<\/span><a style=\"font-family: inherit; font-size: 1em;\" title=\"Connector el\u00e8ctric\" href=\"https:\/\/ca.wikipedia.org\/wiki\/Connector_el%C3%A8ctric\">connector el\u00e8ctric<\/a><span style=\"font-family: inherit; font-size: 1em;\">\u00a0com\u00fa en el mercat audiovisual. El nom &#8220;RCA&#8221; deriva de la\u00a0<\/span><a style=\"font-family: inherit; font-size: 1em;\" title=\"Radio Corporation of America\" href=\"https:\/\/ca.wikipedia.org\/wiki\/Radio_Corporation_of_America\">Radio Corporation of America<\/a><span style=\"font-family: inherit; font-size: 1em;\">, que va introduir el disseny en la\u00a0<\/span><a class=\"mw-redirect\" style=\"font-family: inherit; font-size: 1em;\" title=\"D\u00e8cada de 1940\" href=\"https:\/\/ca.wikipedia.org\/wiki\/D%C3%A8cada_de_1940\">d\u00e8cada de 1940<\/a><span style=\"font-family: inherit; font-size: 1em;\">, encara que finalment els drets van ser adquirits per Labinal que els va comprar a TRW el 1987.\u00a0En moltes \u00e0rees ha substitu\u00eft al connector t\u00edpic d&#8217;\u00e0udio (<\/span><a style=\"font-family: inherit; font-size: 1em;\" title=\"Jack (connector)\" href=\"https:\/\/ca.wikipedia.org\/wiki\/Jack_(connector)\">jack<\/a><span style=\"font-family: inherit; font-size: 1em;\">), molt usat des que els reproductors de\u00a0<\/span><a style=\"font-family: inherit; font-size: 1em;\" title=\"Casset\" href=\"https:\/\/ca.wikipedia.org\/wiki\/Casset\">casset<\/a><span style=\"font-family: inherit; font-size: 1em;\">\u00a0es van fer populars en els\u00a0<\/span><a class=\"mw-redirect\" style=\"font-family: inherit; font-size: 1em;\" title=\"Anys 1970\" href=\"https:\/\/ca.wikipedia.org\/wiki\/Anys_1970\">anys 1970<\/a><span style=\"font-family: inherit; font-size: 1em;\">.<\/span><sup id=\"cite_ref-Leonard2001_2-0\" class=\"reference\" style=\"font-family: inherit;\"><a href=\"https:\/\/ca.wikipedia.org\/wiki\/Connector_RCA#cite_note-Leonard2001-2\">[2]<\/a><\/sup><\/p>\n<p>Avui dia es pot trobar en la majoria de\u00a0<a title=\"Televisi\u00f3\" href=\"https:\/\/ca.wikipedia.org\/wiki\/Televisi%C3%B3\">televisors<\/a>\u00a0i en altres equips, com gravadors de\u00a0<a title=\"V\u00eddeo\" href=\"https:\/\/ca.wikipedia.org\/wiki\/V%C3%ADdeo\">v\u00eddeo<\/a>\u00a0o\u00a0<a class=\"mw-redirect\" title=\"Reproductor de DVD\" href=\"https:\/\/ca.wikipedia.org\/wiki\/Reproductor_de_DVD\">DVD<\/a>. El connector mascle t\u00e9 un terminal en el centre (+), envoltat d&#8217;un petit anell met\u00e0l\u00b7lic (-) (de vegades amb entallats), que sobresurt. El connector femella t\u00e9 com a terminal central un forat cobert per un altre cercle exterior de metall, que entra ben just dins l&#8217;anell exterior del mascle per assegurar que aquest queda ben subjectat. Ambd\u00f3s connectors (mascle i femella) tenen una part separadora de pl\u00e0stic, que fa d&#8217;<a title=\"A\u00efllant el\u00e8ctric\" href=\"https:\/\/ca.wikipedia.org\/wiki\/A%C3%AFllant_el%C3%A8ctric\">a\u00efllant el\u00e8ctric<\/a>, i el seu color assenyala a quin \u00fas va destinat.\u00a0Generalment els cables tenen terminals mascle i els aparells, femella.<\/p>\n<p>Un problema del sistema RCA \u00e9s que cada senyal necessita el seu propi cable i la dificultat del seu muntatge, de manera que venen preconstruits.\u00a0Altres tipus de connectors s\u00f3n combinats, com el\u00a0<a title=\"Connector DIN\" href=\"https:\/\/ca.wikipedia.org\/wiki\/Connector_DIN\">connector DIN<\/a>, o l&#8217;<a title=\"Euroconnector\" href=\"https:\/\/ca.wikipedia.org\/wiki\/Euroconnector\">euroconnector<\/a>\u00a0(SCART), emprat exclusivament a Europa. El senyal dels RCA no \u00e9s\u00a0<a title=\"L\u00ednia balancejada\" href=\"https:\/\/ca.wikipedia.org\/wiki\/L%C3%ADnia_balancejada\">balancejat<\/a>\u00a0pel que correspon generalment a -10dBV. Aix\u00f2 fa que no s&#8217;utilitzin professionalment. El seu nom t\u00e8cnic en angl\u00e8s \u00e9s CINCH.<\/p>\n<p>&nbsp;<\/p>\n<h2><span id=\"Codificaci.C3.B3_de_colors_dels_connectors\" class=\"mw-headline\">Codificaci\u00f3 de colors dels connectors<\/span><\/h2>\n<div class=\"thumb tright\">\n<div class=\"thumbinner\">\n<p><a class=\"image\" href=\"https:\/\/ca.wikipedia.org\/wiki\/Fitxer:Cinch-Stecker.jpg\"><img loading=\"lazy\" decoding=\"async\" class=\"thumbimage aligncenter\" src=\"https:\/\/upload.wikimedia.org\/wikipedia\/commons\/thumb\/4\/4a\/Cinch-Stecker.jpg\/240px-Cinch-Stecker.jpg\" srcset=\"\/\/upload.wikimedia.org\/wikipedia\/commons\/thumb\/4\/4a\/Cinch-Stecker.jpg\/360px-Cinch-Stecker.jpg 1.5x, \/\/upload.wikimedia.org\/wikipedia\/commons\/thumb\/4\/4a\/Cinch-Stecker.jpg\/480px-Cinch-Stecker.jpg 2x\" alt=\"\" width=\"240\" height=\"158\" data-file-width=\"1916\" data-file-height=\"1260\" \/><\/a><\/p>\n<div class=\"thumbcaption\" style=\"text-align: center;\">\n<div class=\"magnify\"><\/div>\n<p>Connectors RCA d&#8217;\u00e0udio.<\/p>\n<\/div>\n<\/div>\n<\/div>\n<p>Nota: el color negre pot substituir al blanc o al porpra.<\/p>\n<table class=\"wikitable\" align=\"center\">\n<tbody>\n<tr>\n<td rowspan=\"8\" align=\"right\">\u00c0udio anal\u00f2gic<\/td>\n<td>Canal Esquerra\/Mono<\/td>\n<td>Blanc<\/td>\n<td><\/td>\n<\/tr>\n<tr>\n<td>Canal Dret<\/td>\n<td>Vermell<\/td>\n<td><\/td>\n<\/tr>\n<tr>\n<td>Centre<\/td>\n<td>Verd<\/td>\n<td><\/td>\n<\/tr>\n<tr>\n<td>Ambient esquerre<\/td>\n<td>Blau<\/td>\n<td><\/td>\n<\/tr>\n<tr>\n<td>Ambient dret<\/td>\n<td>Gris<\/td>\n<td><\/td>\n<\/tr>\n<tr>\n<td>Ambient posterior esquerre<\/td>\n<td>Caf\u00e8 o marr\u00f3<\/td>\n<td><\/td>\n<\/tr>\n<tr>\n<td>Ambient posterior dret<\/td>\n<td>Marr\u00f3 clar<\/td>\n<td><\/td>\n<\/tr>\n<tr>\n<td>Subwoofer<\/td>\n<td>Porpra<\/td>\n<td><\/td>\n<\/tr>\n<tr>\n<td align=\"right\">\u00c0udio digital<\/td>\n<td><a title=\"S\/PDIF\" href=\"https:\/\/ca.wikipedia.org\/wiki\/S\/PDIF\">S\/PDIF<\/a><\/td>\n<td>Taronja<\/td>\n<td><\/td>\n<\/tr>\n<tr>\n<td align=\"right\">V\u00eddeo anal\u00f2gic<\/td>\n<td>V\u00eddeo Compost<\/td>\n<td>Groc<\/td>\n<td><\/td>\n<\/tr>\n<tr>\n<td rowspan=\"3\" align=\"right\">V\u00eddeo per components (YP\u00a0<sub>b<\/sub>\u00a0P\u00a0<sub>r<\/sub>\u00a0)<\/td>\n<td>I<\/td>\n<td>Verd<\/td>\n<td><\/td>\n<\/tr>\n<tr>\n<td>P\u00a0<sub>b<\/sub><\/td>\n<td>Blau<\/td>\n<td><\/td>\n<\/tr>\n<tr>\n<td>P\u00a0<sub>r<\/sub><\/td>\n<td>Vermell<\/td>\n<td><\/td>\n<\/tr>\n<tr>\n<td rowspan=\"3\" align=\"right\">V\u00eddeo per components (RGB)<\/td>\n<td>R<\/td>\n<td>Vermell<\/td>\n<td><\/td>\n<\/tr>\n<tr>\n<td>G<\/td>\n<td>Verd<\/td>\n<td><\/td>\n<\/tr>\n<tr>\n<td>B<\/td>\n<td>Blau<\/td>\n<td><\/td>\n<\/tr>\n<\/tbody>\n<\/table>\n","protected":false},"excerpt":{"rendered":"<p>Un\u00a0connector el\u00e8ctric\u00a0\u00e9s un\u00a0<a title=\"Conductor el\u00e8ctric\" href=\"https:\/\/ca.wikipedia.org\/wiki\/Conductor_el%C3%A8ctric\">dispositiu conductor<\/a>\u00a0per unir\u00a0<a title=\"Circuit el\u00e8ctric\" href=\"https:\/\/ca.wikipedia.org\/wiki\/Circuit_el%C3%A8ctric\">circuits el\u00e8ctrics<\/a>.<a href=\"https:\/\/ca.wikipedia.org\/wiki\/Connector_el%C3%A8ctric#cite_note-All-1\">[1]<\/a>\u00a0La connexi\u00f3 pot ser temporal, com per a equips port\u00e0tils, o pot exigir una eina per a muntatge i desmuntatge, o pot ser una uni\u00f3 permanent entre dos\u00a0<a title=\"Cable el\u00e8ctric\" href=\"https:\/\/ca.wikipedia.org\/wiki\/Cable_el%C3%A8ctric\">cables<\/a>\u00a0o aparells. Hi&hellip;  <a href=\"https:\/\/agora.xtec.cat\/col-carmelites\/estudis\/connector\/\" title=\"Read Connectors\">Llegeix m\u00e9s\u00bb<\/a><\/p>\n","protected":false},"author":1,"featured_media":0,"parent":195,"menu_order":10,"comment_status":"closed","ping_status":"closed","template":"","meta":{"_bbp_topic_count":0,"_bbp_reply_count":0,"_bbp_total_topic_count":0,"_bbp_total_reply_count":0,"_bbp_voice_count":0,"_bbp_anonymous_reply_count":0,"_bbp_topic_count_hidden":0,"_bbp_reply_count_hidden":0,"_bbp_forum_subforum_count":0,"footnotes":""},"class_list":["post-582","page","type-page","status-publish","hentry"],"post_mailing_queue_ids":[],"_links":{"self":[{"href":"https:\/\/agora.xtec.cat\/col-carmelites\/wp-json\/wp\/v2\/pages\/582","targetHints":{"allow":["GET"]}}],"collection":[{"href":"https:\/\/agora.xtec.cat\/col-carmelites\/wp-json\/wp\/v2\/pages"}],"about":[{"href":"https:\/\/agora.xtec.cat\/col-carmelites\/wp-json\/wp\/v2\/types\/page"}],"author":[{"embeddable":true,"href":"https:\/\/agora.xtec.cat\/col-carmelites\/wp-json\/wp\/v2\/users\/1"}],"replies":[{"embeddable":true,"href":"https:\/\/agora.xtec.cat\/col-carmelites\/wp-json\/wp\/v2\/comments?post=582"}],"version-history":[{"count":4,"href":"https:\/\/agora.xtec.cat\/col-carmelites\/wp-json\/wp\/v2\/pages\/582\/revisions"}],"predecessor-version":[{"id":598,"href":"https:\/\/agora.xtec.cat\/col-carmelites\/wp-json\/wp\/v2\/pages\/582\/revisions\/598"}],"up":[{"embeddable":true,"href":"https:\/\/agora.xtec.cat\/col-carmelites\/wp-json\/wp\/v2\/pages\/195"}],"wp:attachment":[{"href":"https:\/\/agora.xtec.cat\/col-carmelites\/wp-json\/wp\/v2\/media?parent=582"}],"curies":[{"name":"wp","href":"https:\/\/api.w.org\/{rel}","templated":true}]}}