{"id":57,"date":"2014-09-17T17:01:07","date_gmt":"2014-09-17T17:01:07","guid":{"rendered":"http:\/\/agora.xtec.cat\/col-carmelites\/?page_id=57"},"modified":"2017-09-02T12:05:52","modified_gmt":"2017-09-02T10:05:52","slug":"projecte-educatiu","status":"publish","type":"page","link":"https:\/\/agora.xtec.cat\/col-carmelites\/projecte-educatiu\/","title":{"rendered":"Projecte educatiu"},"content":{"rendered":"<p>Aquest \u00e9s un Projecte de caire interdisciplinari, que no es relaciona \u00fanicament amb una mat\u00e8ria concreta.<\/p>\n<p>L\u2019escola vol fer servir una altra forma d\u2019ensenyar i d\u2019aprendre, \u00a0buscant coses pr\u00e0ctiques per desenvolupar la motivaci\u00f3 del nostre alumnat i relacionant la teoria del aula classe amb una realitat propera.<\/p>\n<p><strong>Mat\u00e8ries amb potencial que poden participar depenen de la disponibilitat de l\u2019assignatura, temari i hores lectives:<\/strong>\u00a0Catal\u00e0, castell\u00e0, angl\u00e8s, naturals, matem\u00e0tiques, m\u00fasica, tecnologia, ciutadania, religi\u00f3\u2026, totes.<\/p>\n","protected":false},"excerpt":{"rendered":"<p>Aquest \u00e9s un Projecte de caire interdisciplinari, que no es relaciona \u00fanicament amb una mat\u00e8ria concreta.<br \/>\nL\u2019escola vol fer servir una altra forma d\u2019ensenyar i d\u2019aprendre, \u00a0buscant coses pr\u00e0ctiques per desenvolupar la motivaci\u00f3 del nostre alumnat i relacionant la teoria del aula classe amb una realitat&hellip;  <a href=\"https:\/\/agora.xtec.cat\/col-carmelites\/projecte-educatiu\/\" title=\"Read Projecte educatiu\">Llegeix m\u00e9s\u00bb<\/a><\/p>\n","protected":false},"author":1,"featured_media":0,"parent":0,"menu_order":0,"comment_status":"closed","ping_status":"closed","template":"page-templates\/side-menu.php","meta":{"_bbp_topic_count":0,"_bbp_reply_count":0,"_bbp_total_topic_count":0,"_bbp_total_reply_count":0,"_bbp_voice_count":0,"_bbp_anonymous_reply_count":0,"_bbp_topic_count_hidden":0,"_bbp_reply_count_hidden":0,"_bbp_forum_subforum_count":0,"footnotes":""},"class_list":["post-57","page","type-page","status-publish","hentry"],"post_mailing_queue_ids":[],"_links":{"self":[{"href":"https:\/\/agora.xtec.cat\/col-carmelites\/wp-json\/wp\/v2\/pages\/57","targetHints":{"allow":["GET"]}}],"collection":[{"href":"https:\/\/agora.xtec.cat\/col-carmelites\/wp-json\/wp\/v2\/pages"}],"about":[{"href":"https:\/\/agora.xtec.cat\/col-carmelites\/wp-json\/wp\/v2\/types\/page"}],"author":[{"embeddable":true,"href":"https:\/\/agora.xtec.cat\/col-carmelites\/wp-json\/wp\/v2\/users\/1"}],"replies":[{"embeddable":true,"href":"https:\/\/agora.xtec.cat\/col-carmelites\/wp-json\/wp\/v2\/comments?post=57"}],"version-history":[{"count":3,"href":"https:\/\/agora.xtec.cat\/col-carmelites\/wp-json\/wp\/v2\/pages\/57\/revisions"}],"predecessor-version":[{"id":483,"href":"https:\/\/agora.xtec.cat\/col-carmelites\/wp-json\/wp\/v2\/pages\/57\/revisions\/483"}],"wp:attachment":[{"href":"https:\/\/agora.xtec.cat\/col-carmelites\/wp-json\/wp\/v2\/media?parent=57"}],"curies":[{"name":"wp","href":"https:\/\/api.w.org\/{rel}","templated":true}]}}