{"id":492,"date":"2017-09-02T12:35:39","date_gmt":"2017-09-02T10:35:39","guid":{"rendered":"http:\/\/agora.xtec.cat\/col-carmelites\/?page_id=492"},"modified":"2021-10-02T19:26:26","modified_gmt":"2021-10-02T17:26:26","slug":"curs","status":"publish","type":"page","link":"https:\/\/agora.xtec.cat\/col-carmelites\/curs\/","title":{"rendered":"Mediateca"},"content":{"rendered":"<p>L&#8217;activitat de la r\u00e0dio no ha parat de funcionar des de que es va crear all\u00e0 pel curs 2013-2014, \u00e9s per aix\u00f2 que hem creat aquest apartat per tenir ordenat <strong>cronol\u00f2gicament<\/strong> els diferents cursos que s&#8217;han treballat.<\/p>\n<p style=\"text-align: center;\"><a href=\"http:\/\/agora.xtec.cat\/col-carmelites\/wp-content\/uploads\/usu25\/2017\/09\/mediateca.png\"><img loading=\"lazy\" decoding=\"async\" class=\"alignnone size-full wp-image-656\" src=\"http:\/\/agora.xtec.cat\/col-carmelites\/wp-content\/uploads\/usu25\/2017\/09\/mediateca.png\" alt=\"\" width=\"519\" height=\"97\" srcset=\"https:\/\/agora.xtec.cat\/col-carmelites\/wp-content\/uploads\/usu25\/2017\/09\/mediateca.png 519w, https:\/\/agora.xtec.cat\/col-carmelites\/wp-content\/uploads\/usu25\/2017\/09\/mediateca-300x56.png 300w\" sizes=\"auto, (max-width: 519px) 100vw, 519px\" \/><\/a><\/p>\n<p>L&#8217;ordre come\u00e7ar\u00e0 amb l&#8217;any en curs;<\/p>\n<p><strong>CURS 2017-2018, i aix\u00ed sucesivament fins al curs actual.<\/strong><\/p>\n<p>I cada curs estar\u00e0 ordenat per nivells:<\/p>\n<ul>\n<li><strong>PROGRAMES 4t D&#8217;ESO<\/strong><\/li>\n<li><b>BATXILLERAT<\/b><\/li>\n<li><strong>CICLES<\/strong><\/li>\n<li><strong>ESO<\/strong><\/li>\n<li><b>PRIM\u00c0RIA<\/b><\/li>\n<li><strong>INFANTIL<\/strong><\/li>\n<li><strong>GEC<\/strong><\/li>\n<\/ul>\n<p>Nom\u00e9s el curs dels alumnes de \u00a04t d&#8217;eso (amb l&#8217;apartat\u00a0<strong>PROGRAMES 4t D&#8217;ESO)<\/strong> que gestiona i fa programes peri\u00f2dicament, estar\u00e0\u00a0classificat en tres apartats m\u00e9s concrets:<\/p>\n<ul>\n<li>mediateca audio<\/li>\n<li>mediateca fotogr\u00e0fica<\/li>\n<li>mediateca video<\/li>\n<\/ul>\n<p>Tot aix\u00f2 ho podeu observar al men\u00fa que queda a la vostra esquerra, per a que us navegueu\u00a0com millor us agradi.<\/p>\n","protected":false},"excerpt":{"rendered":"<p>L&#8217;activitat de la r\u00e0dio no ha parat de funcionar des de que es va crear all\u00e0 pel curs 2013-2014, \u00e9s per aix\u00f2 que hem creat aquest apartat per tenir ordenat cronol\u00f2gicament els diferents cursos que s&#8217;han treballat.<br \/>\n<a href=\"http:\/\/agora.xtec.cat\/col-carmelites\/wp-content\/uploads\/usu25\/2017\/09\/mediateca.png\"><\/a><br \/>\nL&#8217;ordre come\u00e7ar\u00e0 amb l&#8217;any en curs;<br \/>\nCURS 2017-2018, i&hellip;  <a href=\"https:\/\/agora.xtec.cat\/col-carmelites\/curs\/\" title=\"Read Mediateca\">Llegeix m\u00e9s\u00bb<\/a><\/p>\n","protected":false},"author":1,"featured_media":0,"parent":0,"menu_order":0,"comment_status":"closed","ping_status":"closed","template":"","meta":{"_bbp_topic_count":0,"_bbp_reply_count":0,"_bbp_total_topic_count":0,"_bbp_total_reply_count":0,"_bbp_voice_count":0,"_bbp_anonymous_reply_count":0,"_bbp_topic_count_hidden":0,"_bbp_reply_count_hidden":0,"_bbp_forum_subforum_count":0,"footnotes":""},"class_list":["post-492","page","type-page","status-publish","hentry"],"post_mailing_queue_ids":[],"_links":{"self":[{"href":"https:\/\/agora.xtec.cat\/col-carmelites\/wp-json\/wp\/v2\/pages\/492","targetHints":{"allow":["GET"]}}],"collection":[{"href":"https:\/\/agora.xtec.cat\/col-carmelites\/wp-json\/wp\/v2\/pages"}],"about":[{"href":"https:\/\/agora.xtec.cat\/col-carmelites\/wp-json\/wp\/v2\/types\/page"}],"author":[{"embeddable":true,"href":"https:\/\/agora.xtec.cat\/col-carmelites\/wp-json\/wp\/v2\/users\/1"}],"replies":[{"embeddable":true,"href":"https:\/\/agora.xtec.cat\/col-carmelites\/wp-json\/wp\/v2\/comments?post=492"}],"version-history":[{"count":4,"href":"https:\/\/agora.xtec.cat\/col-carmelites\/wp-json\/wp\/v2\/pages\/492\/revisions"}],"predecessor-version":[{"id":947,"href":"https:\/\/agora.xtec.cat\/col-carmelites\/wp-json\/wp\/v2\/pages\/492\/revisions\/947"}],"wp:attachment":[{"href":"https:\/\/agora.xtec.cat\/col-carmelites\/wp-json\/wp\/v2\/media?parent=492"}],"curies":[{"name":"wp","href":"https:\/\/api.w.org\/{rel}","templated":true}]}}