{"id":484,"date":"2017-09-02T12:07:58","date_gmt":"2017-09-02T10:07:58","guid":{"rendered":"http:\/\/agora.xtec.cat\/col-carmelites\/?page_id=484"},"modified":"2017-09-04T19:17:19","modified_gmt":"2017-09-04T17:17:19","slug":"objectius","status":"publish","type":"page","link":"https:\/\/agora.xtec.cat\/col-carmelites\/projecte-educatiu\/objectius\/","title":{"rendered":"Objectius"},"content":{"rendered":"\r\n\t<div class=\"slideshow_container slideshow_container_style-light\" style=\"height: 300px; \" data-slideshow-id=\"646\" data-style-name=\"style-light\" data-style-version=\"2.3.1\" >\r\n\r\n\t\t\t\t\t<div class=\"slideshow_loading_icon\"><\/div>\r\n\t\t\r\n\t\t<div class=\"slideshow_content\" style=\"display: none;\">\r\n\r\n\t\t\t<div class=\"slideshow_view\">\r\n\t\t\t\t<div class=\"slideshow_slide slideshow_slide_image\">\r\n\t\t\t\t\t\t\t\t\t\t\t<img src=\"https:\/\/agora.xtec.cat\/col-carmelites\/wp-content\/uploads\/usu25\/2017\/09\/objectiu.jpg\" alt=\"objectiu\" width=\"825\" height=\"510\" \/>\r\n\t\t\t\t\t\t\t\t\t\t<div class=\"slideshow_description_box slideshow_transparent\">\r\n\t\t\t\t\t\t<div class=\"slideshow_title\">objectiu<\/div>\t\t\t\t\t\t\t\t\t\t\t<\/div>\r\n\t\t\t\t<\/div>\r\n\r\n\t\t\t\t\t\t<div style=\"clear: both;\"><\/div><\/div>\r\n\t\t<\/div>\r\n\r\n\t\t<div class=\"slideshow_controlPanel slideshow_transparent\" style=\"display: none;\"><ul><li class=\"slideshow_togglePlay\" data-play-text=\"Visualitza\" data-pause-text=\"Pausa\"><\/li><\/ul><\/div>\r\n\r\n\t\t<div class=\"slideshow_button slideshow_previous slideshow_transparent\" role=\"button\" data-previous-text=\"Anterior\" style=\"display: none;\"><\/div>\r\n\t\t<div class=\"slideshow_button slideshow_next slideshow_transparent\" role=\"button\" data-next-text=\"Seg\u00fcent\" style=\"display: none;\"><\/div>\r\n\r\n\t\t<div class=\"slideshow_pagination\" style=\"display: none;\" data-go-to-text=\"V\u00e9s a la diapositiva\"><div class=\"slideshow_pagination_center\"><\/div><\/div>\r\n\r\n\t\t<!-- WordPress Slideshow Version 2.3.1 -->\r\n\r\n\t\t\t<\/div>\r\n\r\n\n<p>Amb aquest Projecte de r\u00e0dio, es\u00a0pretenen\u00a0assolir diversos objectius. El principal seria fomentar habilitats comunicatives, no obstant, tamb\u00e9 se\u2019n treballen d\u2019altres, que s\u00f3n:<\/p>\n<ul>\n<li>Con\u00e8ixer els elements b\u00e0sics del llenguatge radiof\u00f2nic.<\/li>\n<li>Potenciar l\u2019\u00fas de la llengua catalana (o d\u2019altres) com a llengua d\u2019intercomunicaci\u00f3 a dins i a fora de l\u2019aula.<\/li>\n<li>Con\u00e8ixer els principis generals en els quals es basa la comunicaci\u00f3 audiovisual (emissor, receptor\u2026).<\/li>\n<li>Con\u00e8ixer el vocabulari b\u00e0sic utilitzat en el m\u00f3n dels mitjans audiovisuals.<\/li>\n<li>Ser capa\u00e7 d\u2019elaborar i de llegir un gui\u00f3 radiof\u00f2nic.<\/li>\n<li>Interessar-se pel desenvolupament cient\u00edfic i t\u00e8cnic de les tecnologies audiovisuals, l\u2019evoluci\u00f3 i les aplicacions, tot valorant-ne la repercussi\u00f3 en la societat actual.<\/li>\n<li>Potenciar la creativitat i la capacitat d\u2019expressi\u00f3 mitjan\u00e7ant l\u2019elaboraci\u00f3 de diferents formats radiof\u00f2nics: dram\u00e0tics, concurs, informatius, publicitat\u2026, nosaltres valorarem per on comen\u00e7ar i amb experi\u00e8ncia poder anar avan\u00e7ant tots els formats.<\/li>\n<li>Valorar l\u2019\u00fas del so com a element indispensable per a crear emocions.<\/li>\n<li>Valorar, gaudir i respectar el patrimoni audiovisual i apreciar-lo com a font de coneixement i com a recurs per al desenvolupament individual.<\/li>\n<li>Fomentar el treball en equip com a element d\u2019integraci\u00f3 entre l\u2019alumnat, tot adoptant actituds de flexibilitat, cooperaci\u00f3, coordinaci\u00f3, supervisi\u00f3 o subordinaci\u00f3, participaci\u00f3, inter\u00e8s i respecte, que permetin dur a terme tasques comunes.<\/li>\n<\/ul>\n","protected":false},"excerpt":{"rendered":"<p>\t\t\t\t\t\tobjectiu\t\t\t\t\t\t\t\t\t\t\t<\/p>\n<ul>\n<li class=\"slideshow_togglePlay\" data-play-text=\"Visualitza\" data-pause-text=\"Pausa\"><\/li>\n<\/ul>\n<p>Amb aquest Projecte de r\u00e0dio, es\u00a0pretenen\u00a0assolir diversos objectius. El principal seria fomentar habilitats comunicatives, no obstant, tamb\u00e9 se\u2019n treballen d\u2019altres, que s\u00f3n:<\/p>\n<ul>\n<li>Con\u00e8ixer els elements b\u00e0sics del llenguatge radiof\u00f2nic.<\/li>\n<li>Potenciar l\u2019\u00fas de la llengua catalana (o d\u2019altres) com a llengua d\u2019intercomunicaci\u00f3 a dins i&hellip;  <a href=\"https:\/\/agora.xtec.cat\/col-carmelites\/projecte-educatiu\/objectius\/\" title=\"Read Objectius\">Llegeix m\u00e9s\u00bb<\/a><br \/>\n","protected":false},"author":1,"featured_media":0,"parent":57,"menu_order":20,"comment_status":"closed","ping_status":"closed","template":"page-templates\/side-menu.php","meta":{"_bbp_topic_count":0,"_bbp_reply_count":0,"_bbp_total_topic_count":0,"_bbp_total_reply_count":0,"_bbp_voice_count":0,"_bbp_anonymous_reply_count":0,"_bbp_topic_count_hidden":0,"_bbp_reply_count_hidden":0,"_bbp_forum_subforum_count":0,"footnotes":""},"class_list":["post-484","page","type-page","status-publish","hentry"],"post_mailing_queue_ids":[],"_links":{"self":[{"href":"https:\/\/agora.xtec.cat\/col-carmelites\/wp-json\/wp\/v2\/pages\/484","targetHints":{"allow":["GET"]}}],"collection":[{"href":"https:\/\/agora.xtec.cat\/col-carmelites\/wp-json\/wp\/v2\/pages"}],"about":[{"href":"https:\/\/agora.xtec.cat\/col-carmelites\/wp-json\/wp\/v2\/types\/page"}],"author":[{"embeddable":true,"href":"https:\/\/agora.xtec.cat\/col-carmelites\/wp-json\/wp\/v2\/users\/1"}],"replies":[{"embeddable":true,"href":"https:\/\/agora.xtec.cat\/col-carmelites\/wp-json\/wp\/v2\/comments?post=484"}],"version-history":[{"count":3,"href":"https:\/\/agora.xtec.cat\/col-carmelites\/wp-json\/wp\/v2\/pages\/484\/revisions"}],"predecessor-version":[{"id":649,"href":"https:\/\/agora.xtec.cat\/col-carmelites\/wp-json\/wp\/v2\/pages\/484\/revisions\/649"}],"up":[{"embeddable":true,"href":"https:\/\/agora.xtec.cat\/col-carmelites\/wp-json\/wp\/v2\/pages\/57"}],"wp:attachment":[{"href":"https:\/\/agora.xtec.cat\/col-carmelites\/wp-json\/wp\/v2\/media?parent=484"}],"curies":[{"name":"wp","href":"https:\/\/api.w.org\/{rel}","templated":true}]}}