{"id":39,"date":"2014-09-17T16:36:44","date_gmt":"2014-09-17T16:36:44","guid":{"rendered":"http:\/\/agora.xtec.cat\/col-carmelites\/?page_id=39"},"modified":"2025-10-12T19:43:47","modified_gmt":"2025-10-12T17:43:47","slug":"instal%c2%b7lacions","status":"publish","type":"page","link":"https:\/\/agora.xtec.cat\/col-carmelites\/linstitut\/instal%c2%b7lacions\/","title":{"rendered":"Instal\u00b7lacions"},"content":{"rendered":"<p><a href=\"https:\/\/agora.xtec.cat\/col-carmelites\/wp-content\/uploads\/usu25\/2017\/08\/portada5.jpg\"><img loading=\"lazy\" decoding=\"async\" class=\"alignnone size-full wp-image-636\" src=\"https:\/\/agora.xtec.cat\/col-carmelites\/wp-content\/uploads\/usu25\/2017\/08\/portada5.jpg\" alt=\"\" width=\"1000\" height=\"417\" srcset=\"https:\/\/agora.xtec.cat\/col-carmelites\/wp-content\/uploads\/usu25\/2017\/08\/portada5.jpg 1000w, https:\/\/agora.xtec.cat\/col-carmelites\/wp-content\/uploads\/usu25\/2017\/08\/portada5-300x125.jpg 300w, https:\/\/agora.xtec.cat\/col-carmelites\/wp-content\/uploads\/usu25\/2017\/08\/portada5-768x320.jpg 768w\" sizes=\"auto, (max-width: 1000px) 100vw, 1000px\" \/><\/a><\/p>\n<p>&nbsp;<\/p>\n<p>La R\u00e0dio de Carmelites R\u00e0dio consta d&#8217;un espai exclusiu per realitzar l&#8217;activitat que tamb\u00e9 s&#8217;aprofita per fer les activitats d&#8217;altes capacitats.<\/p>\n<p>Tots els elements que s&#8217;utilitzen a la r\u00e0dio s\u00f3n els mateixos que es fan servir a una r\u00e0dio a nivell profesional, encara que no fem emisions en directe, tots els nostres programes queden enregistrats en aquest mateix blocs per poder fer un seguiment.<\/p>\n<p>&nbsp;<\/p>\n","protected":false},"excerpt":{"rendered":"<p><a href=\"https:\/\/agora.xtec.cat\/col-carmelites\/wp-content\/uploads\/usu25\/2017\/08\/portada5.jpg\"><\/a><br \/>\n&nbsp;<br \/>\nLa R\u00e0dio de Carmelites R\u00e0dio consta d&#8217;un espai exclusiu per realitzar l&#8217;activitat que tamb\u00e9 s&#8217;aprofita per fer les activitats d&#8217;altes capacitats.<br \/>\nTots els elements que s&#8217;utilitzen a la r\u00e0dio s\u00f3n els mateixos que es fan servir a una r\u00e0dio a nivell profesional, encara que no&hellip;  <a href=\"https:\/\/agora.xtec.cat\/col-carmelites\/linstitut\/instal%c2%b7lacions\/\" title=\"Read Instal\u00b7lacions\">Llegeix m\u00e9s\u00bb<\/a><\/p>\n","protected":false},"author":1,"featured_media":0,"parent":19,"menu_order":30,"comment_status":"closed","ping_status":"closed","template":"page-templates\/side-menu.php","meta":{"_bbp_topic_count":0,"_bbp_reply_count":0,"_bbp_total_topic_count":0,"_bbp_total_reply_count":0,"_bbp_voice_count":0,"_bbp_anonymous_reply_count":0,"_bbp_topic_count_hidden":0,"_bbp_reply_count_hidden":0,"_bbp_forum_subforum_count":0,"footnotes":""},"class_list":["post-39","page","type-page","status-publish","hentry"],"post_mailing_queue_ids":[],"_links":{"self":[{"href":"https:\/\/agora.xtec.cat\/col-carmelites\/wp-json\/wp\/v2\/pages\/39","targetHints":{"allow":["GET"]}}],"collection":[{"href":"https:\/\/agora.xtec.cat\/col-carmelites\/wp-json\/wp\/v2\/pages"}],"about":[{"href":"https:\/\/agora.xtec.cat\/col-carmelites\/wp-json\/wp\/v2\/types\/page"}],"author":[{"embeddable":true,"href":"https:\/\/agora.xtec.cat\/col-carmelites\/wp-json\/wp\/v2\/users\/1"}],"replies":[{"embeddable":true,"href":"https:\/\/agora.xtec.cat\/col-carmelites\/wp-json\/wp\/v2\/comments?post=39"}],"version-history":[{"count":4,"href":"https:\/\/agora.xtec.cat\/col-carmelites\/wp-json\/wp\/v2\/pages\/39\/revisions"}],"predecessor-version":[{"id":1937,"href":"https:\/\/agora.xtec.cat\/col-carmelites\/wp-json\/wp\/v2\/pages\/39\/revisions\/1937"}],"up":[{"embeddable":true,"href":"https:\/\/agora.xtec.cat\/col-carmelites\/wp-json\/wp\/v2\/pages\/19"}],"wp:attachment":[{"href":"https:\/\/agora.xtec.cat\/col-carmelites\/wp-json\/wp\/v2\/media?parent=39"}],"curies":[{"name":"wp","href":"https:\/\/api.w.org\/{rel}","templated":true}]}}